{"id":449,"date":"2019-11-12T15:17:02","date_gmt":"2019-11-12T14:17:02","guid":{"rendered":"https:\/\/vetomshop.hu\/?post_type=product&#038;p=449"},"modified":"2026-04-12T08:29:02","modified_gmt":"2026-04-12T06:29:02","slug":"vetom-1-23-probiotikum-csepp","status":"publish","type":"product","link":"https:\/\/vetomshop.hu\/fi\/tuote\/vetom-1-23-probiotikum-csepp\/","title":{"rendered":"Probiootti Vetom <span style=\"color: red\">1.23<\/span><br>pudota <span style=\"color: red\">10 ml<\/span> (ravintolis\u00e4)"},"content":{"rendered":"<h3>Vetom Probiotic 1.23 tippaa 10 ml (ravintolis\u00e4)<\/h3>\n<p><strong>Bacillus subtilis ja hy\u00f6dylliset bakteerikannat<\/strong><\/p>\n<p>Vetom 1.23 on nestem\u00e4inen probiootti, joka perustuu Bacillus subtilis VKPM V 10641 -bakteerikannan hy\u00f6dyllisiin vaikutuksiin. Bacillus subtilis VKPM V 10641 on bakteerikanta, joka toimii p\u00e4\u00e4asiassa paksusuolessa, jossa se lis\u00e4\u00e4ntyy aktiivisesti ja tuottaa useita ruoansulatusentsyymej\u00e4 ja biologisesti aktiivisia aineita.<\/p>\n<p>&nbsp;<\/p>\n<h2><strong>N\u00e4m\u00e4 ovat materiaalit:<\/strong><\/h2>\n<p>* tukahduttaa haitallisten bakteerien ja sienten kasvua,<\/p>\n<p>* auttavat puhdistamaan suolen sein\u00e4m\u00e4t sulamattomista j\u00e4\u00e4mist\u00e4,<\/p>\n<p>* tukevat toksiinien poistamista,<\/p>\n<p>* edist\u00e4v\u00e4t ravintoaineiden, vitamiinien ja kivenn\u00e4isaineiden tehokasta imeytymist\u00e4.<\/p>\n<p>&nbsp;<\/p>\n<p>Vetom 1.23 parantaa ruoansulatuselimist\u00f6n happo-em\u00e4stasapainoa ja optimoi raudan, kalsiumin, proteiinien, rasvojen, hiilihydraattien ja muiden ravintoaineiden aineenvaihduntaa. N\u00e4in keho voi vahvistua ja uudistua luonnollisesti.<\/p>\n<p>&nbsp;<\/p>\n<h2><strong>T\u00e4rkeimm\u00e4t edut:<\/strong><\/h2>\n<p>* Antibakteerinen ja antifungaalinen toiminta<\/p>\n<p>* Antiviraalinen ominaisuus<\/p>\n<p>* Immuunij\u00e4rjestelm\u00e4\u00e4 vahvistava, solujen suojaus<\/p>\n<p>* Edist\u00e4\u00e4 solujen uudistumista<\/p>\n<p>* Est\u00e4\u00e4 ep\u00e4normaalien solujen, mukaan lukien kasvainsolujen, muodostumista.<\/p>\n<p>* Ei aiheuta sivuvaikutuksia, riippuvuutta tai yliannostusta.<\/p>\n<p>* Turvallinen k\u00e4ytt\u00e4\u00e4 kaikenik\u00e4isille<\/p>\n<p>&nbsp;<\/p>\n<p>&nbsp;<\/p>\n<h2><strong>Annostus ja antotapa:<\/strong><\/h2>\n<p>*Oraaliseen k\u00e4ytt\u00f6\u00f6n<\/p>\n<p>*T\u00e4ydennys aikuisille ja lapsille : 2 tippaa suositellaan ensimm\u00e4isten p\u00e4ivien ajaksi, mink\u00e4 j\u00e4lkeen annosta voidaan nostaa asteittain 4-6 tippaan. Tarkkaile kehon reaktioita ottamisen aikana.<\/p>\n<p>*Yleissairauksiin: 10 tippaa p\u00e4ivitt\u00e4in 10 p\u00e4iv\u00e4n ajan.<\/p>\n<p>*Kertaushoito: suositellaan 1-2 viikon tauon j\u00e4lkeen.<\/p>\n<p>*Ehdotetaan ajoittain vaihtamaan muiden Vetom-tuotteiden kanssa, jotta organisaatio saisi laajemman tuen.<\/p>\n<p>&nbsp;<\/p>\n<h2><strong>Milloin sen k\u00e4ytt\u00f6\u00e4 suositellaan?<\/strong><\/h2>\n<p>* Antibioottihoidon j\u00e4lkeen, suolistoflooran uudistamiseksi.<\/p>\n<p>* T\u00e4ydent\u00e4\u00e4 hoitoa sy\u00f6v\u00e4n tapauksessa<\/p>\n<p>*Ruuansulatush\u00e4iri\u00f6t, ripuli, ummetus, vatsavaivat.<\/p>\n<p>*Immuunipuutostiloissa<\/p>\n<p>*Jos esiintyy ep\u00e4miellytt\u00e4v\u00e4\u00e4 kehon hajua tai hengityst\u00e4.<\/p>\n<p>*Lis\u00e4hoito munuaiskivien, maksasairauksien, ruoansulatuskanavan ongelmien hoitoon<\/p>\n<p>Huomio:<\/p>\n<p>\u00c4l\u00e4 k\u00e4yt\u00e4 yhdess\u00e4 suun kautta otettavien antibioottien tai muiden probioottien kanssa. Se voidaan yhdist\u00e4\u00e4 paikallisiin antibiootteihin.<\/p>\n<p>&nbsp;<\/p>\n<h2><strong>T\u00e4rke\u00e4\u00e4:<\/strong><\/h2>\n<p>Sit\u00e4 ei pid\u00e4 k\u00e4ytt\u00e4\u00e4 muiden suun kautta otettavien probioottien tai antibioottien, erityisesti sulfanilamidin, sy\u00f6p\u00e4l\u00e4\u00e4kkeiden kanssa.<\/p>\n<p>&nbsp;<\/p>\n<h2><strong>Ainesosat:<\/strong><\/h2>\n<p>* Maissiuute, joka on fermentoitu *Bacillus subtilis* -kannalla (VKPM V 10641 \/ DSM 24613).<\/p>\n<p>* Natriumkloridi<\/p>\n<p>* Viveware<\/p>\n<p><strong>\u00a0<\/strong><\/p>\n<h2><strong>Annostelu:<\/strong><\/h2>\n<p>* 10 ml tippapullo tai muovipullo<\/p>\n<p>* Saattaa sis\u00e4lt\u00e4\u00e4 luonnollista sedimentti\u00e4, mik\u00e4 ei ole laatuvirhe.<\/p>\n<p>&nbsp;<\/p>\n<h2><strong>K\u00fcllem:<\/strong><\/h2>\n<p>Vaalean kellert\u00e4v\u00e4n ruskea neste, jolla on ominainen haju.<\/p>\n<p>*Paino: 0,02 kg<\/p>\n<p>*Koko: 3 \u00d7 3 \u00d7 7 cm.<\/p>\n<p>*Toimitus: Ven\u00e4j\u00e4<\/p>\n<p>&nbsp;<\/p>\n<h2>Varastointitiedot:<\/h2>\n<p>*Varastointi: 0-10 \u00b0C ja suhteellinen kosteus enint\u00e4\u00e4n 75%:n l\u00e4mp\u00f6tilassa.<\/p>\n<p>*Kuljetus ja v\u00e4liaikainen varastointi: 10-30 \u00b0C enint\u00e4\u00e4n 18 p\u00e4iv\u00e4n ajan.<\/p>\n<p>*Purkamisen j\u00e4lkeen: s\u00e4ilytet\u00e4\u00e4n j\u00e4\u00e4kaapissa (0-10 \u00b0C).<\/p>","protected":false},"excerpt":{"rendered":"<h5>Hae osoitteessa<\/h5>\n<p>A <strong>Vetom 1.23<\/strong> k\u00e4ytet\u00e4\u00e4n probioottisten mikro-organismien lis\u00e4l\u00e4hteen\u00e4 parantamaan ihmisen terveytt\u00e4. Vankka vaikutus <strong>Bacillus subtilis<\/strong> jota tuotetaan p\u00e4\u00e4asiassa paksusuolessa:<\/p>\n<ul class=\"vetom-list\">\n<li>proteolyyttiset, amylolyyttiset ja sellulolyyttiset entsyymit;<\/li>\n<li>a-2 ihmisen valkosolujen interferoni;<\/li>\n<li>batsitrasiinia ja muita biologisesti aktiivisia aineita patogeenisen tai suhteellisen patogeenisen mikroflooran merkitt\u00e4v\u00e4n kasvun est\u00e4miseksi.<\/li>\n<\/ul>\n<p>T\u00e4m\u00e4n prosessin seurauksena suoliston bakteeripopulaatio muuttuu, kunnes se on identtinen evoluution normien kanssa, suolen sein\u00e4m\u00e4t puhdistuvat sulamattomista ruoka-ainej\u00e4\u00e4mist\u00e4, mik\u00e4 helpottaa myrkyllisten aineiden aktiivista poistumista elimist\u00f6st\u00e4 ja biologisesti aktiivisten aineiden ja ravintoaineiden esteet\u00f6nt\u00e4 kuljetusta.<\/p>\n<div class=\"plashka\">A <strong>Vetom 1.23<\/strong> normalisoi ruoansulatusta, raudan, kalsiumin, rasvojen, proteiinien, hiilihydraattien, triglyseridien, aminohappojen, dipeptidien, sappisuolojen imeytymist\u00e4 ja aineenvaihduntaa, normalisoi ruoansulatuskanavan hapanta elimist\u00f6\u00e4. Vetom 1.23:n k\u00e4ytt\u00f6 auttaa elimist\u00f6\u00e4 yll\u00e4pit\u00e4m\u00e4\u00e4n terveytt\u00e4.<\/div>\n<p>A <strong>Vetom 1.23<\/strong> lis\u00e4\u00e4 l\u00e4\u00e4kkeiden tehokkuutta ja v\u00e4hent\u00e4\u00e4 niiden kielteisi\u00e4 sivuvaikutuksia ihmiskehossa.<\/p>\n<h6>Ominaisuudet:<\/h6>\n<ul class=\"vetom-list\">\n<li>Sill\u00e4 on korkea antagonistinen aktiivisuus patogeenisi\u00e4 ja ehdollisesti patogeenisi\u00e4 sieni\u00e4 ja bakteereja vastaan, antiviraalisia, proteolyyttisi\u00e4, amy lytisi\u00e4 ja sellulolyyttisi\u00e4 ominaisuuksia.<\/li>\n<li>stimuloi solu- ja humoraalisia immuniteettitekij\u00f6it\u00e4.<\/li>\n<li>lis\u00e4\u00e4 kehon ep\u00e4spesifist\u00e4 vastustuskyky\u00e4<\/li>\n<li>vakauttaa allergiaresistenssi\u00e4<\/li>\n<li>normalisoi aineenvaihduntaa<\/li>\n<li>stimuloi uudistumisprosesseja, hy\u00f6kk\u00e4\u00e4 sy\u00f6p\u00e4solujen ja sairaiden solujen kimppuun ja tuhoaa ne.<\/li>\n<\/ul>\n<div class=\"plashka\">Se muuttaa solurungon kalvoa ja aineenvaihduntaa, mik\u00e4 est\u00e4\u00e4 sy\u00f6p\u00e4solujen kehittymist\u00e4.<\/div>","protected":false},"featured_media":6615,"comment_status":"open","ping_status":"closed","template":"","meta":[],"product_brand":[],"product_cat":[22],"product_tag":[],"class_list":{"0":"post-449","1":"product","2":"type-product","3":"status-publish","4":"has-post-thumbnail","6":"product_cat-vetom-probiotikumok","8":"first","9":"instock","10":"featured","11":"taxable","12":"shipping-taxable","13":"purchasable","14":"product-type-simple"},"_links":{"self":[{"href":"https:\/\/vetomshop.hu\/fi\/wp-json\/wp\/v2\/product\/449","targetHints":{"allow":["GET"]}}],"collection":[{"href":"https:\/\/vetomshop.hu\/fi\/wp-json\/wp\/v2\/product"}],"about":[{"href":"https:\/\/vetomshop.hu\/fi\/wp-json\/wp\/v2\/types\/product"}],"replies":[{"embeddable":true,"href":"https:\/\/vetomshop.hu\/fi\/wp-json\/wp\/v2\/comments?post=449"}],"wp:featuredmedia":[{"embeddable":true,"href":"https:\/\/vetomshop.hu\/fi\/wp-json\/wp\/v2\/media\/6615"}],"wp:attachment":[{"href":"https:\/\/vetomshop.hu\/fi\/wp-json\/wp\/v2\/media?parent=449"}],"wp:term":[{"taxonomy":"product_brand","embeddable":true,"href":"https:\/\/vetomshop.hu\/fi\/wp-json\/wp\/v2\/product_brand?post=449"},{"taxonomy":"product_cat","embeddable":true,"href":"https:\/\/vetomshop.hu\/fi\/wp-json\/wp\/v2\/product_cat?post=449"},{"taxonomy":"product_tag","embeddable":true,"href":"https:\/\/vetomshop.hu\/fi\/wp-json\/wp\/v2\/product_tag?post=449"}],"curies":[{"name":"wp","href":"https:\/\/api.w.org\/{rel}","templated":true}]}}