{"id":453,"date":"2019-11-12T15:33:21","date_gmt":"2019-11-12T14:33:21","guid":{"rendered":"https:\/\/vetomshop.hu\/?post_type=product&#038;p=453"},"modified":"2026-04-12T08:28:47","modified_gmt":"2026-04-12T06:28:47","slug":"vetom-3-22-probiotikum-csepp","status":"publish","type":"product","link":"https:\/\/vetomshop.hu\/fi\/tuote\/vetom-3-22-probiotikum-csepp\/","title":{"rendered":"Probiootti Vetom <span style=\"color: red\">3.22<\/span><br>pudota <span style=\"color: red\">10 ml<\/span> (ravintolis\u00e4)"},"content":{"rendered":"<h3>Vetom 3.22 probioottiset pisarat (ravintolis\u00e4)<\/h3>\n<p>Vetom 4 on luonnollinen probiootti, joka perustuu *Bacillus amyloliquefaciens* -bakteerin hy\u00f6dyllisiin vaikutuksiin. Bakteeri lis\u00e4\u00e4ntyy p\u00e4\u00e4asiassa *paksu- ja ohutsuolessa*, jossa se tuottaa erilaisia entsyymej\u00e4 (proteiinia, t\u00e4rkkelyst\u00e4 ja kuituja hajottavia aineita) ja biologisesti aktiivisia aineita.<\/p>\n<h2>N\u00e4m\u00e4 ovat:<\/h2>\n<p>* est\u00e4v\u00e4t haitallisten bakteerien ja sienten kasvua,<br \/>\n* auttavat puhdistamaan suolen sein\u00e4m\u00e4n sulamattomasta aineksesta,<br \/>\n* tukevat ravintoaineiden imeytymist\u00e4,<br \/>\n* auttaa puhdistamaan kehoa.<\/p>\n<p>Vetom 4:n s\u00e4\u00e4nn\u00f6llinen k\u00e4ytt\u00f6 edist\u00e4\u00e4 tervett\u00e4 suolistoflooraa, parantaa ruoansulatusta ja auttaa elimist\u00f6\u00e4 k\u00e4ytt\u00e4m\u00e4\u00e4n ravinteita ja energiaa.<\/p>\n<h2>Vetom 4<\/h2>\n<p>* Tukee suoliston luonnollista tasapainoa.<br \/>\n* Normalisoi ruoansulatusta ja aineenvaihduntaa<br \/>\n* Parantaa immuunij\u00e4rjestelm\u00e4n toimintaa<br \/>\n* V\u00e4hent\u00e4\u00e4 l\u00e4\u00e4kkeiden sivuvaikutuksia<br \/>\n* Suojaa elimist\u00f6\u00e4 solutasolla, auttaa ehk\u00e4isem\u00e4\u00e4n kasvainten kehittymist\u00e4.<\/p>\n<h2>Edulliset ominaisuudet:<\/h2>\n<p>* Antibakteerinen ja antifungaalinen toiminta<br \/>\n* Antiviraalinen ja immuunij\u00e4rjestelm\u00e4\u00e4 vahvistava ainesosa<br \/>\n* Tukee ruoansulatusta sen entsyymi\u00e4 tuottavien ominaisuuksien ansiosta.<br \/>\n* Auttaa solujen uudistumista<br \/>\n* Est\u00e4\u00e4 sairaiden ja sy\u00f6p\u00e4solujen muodostumista ja lis\u00e4\u00e4ntymist\u00e4.<br \/>\n*Ei riippuvuutta, yliannostusta tai sivuvaikutuksia.<br \/>\n*K\u00e4ytet\u00e4\u00e4n kaikille aikuisille ( yli 14-vuotiaille ).<\/p>\n<h2>Sovellusalue:<\/h2>\n<p>Sit\u00e4 suositellaan biologisesti aktiivisena ravintolis\u00e4n\u00e4 tukemaan ruoansulatuskanavan toimintaa ja palauttamaan suolistoflooraa.<\/p>\n<h2>Annostus:<\/h2>\n<p>* 1 kapseli 2-3 kertaa p\u00e4iv\u00e4ss\u00e4 suositellaan 10 p\u00e4iv\u00e4n ajan, ennen ateriaa, aterian aikana tai sen j\u00e4lkeen, pienen nestem\u00e4\u00e4r\u00e4n (vesi, tee tai mehu) kera. Seuraa elimist\u00f6n vastetta hoidon aikana ja lis\u00e4\u00e4 annosta tarvittaessa asteittain 5-10 kapseliin p\u00e4iv\u00e4ss\u00e4.<\/p>\n<p>* Hoito voidaan toistaa milloin tahansa 1-2 viikon tauon j\u00e4lkeen. Toisinaan on suositeltavaa vuorotella k\u00e4ytt\u00f6\u00e4 muiden Vetom-tuotteiden kanssa koko kehon tukemiseksi.<\/p>\n<h2>Ehdotus:<\/h2>\n<p>Hoito on toistettava 1-2 viikon tauon j\u00e4lkeen. Toisinaan on suositeltavaa vaihtaa toisenlaiseen Vetom-tuotteeseen, jotta elimist\u00f6 saa laajaa tukea.<\/p>\n<h2>T\u00e4rke\u00e4\u00e4 tietoa:<\/h2>\n<p>*Yliherkkyys: yliherkkyys tietyille ainesosille.<br \/>\n*Raskaus\/imetys: vain l\u00e4\u00e4k\u00e4rin konsultaation j\u00e4lkeen.<br \/>\n*Ei vaikuta ajamiseen tai vaarallisten koneiden k\u00e4ytt\u00f6\u00f6n.<\/p>\n<h2>Muut tiedot:<\/h2>\n<p>* Ei vaikuta ajamiseen tai vaarallisten koneiden k\u00e4ytt\u00f6\u00f6n.<br \/>\n* S\u00e4ilytys: kuivassa, viile\u00e4ss\u00e4 paikassa (max. 30 \u00b0C), lasten ulottumattomissa.<br \/>\n* Takuu: 2 vuotta valmistusp\u00e4iv\u00e4st\u00e4 alkaen<br \/>\n* Pakkaus: 10 kapselia l\u00e4pipainopakkauksessa, 5 pakkausta laatikossa (yhteens\u00e4 50 kapselia).<\/p>\n<h2>Varastointiolosuhteet:<\/h2>\n<p>* Viile\u00e4ss\u00e4, kuivassa paikassa (max. 30 \u00b0C, max. 75% kosteus).<br \/>\n* S\u00e4ilytett\u00e4v\u00e4 lasten ulottumattomissa<br \/>\n*Takuuaika:** 2 vuotta valmistusp\u00e4iv\u00e4st\u00e4 alkaen.<br \/>\nAlkuper\u00e4maa: Ven\u00e4j\u00e4<\/p>\n<h2>Yhden kapselin sis\u00e4lt\u00f6:<\/h2>\n<p>* maissiuute - 133 mg<br \/>\n* Perunat\u00e4rkkelys - 100 mg<br \/>\n* sakkaroosi (tomusokeri) - 67 mg<br \/>\n* **Bacillus amyloliquefaciens VKPM B-10643** probioottinen bakteerikanta (DSM 24615) - 30 mg (1\u00d710\u2079 CFU\/g).<\/p>\n<p>Vaihtoehtoinen vastaava tippamuodossa: Vetom 4.24 (10 ml).<\/p>\n<p>Alkuper\u00e4paikka : <strong>Ven\u00e4j\u00e4<\/strong><\/p>","protected":false},"excerpt":{"rendered":"<h5>Hae osoitteessa<\/h5>\n<p>Osoitteesta <strong>Vetom<\/strong> <span style=\"color: red; font-weight: 800;\">3.22<\/span> k\u00e4ytet\u00e4\u00e4n probioottisten mikro-organismien lis\u00e4l\u00e4hteen\u00e4 parantamaan ihmisen terveytt\u00e4. Vankka vaikutus <strong>Bacillus myloliquefaciens<\/strong>, joka lis\u00e4\u00e4ntyy p\u00e4\u00e4asiassa paksusuolessa ja tuottaa proteolyyttisi\u00e4, amylolyyttisi\u00e4, sellulolyyttisi\u00e4 entsyymej\u00e4 ja muita biologisesti aktiivisia aineita.<\/p>\n<div class=\"plashka\">T\u00e4m\u00e4n prosessin seurauksena suoliston bakteeripopulaatio muuttuu, kunnes se on identtinen evoluution normien kanssa, suolen sein\u00e4m\u00e4t puhdistuvat sulamattomista ruoka-ainej\u00e4\u00e4mist\u00e4, mik\u00e4 helpottaa myrkyllisten aineiden aktiivista poistumista elimist\u00f6st\u00e4 ja biologisesti aktiivisten aineiden ja ravintoaineiden esteet\u00f6nt\u00e4 kuljetusta.<\/div>\n<p>A <strong>Vetom<\/strong> <span style=\"color: red; font-weight: 800;\">3.22<\/span> lis\u00e4\u00e4 l\u00e4\u00e4kkeiden tehokkuutta ja v\u00e4hent\u00e4\u00e4 niiden kielteisi\u00e4 sivuvaikutuksia ihmiskehossa.<\/p>\n<h6>Ominaisuudet:<\/h6>\n<ul class=\"vetom-list\">\n<li>Sill\u00e4 on korkea antagonistinen aktiivisuus patogeenisi\u00e4 ja ehdollisesti patogeenisi\u00e4 sieni\u00e4 ja bakteereja vastaan, antiviraalisia, proteolyyttisi\u00e4, amy lytisi\u00e4 ja sellulolyyttisi\u00e4 ominaisuuksia.<\/li>\n<li>stimuloi solu- ja humoraalisia immuniteettitekij\u00f6it\u00e4.<\/li>\n<li>lis\u00e4\u00e4 kehon ep\u00e4spesifist\u00e4 vastustuskyky\u00e4<\/li>\n<li>vakauttaa allergiaresistenssi\u00e4<\/li>\n<li>normalisoi aineenvaihduntaa<\/li>\n<li>stimuloi uudistumisprosesseja, hy\u00f6kk\u00e4\u00e4 sy\u00f6p\u00e4solujen ja sairaiden solujen kimppuun ja tappaa ne.<\/li>\n<\/ul>\n<div class=\"plashka\">A <strong>Vetom<\/strong> <span style=\"color: red; font-weight: 800;\">3.22<\/span> normalisoi raudan, kalsiumin, rasvojen, proteiinien, hiilihydraattien, triglyseridien, aminohappojen, dipeptidien, sappisuolojen ruoansulatusta, imeytymist\u00e4 ja aineenvaihduntaa sek\u00e4 normalisoi ruoansulatuskanavan happaman v\u00e4liaineen.<\/div>","protected":false},"featured_media":6613,"comment_status":"open","ping_status":"closed","template":"","meta":[],"product_brand":[],"product_cat":[22],"product_tag":[],"class_list":{"0":"post-453","1":"product","2":"type-product","3":"status-publish","4":"has-post-thumbnail","6":"product_cat-vetom-probiotikumok","8":"first","9":"instock","10":"featured","11":"taxable","12":"shipping-taxable","13":"purchasable","14":"product-type-simple"},"_links":{"self":[{"href":"https:\/\/vetomshop.hu\/fi\/wp-json\/wp\/v2\/product\/453","targetHints":{"allow":["GET"]}}],"collection":[{"href":"https:\/\/vetomshop.hu\/fi\/wp-json\/wp\/v2\/product"}],"about":[{"href":"https:\/\/vetomshop.hu\/fi\/wp-json\/wp\/v2\/types\/product"}],"replies":[{"embeddable":true,"href":"https:\/\/vetomshop.hu\/fi\/wp-json\/wp\/v2\/comments?post=453"}],"wp:featuredmedia":[{"embeddable":true,"href":"https:\/\/vetomshop.hu\/fi\/wp-json\/wp\/v2\/media\/6613"}],"wp:attachment":[{"href":"https:\/\/vetomshop.hu\/fi\/wp-json\/wp\/v2\/media?parent=453"}],"wp:term":[{"taxonomy":"product_brand","embeddable":true,"href":"https:\/\/vetomshop.hu\/fi\/wp-json\/wp\/v2\/product_brand?post=453"},{"taxonomy":"product_cat","embeddable":true,"href":"https:\/\/vetomshop.hu\/fi\/wp-json\/wp\/v2\/product_cat?post=453"},{"taxonomy":"product_tag","embeddable":true,"href":"https:\/\/vetomshop.hu\/fi\/wp-json\/wp\/v2\/product_tag?post=453"}],"curies":[{"name":"wp","href":"https:\/\/api.w.org\/{rel}","templated":true}]}}