{"id":455,"date":"2019-11-12T15:37:52","date_gmt":"2019-11-12T14:37:52","guid":{"rendered":"https:\/\/vetomshop.hu\/?post_type=product&#038;p=455"},"modified":"2026-04-12T08:28:38","modified_gmt":"2026-04-12T06:28:38","slug":"vetom-4-24-probiotikum-csepp","status":"publish","type":"product","link":"https:\/\/vetomshop.hu\/fi\/tuote\/vetom-4-24-probiotikum-csepp\/","title":{"rendered":"Probiootti Vetom <span style=\"color: red\">4.24<\/span><br>pudota <span style=\"color: red\">10 ml<\/span> (ravintolis\u00e4)"},"content":{"rendered":"<h3>Vetom 4.24 probioottiset pisarat 10 ml (ravintolis\u00e4)<\/h3>\n<p>Bacillus amyloliquefaciens VKPM B-10643 (DSM 24615) -kannalla.<\/p>\n<p>Vetom 4.24 on kehittynyt, luonnollinen probiootti, joka tukee suolistoflooran tasapainoa, parantaa ruoansulatusta ja vahvistaa immuunij\u00e4rjestelm\u00e4\u00e4. T\u00e4rkein vaikuttava aine on bakteeri *Bacillus amyloliquefaciens*, joka on hy\u00f6dyllinen p\u00e4\u00e4asiassa ohutsuolessa.<\/p>\n<h2>Miten se auttaa?<\/h2>\n<p>* Tukee terveen suolistoflooran kehittymist\u00e4<br \/>\n* Edist\u00e4\u00e4 ravintoaineiden imeytymist\u00e4 (esim. rauta, kalsium, proteiinit, rasvat, hiilihydraatit).<br \/>\n* Auttaa poistamaan myrkkyj\u00e4 kehosta.<br \/>\n* Vahvistaa immuunij\u00e4rjestelm\u00e4\u00e4, sill\u00e4 on antiviraalisia, antibakteerisia ja antifungaalisia vaikutuksia.<br \/>\n* Edist\u00e4\u00e4 solujen uudistumista, voi v\u00e4hent\u00e4\u00e4 haitallisten solujen lis\u00e4\u00e4ntymist\u00e4.<br \/>\n* Vakauttaa ruoansulatuskanavan aineenvaihduntaa ja happotasapainoa.<br \/>\n* Parantaa muiden l\u00e4\u00e4kkeiden vaikutusta ja v\u00e4hent\u00e4\u00e4 niiden sivuvaikutuksia.<\/p>\n<h2>Edut:<\/h2>\n<p>\u2705 Sivuvaikutukset vapaa<br \/>\n\u2705 Voidaan k\u00e4ytt\u00e4\u00e4 miss\u00e4 i\u00e4ss\u00e4 tahansa<br \/>\n\u2705 Ei aiheuta tottumista<br \/>\n\u2705 Yliannostus ei ole mahdollista<\/p>\n<h2>Annostussuositus:<\/h2>\n<p>*T\u00e4ydennys aikuisille ja lapsille : 2 tippaa suositellaan ensimm\u00e4isten p\u00e4ivien ajaksi, mink\u00e4 j\u00e4lkeen annosta voidaan nostaa asteittain 4-6 tippaan. Tarkkaile kehon reaktioita ottamisen aikana.<br \/>\n*Yleisiin sairauksiin: 10 tippaa p\u00e4ivitt\u00e4in 10 p\u00e4iv\u00e4n ajan.<br \/>\n* Hoito voidaan toistaa 1-2 viikon kuluttua<br \/>\n* Suositellaan vuorottelua muiden Vetom-tuotteiden kanssa aika ajoin (esim. Vetom 1.23, 2.25, 3.22) t\u00e4ydellisen suolistotuen varmistamiseksi.<\/p>\n<h2>\nT\u00e4rke\u00e4\u00e4:<\/h2>\n<p>Sit\u00e4 ei pid\u00e4 k\u00e4ytt\u00e4\u00e4 muiden suun kautta otettavien probioottien tai antibioottien, erityisesti sulfanilamidin, sy\u00f6p\u00e4l\u00e4\u00e4kkeiden kanssa.<\/p>\n<h2>Ainesosat:<\/h2>\n<p>* Bacillus amyloliquefaciensin (VKPM B-10643 \/ DSM 24615) fermentoitu maissiuute.<br \/>\n* Natriumkloridi<br \/>\n* Viveware<\/p>\n<h2>Annostelu:<\/h2>\n<p>* 10 ml tippapullo tai muovipullo<br \/>\n* Saattaa sis\u00e4lt\u00e4\u00e4 luonnollista sedimentti\u00e4, mik\u00e4 ei ole laatuvirhe.<\/p>\n<h2>K\u00fcllem:<\/h2>\n<p>Vaalean kellert\u00e4v\u00e4n ruskea neste, jolla on ominainen haju.<\/p>\n<p>*Paino: 0,02 kg<br \/>\n*Koko: 3 \u00d7 3 \u00d7 7 cm.<br \/>\n*Toimitus: Ven\u00e4j\u00e4<\/p>\n<h2>Varastointitiedot:<\/h2>\n<p>*Varastointi: 0-10 \u00b0C ja suhteellinen kosteus enint\u00e4\u00e4n 75%:n l\u00e4mp\u00f6tilassa.<br \/>\n*Varastointi ja v\u00e4liaikainen varastointi: 10-30 \u00b0C.<br \/>\n*Purkamisen j\u00e4lkeen: s\u00e4ilytet\u00e4\u00e4n j\u00e4\u00e4kaapissa (0-10 \u00b0C).<\/p>","protected":false},"excerpt":{"rendered":"<h5>Hae osoitteessa<\/h5>\n<p>A <strong>Vetom<\/strong> <span style=\"color: red; font-weight: 800;\">4.24<\/span> k\u00e4ytet\u00e4\u00e4n probioottisten mikro-organismien lis\u00e4l\u00e4hteen\u00e4 parantamaan ihmisen terveytt\u00e4. Vankka vaikutus <strong>Bacillus myloliquefaciens<\/strong>, joka tuottaa proteolyyttisi\u00e4, amylolyyttisi\u00e4, sellulolyyttisi\u00e4 entsyymej\u00e4 ja muita biologisesti aktiivisia aineita p\u00e4\u00e4asiassa lis\u00e4\u00e4ntym\u00e4ll\u00e4 ohutsuolessa.<\/p>\n<div class=\"plashka\">T\u00e4m\u00e4n prosessin seurauksena suoliston bakteeripopulaatio muuttuu, kunnes se on identtinen evoluution normien kanssa, suolen sein\u00e4m\u00e4t puhdistuvat sulamattomista ruoka-ainej\u00e4\u00e4mist\u00e4, mik\u00e4 helpottaa myrkyllisten aineiden aktiivista poistumista elimist\u00f6st\u00e4 ja biologisesti aktiivisten aineiden ja ravintoaineiden esteet\u00f6nt\u00e4 kuljetusta.<\/div>\n<p>A <strong>Vetom<\/strong> <span style=\"color: red; font-weight: 800;\">4.24<\/span> normalisoi raudan, kalsiumin, rasvojen, proteiinien, hiilihydraattien, triglyseridien, aminohappojen, dipeptidien, sappisuolojen ruoansulatusta, imeytymist\u00e4 ja aineenvaihduntaa sek\u00e4 normalisoi ruoansulatuskanavan happaman v\u00e4liaineen.<\/p>\n<div class=\"plashka\">A <strong>Vetom<\/strong> <span style=\"color: red; font-weight: 800;\">4.24<\/span> k\u00e4ytt\u00f6 auttaa kehoa pysym\u00e4\u00e4n terveen\u00e4.<\/div>\n<p>A <strong>Vetom<\/strong> <span style=\"color: red; font-weight: 800;\">4.24<\/span> lis\u00e4\u00e4 l\u00e4\u00e4kkeiden tehokkuutta ja v\u00e4hent\u00e4\u00e4 niiden kielteisi\u00e4 sivuvaikutuksia ihmiskehossa.<\/p>\n<h6>Ominaisuudet:<\/h6>\n<ul class=\"vetom-list\">\n<li>Sill\u00e4 on korkea antagonistinen aktiivisuus patogeenisi\u00e4 ja ehdollisesti patogeenisi\u00e4 sieni\u00e4 ja bakteereja vastaan, antiviraalisia, proteolyyttisi\u00e4, amy lytisi\u00e4 ja sellulolyyttisi\u00e4 ominaisuuksia.<\/li>\n<li>stimuloi solu- ja humoraalisia immuniteettitekij\u00f6it\u00e4.<\/li>\n<li>lis\u00e4\u00e4 kehon ep\u00e4spesifist\u00e4 vastustuskyky\u00e4<\/li>\n<li>vakauttaa allergiaresistenssi\u00e4<\/li>\n<li>normalisoi aineenvaihduntaa<\/li>\n<li>stimuloi uudistumisprosesseja, hy\u00f6kk\u00e4\u00e4 sy\u00f6p\u00e4solujen ja sairaiden solujen kimppuun ja tappaa ne.<\/li>\n<\/ul>","protected":false},"featured_media":6614,"comment_status":"open","ping_status":"closed","template":"","meta":[],"product_brand":[],"product_cat":[22],"product_tag":[],"class_list":{"0":"post-455","1":"product","2":"type-product","3":"status-publish","4":"has-post-thumbnail","6":"product_cat-vetom-probiotikumok","8":"first","9":"instock","10":"featured","11":"taxable","12":"shipping-taxable","13":"purchasable","14":"product-type-simple"},"_links":{"self":[{"href":"https:\/\/vetomshop.hu\/fi\/wp-json\/wp\/v2\/product\/455","targetHints":{"allow":["GET"]}}],"collection":[{"href":"https:\/\/vetomshop.hu\/fi\/wp-json\/wp\/v2\/product"}],"about":[{"href":"https:\/\/vetomshop.hu\/fi\/wp-json\/wp\/v2\/types\/product"}],"replies":[{"embeddable":true,"href":"https:\/\/vetomshop.hu\/fi\/wp-json\/wp\/v2\/comments?post=455"}],"wp:featuredmedia":[{"embeddable":true,"href":"https:\/\/vetomshop.hu\/fi\/wp-json\/wp\/v2\/media\/6614"}],"wp:attachment":[{"href":"https:\/\/vetomshop.hu\/fi\/wp-json\/wp\/v2\/media?parent=455"}],"wp:term":[{"taxonomy":"product_brand","embeddable":true,"href":"https:\/\/vetomshop.hu\/fi\/wp-json\/wp\/v2\/product_brand?post=455"},{"taxonomy":"product_cat","embeddable":true,"href":"https:\/\/vetomshop.hu\/fi\/wp-json\/wp\/v2\/product_cat?post=455"},{"taxonomy":"product_tag","embeddable":true,"href":"https:\/\/vetomshop.hu\/fi\/wp-json\/wp\/v2\/product_tag?post=455"}],"curies":[{"name":"wp","href":"https:\/\/api.w.org\/{rel}","templated":true}]}}