{"id":4664,"date":"2023-11-11T14:33:45","date_gmt":"2023-11-11T13:33:45","guid":{"rendered":"https:\/\/vetomshop.hu\/termek\/aphrodita-medal\/"},"modified":"2023-11-11T14:33:45","modified_gmt":"2023-11-11T13:33:45","slug":"aphrodita-medal","status":"publish","type":"product","link":"https:\/\/vetomshop.hu\/fi\/tuote\/aphrodita-medal\/","title":{"rendered":"Aphrodite riipus"},"content":{"rendered":"<p><strong>Aphrodite riipus<\/strong><\/p>\n<p>BioTrEM-tekniikan ansiosta on nyt mahdollista luoda erityislaatuinen spektrikuvio erityiseen kiteeseen. Kun mielivaltaiset energiakvantit - jopa l\u00e4mp\u00f6 - joutuvat kosketuksiin kiteen pinnan kanssa, generaattori l\u00e4hett\u00e4\u00e4 siihen tallennetun spektrikuvion eritt\u00e4in heikkoja signaaleja.<br \/>\nSamalla riipuksen s\u00e4hk\u00f6magneettinen s\u00e4teily on vuorovaikutuksessa el\u00e4v\u00e4n organismin kanssa.<\/p>\n<div class=\"su-spoiler su-spoiler-style-defoult su-spoiler-icon-caret su-spoiler-closed\" data-scroll-offset=\"0\" data-anchor-in-url=\"no\"><div class=\"su-spoiler-title\" tabindex=\"0\" role=\"button\"><span class=\"su-spoiler-icon\"><\/span>Kaikki<\/div><div class=\"su-spoiler-content su-u-clearfix su-u-trim\">\n<p>APHRODITE-riipuksen eritt\u00e4in heikot merkit stimuloivat naisfermonien synteesi\u00e4, naisruumiin erityiset rauhaset tuottavat voimakkaammin feromoneja, androstenolia ja kopuliinia. Mit\u00e4 enemm\u00e4n feromoneja nainen tuottaa, sit\u00e4 seksuaalisesti houkuttelevampi h\u00e4n on miesten silmiss\u00e4. Androstenoli kannustaa muita kommunikoimaan ja saa muut n\u00e4kem\u00e4\u00e4n sinut nuorempana.<\/p>\n<p>Kopuliini on naishormoni, joka on vastuussa seksuaalisesta houkuttelevuudesta.<\/p>\n<p>APHRODITE-riipusta k\u00e4ytett\u00e4ess\u00e4 naarasferomonien (androstenoli ja kopuliini) tuotanto lis\u00e4\u00e4ntyy, mik\u00e4 puolestaan lis\u00e4\u00e4 feromonien tuotantoa:<\/p>\n<ul>\n<li>her\u00e4tt\u00e4\u00e4 miesten huomion,<\/li>\n<li>her\u00e4tt\u00e4\u00e4 my\u00f6t\u00e4tuntoa,<\/li>\n<li>helpompi tutustua,<\/li>\n<li>saavuttaa enemm\u00e4n menestyst\u00e4 liiketoiminnassa, saada enemm\u00e4n itseluottamusta,<\/li>\n<li>he luovat kumppanilleen \u201eainoan ja vastustamattoman henkil\u00f6n\u201d.<\/li>\n<\/ul>\n<p>Androstenoli nopeuttaa sympatian kehittymist\u00e4, her\u00e4tt\u00e4\u00e4 yst\u00e4vyyden tunteen keskustelukumppanissa, luo romanttisia tunteita, luo nuoruuden ja riemun auran, riippumatta siit\u00e4, kuinka vanha olet!<\/p>\n<\/div><\/div>","protected":false},"excerpt":{"rendered":"<p>Aphrodita med\u00e1l A BioTrEM-technol\u00f3gi\u00e1nak k\u00f6sz\u00f6nhet\u0151en lehets\u00e9gess\u00e9 v\u00e1lt l\u00e9trehozni a speci\u00e1lis krist\u00e1lyon egy adott term\u00e9szet\u0171 spektr\u00e1lis mint\u00e1t. Amikor tetsz\u0151leges energiakvantumok \u2013 ak\u00e1r h\u0151 &#8211; \u00e9rintkezik a krist\u00e1ly fel\u00fclet\u00e9vel, a gener\u00e1tor a rajta r\u00f6gz\u00edtett spektr\u00e1lis minta extr\u00e9m gyenge jeleit bocs\u00e1jtja ki. Ek\u00f6zben a med\u00e1l elektrom\u00e1gneses sug\u00e1rz\u00e1sa k\u00f6lcs\u00f6nhat\u00e1sba ker\u00fcl az \u00e9l\u0151 szervezettel.<\/p>","protected":false},"featured_media":4663,"comment_status":"open","ping_status":"closed","template":"","meta":[],"product_brand":[],"product_cat":[33,32],"product_tag":[],"class_list":{"0":"post-4664","1":"product","2":"type-product","3":"status-publish","4":"has-post-thumbnail","6":"product_cat-egeszseg-medalok","7":"product_cat-triomed","9":"first","10":"instock","11":"taxable","12":"shipping-taxable","13":"purchasable","14":"product-type-simple"},"_links":{"self":[{"href":"https:\/\/vetomshop.hu\/fi\/wp-json\/wp\/v2\/product\/4664","targetHints":{"allow":["GET"]}}],"collection":[{"href":"https:\/\/vetomshop.hu\/fi\/wp-json\/wp\/v2\/product"}],"about":[{"href":"https:\/\/vetomshop.hu\/fi\/wp-json\/wp\/v2\/types\/product"}],"replies":[{"embeddable":true,"href":"https:\/\/vetomshop.hu\/fi\/wp-json\/wp\/v2\/comments?post=4664"}],"wp:featuredmedia":[{"embeddable":true,"href":"https:\/\/vetomshop.hu\/fi\/wp-json\/wp\/v2\/media\/4663"}],"wp:attachment":[{"href":"https:\/\/vetomshop.hu\/fi\/wp-json\/wp\/v2\/media?parent=4664"}],"wp:term":[{"taxonomy":"product_brand","embeddable":true,"href":"https:\/\/vetomshop.hu\/fi\/wp-json\/wp\/v2\/product_brand?post=4664"},{"taxonomy":"product_cat","embeddable":true,"href":"https:\/\/vetomshop.hu\/fi\/wp-json\/wp\/v2\/product_cat?post=4664"},{"taxonomy":"product_tag","embeddable":true,"href":"https:\/\/vetomshop.hu\/fi\/wp-json\/wp\/v2\/product_tag?post=4664"}],"curies":[{"name":"wp","href":"https:\/\/api.w.org\/{rel}","templated":true}]}}