{"id":4666,"date":"2023-11-11T14:33:45","date_gmt":"2023-11-11T13:33:45","guid":{"rendered":"https:\/\/vetomshop.hu\/termek\/alfa-medal\/"},"modified":"2023-11-11T14:33:45","modified_gmt":"2023-11-11T13:33:45","slug":"alfa-medal","status":"publish","type":"product","link":"https:\/\/vetomshop.hu\/fi\/tuote\/alfa-medal\/","title":{"rendered":"Alpha-mitali"},"content":{"rendered":"<h4>ALFA-terveysmitali<\/h4>\n<p><strong>T\u00e4rkeimm\u00e4t toiminnot:<\/strong><\/p>\n<p>Se on t\u00e4ydent\u00e4v\u00e4 v\u00e4line psyykkisen ja emotionaalisen alueen toiminnan normalisoimiseksi, se parantaa mielialaa, motivaatiota ja toimintakyky\u00e4, v\u00e4hent\u00e4\u00e4 psyykkisen ja emotionaalisen stressin haittavaikutuksia.<\/p>\n<p><strong>Lyhyt kuvaus:<\/strong><\/p>\n<p>ALFA Health Medallioniin tallennettu informaatiosignaali vastaa psyykkist\u00e4 ja tunne-el\u00e4m\u00e4\u00e4 s\u00e4\u00e4telev\u00e4n keskuksen s\u00e4hk\u00f6magneettista v\u00e4r\u00e4htely\u00e4.<br \/>\nOn hyvin tiedossa, ett\u00e4 keskushermosto s\u00e4\u00e4telee ihmisen tunnetilaa, joka riippuu useista ulkoisista ja sis\u00e4isist\u00e4 tekij\u00f6ist\u00e4.<\/p>\n<div class=\"su-spoiler su-spoiler-style-defoult su-spoiler-icon-caret su-spoiler-closed\" data-scroll-offset=\"0\" data-anchor-in-url=\"no\"><div class=\"su-spoiler-title\" tabindex=\"0\" role=\"button\"><span class=\"su-spoiler-icon\"><\/span>Kaikki<\/div><div class=\"su-spoiler-content su-u-clearfix su-u-trim\">\nEnsimm\u00e4isi\u00e4 merkkej\u00e4 stressist\u00e4 ovat henkinen j\u00e4nnittyneisyys, pelot, ahdistus, levottomuus ja lis\u00e4\u00e4ntynyt \u00e4rtyneisyys. T\u00e4m\u00e4 voi johtaa unih\u00e4iri\u00f6ihin, jotka johtavat v\u00e4symykseen, yleiseen huonovointisuuteen ja kognitiivisten toimintojen (muisti, tarkkaavaisuus, ajattelu) heikkenemiseen.<\/p>\n<p>Pitk\u00e4aikaiset psykologiset ja emotionaaliset h\u00e4iri\u00f6t vaikuttavat kielteisesti elimist\u00f6n yleiseen tilaan ja reaktiivisuuteen. Ihmiset, jotka k\u00e4rsiv\u00e4t kroonisesta psykologisesta ja emotionaalisesta stressist\u00e4, sairastuvat todenn\u00e4k\u00f6isemmin flunssaan ja sairastuvat uudelleen jo ennest\u00e4\u00e4n olemassa oleviin kroonisiin sairauksiin (sepelvaltimotauti, haimataudit, kystiitti, pyelonefriitti, lis\u00e4kivenn\u00e4isaineita aiheuttava tulehdus, eturauhastulehdus jne.).<\/p>\n<p>Stressitekij\u00e4t aiheuttavat klassisia psykosomaattisia sairauksia, kuten verenpainetautia, keuhkoastmaa, mahahaavoja, pohjukaissuolihaavoja, allergisia ihosairauksia (ekseema, neurodermatiitti) ja muita sairauksia, kuten n\u00e4k\u00f6- ja kuulovammaisuutta.<\/p>\n<p><strong>Milloin ALFA-terveysmitalia kannattaa k\u00e4ytt\u00e4\u00e4?<\/strong><\/p>\n<p>Laitteella on my\u00f6nteinen vaikutus kehon toiminnalliseen toimintaan. Sit\u00e4 voidaan k\u00e4ytt\u00e4\u00e4 optimoivana ja korjaavana laitteena yhdess\u00e4 muiden sairauksia ehk\u00e4isevien ja hoitavien menetelmien kanssa:<\/p>\n<ul>\n<li>levottomuus, hermostuneisuus, sopeutumisongelmat, joihin liittyy ep\u00e4harmoninen tunnetila,<\/li>\n<li>hermoston toiminnallinen h\u00e4iri\u00f6, johon liittyy henkist\u00e4 v\u00e4symyst\u00e4, \u00e4rtyneisyytt\u00e4, hidastumista ja ajattelun laadun heikkenemist\u00e4,<\/li>\n<li>paniikkikohtausten aiheuttama unettomuus,<\/li>\n<li>psykosomaattisten sairauksien (keuhkoastma, herkk\u00e4 suolisto-oireyhtym\u00e4, sepelvaltimotauti, verenpainetauti, iho- ja muut sairaudet) alkuvaiheessa ja uusiutuvissa vaiheissa,<\/li>\n<li>kroonisen psykologisen ja emotionaalisen stressin oireet.<\/li>\n<\/ul>\n<p>Huomio, t\u00e4rke\u00e4\u00e4!<\/p>\n<p>Ota yhteys l\u00e4\u00e4k\u00e4riin, jos ilmenee merkitt\u00e4v\u00e4\u00e4 mielialan laskua, emotionaalista ep\u00e4vakautta ja \u00e4rtyneisyytt\u00e4, jatkuvaa unettomuutta, joka ei katoa. K\u00e4yt\u00e4 m\u00e4\u00e4r\u00e4tyn hoidon lis\u00e4ksi rinnakkain ALFA Health Pendant -valmistetta hoidon tehokkuuden ja elimist\u00f6n kuntoutumiskyvyn vahvistamiseksi.<br \/>\n<\/div><\/div>","protected":false},"excerpt":{"rendered":"<p>ALFA Eg\u00e9szs\u00e9g Med\u00e1l F\u0151 funkci\u00f3i: Kieg\u00e9sz\u00edt\u0151 eszk\u00f6z a pszich\u00e9s \u00e9s \u00e9rzelmi szf\u00e9ra m\u0171k\u00f6d\u00e9s\u00e9nek normaliz\u00e1l\u00e1s\u00e1ra, hangulatjav\u00edt\u00f3, motiv\u00e1ci\u00f3 \u00e9s cselekv\u0151k\u00e9pess\u00e9g n\u00f6vel\u0151, cs\u00f6kkenti a pszich\u00e9s \u00e9s \u00e9rzelmi stressz \u00e1ldatlan hat\u00e1sait. R\u00f6vid ismertet\u0151: Az inform\u00e1ci\u00f3s jel, mely az ALFA Eg\u00e9szs\u00e9g Med\u00e1lra r\u00f6gz\u00edt\u00e9sre ker\u00fclt, megfelel a pszich\u00e9s \u00e9s \u00e9rzelmi szf\u00e9r\u00e1kat szab\u00e1lyoz\u00f3 k\u00f6zpont elektrom\u00e1gneses rezg\u00e9s\u00e9nek. K\u00f6ztudott, hogy az ember \u00e9rzelmi \u00e1llapota, [&hellip;]<\/p>\n","protected":false},"featured_media":4665,"comment_status":"open","ping_status":"closed","template":"","meta":[],"product_brand":[],"product_cat":[33,32],"product_tag":[],"class_list":{"0":"post-4666","1":"product","2":"type-product","3":"status-publish","4":"has-post-thumbnail","6":"product_cat-egeszseg-medalok","7":"product_cat-triomed","9":"first","10":"instock","11":"taxable","12":"shipping-taxable","13":"purchasable","14":"product-type-simple"},"_links":{"self":[{"href":"https:\/\/vetomshop.hu\/fi\/wp-json\/wp\/v2\/product\/4666","targetHints":{"allow":["GET"]}}],"collection":[{"href":"https:\/\/vetomshop.hu\/fi\/wp-json\/wp\/v2\/product"}],"about":[{"href":"https:\/\/vetomshop.hu\/fi\/wp-json\/wp\/v2\/types\/product"}],"replies":[{"embeddable":true,"href":"https:\/\/vetomshop.hu\/fi\/wp-json\/wp\/v2\/comments?post=4666"}],"wp:featuredmedia":[{"embeddable":true,"href":"https:\/\/vetomshop.hu\/fi\/wp-json\/wp\/v2\/media\/4665"}],"wp:attachment":[{"href":"https:\/\/vetomshop.hu\/fi\/wp-json\/wp\/v2\/media?parent=4666"}],"wp:term":[{"taxonomy":"product_brand","embeddable":true,"href":"https:\/\/vetomshop.hu\/fi\/wp-json\/wp\/v2\/product_brand?post=4666"},{"taxonomy":"product_cat","embeddable":true,"href":"https:\/\/vetomshop.hu\/fi\/wp-json\/wp\/v2\/product_cat?post=4666"},{"taxonomy":"product_tag","embeddable":true,"href":"https:\/\/vetomshop.hu\/fi\/wp-json\/wp\/v2\/product_tag?post=4666"}],"curies":[{"name":"wp","href":"https:\/\/api.w.org\/{rel}","templated":true}]}}