{"id":4668,"date":"2023-11-11T14:33:46","date_gmt":"2023-11-11T13:33:46","guid":{"rendered":"https:\/\/vetomshop.hu\/termek\/ambrozia-medal\/"},"modified":"2023-11-11T14:33:46","modified_gmt":"2023-11-11T13:33:46","slug":"ambrozia-medal","status":"publish","type":"product","link":"https:\/\/vetomshop.hu\/fi\/tuote\/ambrozia-medal\/","title":{"rendered":"Ambrosia-mitali"},"content":{"rendered":"<h4>Ambrosia-mitali<\/h4>\n<p>R\u00e4tv\u00e4n\u00e4 (Ambrosia artemisiifolia), jota virheellisesti kutsutaan villihamppuksi, on rikkakasvilaji, joka kuuluu Asteraceae-sukuun, heimoon Helianthinae. Sit\u00e4 esiintyy vuosittain valtavia m\u00e4\u00e4ri\u00e4 Unkarin pelloilla ja muilla h\u00e4iriintyneill\u00e4 alueilla.<\/p>\n<p>Se on yksi tunnetuimmista ja kiistellyimmist\u00e4 rikkaruohoista: jotkut ihmiset tunnustavat vain sen huonot, allergisoivat ominaisuudet, ja toiset kunnioittavat sit\u00e4 l\u00e4\u00e4kekasvina ja k\u00e4ytt\u00e4v\u00e4t sit\u00e4 s\u00e4\u00e4nn\u00f6llisesti.<\/p>\n<div class=\"su-spoiler su-spoiler-style-defoult su-spoiler-icon-caret su-spoiler-closed\" data-scroll-offset=\"0\" data-anchor-in-url=\"no\"><div class=\"su-spoiler-title\" tabindex=\"0\" role=\"button\"><span class=\"su-spoiler-icon\"><\/span>Kaikki<\/div><div class=\"su-spoiler-content su-u-clearfix su-u-trim\">\nMiksi t\u00e4m\u00e4 kasvi aiheuttaa joillekin ihmisille allergiaoireita? Yksi asia on varma: maanviljelij\u00f6ill\u00e4 ei ole koskaan ollut siitep\u00f6lyallergiaa tai allergiaa ragweedille. Selv\u00e4\u00e4 vastausta saatetaan joutua odottamaan vuosikymmeni\u00e4, mutta ep\u00e4miellytt\u00e4v\u00e4t allergiaoireet voivat palata vuodesta toiseen, ja olisi hyv\u00e4 l\u00f6yt\u00e4\u00e4 ratkaisu. Kunnes tied\u00e4mme vastaukset n\u00e4ihin kysymyksiin, muistakaamme luonnonl\u00e4\u00e4ketieteen postulaatti: paranna koiran purema koiran karvoilla, eli paranna itsesi sill\u00e4, mik\u00e4 sinua vaivaa. Ambrosia Medallionissa on el\u00e4v\u00e4n ragweedin s\u00e4hk\u00f6magneettinen spektri, joka on otettu talteen erityisell\u00e4 BioTrEm-tekniikalla.<br \/>\n<\/div><\/div>","protected":false},"excerpt":{"rendered":"<p>Ambr\u00f3zia Med\u00e1l Az \u00fcr\u00f6mlevel\u0171 parlagf\u0171, vagy egyszer\u0171en parlagf\u0171 (Ambrosia artemisiifolia), t\u00e9vesen vadkender a f\u00e9szkesek (Asteraceae) csal\u00e1dj\u00e1ba tartozik, annak Helianthinae tribusz\u00e1ba tartoz\u00f3 gyomn\u00f6v\u00e9nyfaj. A parlagf\u0171 Magyarorsz\u00e1g sz\u00e1nt\u00f3f\u00f6ldjein \u00e9s egy\u00e9b bolygatott ter\u00fcletein \u00e9vr\u0151l \u00e9vre \u00f3ri\u00e1si sz\u00e1mban jelenik meg. Egyik legismertebb \u00e9s legellentmond\u00e1sosabb meg\u00edt\u00e9l\u00e9s\u0171 gyomn\u00f6v\u00e9ny\u00fcnk: vannak, akik kiz\u00e1r\u00f3lag rossz, allergiz\u00e1l\u00f3 tulajdons\u00e1gait ismerik el, \u00e9s vannak, akik gy\u00f3gyn\u00f6v\u00e9nyk\u00e9nt tisztelik, [&hellip;]<\/p>\n","protected":false},"featured_media":4667,"comment_status":"open","ping_status":"closed","template":"","meta":[],"product_brand":[],"product_cat":[33,32],"product_tag":[],"class_list":{"0":"post-4668","1":"product","2":"type-product","3":"status-publish","4":"has-post-thumbnail","6":"product_cat-egeszseg-medalok","7":"product_cat-triomed","9":"first","10":"instock","11":"taxable","12":"shipping-taxable","13":"purchasable","14":"product-type-simple"},"_links":{"self":[{"href":"https:\/\/vetomshop.hu\/fi\/wp-json\/wp\/v2\/product\/4668","targetHints":{"allow":["GET"]}}],"collection":[{"href":"https:\/\/vetomshop.hu\/fi\/wp-json\/wp\/v2\/product"}],"about":[{"href":"https:\/\/vetomshop.hu\/fi\/wp-json\/wp\/v2\/types\/product"}],"replies":[{"embeddable":true,"href":"https:\/\/vetomshop.hu\/fi\/wp-json\/wp\/v2\/comments?post=4668"}],"wp:featuredmedia":[{"embeddable":true,"href":"https:\/\/vetomshop.hu\/fi\/wp-json\/wp\/v2\/media\/4667"}],"wp:attachment":[{"href":"https:\/\/vetomshop.hu\/fi\/wp-json\/wp\/v2\/media?parent=4668"}],"wp:term":[{"taxonomy":"product_brand","embeddable":true,"href":"https:\/\/vetomshop.hu\/fi\/wp-json\/wp\/v2\/product_brand?post=4668"},{"taxonomy":"product_cat","embeddable":true,"href":"https:\/\/vetomshop.hu\/fi\/wp-json\/wp\/v2\/product_cat?post=4668"},{"taxonomy":"product_tag","embeddable":true,"href":"https:\/\/vetomshop.hu\/fi\/wp-json\/wp\/v2\/product_tag?post=4668"}],"curies":[{"name":"wp","href":"https:\/\/api.w.org\/{rel}","templated":true}]}}