{"id":4670,"date":"2023-11-11T14:33:46","date_gmt":"2023-11-11T13:33:46","guid":{"rendered":"https:\/\/vetomshop.hu\/termek\/antivir-medal\/"},"modified":"2023-11-11T14:33:46","modified_gmt":"2023-11-11T13:33:46","slug":"antivir-medal","status":"publish","type":"product","link":"https:\/\/vetomshop.hu\/fi\/tuote\/antivir-medal\/","title":{"rendered":"Antivir-mitali"},"content":{"rendered":"<h4>Antivir-mitali<\/h4>\n<p>Influenssa on influenssaviruksen aiheuttama sairaus, jonka aiheuttaa aina jokin influenssavirustyyppi. Influenssa A ja influenssa B ovat kaksi influenssavirustyyppi\u00e4, jotka voivat sairastuttaa ihmisi\u00e4 suuria m\u00e4\u00e4ri\u00e4. A-virukset voidaan jakaa alatyyppeihin niiden pinnalla olevien proteiinien (hemagglutiniini - H ja neuraminidaasi - N) perusteella, joista H1N1- ja H3N2-virukset ovat olleet yleisimpi\u00e4 vuodesta 1977 l\u00e4htien. B-virukset aiheuttavat harvemmin vakavia tauteja. Influenssavirukset muuttuvat ja mutaantuvat nopeasti synnytt\u00e4en uusia alatyyppej\u00e4. Suojautuminen yht\u00e4 alatyyppi\u00e4 vastaan antaa vain v\u00e4h\u00e4n tai ei lainkaan suojaa toista alatyyppi\u00e4 vastaan, mik\u00e4 selitt\u00e4\u00e4 kausittaiset epidemiat, joita esiintyy vuosittain yleens\u00e4 talvella.<\/p>\n<div class=\"su-spoiler su-spoiler-style-defoult su-spoiler-icon-caret su-spoiler-closed\" data-scroll-offset=\"0\" data-anchor-in-url=\"no\"><div class=\"su-spoiler-title\" tabindex=\"0\" role=\"button\"><span class=\"su-spoiler-icon\"><\/span>Kaikki<\/div><div class=\"su-spoiler-content su-u-clearfix su-u-trim\">\n<p>Flunssan oireet ovat pitk\u00e4lti samat kuin flunssan, mutta sairaus on vakavampi. Siihen liittyy yleens\u00e4 korkeaa kuumetta, p\u00e4\u00e4ns\u00e4rky\u00e4, lihass\u00e4rky\u00e4, kuivaa ysk\u00e4\u00e4, velttoutta ja heikkoutta. Kurkkukipu on harvinaista, ja vain 30-50%-tapauksissa esiintyy nuhaa, nen\u00e4n tukkoisuutta. Komplikaatiot ovat erityisen vaarallisia pienill\u00e4 lapsilla, vanhuksilla ja kroonisesti sairailla henkil\u00f6ill\u00e4.<\/p>\n<p>Siksi on t\u00e4rke\u00e4\u00e4 lis\u00e4t\u00e4 kehon vastustuskyky\u00e4.<\/p>\n<p><strong>Kenelle sit\u00e4 suositellaan?<\/strong><\/p>\n<ul>\n<li>Kaikille niille, jotka haluavat parantaa vastustuskyky\u00e4\u00e4n,<\/li>\n<li>jotka kuuluvat influenssaviruksen riskiryhm\u00e4\u00e4n,<\/li>\n<li>jotka matkustavat paljon ymp\u00e4ri maailmaa tai k\u00e4ytt\u00e4v\u00e4t julkista liikennett\u00e4,<\/li>\n<li>he ovat jatkuvasti yhteis\u00f6ss\u00e4 ja ty\u00f6skentelev\u00e4t ihmisten kanssa.<\/li>\n<\/ul>\n<p><strong>Huomio, t\u00e4rke\u00e4\u00e4!<\/strong><\/p>\n<p>Jos sinulla on influenssavirusinfektio, sairaus, kuumetta tai jos tunnet olosi huonoksi, k\u00e4\u00e4nny l\u00e4\u00e4k\u00e4rin puoleen. K\u00e4yt\u00e4 Triomed Antiviral Medal -valmistetta yhdess\u00e4 m\u00e4\u00e4r\u00e4tyn hoidon kanssa.<br \/>\nAlle 6-vuotiaiden lasten tulee k\u00e4ytt\u00e4\u00e4 vain vanhempien valvonnassa!<\/p>\n<\/div><\/div>","protected":false},"excerpt":{"rendered":"<p>Antivir Med\u00e1l Az influenza v\u00edrus okozta betegs\u00e9g, k\u00f3rokoz\u00f3ja mindig az influenza v\u00edrus valamelyik fajt\u00e1ja. Az influenza A \u00e9s B az a k\u00e9t t\u00edpusa az influenza v\u00edrusoknak, amely nagysz\u00e1mbanbeteg\u00edthet meg embereket. Az A v\u00edrusokat a fel\u00fclet\u00fck\u00f6n elhelyezked\u0151 feh\u00e9rj\u00e9k (a haemaglutinin -H \u00e9s a neuraminidase \u2013 N) alapj\u00e1n alt\u00edpusokra lehet bontani, ezek k\u00f6z\u00fcl 1977 \u00f3ta t\u00f6bbnyire a [&hellip;]<\/p>\n","protected":false},"featured_media":4669,"comment_status":"open","ping_status":"closed","template":"","meta":[],"product_brand":[],"product_cat":[33,32],"product_tag":[],"class_list":{"0":"post-4670","1":"product","2":"type-product","3":"status-publish","4":"has-post-thumbnail","6":"product_cat-egeszseg-medalok","7":"product_cat-triomed","9":"first","10":"instock","11":"taxable","12":"shipping-taxable","13":"purchasable","14":"product-type-simple"},"_links":{"self":[{"href":"https:\/\/vetomshop.hu\/fi\/wp-json\/wp\/v2\/product\/4670","targetHints":{"allow":["GET"]}}],"collection":[{"href":"https:\/\/vetomshop.hu\/fi\/wp-json\/wp\/v2\/product"}],"about":[{"href":"https:\/\/vetomshop.hu\/fi\/wp-json\/wp\/v2\/types\/product"}],"replies":[{"embeddable":true,"href":"https:\/\/vetomshop.hu\/fi\/wp-json\/wp\/v2\/comments?post=4670"}],"wp:featuredmedia":[{"embeddable":true,"href":"https:\/\/vetomshop.hu\/fi\/wp-json\/wp\/v2\/media\/4669"}],"wp:attachment":[{"href":"https:\/\/vetomshop.hu\/fi\/wp-json\/wp\/v2\/media?parent=4670"}],"wp:term":[{"taxonomy":"product_brand","embeddable":true,"href":"https:\/\/vetomshop.hu\/fi\/wp-json\/wp\/v2\/product_brand?post=4670"},{"taxonomy":"product_cat","embeddable":true,"href":"https:\/\/vetomshop.hu\/fi\/wp-json\/wp\/v2\/product_cat?post=4670"},{"taxonomy":"product_tag","embeddable":true,"href":"https:\/\/vetomshop.hu\/fi\/wp-json\/wp\/v2\/product_tag?post=4670"}],"curies":[{"name":"wp","href":"https:\/\/api.w.org\/{rel}","templated":true}]}}