{"id":4672,"date":"2023-11-11T14:33:46","date_gmt":"2023-11-11T13:33:46","guid":{"rendered":"https:\/\/vetomshop.hu\/termek\/aqua-medal\/"},"modified":"2023-11-11T14:33:46","modified_gmt":"2023-11-11T13:33:46","slug":"aqua-medal","status":"publish","type":"product","link":"https:\/\/vetomshop.hu\/fi\/tuote\/aqua-medal\/","title":{"rendered":"Aqua Medal"},"content":{"rendered":"<p><strong>Aqua Medal<\/strong> - El\u00e4m\u00e4\u00e4 antava vesi on el\u00e4m\u00e4\u00e4 antavaa, virkist\u00e4v\u00e4\u00e4, el\u00e4m\u00e4\u00e4 yll\u00e4pit\u00e4v\u00e4\u00e4 ja el\u00e4m\u00e4\u00e4 aktivoivaa, el\u00e4m\u00e4nenergiaa palauttavaa vett\u00e4.<\/p>\n<p>Juuri t\u00e4m\u00e4 on AQUA -BioTrEM-tietov\u00e4lineen tarkoitus. Yksinomaisen BioTrEM-teknologian ansiosta laitteen puolijohde sis\u00e4lt\u00e4\u00e4 koodattua dynaamista tietoa, jonka avulla voidaan saavuttaa lueteltu vaikutus. Samanlainen ominaisuus l\u00f6ytyy resursseista, jotka valitettavasti ovat yh\u00e4 harvinaisempia maapallolla ja s\u00e4ilytt\u00e4v\u00e4t ihmeellisesti puhtautensa.<\/p>\n<div class=\"su-spoiler su-spoiler-style-defoult su-spoiler-icon-caret su-spoiler-closed\" data-scroll-offset=\"0\" data-anchor-in-url=\"no\"><div class=\"su-spoiler-title\" tabindex=\"0\" role=\"button\"><span class=\"su-spoiler-icon\"><\/span>Kaikki<\/div><div class=\"su-spoiler-content su-u-clearfix su-u-trim\">\n<p>Laitteen kehitt\u00e4minen oli v\u00e4ltt\u00e4m\u00e4t\u00f6nt\u00e4 aikamme muuttuvien olosuhteiden vuoksi. Viime vuosina terveydenhuoltoala on ollut huolissaan sairastuvuuden ja kuolleisuuden lis\u00e4\u00e4ntymisest\u00e4 paitsi lasten ja vanhusten my\u00f6s ty\u00f6v\u00e4est\u00f6n keskuudessa. Valitettavasti olemme todistamassa immuunij\u00e4rjestelm\u00e4n heikkenemist\u00e4 ja elint\u00e4rke\u00e4n energian h\u00e4vi\u00e4mist\u00e4, mik\u00e4 on v\u00e4ltt\u00e4m\u00e4t\u00f6nt\u00e4 sairauksien torjumiseksi ja kuntouttamiseksi. Toisin sanoen muuttuneeseen ymp\u00e4rist\u00f6\u00f6n sopeutumiseen ja itseregeneraatioon tarvittavat ohjelmat ovat vahingoittuneet tai ne on j\u00e4rjestetty uudelleen. Lis\u00e4\u00e4ntyv\u00e4t kosmofysikaaliset muutokset edellytt\u00e4v\u00e4t vaurioituneiden sopeutumis- ja itsest\u00e4\u00e4n paranevien geneettisten ohjelmien nopeaa uudistumis- ja palautumiskyky\u00e4. Muuten yksil\u00f6n ja jopa koko ihmiskunnan selviytyminen voi olla vaarassa.<\/p>\n<p>Vesi - el\u00e4m\u00e4n kehto, joka on pitk\u00e4\u00e4n s\u00e4ilytt\u00e4nyt el\u00e4m\u00e4n ensisijaisen matriisin ja sen vaihteluiden suuntautumisen ymp\u00e4rist\u00f6vaikutusten vaikutuksesta. Vesi mukautuu ja muuttuu nopeammin ymp\u00e4rist\u00f6n vaikutusten ja vaatimusten mukaan kuin biologiset organismit, biologinen ymp\u00e4rist\u00f6. Maapallon vesikuori on aina s\u00e4ilytt\u00e4nyt alkuper\u00e4iset itsest\u00e4\u00e4n uusiutuvat ohjelmat ja niiden toteutumispotentiaalin, jotka ovat vuorovaikutuksessa eli\u00f6iden vesipitoisen v\u00e4liaineen kanssa tulleet toiminnallisiksi. Samaan aikaan ekologit ovat havainneet, ett\u00e4 maapallon vesikuorta ruokkivien luonnollisten vesien rakenteellis-informatiiviset ominaisuudet ovat vaarantuneet. T\u00e4m\u00e4 vahinko ei johtunut ainoastaan kosmofysikaalisista muutoksista vaan my\u00f6s ihmislajin tuhoisista toimista. T\u00e4m\u00e4 on se, mik\u00e4 est\u00e4\u00e4 elint\u00e4rkeit\u00e4 evoluutiomuutoksia ja el\u00e4m\u00e4n jatkumista maapallolla.<\/p>\n<p>AQUA-tiedonsiirtimen monimutkainen monitasoinen kentt\u00e4 on suunniteltu viitteeksi, jonka avulla se voi mukautua ymp\u00e4rist\u00f6n uusiin korkeataajuisiin muutoksiin ja k\u00e4ynnist\u00e4\u00e4 tarvittavat ohjelmat veden l\u00e4pi tapahtuvaa siirtymist\u00e4 varten. Laite j\u00e4sent\u00e4\u00e4 vesikentt\u00e4\u00e4 ja vesi, joka resonoi kehon vesipitoisen v\u00e4liaineen (veri, imusolmuke, lymfa, solujen v\u00e4linen neste, solujen neste) kanssa, j\u00e4sent\u00e4\u00e4 sit\u00e4 \u201eomaksi kuvakseen\u201d. Heti kun sis\u00e4isen veden s\u00e4\u00e4nn\u00f6llisyys nousee yli 60%, k\u00e4ynnistyy elimist\u00f6n itse\u00e4\u00e4n uudistava geneettinen ohjelma.<br \/>\n<\/div><\/div>","protected":false},"excerpt":{"rendered":"<p>Aqua Med\u00e1l \u2013 az \u00e9letalkot\u00f3 v\u00edz \u00e9letet ad, \u00e9l\u00e9nk\u00edt, \u00e9letmeg\u00f3v\u00f3, valamint aktiv\u00e1l\u00f3, \u00e9letenergi\u00e1t vissza\u00e1ll\u00edt\u00f3 hat\u00e1ssal b\u00edr. \u00c9ppen ezt a c\u00e9lt szolg\u00e1lja az AQUA \u2013BioTrEM \u00f6n\u00e1ll\u00f3 inform\u00e1ci\u00f3hordoz\u00f3 alkalmaz\u00e1sa. Az exkluz\u00edv BioTrEM-technol\u00f3gi\u00e1nak k\u00f6sz\u00f6nhet\u0151en a k\u00e9sz\u00fcl\u00e9k f\u00e9lvezet\u0151je olyan k\u00f3dolt inform\u00e1ci\u00f3t tartalmaz, mely dinamikus term\u00e9szettel b\u00edr \u00e9s seg\u00edts\u00e9g\u00e9vel a felsorolt hat\u00e1s el\u00e9rhet\u0151v\u00e9 v\u00e1lik. Hasonl\u00f3 tulajdons\u00e1ggal rendelkeznek a F\u00f6ld\u00f6n sajnos [&hellip;]<\/p>\n","protected":false},"featured_media":4671,"comment_status":"open","ping_status":"closed","template":"","meta":[],"product_brand":[],"product_cat":[33,32],"product_tag":[],"class_list":{"0":"post-4672","1":"product","2":"type-product","3":"status-publish","4":"has-post-thumbnail","6":"product_cat-egeszseg-medalok","7":"product_cat-triomed","9":"first","10":"instock","11":"taxable","12":"shipping-taxable","13":"purchasable","14":"product-type-simple"},"_links":{"self":[{"href":"https:\/\/vetomshop.hu\/fi\/wp-json\/wp\/v2\/product\/4672","targetHints":{"allow":["GET"]}}],"collection":[{"href":"https:\/\/vetomshop.hu\/fi\/wp-json\/wp\/v2\/product"}],"about":[{"href":"https:\/\/vetomshop.hu\/fi\/wp-json\/wp\/v2\/types\/product"}],"replies":[{"embeddable":true,"href":"https:\/\/vetomshop.hu\/fi\/wp-json\/wp\/v2\/comments?post=4672"}],"wp:featuredmedia":[{"embeddable":true,"href":"https:\/\/vetomshop.hu\/fi\/wp-json\/wp\/v2\/media\/4671"}],"wp:attachment":[{"href":"https:\/\/vetomshop.hu\/fi\/wp-json\/wp\/v2\/media?parent=4672"}],"wp:term":[{"taxonomy":"product_brand","embeddable":true,"href":"https:\/\/vetomshop.hu\/fi\/wp-json\/wp\/v2\/product_brand?post=4672"},{"taxonomy":"product_cat","embeddable":true,"href":"https:\/\/vetomshop.hu\/fi\/wp-json\/wp\/v2\/product_cat?post=4672"},{"taxonomy":"product_tag","embeddable":true,"href":"https:\/\/vetomshop.hu\/fi\/wp-json\/wp\/v2\/product_tag?post=4672"}],"curies":[{"name":"wp","href":"https:\/\/api.w.org\/{rel}","templated":true}]}}