{"id":4676,"date":"2023-11-11T14:33:47","date_gmt":"2023-11-11T13:33:47","guid":{"rendered":"https:\/\/vetomshop.hu\/termek\/beauty-medal\/"},"modified":"2023-11-11T14:33:47","modified_gmt":"2023-11-11T13:33:47","slug":"beauty-medal","status":"publish","type":"product","link":"https:\/\/vetomshop.hu\/fi\/tuote\/beauty-medal\/","title":{"rendered":"Kauneus riipus"},"content":{"rendered":"<h4>Kauneus riipus<\/h4>\n<p>BioTrEM-tekniikan ansiosta on nyt mahdollista luoda erityislaatuinen spektrikuvio erityiseen kiteeseen. Kun mielivaltaiset energiakvantit - jopa l\u00e4mp\u00f6 - joutuvat kosketuksiin kiteen pinnan kanssa, generaattori l\u00e4hett\u00e4\u00e4 siihen tallennetun spektrikuvion eritt\u00e4in heikkoja signaaleja. Samalla riipuksen s\u00e4hk\u00f6magneettinen s\u00e4teily on vuorovaikutuksessa el\u00e4v\u00e4n organismin kanssa.<\/p>\n<p>\u201eBEAUTY\u201d-mitalin p\u00e4\u00e4tarkoituksena on palauttaa ihosolujen ja kudosten normaalit fysiologiset prosessit ja lis\u00e4t\u00e4 vastustuskyky\u00e4 haitallisia ymp\u00e4rist\u00f6tekij\u00f6it\u00e4 vastaan.<\/p>\n<p>T\u00e4m\u00e4 ty\u00f6kalu vaikuttaa my\u00f6nteisesti kasvojen ja vartalon ihoon, hiuksiin ja kynsiin.<\/p>\n<div class=\"su-spoiler su-spoiler-style-defoult su-spoiler-icon-caret su-spoiler-closed\" data-scroll-offset=\"0\" data-anchor-in-url=\"no\"><div class=\"su-spoiler-title\" tabindex=\"0\" role=\"button\"><span class=\"su-spoiler-icon\"><\/span>Kaikki<\/div><div class=\"su-spoiler-content su-u-clearfix su-u-trim\">\nVaikutukset:<\/p>\n<ul>\n<li>Se auttaa palauttamaan ihon vaurioituneen solunsis\u00e4isen aineenvaihdunnan.<\/li>\n<li>Se stimuloi kollageenin ja elastiinin luonnollista tuotantoa.<\/li>\n<li>Ehk\u00e4isee ihokudosten heikkenemist\u00e4.<\/li>\n<li>Parantaa mikroverenkiertoa ja ihon kimmoisuutta.<\/li>\n<li>Hienos\u00e4\u00e4t\u00e4\u00e4 ja vahvistaa ihokudosta.<\/li>\n<li>Hidastaa ik\u00e4\u00e4ntymist\u00e4, nuorentaa ihoa.<\/li>\n<li>Parantaa ihon s\u00e4vy\u00e4 ja s\u00e4vy\u00e4.<\/li>\n<li>Auttaa vahvistamaan hiuksia ja kynsi\u00e4.<\/li>\n<\/ul>\n<\/div><\/div>","protected":false},"excerpt":{"rendered":"<p>Beauty Med\u00e1l A BioTrEM-technol\u00f3gi\u00e1nak k\u00f6sz\u00f6nhet\u0151en lehets\u00e9gess\u00e9 v\u00e1lt l\u00e9trehozni a speci\u00e1lis krist\u00e1lyon egy adott term\u00e9szet\u0171 spektr\u00e1lis mint\u00e1t. Amikor tetsz\u0151leges energiakvantumok \u2013 ak\u00e1r h\u0151 &#8211; \u00e9rintkezik a krist\u00e1ly fel\u00fclet\u00e9vel, a gener\u00e1tor a rajta r\u00f6gz\u00edtett spektr\u00e1lis minta extr\u00e9m gyenge jeleit bocs\u00e1jtja ki. Ek\u00f6zben a med\u00e1l elektrom\u00e1gneses sug\u00e1rz\u00e1sa k\u00f6lcs\u00f6nhat\u00e1sba ker\u00fcl az \u00e9l\u0151 szervezettel. A &#8222;BEAUTY&#8221; Med\u00e1l f\u0151 c\u00e9lja a [&hellip;]<\/p>\n","protected":false},"featured_media":4675,"comment_status":"open","ping_status":"closed","template":"","meta":[],"product_brand":[],"product_cat":[33,32],"product_tag":[],"class_list":{"0":"post-4676","1":"product","2":"type-product","3":"status-publish","4":"has-post-thumbnail","6":"product_cat-egeszseg-medalok","7":"product_cat-triomed","9":"first","10":"instock","11":"taxable","12":"shipping-taxable","13":"purchasable","14":"product-type-simple"},"_links":{"self":[{"href":"https:\/\/vetomshop.hu\/fi\/wp-json\/wp\/v2\/product\/4676","targetHints":{"allow":["GET"]}}],"collection":[{"href":"https:\/\/vetomshop.hu\/fi\/wp-json\/wp\/v2\/product"}],"about":[{"href":"https:\/\/vetomshop.hu\/fi\/wp-json\/wp\/v2\/types\/product"}],"replies":[{"embeddable":true,"href":"https:\/\/vetomshop.hu\/fi\/wp-json\/wp\/v2\/comments?post=4676"}],"wp:featuredmedia":[{"embeddable":true,"href":"https:\/\/vetomshop.hu\/fi\/wp-json\/wp\/v2\/media\/4675"}],"wp:attachment":[{"href":"https:\/\/vetomshop.hu\/fi\/wp-json\/wp\/v2\/media?parent=4676"}],"wp:term":[{"taxonomy":"product_brand","embeddable":true,"href":"https:\/\/vetomshop.hu\/fi\/wp-json\/wp\/v2\/product_brand?post=4676"},{"taxonomy":"product_cat","embeddable":true,"href":"https:\/\/vetomshop.hu\/fi\/wp-json\/wp\/v2\/product_cat?post=4676"},{"taxonomy":"product_tag","embeddable":true,"href":"https:\/\/vetomshop.hu\/fi\/wp-json\/wp\/v2\/product_tag?post=4676"}],"curies":[{"name":"wp","href":"https:\/\/api.w.org\/{rel}","templated":true}]}}