{"id":4684,"date":"2023-11-11T14:33:48","date_gmt":"2023-11-11T13:33:48","guid":{"rendered":"https:\/\/vetomshop.hu\/termek\/detox-medal\/"},"modified":"2023-11-11T14:33:48","modified_gmt":"2023-11-11T13:33:48","slug":"detox-medal","status":"publish","type":"product","link":"https:\/\/vetomshop.hu\/fi\/tuote\/detox-medal\/","title":{"rendered":"Detox-mitali"},"content":{"rendered":"<h4>Detox Medal on tarkoitettu niille, jotka haluavat harmonisoida kehoaan hell\u00e4varaisesti.<\/p>\n<p>Detox Medallioniin tallennettu spektrisignaali tukee elinten ja elinj\u00e4rjestelmien bioenergist\u00e4 toimintaa.<\/h4>\n<p>Nuoruuden ja terveyden suurin vihollinen on j\u00e4tteill\u00e4 kyll\u00e4stetty keho. Kehomme on itses\u00e4\u00e4tyv\u00e4 biologinen j\u00e4rjestelm\u00e4, jonka t\u00e4rkeimpi\u00e4 toimintoja on detoksifikaatio eli sellaisten aineiden poistaminen, joita keho ei tarvitse. Luonto ei kuitenkaan ole valmistautunut t\u00e4llaiseen sivilisaatioon, t\u00e4llaisiin valtaviin m\u00e4\u00e4riin keinotekoisia kemikaaleja ruoassa, vedess\u00e4 ja ilmassa. El\u00e4imille sy\u00f6tet\u00e4\u00e4n kasvuhormoneja ja antibiootteja, jotka p\u00e4\u00e4sev\u00e4t my\u00f6s meid\u00e4n kehoihimme. Raskasmetallit, nitriitit, nitraatit, radioaktiiviset aineet, dioksiinit, l\u00e4\u00e4kej\u00e4\u00e4m\u00e4t ker\u00e4\u00e4ntyv\u00e4t kudoksiin ja soluihin.<\/p>\n<div class=\"su-spoiler su-spoiler-style-defoult su-spoiler-icon-caret su-spoiler-closed\" data-scroll-offset=\"0\" data-anchor-in-url=\"no\"><div class=\"su-spoiler-title\" tabindex=\"0\" role=\"button\"><span class=\"su-spoiler-icon\"><\/span>Kaikki<\/div><div class=\"su-spoiler-content su-u-clearfix su-u-trim\">\n<p>Myrkylliset aineet voivat olla per\u00e4isin ulkoisesta l\u00e4hteest\u00e4, mutta ne voivat olla my\u00f6s aineenvaihduntaongelmasta johtuvien sis\u00e4isten hajoamisprosessien myrkkyj\u00e4. Jos t\u00e4h\u00e4n yhdistyy istumaty\u00f6, elimist\u00f6n prosessit hidastuvat entisest\u00e4\u00e4n.<\/p>\n<p>Korkea stressitaso voi my\u00f6s uuvuttaa detoksifikaatioon osallistuvat elimet. Aluksi vain ep\u00e4mukavuus on merkki ongelmasta, mutta my\u00f6hemmin tilanne voi pahentua. Voi kehitty\u00e4 kroonisia sairauksia, joilla voi olla suuri vaikutus el\u00e4m\u00e4nlaatuun.<br \/>\n<\/div><\/div>","protected":false},"excerpt":{"rendered":"<p>Detox Med\u00e1l azok sz\u00e1m\u00e1ra k\u00e9sz\u00fclt, akik l\u00e1gyan szeretn\u00e9k a szervezet\u00fcket harmoniz\u00e1lni. A spektr\u00e1lis jel, mely a Detox Med\u00e1lon r\u00f6gz\u00edt\u00e9sre ker\u00fclt, t\u00e1mogatja a szervek \u00e9s szervrendszerek bioenergetikai m\u0171k\u00f6d\u00e9s\u00e9t. A fiatals\u00e1g \u00e9s az eg\u00e9szs\u00e9g legnagyobb ellens\u00e9ge a salakanyagokkal tel\u00edtett szervezet. Szervezet\u00fcnk egy \u00f6nszab\u00e1lyoz\u00f3 biol\u00f3giai rendszer, melynek egyik legfontosabb funkci\u00f3ja a m\u00e9regtelen\u00edt\u00e9s \u2013 kivezet\u00e9se azoknak az anyagoknak, melyekre [&hellip;]<\/p>\n","protected":false},"featured_media":4683,"comment_status":"open","ping_status":"closed","template":"","meta":[],"product_brand":[],"product_cat":[33,32],"product_tag":[],"class_list":{"0":"post-4684","1":"product","2":"type-product","3":"status-publish","4":"has-post-thumbnail","6":"product_cat-egeszseg-medalok","7":"product_cat-triomed","9":"first","10":"instock","11":"taxable","12":"shipping-taxable","13":"purchasable","14":"product-type-simple"},"_links":{"self":[{"href":"https:\/\/vetomshop.hu\/fi\/wp-json\/wp\/v2\/product\/4684","targetHints":{"allow":["GET"]}}],"collection":[{"href":"https:\/\/vetomshop.hu\/fi\/wp-json\/wp\/v2\/product"}],"about":[{"href":"https:\/\/vetomshop.hu\/fi\/wp-json\/wp\/v2\/types\/product"}],"replies":[{"embeddable":true,"href":"https:\/\/vetomshop.hu\/fi\/wp-json\/wp\/v2\/comments?post=4684"}],"wp:featuredmedia":[{"embeddable":true,"href":"https:\/\/vetomshop.hu\/fi\/wp-json\/wp\/v2\/media\/4683"}],"wp:attachment":[{"href":"https:\/\/vetomshop.hu\/fi\/wp-json\/wp\/v2\/media?parent=4684"}],"wp:term":[{"taxonomy":"product_brand","embeddable":true,"href":"https:\/\/vetomshop.hu\/fi\/wp-json\/wp\/v2\/product_brand?post=4684"},{"taxonomy":"product_cat","embeddable":true,"href":"https:\/\/vetomshop.hu\/fi\/wp-json\/wp\/v2\/product_cat?post=4684"},{"taxonomy":"product_tag","embeddable":true,"href":"https:\/\/vetomshop.hu\/fi\/wp-json\/wp\/v2\/product_tag?post=4684"}],"curies":[{"name":"wp","href":"https:\/\/api.w.org\/{rel}","templated":true}]}}