{"id":4690,"date":"2023-11-11T14:33:49","date_gmt":"2023-11-11T13:33:49","guid":{"rendered":"https:\/\/vetomshop.hu\/termek\/elast-medal\/"},"modified":"2023-11-11T14:33:49","modified_gmt":"2023-11-11T13:33:49","slug":"elast-medal","status":"publish","type":"product","link":"https:\/\/vetomshop.hu\/fi\/tuote\/elast-medal\/","title":{"rendered":"Elast-mitali"},"content":{"rendered":"<p>T\u00e4ydent\u00e4v\u00e4 v\u00e4line nivelsiteiden sairauksien ennaltaehk\u00e4isyyn ja hoitoon, uudistumisprosessien aktivointiin ja kroonisten nivelsiteiden sairauksien t\u00e4ydent\u00e4v\u00e4\u00e4n hoitoon.<\/p>\n<p>\u201eELAST\u201d-medalilla pyrit\u00e4\u00e4n palauttamaan normaali aineenvaihdunta nivelsiteiden soluissa ja kudoksissa, mik\u00e4 hidastaa ik\u00e4\u00e4ntymisprosessia.<\/p>\n<p>T\u00e4ll\u00e4 ty\u00f6kalulla on my\u00f6nteinen vaikutus kehon toimintojen tilaan, ja sit\u00e4 voidaan k\u00e4ytt\u00e4\u00e4 yhdess\u00e4 muiden menetelmien kanssa optimoinnin ja korjauksen v\u00e4lineen\u00e4:<\/p>\n<ul>\n<li>lis\u00e4\u00e4 nivelsiteiden joustavuutta ja lis\u00e4\u00e4 nivelten liikkeiden amplitudia ik\u00e4\u00e4n liittyvien muutosten seurauksena.<\/li>\n<li>v\u00e4hent\u00e4\u00e4 j\u00e4nteiden ja nivelsiteiden loukkaantumisen todenn\u00e4k\u00f6isyytt\u00e4.<\/li>\n<li>nivelsidevammojen (nyrj\u00e4hdykset, repe\u00e4m\u00e4t) j\u00e4lkeisen paranemisajan lyhent\u00e4minen.<\/li>\n<li>hidastaa nivelten ik\u00e4\u00e4n liittyvi\u00e4 muutoksia<\/li>\n<li>sis\u00e4elinten nivelsiteiden vahvistaminen, mik\u00e4 est\u00e4\u00e4 niiden prolapsi (kohtu, suolisto, munuaiset, vatsa).<\/li>\n<\/ul>\n<div class=\"su-spoiler su-spoiler-style-defoult su-spoiler-icon-caret su-spoiler-closed\" data-scroll-offset=\"0\" data-anchor-in-url=\"no\"><div class=\"su-spoiler-title\" tabindex=\"0\" role=\"button\"><span class=\"su-spoiler-icon\"><\/span>Kaikki<\/div><div class=\"su-spoiler-content su-u-clearfix su-u-trim\">\n<strong>Vaikutukset:<\/strong><\/p>\n<ul>\n<li>nivelten ja sis\u00e4elinten sidekudosten aineenvaihduntaprosessien korjaaminen, mukaan lukien Dupuytrenin kontraktuura (kontraktuura: j\u00e4nteiden ja\/tai lihasten lyheneminen, kutistuminen, joka aiheuttaa ep\u00e4muodostumia ja\/tai rajoituksia).<\/li>\n<li>hidastaa \u201eik\u00e4\u00e4n liittyvi\u00e4\u201d muutoksia tuki- ja liikuntaelimist\u00f6ss\u00e4.<\/li>\n<li>parantaa lihasten ja nivelsiteiden joustavuutta<\/li>\n<li>nopeuttaa toipumista vammojen ja kirurgisten toimenpiteiden j\u00e4lkeen ja est\u00e4\u00e4 karkeiden arpien muodostumisen.<\/li>\n<\/ul>\n<\/div><\/div>","protected":false},"excerpt":{"rendered":"<p>Kieg\u00e9sz\u00edt\u0151 eszk\u00f6z a ligamentum betegs\u00e9geinek megel\u0151z\u00e9s\u00e9re \u00e9s kezel\u00e9s\u00e9re, regener\u00e1ci\u00f3s folyamatok aktiv\u00e1l\u00e1s\u00e1ra \u00e9s a ligamentum kr\u00f3nikus betegs\u00e9geinek kieg\u00e9sz\u00edt\u0151 kezel\u00e9s\u00e9re. A &#8222;ELAST&#8221; Med\u00e1l hat\u00e1sa a norm\u00e1lis anyagcsere-folyamatok helyre\u00e1ll\u00edt\u00e1s\u00e1ra ir\u00e1nyul a ligamentumok sejtjeiben \u00e9s sz\u00f6veteiben, lass\u00edtva az \u00f6reged\u00e9si folyamatokat is. Ez az eszk\u00f6z pozit\u00edv hat\u00e1ssal van a testfunkci\u00f3k \u00e1llapot\u00e1ra, az optimaliz\u00e1l\u00e1s \u00e9s korrekci\u00f3 eszk\u00f6zek\u00e9nt haszn\u00e1lhat\u00f3 egy\u00e9b m\u00f3dszerekkel is [&hellip;]<\/p>\n","protected":false},"featured_media":4689,"comment_status":"open","ping_status":"closed","template":"","meta":[],"product_brand":[],"product_cat":[33,32],"product_tag":[],"class_list":{"0":"post-4690","1":"product","2":"type-product","3":"status-publish","4":"has-post-thumbnail","6":"product_cat-egeszseg-medalok","7":"product_cat-triomed","9":"first","10":"instock","11":"taxable","12":"shipping-taxable","13":"purchasable","14":"product-type-simple"},"_links":{"self":[{"href":"https:\/\/vetomshop.hu\/fi\/wp-json\/wp\/v2\/product\/4690","targetHints":{"allow":["GET"]}}],"collection":[{"href":"https:\/\/vetomshop.hu\/fi\/wp-json\/wp\/v2\/product"}],"about":[{"href":"https:\/\/vetomshop.hu\/fi\/wp-json\/wp\/v2\/types\/product"}],"replies":[{"embeddable":true,"href":"https:\/\/vetomshop.hu\/fi\/wp-json\/wp\/v2\/comments?post=4690"}],"wp:featuredmedia":[{"embeddable":true,"href":"https:\/\/vetomshop.hu\/fi\/wp-json\/wp\/v2\/media\/4689"}],"wp:attachment":[{"href":"https:\/\/vetomshop.hu\/fi\/wp-json\/wp\/v2\/media?parent=4690"}],"wp:term":[{"taxonomy":"product_brand","embeddable":true,"href":"https:\/\/vetomshop.hu\/fi\/wp-json\/wp\/v2\/product_brand?post=4690"},{"taxonomy":"product_cat","embeddable":true,"href":"https:\/\/vetomshop.hu\/fi\/wp-json\/wp\/v2\/product_cat?post=4690"},{"taxonomy":"product_tag","embeddable":true,"href":"https:\/\/vetomshop.hu\/fi\/wp-json\/wp\/v2\/product_tag?post=4690"}],"curies":[{"name":"wp","href":"https:\/\/api.w.org\/{rel}","templated":true}]}}