{"id":4696,"date":"2023-11-11T14:33:51","date_gmt":"2023-11-11T13:33:51","guid":{"rendered":"https:\/\/vetomshop.hu\/termek\/hemo-medal\/"},"modified":"2023-11-11T14:33:51","modified_gmt":"2023-11-11T13:33:51","slug":"hemo-medal","status":"publish","type":"product","link":"https:\/\/vetomshop.hu\/fi\/tuote\/hemo-medal\/","title":{"rendered":"Hemo riipus"},"content":{"rendered":"<h4>Hemo riipus<\/h4>\n<p>Triomed-mitalien p\u00e4ivitt\u00e4inen k\u00e4ytt\u00f6 voi tukea pitk\u00e4n, onnellisen ja terveen el\u00e4m\u00e4n saavuttamista. Ne harmonisoivat hell\u00e4varaisesti kehon energiatietoj\u00e4rjestelm\u00e4\u00e4.<\/p>\n<p><strong>Kenelle sit\u00e4 suositellaan?<\/strong><\/p>\n<p>Kaikki ne, jotka k\u00e4rsiv\u00e4t hapenpuutteesta, korkeista kolesterolitasoista, \u201epaksusta\u201d verest\u00e4, ateroskleroosista.<\/p>\n<p>Alle 6-vuotiaiden lasten tulee k\u00e4ytt\u00e4\u00e4 vain vanhempien valvonnassa!<\/p>\n<p>Triomed-riipukset ovat vedenpit\u00e4vi\u00e4 ja ne voidaan asettaa veteen.<\/p>\n<p>Kaikki Triomed-mitalit k\u00e4yv\u00e4t l\u00e4pi erityisen spektrisen - fotometrisen - testin ennen myyntiin saattamista, mik\u00e4 varmistaa signaalien laadun ja yhdenmukaisuuden.<\/p>","protected":false},"excerpt":{"rendered":"<p>Hemo Med\u00e1l A Triomed Med\u00e1lok napi szinten t\u00f6rt\u00e9n\u0151 alkalmaz\u00e1sa t\u00e1mogathatja a hossz\u00fa, boldog, eg\u00e9szs\u00e9ges \u00e9let el\u00e9r\u00e9s\u00e9t. L\u00e1gyan harmoniz\u00e1lj\u00e1k a szervezet energia-inform\u00e1ci\u00f3s rendszer\u00e9nek m\u0171k\u00f6d\u00e9s\u00e9t. Kiknek aj\u00e1nljuk? Mindazoknak, akik oxig\u00e9nhi\u00e1nyt\u00f3l szenvednek, magas a koleszterin szintj\u00fck, \u201es\u0171r\u0171\u201d a v\u00e9r\u00fck, \u00e9relmeszesed\u00e9st\u0151l szenvednek. 6 \u00e9ven aluli gyermek csak sz\u00fcl\u0151i fel\u00fcgyelet mellett alkalmazhatja! A Triomed Med\u00e1lok v\u00edzbe helyezhet\u0151ek, v\u00edzhatlanok. Minden Triomed [&hellip;]<\/p>\n","protected":false},"featured_media":4695,"comment_status":"open","ping_status":"closed","template":"","meta":[],"product_brand":[],"product_cat":[33,32],"product_tag":[],"class_list":{"0":"post-4696","1":"product","2":"type-product","3":"status-publish","4":"has-post-thumbnail","6":"product_cat-egeszseg-medalok","7":"product_cat-triomed","9":"first","10":"instock","11":"taxable","12":"shipping-taxable","13":"purchasable","14":"product-type-simple"},"_links":{"self":[{"href":"https:\/\/vetomshop.hu\/fi\/wp-json\/wp\/v2\/product\/4696","targetHints":{"allow":["GET"]}}],"collection":[{"href":"https:\/\/vetomshop.hu\/fi\/wp-json\/wp\/v2\/product"}],"about":[{"href":"https:\/\/vetomshop.hu\/fi\/wp-json\/wp\/v2\/types\/product"}],"replies":[{"embeddable":true,"href":"https:\/\/vetomshop.hu\/fi\/wp-json\/wp\/v2\/comments?post=4696"}],"wp:featuredmedia":[{"embeddable":true,"href":"https:\/\/vetomshop.hu\/fi\/wp-json\/wp\/v2\/media\/4695"}],"wp:attachment":[{"href":"https:\/\/vetomshop.hu\/fi\/wp-json\/wp\/v2\/media?parent=4696"}],"wp:term":[{"taxonomy":"product_brand","embeddable":true,"href":"https:\/\/vetomshop.hu\/fi\/wp-json\/wp\/v2\/product_brand?post=4696"},{"taxonomy":"product_cat","embeddable":true,"href":"https:\/\/vetomshop.hu\/fi\/wp-json\/wp\/v2\/product_cat?post=4696"},{"taxonomy":"product_tag","embeddable":true,"href":"https:\/\/vetomshop.hu\/fi\/wp-json\/wp\/v2\/product_tag?post=4696"}],"curies":[{"name":"wp","href":"https:\/\/api.w.org\/{rel}","templated":true}]}}