{"id":4700,"date":"2023-11-11T14:33:51","date_gmt":"2023-11-11T13:33:51","guid":{"rendered":"https:\/\/vetomshop.hu\/termek\/jo-ejt-medal\/"},"modified":"2026-03-30T09:26:44","modified_gmt":"2026-03-30T07:26:44","slug":"jo-ejt-medal","status":"publish","type":"product","link":"https:\/\/vetomshop.hu\/fi\/tuote\/jo-ejt-medal\/","title":{"rendered":"Hyv\u00e4\u00e4 y\u00f6t\u00e4 mitali"},"content":{"rendered":"<p>\u201eHyv\u00e4\u00e4 y\u00f6t\u00e4\u201d -riipus - v\u00e4litt\u00e4\u00e4 \u00e4\u00e4rimm\u00e4isen hell\u00e4varaisia signaaleja, jotka helpottavat nukahtamista ja parantavat unen laatua.<\/p>\n<p><strong>Ehdotuksia parempaan uneen:<\/strong><\/p>\n<ul>\n<li>v\u00e4ltt\u00e4\u00e4 kofeiinipitoisia juomia, nikotiinia, suuria alkoholim\u00e4\u00e4ri\u00e4.<\/li>\n<li>k\u00e4vele mahdollisimman paljon, ota liikunta osaksi el\u00e4m\u00e4ntapaasi,<\/li>\n<li>makuuhuoneesi pit\u00e4isi olla viile\u00e4mpi ja siell\u00e4 pit\u00e4isi olla raitista ilmaa,<\/li>\n<li>eiv\u00e4t nuku hyvin,<\/li>\n<li>\u00e4l\u00e4 nuku p\u00e4iv\u00e4ll\u00e4,<\/li>\n<li>k\u00e4yt\u00e4 Hyv\u00e4\u00e4 y\u00f6t\u00e4 -riipusta.<\/li>\n<\/ul>\n<p><strong>Riipuksen vaikutus:<\/strong><\/p>\n<ul>\n<li>v\u00e4hent\u00e4\u00e4 psyko-emotionaalista stressi\u00e4,<\/li>\n<li>v\u00e4hent\u00e4\u00e4 ahdistuksen ja h\u00e4lytyksen tunteita, pelkoa,<\/li>\n<li>auttaa normalisoimaan unta\/nukkumista.<\/li>\n<\/ul>","protected":false},"excerpt":{"rendered":"<p>\u201eJ\u00f3 \u00e9jt\u201d Med\u00e1l-olyan extr\u00e9m gyeng\u00e9d jeleket hordoz, melyek hozz\u00e1j\u00e1rulnak a k\u00f6nnyebb elalv\u00e1s\u00e9rt \u00e9s az alv\u00e1s jobb min\u0151s\u00e9g\u00e9\u00e9rt. Javaslatok a jobb alv\u00e1s\u00e9rt: ne fogyasszon koffein tartalm\u00fa italokat-\u00e9teleket, nikotint, nagyobb mennyis\u00e9g\u0171 alkoholt s\u00e9t\u00e1ljon min\u00e9l t\u00f6bbet, vezesse be \u00e9letm\u00f3dj\u00e1ba a mozg\u00e1st, a h\u00e1l\u00f3szob\u00e1j\u00e1ban legyen h\u0171v\u00f6sebb, \u00e9s friss leveg\u0151, ne lakjon j\u00f3l lefekv\u00e9s el\u0151tt, ne aludjon a napk\u00f6zben, haszn\u00e1lja [&hellip;]<\/p>\n","protected":false},"featured_media":4699,"comment_status":"open","ping_status":"closed","template":"","meta":[],"product_brand":[],"product_cat":[33,32],"product_tag":[],"class_list":{"0":"post-4700","1":"product","2":"type-product","3":"status-publish","4":"has-post-thumbnail","6":"product_cat-egeszseg-medalok","7":"product_cat-triomed","9":"first","10":"instock","11":"taxable","12":"shipping-taxable","13":"purchasable","14":"product-type-simple"},"_links":{"self":[{"href":"https:\/\/vetomshop.hu\/fi\/wp-json\/wp\/v2\/product\/4700","targetHints":{"allow":["GET"]}}],"collection":[{"href":"https:\/\/vetomshop.hu\/fi\/wp-json\/wp\/v2\/product"}],"about":[{"href":"https:\/\/vetomshop.hu\/fi\/wp-json\/wp\/v2\/types\/product"}],"replies":[{"embeddable":true,"href":"https:\/\/vetomshop.hu\/fi\/wp-json\/wp\/v2\/comments?post=4700"}],"wp:featuredmedia":[{"embeddable":true,"href":"https:\/\/vetomshop.hu\/fi\/wp-json\/wp\/v2\/media\/4699"}],"wp:attachment":[{"href":"https:\/\/vetomshop.hu\/fi\/wp-json\/wp\/v2\/media?parent=4700"}],"wp:term":[{"taxonomy":"product_brand","embeddable":true,"href":"https:\/\/vetomshop.hu\/fi\/wp-json\/wp\/v2\/product_brand?post=4700"},{"taxonomy":"product_cat","embeddable":true,"href":"https:\/\/vetomshop.hu\/fi\/wp-json\/wp\/v2\/product_cat?post=4700"},{"taxonomy":"product_tag","embeddable":true,"href":"https:\/\/vetomshop.hu\/fi\/wp-json\/wp\/v2\/product_tag?post=4700"}],"curies":[{"name":"wp","href":"https:\/\/api.w.org\/{rel}","templated":true}]}}