{"id":4702,"date":"2023-11-11T14:33:52","date_gmt":"2023-11-11T13:33:52","guid":{"rendered":"https:\/\/vetomshop.hu\/termek\/happy-dog-medal\/"},"modified":"2023-11-11T14:33:52","modified_gmt":"2023-11-11T13:33:52","slug":"happy-dog-medal","status":"publish","type":"product","link":"https:\/\/vetomshop.hu\/fi\/tuote\/happy-dog-medal\/","title":{"rendered":"Happy Dog riipus"},"content":{"rendered":"<h4>Happy Dog -mitali koirille<\/h4>\n<p>Sit\u00e4 voidaan k\u00e4ytt\u00e4\u00e4 seuraavien sairauksien ehk\u00e4isyyn ja hoitoon:<\/p>\n<ul>\n<li>tartuntataudit,<\/li>\n<li>allergiat (ihottuma, kutina, hiustenl\u00e4ht\u00f6, tukehtuminen).<\/li>\n<li>myrkytys (ruoan, myrkkyjen aiheuttama)<\/li>\n<li>hormonaaliset sairaudet (diabetes, kilpirauhassairaudet)<\/li>\n<li>nivelsairaudet<\/li>\n<\/ul>\n<p><strong>Soveltuu my\u00f6s:<\/strong><\/p>\n<ul>\n<li>ik\u00e4\u00e4ntyneiden koirien el\u00e4m\u00e4n pident\u00e4minen ja niiden kunnon parantaminen.<\/li>\n<li>pentujen terve kehitys<\/li>\n<li>nopeaan kuntoutukseen leikkauksen tai vakavan sairauden j\u00e4lkeen<\/li>\n<li>paranevat vammat (haavat, ven\u00e4ht\u00e4neet lihakset, murtumat, palovammat).<\/li>\n<li>synnytyksen j\u00e4lkeinen kuntoutus<\/li>\n<\/ul>\n<p><strong>Sovellus:<\/strong><\/p>\n<p>\u201eHappyDOG\u201d<\/p>\n<p>Fysioterapeuttinen immunomodulaattori voidaan kiinnitt\u00e4\u00e4 koiran kaulapantaan. Sen k\u00e4ytt\u00f6\u00e4 ei ole rajoitettu, mutta sit\u00e4 tulisi k\u00e4ytt\u00e4\u00e4 v\u00e4hint\u00e4\u00e4n 30 minuuttia p\u00e4iv\u00e4ss\u00e4.<\/p>","protected":false},"excerpt":{"rendered":"<p>Happy Dog Med\u00e1l kuty\u00e1knak Alkalmazhat\u00f3 a k\u00f6vetkez\u0151 betegs\u00e9gek megel\u0151z\u00e9s\u00e9ben \u00e9s kezel\u00e9s\u00e9ben: infekci\u00f3s betegs\u00e9gek, allergi\u00e1k (ki\u00fct\u00e9sek, viszket\u00e9s, sz\u0151rhull\u00e1s, fullad\u00e1s) m\u00e9rgez\u00e9s (\u00e9tel \u00e1ltal, m\u00e9rgekkel) endokrin megbeteged\u00e9sek (cukorbetegs\u00e9g, a pajzsmirigy betegs\u00e9gei) \u00edz\u00fcleti betegs\u00e9gek Tov\u00e1bb\u00e1 alkalmazhat\u00f3: az id\u0151s kuty\u00e1k \u00e9let\u00e9nek meghosszabb\u00edt\u00e1s\u00e1ban, \u00e1llapotuk jav\u00edt\u00e1s\u00e1ban a k\u00f6lyk\u00f6k eg\u00e9szs\u00e9ges fejl\u0151d\u00e9s\u00e9ben a gyors rehabilit\u00e1ci\u00f3ban a m\u0171t\u00e9tek vagy s\u00falyos betegs\u00e9gek ut\u00e1n s\u00e9r\u00fcl\u00e9sek gy\u00f3gy\u00edt\u00e1s\u00e1ban (sebek, [&hellip;]<\/p>\n","protected":false},"featured_media":4701,"comment_status":"open","ping_status":"closed","template":"","meta":[],"product_brand":[],"product_cat":[33,32],"product_tag":[],"class_list":{"0":"post-4702","1":"product","2":"type-product","3":"status-publish","4":"has-post-thumbnail","6":"product_cat-egeszseg-medalok","7":"product_cat-triomed","9":"first","10":"instock","11":"taxable","12":"shipping-taxable","13":"purchasable","14":"product-type-simple"},"_links":{"self":[{"href":"https:\/\/vetomshop.hu\/fi\/wp-json\/wp\/v2\/product\/4702","targetHints":{"allow":["GET"]}}],"collection":[{"href":"https:\/\/vetomshop.hu\/fi\/wp-json\/wp\/v2\/product"}],"about":[{"href":"https:\/\/vetomshop.hu\/fi\/wp-json\/wp\/v2\/types\/product"}],"replies":[{"embeddable":true,"href":"https:\/\/vetomshop.hu\/fi\/wp-json\/wp\/v2\/comments?post=4702"}],"wp:featuredmedia":[{"embeddable":true,"href":"https:\/\/vetomshop.hu\/fi\/wp-json\/wp\/v2\/media\/4701"}],"wp:attachment":[{"href":"https:\/\/vetomshop.hu\/fi\/wp-json\/wp\/v2\/media?parent=4702"}],"wp:term":[{"taxonomy":"product_brand","embeddable":true,"href":"https:\/\/vetomshop.hu\/fi\/wp-json\/wp\/v2\/product_brand?post=4702"},{"taxonomy":"product_cat","embeddable":true,"href":"https:\/\/vetomshop.hu\/fi\/wp-json\/wp\/v2\/product_cat?post=4702"},{"taxonomy":"product_tag","embeddable":true,"href":"https:\/\/vetomshop.hu\/fi\/wp-json\/wp\/v2\/product_tag?post=4702"}],"curies":[{"name":"wp","href":"https:\/\/api.w.org\/{rel}","templated":true}]}}