{"id":4704,"date":"2023-11-11T14:33:52","date_gmt":"2023-11-11T13:33:52","guid":{"rendered":"https:\/\/vetomshop.hu\/termek\/nefron-medal\/"},"modified":"2023-11-11T14:33:52","modified_gmt":"2023-11-11T13:33:52","slug":"nefron-medal","status":"publish","type":"product","link":"https:\/\/vetomshop.hu\/fi\/tuote\/nefron-medal\/","title":{"rendered":"Nefron-mitali"},"content":{"rendered":"<h4>Nefronin terveysmitali<\/h4>\n<p><strong>P\u00e4\u00e4toiminto:<\/strong><\/p>\n<p>Tukee munuaisten ja virtsateiden toimintaa, edist\u00e4\u00e4 s\u00e4\u00e4tely- ja uudistumisprosesseja.<\/p>\n<p><strong>Tukee:<\/strong><\/p>\n<ul>\n<li>parantaa verenkiertoa ja aineenvaihduntaa virtsateiss\u00e4.<\/li>\n<li>takaisinimeytyminen, suodatus, ionien s\u00e4\u00e4tely, detoksifikaatio, aineenvaihduntaprosessit.<\/li>\n<li>virtsakudosten korjaaminen ja uudistaminen,<\/li>\n<li>lievitt\u00e4\u00e4 kipua, lievitt\u00e4\u00e4 kouristuksia, v\u00e4hent\u00e4\u00e4 tulehdusta,<\/li>\n<li>munuaisten skleroottisten vaurioiden ehk\u00e4isy.<\/li>\n<\/ul>\n<p><strong>Milloin Nefron Health -riipusta voidaan k\u00e4ytt\u00e4\u00e4?<\/strong><\/p>\n<p>Laitteella on my\u00f6nteinen vaikutus elimist\u00f6n toiminnalliseen toimintaan, ja sit\u00e4 voidaan k\u00e4ytt\u00e4\u00e4 t\u00e4ydent\u00e4v\u00e4n\u00e4 laitteena elimist\u00f6n toiminnallisen toiminnan optimoimiseksi ja korjaamiseksi sek\u00e4 seuraavien sairauksien ennaltaehk\u00e4isyss\u00e4 ja t\u00e4ydent\u00e4v\u00e4ss\u00e4 hoidossa:<\/p>\n<ul>\n<li>munuaisten, virtsarakon ja virtsateiden akuutit ja krooniset tulehdussairaudet,<\/li>\n<li>aineenvaihdunnan h\u00e4iri\u00f6t (mukaan lukien munuaiskivitaudit),<\/li>\n<li>systeemiset autoimmuunisairaudet, jotka johtavat munuaisvaurioon,<\/li>\n<li>munuaisten autoimmuunisairaus,<\/li>\n<li>myrkylliset vaikutukset munuaisiin,<\/li>\n<li>skleroottiset vauriot munuaisissa (nefroskleroosi), jotka johtuvat diabeteksesta, valtimoiden verenpaineesta jne.<\/li>\n<\/ul>","protected":false},"excerpt":{"rendered":"<p>Nefron Eg\u00e9szs\u00e9g Med\u00e1l F\u0151 funkci\u00f3ja: A vese \u00e9s a h\u00fagyutak m\u0171k\u00f6d\u00e9s\u00e9nek t\u00e1mogat\u00e1sa, a szab\u00e1lyz\u00f3 \u00e9s regener\u00e1ci\u00f3s folyamatok el\u0151seg\u00edt\u00e9se. T\u00e1mogatja: a h\u00fagyutak v\u00e9rkering\u00e9s\u00e9nek javul\u00e1s\u00e1t \u00e9s anyagcser\u00e9j\u00e9t. a reabszorbci\u00f3t, a sz\u0171r\u00e9st, az ionszab\u00e1lyoz\u00e1st, a m\u00e9regtelen\u00edt\u00e9st, a metabolikus folyamatokat a h\u00fagyuti sz\u00f6vetek repar\u00e1ci\u00f3j\u00e1t \u00e9s regener\u00e1ci\u00f3j\u00e1t, a f\u00e1jdalomcsillap\u00edt\u00e1st, a g\u00f6rcsold\u00e1st, a gyullad\u00e1sok cs\u00f6kkent\u00e9s\u00e9t, a vese szklerotikus elv\u00e1ltoz\u00e1sainak megel\u0151z\u00e9s\u00e9t. Mikor [&hellip;]<\/p>\n","protected":false},"featured_media":4703,"comment_status":"open","ping_status":"closed","template":"","meta":[],"product_brand":[],"product_cat":[33,32],"product_tag":[],"class_list":{"0":"post-4704","1":"product","2":"type-product","3":"status-publish","4":"has-post-thumbnail","6":"product_cat-egeszseg-medalok","7":"product_cat-triomed","9":"first","10":"instock","11":"taxable","12":"shipping-taxable","13":"purchasable","14":"product-type-simple"},"_links":{"self":[{"href":"https:\/\/vetomshop.hu\/fi\/wp-json\/wp\/v2\/product\/4704","targetHints":{"allow":["GET"]}}],"collection":[{"href":"https:\/\/vetomshop.hu\/fi\/wp-json\/wp\/v2\/product"}],"about":[{"href":"https:\/\/vetomshop.hu\/fi\/wp-json\/wp\/v2\/types\/product"}],"replies":[{"embeddable":true,"href":"https:\/\/vetomshop.hu\/fi\/wp-json\/wp\/v2\/comments?post=4704"}],"wp:featuredmedia":[{"embeddable":true,"href":"https:\/\/vetomshop.hu\/fi\/wp-json\/wp\/v2\/media\/4703"}],"wp:attachment":[{"href":"https:\/\/vetomshop.hu\/fi\/wp-json\/wp\/v2\/media?parent=4704"}],"wp:term":[{"taxonomy":"product_brand","embeddable":true,"href":"https:\/\/vetomshop.hu\/fi\/wp-json\/wp\/v2\/product_brand?post=4704"},{"taxonomy":"product_cat","embeddable":true,"href":"https:\/\/vetomshop.hu\/fi\/wp-json\/wp\/v2\/product_cat?post=4704"},{"taxonomy":"product_tag","embeddable":true,"href":"https:\/\/vetomshop.hu\/fi\/wp-json\/wp\/v2\/product_tag?post=4704"}],"curies":[{"name":"wp","href":"https:\/\/api.w.org\/{rel}","templated":true}]}}