{"id":4706,"date":"2023-11-11T14:33:52","date_gmt":"2023-11-11T13:33:52","guid":{"rendered":"https:\/\/vetomshop.hu\/termek\/odont-medal\/"},"modified":"2024-08-07T16:07:27","modified_gmt":"2024-08-07T14:07:27","slug":"odont-medal","status":"publish","type":"product","link":"https:\/\/vetomshop.hu\/fi\/tuote\/odont-medal\/","title":{"rendered":"Odont-mitali"},"content":{"rendered":"<h4>Odont-mitali<\/h4>\n<p>Se auttaa ehk\u00e4isem\u00e4\u00e4n ja kuntouttamaan parodontiitin sairauksia ja tehostamaan regeneratiivisia prosesseja.<\/p>\n<p>Periodontium - hampaita ymp\u00e4r\u00f6iv\u00e4 kudoskokonaisuus.<\/p>\n<p>Parodontium ymp\u00e4r\u00f6i ja tukee hampaita. Parodontium tarjoaa joustavan kiinnityspisteen hampaan juurelle. Parodontiumin t\u00e4rkeimm\u00e4t osat ovat: ien, luukalvo, sementti ja parodontalligamentti. Niiden alkuper\u00e4 ja toiminta ovat yhteisi\u00e4.<\/p>\n<p>ODONT-riipuksen vaikutus on aktivoida kehon puolustuskyky, palauttaa normaalit fysiologiset prosessit parodontiumin soluissa ja kudoksissa ja lis\u00e4t\u00e4 vastustuskyky\u00e4 haitallisia ymp\u00e4rist\u00f6tekij\u00f6it\u00e4 vastaan.<\/p>\n<p>T\u00e4ll\u00e4 ty\u00f6kalulla on my\u00f6nteinen vaikutus kehon toimintojen tilaan, ja sit\u00e4 voidaan k\u00e4ytt\u00e4\u00e4 optimaalisena ja korjaavana ty\u00f6kaluna muissa tiloissa, kuten ientulehduksessa, parodontiitissa, parodontiitissa, parodontiitissa, parodontiittivaurioissa, Itsenko-Cushingin, Elers-Danlosin, Shediak Higashin, Downin oireyhtym\u00e4ss\u00e4, verih\u00e4iri\u00f6iss\u00e4 jne.<\/p>\n<div class=\"su-spoiler su-spoiler-style-defoult su-spoiler-icon-caret su-spoiler-closed\" data-scroll-offset=\"0\" data-anchor-in-url=\"no\"><div class=\"su-spoiler-title\" tabindex=\"0\" role=\"button\"><span class=\"su-spoiler-icon\"><\/span>Kaikki<\/div><div class=\"su-spoiler-content su-u-clearfix su-u-trim\">\n<strong>Vaikutukset:<\/strong><\/p>\n<ul>\n<li>normalisoi verenkiertoa, immuunij\u00e4rjestelm\u00e4n tilaa ja parodontiumin aineenvaihduntaa, mik\u00e4 ehk\u00e4isee sairauksien kehittymist\u00e4;<\/li>\n<li>auttaa parantamaan parodontiitin toimintaa;<\/li>\n<li>v\u00e4hent\u00e4\u00e4 tulehduksellisten ja rappeuttavien ilmi\u00f6iden vakavuutta parodontiitissa;<\/li>\n<li>auttaa nopeuttamaan uudistumista ja parodontin korjausprosesseja;<\/li>\n<li>auttaa poistamaan pahanhajuisen hengityksen;<\/li>\n<li>auttaa ehk\u00e4isem\u00e4\u00e4n hampaiden patologista liikkuvuutta.<\/li>\n<\/ul>\n<\/div><\/div>","protected":false},"excerpt":{"rendered":"<p>Odont Med\u00e1l Seg\u00e9deszk\u00f6z a periodont\u00e1lis betegs\u00e9gek megel\u0151z\u00e9s\u00e9re \u00e9s rehabilit\u00e1ci\u00f3j\u00e1ra, a regenerat\u00edv folyamatok fokoz\u00e1s\u00e1ra. A fog\u00e1gy (parodontium) &#8211; a fogakat k\u00f6r\u00fclvev\u0151 sz\u00f6vetek komplexuma. A parodontium k\u00f6r\u00fclveszi \u00e9s megt\u00e1masztja a fogakat. A fog\u00e1gy a fogak gy\u00f6ker\u00e9nek rugalmas elhorgonyz\u00e1s\u00e1t biztos\u00edtja. A parodontium f\u0151 r\u00e9szei: \u00edny, gy\u00f6k\u00e9rh\u00e1rtya, cement, fogmederny\u00falv\u00e1ny. Eredet\u00fck \u00e9s funkci\u00f3juk k\u00f6z\u00f6s. Az &#8222;ODONT&#8221; med\u00e1l hat\u00e1sa arra ir\u00e1nyul, [&hellip;]<\/p>\n","protected":false},"featured_media":4705,"comment_status":"open","ping_status":"closed","template":"","meta":[],"product_brand":[],"product_cat":[33,32],"product_tag":[],"class_list":{"0":"post-4706","1":"product","2":"type-product","3":"status-publish","4":"has-post-thumbnail","6":"product_cat-egeszseg-medalok","7":"product_cat-triomed","9":"first","10":"instock","11":"taxable","12":"shipping-taxable","13":"purchasable","14":"product-type-simple"},"_links":{"self":[{"href":"https:\/\/vetomshop.hu\/fi\/wp-json\/wp\/v2\/product\/4706","targetHints":{"allow":["GET"]}}],"collection":[{"href":"https:\/\/vetomshop.hu\/fi\/wp-json\/wp\/v2\/product"}],"about":[{"href":"https:\/\/vetomshop.hu\/fi\/wp-json\/wp\/v2\/types\/product"}],"replies":[{"embeddable":true,"href":"https:\/\/vetomshop.hu\/fi\/wp-json\/wp\/v2\/comments?post=4706"}],"wp:featuredmedia":[{"embeddable":true,"href":"https:\/\/vetomshop.hu\/fi\/wp-json\/wp\/v2\/media\/4705"}],"wp:attachment":[{"href":"https:\/\/vetomshop.hu\/fi\/wp-json\/wp\/v2\/media?parent=4706"}],"wp:term":[{"taxonomy":"product_brand","embeddable":true,"href":"https:\/\/vetomshop.hu\/fi\/wp-json\/wp\/v2\/product_brand?post=4706"},{"taxonomy":"product_cat","embeddable":true,"href":"https:\/\/vetomshop.hu\/fi\/wp-json\/wp\/v2\/product_cat?post=4706"},{"taxonomy":"product_tag","embeddable":true,"href":"https:\/\/vetomshop.hu\/fi\/wp-json\/wp\/v2\/product_tag?post=4706"}],"curies":[{"name":"wp","href":"https:\/\/api.w.org\/{rel}","templated":true}]}}