{"id":4708,"date":"2023-11-11T14:33:53","date_gmt":"2023-11-11T13:33:53","guid":{"rendered":"https:\/\/vetomshop.hu\/termek\/omega-medal\/"},"modified":"2023-11-11T14:33:53","modified_gmt":"2023-11-11T13:33:53","slug":"omega-medal","status":"publish","type":"product","link":"https:\/\/vetomshop.hu\/fi\/tuote\/omega-medal\/","title":{"rendered":"Omega-mitali"},"content":{"rendered":"<h4>Omega-mitali<\/h4>\n<p>Triomed-mitalien p\u00e4ivitt\u00e4inen k\u00e4ytt\u00f6 voi tukea pitk\u00e4n, onnellisen ja terveen el\u00e4m\u00e4n saavuttamista. Ne harmonisoivat kehoa hell\u00e4varaisesti ja voivat edist\u00e4\u00e4 energia-informaation korjaamista.<\/p>\n<p>Kenelle sit\u00e4 suositellaan?<\/p>\n<p>Kaikille niille, jotka k\u00e4rsiv\u00e4t korkeasta verenpaineesta, verenkierto-ongelmista.<\/p>\n<p><strong>T\u00e4rke\u00e4 varoitus:<\/strong><\/p>\n<p>Ota aina yhteytt\u00e4 l\u00e4\u00e4k\u00e4riin, jos sinulla on syd\u00e4n- ja verisuonitauti. L\u00e4\u00e4k\u00e4rin m\u00e4\u00e4r\u00e4\u00e4m\u00e4n hoidon lis\u00e4ksi voit k\u00e4ytt\u00e4\u00e4 Triomed Omega Medalia parantumisen edist\u00e4miseksi ja uudistumisprosessin nopeuttamiseksi.<\/p>\n<p>Alle 6-vuotiaiden lasten tulee k\u00e4ytt\u00e4\u00e4 vain vanhempien valvonnassa!<\/p>\n<p>Triomed-riipukset ovat vedenpit\u00e4vi\u00e4 ja ne voidaan asettaa veteen.<\/p>\n<p>Kaikki Triomed-mitalit k\u00e4yv\u00e4t l\u00e4pi erityisen spektrisen - fotometrisen - testin ennen kuin ne vapautetaan myyntiin, mik\u00e4 takaa signaalien laadun ja yhdenmukaisuuden.<\/p>","protected":false},"excerpt":{"rendered":"<p>Omega Med\u00e1l A Triomed Med\u00e1lok napi szinten t\u00f6rt\u00e9n\u0151 alkalmaz\u00e1sa t\u00e1mogathatja a hossz\u00fa, boldog, eg\u00e9szs\u00e9ges \u00e9let el\u00e9r\u00e9s\u00e9t. L\u00e1gyan harmoniz\u00e1lj\u00e1k a szervezetet, hozz\u00e1j\u00e1rulhatnak az energia-inform\u00e1ci\u00f3s korrekci\u00f3hoz. Kiknek aj\u00e1nljuk? Mindazoknak, akik magas v\u00e9rnyom\u00e1st\u00f3l, kering\u00e9si probl\u00e9m\u00e1kt\u00f3l szenvednek. Fontos figyelmeztet\u00e9s: A sz\u00edv-\u00e9s \u00e9rrendszer megbeteged\u00e9sein\u00e9l mindig forduljon orvoshoz. Az orvos \u00e1ltal el\u0151\u00edrt kezel\u00e9s mellett p\u00e1rhuzamosan alkalmazhatja a Triomed Omega Med\u00e1lt a [&hellip;]<\/p>\n","protected":false},"featured_media":4707,"comment_status":"open","ping_status":"closed","template":"","meta":[],"product_brand":[],"product_cat":[33,32],"product_tag":[],"class_list":{"0":"post-4708","1":"product","2":"type-product","3":"status-publish","4":"has-post-thumbnail","6":"product_cat-egeszseg-medalok","7":"product_cat-triomed","9":"first","10":"instock","11":"taxable","12":"shipping-taxable","13":"purchasable","14":"product-type-simple"},"_links":{"self":[{"href":"https:\/\/vetomshop.hu\/fi\/wp-json\/wp\/v2\/product\/4708","targetHints":{"allow":["GET"]}}],"collection":[{"href":"https:\/\/vetomshop.hu\/fi\/wp-json\/wp\/v2\/product"}],"about":[{"href":"https:\/\/vetomshop.hu\/fi\/wp-json\/wp\/v2\/types\/product"}],"replies":[{"embeddable":true,"href":"https:\/\/vetomshop.hu\/fi\/wp-json\/wp\/v2\/comments?post=4708"}],"wp:featuredmedia":[{"embeddable":true,"href":"https:\/\/vetomshop.hu\/fi\/wp-json\/wp\/v2\/media\/4707"}],"wp:attachment":[{"href":"https:\/\/vetomshop.hu\/fi\/wp-json\/wp\/v2\/media?parent=4708"}],"wp:term":[{"taxonomy":"product_brand","embeddable":true,"href":"https:\/\/vetomshop.hu\/fi\/wp-json\/wp\/v2\/product_brand?post=4708"},{"taxonomy":"product_cat","embeddable":true,"href":"https:\/\/vetomshop.hu\/fi\/wp-json\/wp\/v2\/product_cat?post=4708"},{"taxonomy":"product_tag","embeddable":true,"href":"https:\/\/vetomshop.hu\/fi\/wp-json\/wp\/v2\/product_tag?post=4708"}],"curies":[{"name":"wp","href":"https:\/\/api.w.org\/{rel}","templated":true}]}}