{"id":4710,"date":"2023-11-11T14:33:53","date_gmt":"2023-11-11T13:33:53","guid":{"rendered":"https:\/\/vetomshop.hu\/termek\/prunus-cerasus-meggy-medal\/"},"modified":"2023-11-11T14:33:53","modified_gmt":"2023-11-11T13:33:53","slug":"prunus-cerasus-meggy-medal","status":"publish","type":"product","link":"https:\/\/vetomshop.hu\/fi\/tuote\/prunus-cerasus-meggy-medal\/","title":{"rendered":"Prunus cerasus - Meggy-riipus"},"content":{"rendered":"<h4>Prunus cerasus - Meggy Medal-Streptococcus, Staphylococcus infektioiden lis\u00e4hoitoa varten.<\/h4>\n<p>Streptococcus pyogenes, joka tunnetaan my\u00f6s nimell\u00e4 A-tyypin streptokokki, on eritt\u00e4in yleinen bakteeri: tuskin kenell\u00e4k\u00e4\u00e4n on koskaan ollut kurkkukipua ilman t\u00e4t\u00e4 useimmiten vaaratonta bakteeria, joka asettuu kurkkuun. Sama kurkussa asustava bakteeri aiheuttaa kuitenkin my\u00f6s tulirokon, lapsuusi\u00e4n sairauden, johon liittyy kuumetta ja koko kehon ihottumaa, verenkiertoon erittyvien myrkkyjens\u00e4 vuoksi. Itse asiassa pitkittynyt hoitamaton streptokokki-infektio voi johtaa reumakuumeeseen, vakavaan sairauteen, joka vaikuttaa niveliin ja syd\u00e4meen.<\/p>\n<p>Staphylococcus aureus on yht\u00e4 yleinen bakteeri, jota esiintyy l\u00e4hes kaikkialla ihollamme, ja se on yksi m\u00e4rk\u00e4rakkuloiden ja m\u00e4rk\u00e4rakkuloiden aiheuttajista. Vaikka n\u00e4it\u00e4 ihomuutoksia saatetaan pit\u00e4\u00e4 parhaimmillaan ep\u00e4miellytt\u00e4vin\u00e4, erityisesti lapsilla esiintyv\u00e4t sitke\u00e4t ihosairaudet, kuten paiseet tai paiseet eri puolilla kehoa, voivat aiheuttaa vakavia ongelmia, puhumattakaan vakavista ja mahdollisesti kuolemaan johtavista infektioista, kuten keuhkokuumeesta, aivokalvontulehduksesta, osteomyeliitist\u00e4 tai syd\u00e4npussitulehduksesta. Stafylokokit, jotka useimmiten asuttavat ihoamme, voivat aiheuttaa kaikkia n\u00e4it\u00e4, jos niille annetaan mahdollisuus.<\/p>\n<div class=\"su-spoiler su-spoiler-style-defoult su-spoiler-icon-caret su-spoiler-closed\" data-scroll-offset=\"0\" data-anchor-in-url=\"no\"><div class=\"su-spoiler-title\" tabindex=\"0\" role=\"button\"><span class=\"su-spoiler-icon\"><\/span>Kaikki<\/div><div class=\"su-spoiler-content su-u-clearfix su-u-trim\">\n<h5>Mit\u00e4 v\u00e4\u00e4r\u00e4ss\u00e4 paikassa olevat mikrobit voivat aiheuttaa?<\/h5>\n<p>Opetus on se, ett\u00e4 n\u00e4enn\u00e4isesti vaaraton bakteeri on suhteellisen vaaraton vain siihen asti, kunnes se on paikassa, jossa sill\u00e4 ei ole mit\u00e4\u00e4n asiaa: erityisesti syviss\u00e4 kudoksissa ja<br \/>\nverenkiertoon. Jos esimerkiksi streptokokit tai stafylokokit p\u00e4\u00e4sev\u00e4t vaurion kautta ihonalaisiin kudoksiin, ne voivat levit\u00e4 eritt\u00e4in nopeasti ja tuhoavasti lihaksia ja hermoja ymp\u00e4r\u00f6ivi\u00e4 sidekudoskalvoja pitkin - t\u00e4m\u00e4 tunnetaan puhekieless\u00e4 \u201elihansy\u00f6nniksi\u201d. Neulanpisto, hy\u00f6nteisen purema tai mustelma voi riitt\u00e4\u00e4, jotta ne p\u00e4\u00e4sev\u00e4t ihon l\u00e4pi - sen ei tarvitse olla katastrofaalinen, tuskin n\u00e4kyv\u00e4 haava riitt\u00e4\u00e4. Riski on suurempi, jos iho on jo haavoittunut - esimerkiksi leikkauksen, virusinfektion aiheuttaman akuutin ihottuman tai diabeteksen komplikaation seurauksena - tai jos immuunij\u00e4rjestelm\u00e4 on heikentynyt.<\/p>\n<h5>\u201eSy\u00f6k\u00f6 lihaa sy\u00f6v\u00e4 bakteeri \u201dlihaa\"?<\/h5>\n<p>\u201eLihaa sy\u00f6v\u00e4t bakteerit\u201d eiv\u00e4t muodosta pelottavaa ja eksoottista taudinaiheuttajien ryhm\u00e4\u00e4: useimmissa tapauksissa tavalliset mikrobit, jotka on sijoitettu v\u00e4\u00e4r\u00e4\u00e4n paikkaan, aiheuttavat vakavia ongelmia.<br \/>\nprosessi, johon liittyy kudosten tuhoutuminen ja joka uhkaa suoraan el\u00e4m\u00e4\u00e4.<\/p>\n<h5>Miten prosessi toimii?<\/h5>\n<p>Lihaa sy\u00f6v\u00e4 infektio\u201e, joka tunnetaan virallisesti nimell\u00e4 nekrotisoiva faskiitti (nekrotisoiva faskiitti), alkaa muutamalla tyypillisell\u00e4 oireella: turvotuksella, punoituksella, kivulla ja mahdollisesti rakkuloiden muodostumisella kyseisell\u00e4 alueella. Koska prosessi on syv\u00e4lle ulottuva, siihen menness\u00e4, kun iholle on muodostunut purppuranpunertavia v\u00e4rj\u00e4ytyneit\u00e4 alueita, verisi\u00e4 rakkuloita, ihonalaiset pehmytkudokset ovat jo tuhoutuneet massiivisesti.<\/p>\n<\/div><\/div>","protected":false},"excerpt":{"rendered":"<p>Prunus cerasus \u2013 Meggy Med\u00e1l-Streptococcus, Staphylococcus fert\u0151z\u00e9sek kieg\u00e9sz\u00edt\u0151 kezel\u00e9s\u00e9re A Streptococcus pyogenes, m\u00e1s nev\u00e9n az A-t\u00edpus\u00fa sztreptokokkusz rendk\u00edv\u00fcl k\u00f6z\u00f6ns\u00e9ges bakt\u00e9rium: aligha akad, akinek ne okozott volna m\u00e9g torokf\u00e1j\u00e1st ez a garatban megteleped\u0151, jobb\u00e1ra \u00e1rtalmatlan k\u00f3rokoz\u00f3. \u00c1m ugyanez a toroklak\u00f3 bakt\u00e9rium &#8211; a v\u00e9r\u00e1ramba kiv\u00e1lasztott m\u00e9reganyagai r\u00e9v\u00e9n &#8211; a skarl\u00e1t, a l\u00e1zzal \u00e9s a teljes testet [&hellip;]<\/p>\n","protected":false},"featured_media":4709,"comment_status":"open","ping_status":"closed","template":"","meta":[],"product_brand":[],"product_cat":[33,32],"product_tag":[],"class_list":{"0":"post-4710","1":"product","2":"type-product","3":"status-publish","4":"has-post-thumbnail","6":"product_cat-egeszseg-medalok","7":"product_cat-triomed","9":"first","10":"instock","11":"taxable","12":"shipping-taxable","13":"purchasable","14":"product-type-simple"},"_links":{"self":[{"href":"https:\/\/vetomshop.hu\/fi\/wp-json\/wp\/v2\/product\/4710","targetHints":{"allow":["GET"]}}],"collection":[{"href":"https:\/\/vetomshop.hu\/fi\/wp-json\/wp\/v2\/product"}],"about":[{"href":"https:\/\/vetomshop.hu\/fi\/wp-json\/wp\/v2\/types\/product"}],"replies":[{"embeddable":true,"href":"https:\/\/vetomshop.hu\/fi\/wp-json\/wp\/v2\/comments?post=4710"}],"wp:featuredmedia":[{"embeddable":true,"href":"https:\/\/vetomshop.hu\/fi\/wp-json\/wp\/v2\/media\/4709"}],"wp:attachment":[{"href":"https:\/\/vetomshop.hu\/fi\/wp-json\/wp\/v2\/media?parent=4710"}],"wp:term":[{"taxonomy":"product_brand","embeddable":true,"href":"https:\/\/vetomshop.hu\/fi\/wp-json\/wp\/v2\/product_brand?post=4710"},{"taxonomy":"product_cat","embeddable":true,"href":"https:\/\/vetomshop.hu\/fi\/wp-json\/wp\/v2\/product_cat?post=4710"},{"taxonomy":"product_tag","embeddable":true,"href":"https:\/\/vetomshop.hu\/fi\/wp-json\/wp\/v2\/product_tag?post=4710"}],"curies":[{"name":"wp","href":"https:\/\/api.w.org\/{rel}","templated":true}]}}