{"id":4714,"date":"2023-11-11T14:33:54","date_gmt":"2023-11-11T13:33:54","guid":{"rendered":"https:\/\/vetomshop.hu\/termek\/triomed-compact\/"},"modified":"2023-11-11T14:33:54","modified_gmt":"2023-11-11T13:33:54","slug":"triomed-compact","status":"publish","type":"product","link":"https:\/\/vetomshop.hu\/fi\/tuote\/triomed-compact\/","title":{"rendered":"Triomed kompakti"},"content":{"rendered":"<h4>Kivunlievitys, tulehduksen v\u00e4hent\u00e4minen, kuntoutus, kiropraktiikka, ensiapu, krooniset sairaudet, s\u00e4hk\u00f6smogi, stressi, valohoito.<\/h4>\n<p>Innovaatioj\u00e4rjestelm\u00e4 terveyden suojelemiseksi ja elvytt\u00e4miseksi - <strong>Triomed compact.<\/strong><\/p>\n<p>Kuulemme l\u00e4hes p\u00e4ivitt\u00e4in, ett\u00e4 ymp\u00e4rist\u00f6st\u00e4mme on tullut yh\u00e4 aggressiivisempi.<\/p>\n<p>Ruoan ja veden sis\u00e4lt\u00e4m\u00e4t kemikaalit, ilmansaasteet ja yh\u00e4 nopeutuva el\u00e4m\u00e4ntahti rasittavat kehoamme vakavasti. Sivilisaatiotaudit, jotka ovat seurausta muuttuvista ymp\u00e4rist\u00f6tekij\u00f6ist\u00e4 ja ruokailutottumuksista, ty\u00f6oloista ja stressist\u00e4, voivat my\u00f6s olla vakava huolenaihe. Niiden parantaminen on suuri haaste l\u00e4\u00e4k\u00e4reille, jotka ovat usein avuttomia t\u00e4m\u00e4n haasteen edess\u00e4. Usein pitkien tutkimusten j\u00e4lkeen meille annetaan diagnoosille hyv\u00e4lt\u00e4 (tai pikemminkin huonolta) kuulostava latinankielinen nimi ja kehotetaan el\u00e4m\u00e4\u00e4n sen kanssa.<\/p>\n<p>Mutta onko miellytt\u00e4v\u00e4\u00e4 el\u00e4\u00e4 el\u00e4m\u00e4\u00e4 t\u00e4llaisessa onnettomassa tilassa ja viett\u00e4\u00e4 vuosikymmeni\u00e4 sairauden ja kuoleman v\u00e4lill\u00e4? Kuinka paljon tuskaa, resignaatiota, energiaa, rahaa, aikaa ja pettymyksi\u00e4 potilas kokee matkan varrella? Kuinka monta toteutumatonta suunnitelmaa, tavoitetta, uraa, toivetta heitet\u00e4\u00e4n pois, koska siit\u00e4 l\u00e4htien kaikki on kiinni sairaudesta?<\/p>\n<div class=\"su-spoiler su-spoiler-style-defoult su-spoiler-icon-caret su-spoiler-closed\" data-scroll-offset=\"0\" data-anchor-in-url=\"no\"><div class=\"su-spoiler-title\" tabindex=\"0\" role=\"button\"><span class=\"su-spoiler-icon\"><\/span>Kaikki<\/div><div class=\"su-spoiler-content su-u-clearfix su-u-trim\">\n<p>Kysymys: voimmeko olla terveit\u00e4, jos emme muutu?<\/p>\n<p>Sairauksien perimm\u00e4isist\u00e4 syist\u00e4 ja vain osittaisista ratkaisuista?<\/p>\n<p>Vastaus on selv\u00e4sti EI!Tutustu monimutkaiseen j\u00e4rjestelm\u00e4\u00e4n, joka on ainutlaatuinen lajissaan!<\/p>\n<p>Ty\u00f6kalumme voivat hoitaa sairauksiasi, parantaa el\u00e4m\u00e4nlaatuasi, auttaa sinua sopeutumaan muuttuvaan ja jatkuvasti muuttuvaan ymp\u00e4rist\u00f6\u00f6n ja muuttaa sit\u00e4.<\/p>\n<p>Ei vain erilaisten sairauksien, kipujen, tulehdusten, autoimmuuniprosessien, huonon mielialan tapauksessa voimme saavuttaa erinomaisia tuloksia, vaan my\u00f6s poistaa perimm\u00e4iset syyt! Kaikki t\u00e4m\u00e4 tapahtuu laitteen kommunikoidessa kehosi kanssa, jokainen impulssi on vastaus nykyiseen tilaan.<\/p>\n<p>Biofeedback - radiotaajuusalue.<\/p>\n<p>Systeeminen terveyden suojelu! ainutlaatuinen l\u00e4hestymistapa!<\/p>\n<p>Napin painalluksella:<\/p>\n<ul>\n<li>Paranna ekologista ymp\u00e4rist\u00f6\u00e4si - millimetrihoitoa koko neli\u00f6ss\u00e4,<\/li>\n<li>Parantaa veden ja ruoan laatua - palauttaa veden ja ruoan sis\u00e4lt\u00e4m\u00e4n veden s\u00e4\u00e4nn\u00f6llisyyden, mik\u00e4 v\u00e4hent\u00e4\u00e4 haitallisia vaikutuksia.<\/li>\n<li>Se lievitt\u00e4\u00e4 stressi\u00e4 ty\u00f6ss\u00e4 ja muualla ja lis\u00e4\u00e4 vastustuskyky\u00e4mme.<\/li>\n<\/ul>\n<p>Seuraava askel: k\u00e4yt\u00e4 sit\u00e4 l\u00e4\u00e4kkeen\u00e4 ongelmiesi ratkaisemiseksi!<\/p>\n<p>Triomed Compact - ammattilainen!<\/p>\n<p><strong>Kokemus:<\/strong> Minulla on my\u00f6s eritt\u00e4in hyvi\u00e4 kokemuksia Triomedista ja Compactista. Kun huomasimme sairastuvamme, paranimme t\u00e4ysin itsep\u00e4isimmist\u00e4kin p\u00f6p\u00f6ist\u00e4 kahdessa tai kolmessa p\u00e4iv\u00e4ss\u00e4 ilman l\u00e4\u00e4kityst\u00e4. Olen raskaana ja er\u00e4\u00e4ss\u00e4 ultra\u00e4\u00e4nitutkimuksessa l\u00e4\u00e4k\u00e4ri l\u00f6ysi kystan vauvamme kallosta. H\u00e4n vakuutti minulle, ett\u00e4 mik\u00e4\u00e4n ei menisi pieleen, ja olin t\u00e4ysin rauhallinen, koska tiesin, ett\u00e4 muutaman hoidon j\u00e4lkeen kysta siell\u00e4 olisi t\u00e4ysin imeytynyt. No, niinh\u00e4n siin\u00e4 k\u00e4vi!!! En varmasti olisi ollut rauhallinen \u00e4iti, jos en olisi tiennyt n\u00e4iden laitteiden olemassaolosta. Olen niin iloinen, ett\u00e4 l\u00f6ysin n\u00e4m\u00e4 laitteet ennen vauvan syntym\u00e4\u00e4.<\/p>\n<p>Huomio! Laite ei korvaa l\u00e4\u00e4ketieteellist\u00e4 hoitoa!<\/p>\n<p>Kukin tila toteuttaa tietyn ohjelman<\/p>\n<p>TRIOMED COMPACT TOIMII KAHDEKSASSA TILASSA.<\/p>\n<p>Kussakin tilassa toteutetaan erityinen, ainutlaatuinen ohjelma.<\/p>\n<\/div><\/div>","protected":false},"excerpt":{"rendered":"<p>F\u00e1jdalomcsillap\u00edt\u00e1s, gyullad\u00e1s cs\u00f6kkent\u00e9s, lugos\u00edt\u00e1s, rehabilit\u00e1ci\u00f3, oki kezel\u00e9s, els\u0151seg\u00e9ly, kr\u00f3nikus betegs\u00e9gek, elektroszmog, stressz, f\u00e9nyter\u00e1pia Az eg\u00e9szs\u00e9g v\u00e9delm\u00e9nek \u00e9s vissza\u00e1ll\u00edt\u00e1s\u00e1nak innov\u00e1ci\u00f3s rendszere \u2013 Triomed compact. Szinte naponta hallunk arr\u00f3l, hogy k\u00f6rnyezet\u00fcnk egyre agressz\u00edvebb\u00e9 v\u00e1lt. Az \u00e9lelmiszerekben \u00e9s a v\u00edzben tal\u00e1lhat\u00f3 vegyszerek, a leveg\u0151 szennyezetts\u00e9ge, az egyre gyorsabb \u00e9lettemp\u00f3 komoly kih\u00edv\u00e1sok el\u00e9 \u00e1ll\u00edtja szervezet\u00fcnket. Komoly aggodalomra adhatnak okot [&hellip;]<\/p>\n","protected":false},"featured_media":4713,"comment_status":"open","ping_status":"closed","template":"","meta":[],"product_brand":[],"product_cat":[34,32],"product_tag":[],"class_list":{"0":"post-4714","1":"product","2":"type-product","3":"status-publish","4":"has-post-thumbnail","6":"product_cat-keszulekek","7":"product_cat-triomed","9":"first","10":"instock","11":"taxable","12":"shipping-taxable","13":"purchasable","14":"product-type-simple"},"_links":{"self":[{"href":"https:\/\/vetomshop.hu\/fi\/wp-json\/wp\/v2\/product\/4714","targetHints":{"allow":["GET"]}}],"collection":[{"href":"https:\/\/vetomshop.hu\/fi\/wp-json\/wp\/v2\/product"}],"about":[{"href":"https:\/\/vetomshop.hu\/fi\/wp-json\/wp\/v2\/types\/product"}],"replies":[{"embeddable":true,"href":"https:\/\/vetomshop.hu\/fi\/wp-json\/wp\/v2\/comments?post=4714"}],"wp:featuredmedia":[{"embeddable":true,"href":"https:\/\/vetomshop.hu\/fi\/wp-json\/wp\/v2\/media\/4713"}],"wp:attachment":[{"href":"https:\/\/vetomshop.hu\/fi\/wp-json\/wp\/v2\/media?parent=4714"}],"wp:term":[{"taxonomy":"product_brand","embeddable":true,"href":"https:\/\/vetomshop.hu\/fi\/wp-json\/wp\/v2\/product_brand?post=4714"},{"taxonomy":"product_cat","embeddable":true,"href":"https:\/\/vetomshop.hu\/fi\/wp-json\/wp\/v2\/product_cat?post=4714"},{"taxonomy":"product_tag","embeddable":true,"href":"https:\/\/vetomshop.hu\/fi\/wp-json\/wp\/v2\/product_tag?post=4714"}],"curies":[{"name":"wp","href":"https:\/\/api.w.org\/{rel}","templated":true}]}}