{"id":4716,"date":"2023-11-11T14:33:55","date_gmt":"2023-11-11T13:33:55","guid":{"rendered":"https:\/\/vetomshop.hu\/termek\/triomed-mmw\/"},"modified":"2023-11-11T14:33:55","modified_gmt":"2023-11-11T13:33:55","slug":"triomed-mmw","status":"publish","type":"product","link":"https:\/\/vetomshop.hu\/fi\/tuote\/triomed-mmw\/","title":{"rendered":"Triomed MMW"},"content":{"rendered":"<h4>TRIOMED UNIVERSAL - TAUTIEN ASIANTUNTIJA<\/h4>\n<p>Mik\u00e4 on avain toipumiseen? Mik\u00e4 on ratkaisu lukemattomiin terveysongelmiin?<\/p>\n<p>Vastaus on yksinkertainen, mutta ratkaisu l\u00f6ytyi vasta nykyp\u00e4iv\u00e4n tietotekniikkakeksint\u00f6jen modernissa maailmassa, kun luotiin huippunopea SiGe-pohjainen puolijohdegeneraattori, joka tuottaa samanlaisia signaaleja kuin solut ja organismit. T\u00e4m\u00e4 innovaatio on mahdollistanut biologisen viestinn\u00e4n laitteen ja ihmisen v\u00e4lill\u00e4. L\u00e4\u00e4ketieteellinen innovaatio on patentoitu nimell\u00e4 BioTrEM-teknologia.<br \/>\nTarkastellaanpa arkip\u00e4iv\u00e4ist\u00e4 esimerkki\u00e4. Kaikki terveydenhuollon ammattilaiset tiet\u00e4v\u00e4t, ett\u00e4 vaikka Hannu-sed\u00e4ll\u00e4 ja Kerttu-t\u00e4dill\u00e4 on molemmilla korkea verenpaine, ainoa yht\u00e4l\u00e4isyys n\u00e4iden kahden ihmisen sairauksien v\u00e4lill\u00e4 on heid\u00e4n oireissaan. Heill\u00e4 ei ole mit\u00e4\u00e4n yhteist\u00e4, ei taudin puhkeamisessa eik\u00e4 muissakaan muuttujissa, kuten i\u00e4ss\u00e4, sukupuolessa, sairaushistoriassa, sairauden aiheuttajassa tai kulussa. Molemmat ihmiset k\u00e4ytt\u00e4v\u00e4t kuitenkin samaa l\u00e4\u00e4kett\u00e4, koska t\u00e4h\u00e4n asti ratkaisun tarjoajilla ei ole ollut keinoja hoitaa n\u00e4it\u00e4 kahta ihmist\u00e4 eri tavalla.<\/p>\n<p>Triomed Universal -laite on erityinen juuri siksi, ett\u00e4 se hoitaa jokaista ihmist\u00e4 eri tavalla sairauskohtaisten kytkett\u00e4vien l\u00e4hettimiens\u00e4 ansiosta - esimerkiksi erityinen kardiologinen l\u00e4hetin - ja se on koordinoitu potilaan kanssa jokaisella hoitokerralla. Triomed Universaliin kytkett\u00e4v\u00e4n Cardiology-l\u00e4hettimen taajuus vastaa syd\u00e4n- ja verenkiertoj\u00e4rjestelm\u00e4n tervett\u00e4 taajuutta, ja n\u00e4iden hienovaraisien signaalien avulla keho viritet\u00e4\u00e4n takaisin terveeseen toimintaan. T\u00e4m\u00e4 yksil\u00f6llist\u00e4\u00e4 hoidon, joka mukautuu henkil\u00f6n kehossa tapahtuviin muutoksiin ja mukautuu sen kanssa joka hetki.<\/p>\n<div class=\"su-spoiler su-spoiler-style-defoult su-spoiler-icon-caret su-spoiler-closed\" data-scroll-offset=\"0\" data-anchor-in-url=\"no\"><div class=\"su-spoiler-title\" tabindex=\"0\" role=\"button\"><span class=\"su-spoiler-icon\"><\/span>Kaikki<\/div><div class=\"su-spoiler-content su-u-clearfix su-u-trim\">\n<p><strong>Biofeedback radiotaajuusalueella!<\/strong><\/p>\n<p>T\u00e4m\u00e4 innovatiivinen keksint\u00f6 tekee t\u00e4st\u00e4 valikoimasta niin ainutlaatuisen ja tehokkaan!<\/p>\n<p>Ajatelkaapa: tied\u00e4mmek\u00f6 laitteen, joka seuraa jokaista liikett\u00e4mme, jota ohjaamme automaattisesti, tietoisuudestamme riippumatta, joka - olkaamme rehellisi\u00e4! - voi pett\u00e4\u00e4 meit\u00e4?!<\/p>\n<p>TRIOMED UNIVERSAL -laitteessa on peruspaketissa kaksi huippuluokan s\u00e4teilij\u00e4\u00e4, joita voidaan k\u00e4ytt\u00e4\u00e4 sek\u00e4 sairauksien hoitoon ett\u00e4 ennaltaehk\u00e4isyyn. Laite voi aktivoida suuren m\u00e4\u00e4r\u00e4n ohjelmia ja alaohjelmia - l\u00e4hes tuhat. T\u00e4t\u00e4 varten laitetta voidaan pyynn\u00f6st\u00e4 laajentaa 11:ll\u00e4 liit\u00e4nt\u00e4p\u00e4\u00e4ll\u00e4, jotka lis\u00e4\u00e4v\u00e4t peruslaitteeseen uusia ominaisuuksia ja valmiuksia. Erinomainen ty\u00f6kalu l\u00e4\u00e4k\u00e4reille, terveydenhuoltolaitoksille, parantajille ja t\u00e4ydellinen lis\u00e4 kotiapteekkiin!<\/p>\n<p><strong>Se on helppok\u00e4ytt\u00f6inen, voisi sanoa: lastenleikki\u00e4!<\/strong><\/p>\n<p>Laite luokitellaan aktiiviseksi s\u00e4hk\u00f6magneettiseksi stimulaatiolaitteeksi, joka on tarkoitettu patologisten tilojen ennaltaehk\u00e4isyyn ja hoitoon soveltamalla matala-intensiivist\u00e4 eritt\u00e4in korkeataajuista ja infrapunaista (IV) s\u00e4hk\u00f6magneettista s\u00e4teily\u00e4 ihon l\u00e4pi. Se auttaa nopeuttamaan paranemisprosessia, v\u00e4hent\u00e4m\u00e4\u00e4n l\u00e4\u00e4kityksen m\u00e4\u00e4r\u00e4\u00e4 ja sivuvaikutuksia sek\u00e4 saavuttamaan my\u00f6nteisi\u00e4 kliinisi\u00e4 tuloksia potilailla, jotka siet\u00e4v\u00e4t huonosti l\u00e4\u00e4kityst\u00e4. Laitetta voidaan k\u00e4ytt\u00e4\u00e4 terveydenhuollon laitoksissa tai kotona.<br \/>\nLaitteella on tulehdusta, kipua ja turvotusta lievitt\u00e4vi\u00e4 vaikutuksia. Muut kliinis-fysiologiset vaikutukset ilmenev\u00e4t solujen uusiutumisprosesseissa, kehon vastustuskyvyn parantamisessa, hemodynamiikan parantamisessa, stressin lievitt\u00e4misess\u00e4 ja autonomisen hermoston s\u00e4\u00e4telyn normalisoinnissa.<\/p>\n<\/div><\/div>","protected":false},"excerpt":{"rendered":"<p>TRIOMED UNIVERSAL \u2013 A BETEGS\u00c9GEK SPECIALIST\u00c1JA Mi a gy\u00f3gyul\u00e1s kulcsa? Mi lenne a megold\u00e1s a sz\u00e1mtalan eg\u00e9szs\u00e9g\u00fcgyi probl\u00e9m\u00e1ra? A v\u00e1lasz egyszer\u0171, de a megold\u00e1s csak a mai modern, informatikai tal\u00e1lm\u00e1nyokkal b\u0151velked\u0151 vil\u00e1gunkban tudott megval\u00f3sulni, mikor is siker\u00fclt l\u00e9trehozni egy olyan szupergyors f\u00e9lvezet\u0151 SiGe alap\u00fa gener\u00e1tort, mely a sejtekkel, szervezettel azonos jeleket gener\u00e1l. Ennek az innov\u00e1ci\u00f3nak [&hellip;]<\/p>\n","protected":false},"featured_media":4715,"comment_status":"open","ping_status":"closed","template":"","meta":[],"product_brand":[],"product_cat":[34,32],"product_tag":[],"class_list":{"0":"post-4716","1":"product","2":"type-product","3":"status-publish","4":"has-post-thumbnail","6":"product_cat-keszulekek","7":"product_cat-triomed","9":"first","10":"instock","11":"taxable","12":"shipping-taxable","13":"purchasable","14":"product-type-simple"},"_links":{"self":[{"href":"https:\/\/vetomshop.hu\/fi\/wp-json\/wp\/v2\/product\/4716","targetHints":{"allow":["GET"]}}],"collection":[{"href":"https:\/\/vetomshop.hu\/fi\/wp-json\/wp\/v2\/product"}],"about":[{"href":"https:\/\/vetomshop.hu\/fi\/wp-json\/wp\/v2\/types\/product"}],"replies":[{"embeddable":true,"href":"https:\/\/vetomshop.hu\/fi\/wp-json\/wp\/v2\/comments?post=4716"}],"wp:featuredmedia":[{"embeddable":true,"href":"https:\/\/vetomshop.hu\/fi\/wp-json\/wp\/v2\/media\/4715"}],"wp:attachment":[{"href":"https:\/\/vetomshop.hu\/fi\/wp-json\/wp\/v2\/media?parent=4716"}],"wp:term":[{"taxonomy":"product_brand","embeddable":true,"href":"https:\/\/vetomshop.hu\/fi\/wp-json\/wp\/v2\/product_brand?post=4716"},{"taxonomy":"product_cat","embeddable":true,"href":"https:\/\/vetomshop.hu\/fi\/wp-json\/wp\/v2\/product_cat?post=4716"},{"taxonomy":"product_tag","embeddable":true,"href":"https:\/\/vetomshop.hu\/fi\/wp-json\/wp\/v2\/product_tag?post=4716"}],"curies":[{"name":"wp","href":"https:\/\/api.w.org\/{rel}","templated":true}]}}