{"id":4718,"date":"2023-11-11T14:33:56","date_gmt":"2023-11-11T13:33:56","guid":{"rendered":"https:\/\/vetomshop.hu\/termek\/antidiabetikus-jelado\/"},"modified":"2023-11-11T14:33:56","modified_gmt":"2023-11-11T13:33:56","slug":"antidiabetikus-jelado","status":"publish","type":"product","link":"https:\/\/vetomshop.hu\/fi\/tuote\/antidiabetikus-jelado\/","title":{"rendered":"Antidiabeettinen majakka"},"content":{"rendered":"<h4>Antidiabeettinen s\u00e4teilij\u00e4 \u21167.<\/h4>\n<p>K\u00e4ytt\u00f6aika: 13 minuuttia.<\/p>\n<p>Sen taajuus vastaa reseptorikenttien taajuutta haimasoluissa ja insuliinista riippuvaisissa kudoksissa.<\/p>\n<p>Sit\u00e4 voidaan k\u00e4ytt\u00e4\u00e4 monitahoisissa ohjelmissa diabeteksen ehk\u00e4isemiseksi sek\u00e4 tyypin I ja II diabeteksen hoidossa komplikaatioiden kehittymisen est\u00e4miseksi.<\/p>\n<ul>\n<li>Edist\u00e4\u00e4 aineenvaihduntaprosessien optimointia (hiilihydraatit, rasvat, proteiinit, mineraalit).<\/li>\n<li>Parantaa aineenvaihduntaa (aineenvaihduntaprosesseja) haiman soluissa.<\/li>\n<li>Optimoi haiman solujen insuliinintuotantoa.<\/li>\n<li>Lis\u00e4\u00e4 kudosten herkkyytt\u00e4 insuliinille.<\/li>\n<li>Parantaa insuliiniriippuvaisten kudosten solujen reseptoritilaa.<\/li>\n<li>Est\u00e4\u00e4 turvotusta<\/li>\n<li>Se nopeuttaa haimasolujen uudistumista ja korjaantumista.<\/li>\n<li>Sill\u00e4 on tulehdusta edist\u00e4v\u00e4 vaikutus.<\/li>\n<li>Parantaa verenkiertoa.<\/li>\n<li>Ehk\u00e4isee diabeteksen kehittymist\u00e4.<\/li>\n<li>Ehk\u00e4isee diabeteksen komplikaatioiden kehittymist\u00e4.<\/li>\n<\/ul>\n<div class=\"su-spoiler su-spoiler-style-defoult su-spoiler-icon-caret su-spoiler-closed\" data-scroll-offset=\"0\" data-anchor-in-url=\"no\"><div class=\"su-spoiler-title\" tabindex=\"0\" role=\"button\"><span class=\"su-spoiler-icon\"><\/span>Kaikki<\/div><div class=\"su-spoiler-content su-u-clearfix su-u-trim\">\nSuositellut k\u00e4sittelyalueet: biologisesti aktiiviset kohdat ja vy\u00f6hykkeet. Suositellut hoidot voidaan toistaa 2-3 kertaa vuodessa, v\u00e4hint\u00e4\u00e4n 3 kuukauden kuluttua, kunnes tila paranee, ja niit\u00e4 voidaan t\u00e4ydent\u00e4\u00e4 muilla bioinformatiivisilla hoidoilla.<\/p>\n<\/div><\/div>","protected":false},"excerpt":{"rendered":"<p>Antidiabetikus sug\u00e1rz\u00f3 \u21167. M\u0171k\u00f6d\u00e9si ideje: 13 perc. Frekvenci\u00e1ja a hasny\u00e1lmirigy sejtjei \u00e9s az inzulinf\u00fcgg\u0151 sz\u00f6vetek receptormez\u0151i frekvenci\u00e1j\u00e1nak felel meg. A cukorbetegs\u00e9g megel\u0151z\u00e9s\u00e9nek, valamint az I. \u00e9s II. tipus\u00fa cukorbetegs\u00e9g kezel\u00e9s\u00e9nek komplex programjaiban, a sz\u00f6v\u0151dm\u00e9nyek kialakul\u00e1sa megel\u0151z\u00e9s\u00e9nek c\u00e9lj\u00e1b\u00f3l alkalmazhat\u00f3. Az anyagcsere folyamatok (sz\u00e9nhidr\u00e1t, lipid, feh\u00e9rje, \u00e1sv\u00e1nyi anyagok) optimaliz\u00e1ci\u00f3j\u00e1t seg\u00edti el\u0151. Jav\u00edtja a metabolizmus (anyagcsere) folyamatait a [&hellip;]<\/p>\n","protected":false},"featured_media":4717,"comment_status":"open","ping_status":"closed","template":"","meta":[],"product_brand":[],"product_cat":[35,32],"product_tag":[],"class_list":{"0":"post-4718","1":"product","2":"type-product","3":"status-publish","4":"has-post-thumbnail","6":"product_cat-csatlakoztathato-jeladok","7":"product_cat-triomed","9":"first","10":"instock","11":"taxable","12":"shipping-taxable","13":"purchasable","14":"product-type-simple"},"_links":{"self":[{"href":"https:\/\/vetomshop.hu\/fi\/wp-json\/wp\/v2\/product\/4718","targetHints":{"allow":["GET"]}}],"collection":[{"href":"https:\/\/vetomshop.hu\/fi\/wp-json\/wp\/v2\/product"}],"about":[{"href":"https:\/\/vetomshop.hu\/fi\/wp-json\/wp\/v2\/types\/product"}],"replies":[{"embeddable":true,"href":"https:\/\/vetomshop.hu\/fi\/wp-json\/wp\/v2\/comments?post=4718"}],"wp:featuredmedia":[{"embeddable":true,"href":"https:\/\/vetomshop.hu\/fi\/wp-json\/wp\/v2\/media\/4717"}],"wp:attachment":[{"href":"https:\/\/vetomshop.hu\/fi\/wp-json\/wp\/v2\/media?parent=4718"}],"wp:term":[{"taxonomy":"product_brand","embeddable":true,"href":"https:\/\/vetomshop.hu\/fi\/wp-json\/wp\/v2\/product_brand?post=4718"},{"taxonomy":"product_cat","embeddable":true,"href":"https:\/\/vetomshop.hu\/fi\/wp-json\/wp\/v2\/product_cat?post=4718"},{"taxonomy":"product_tag","embeddable":true,"href":"https:\/\/vetomshop.hu\/fi\/wp-json\/wp\/v2\/product_tag?post=4718"}],"curies":[{"name":"wp","href":"https:\/\/api.w.org\/{rel}","templated":true}]}}