{"id":4724,"date":"2023-11-11T14:33:57","date_gmt":"2023-11-11T13:33:57","guid":{"rendered":"https:\/\/vetomshop.hu\/termek\/gyulladascsokkento-jelado\/"},"modified":"2023-11-11T14:33:57","modified_gmt":"2023-11-11T13:33:57","slug":"gyulladascsokkento-jelado","status":"publish","type":"product","link":"https:\/\/vetomshop.hu\/fi\/tuote\/gyulladascsokkento-jelado\/","title":{"rendered":"Anti-inflammatorinen majakka"},"content":{"rendered":"<h4>Anti-inflammatorinen s\u00e4teilij\u00e4, nro 26.<\/h4>\n<p>K\u00e4ytt\u00f6aika: 13 minuuttia<\/p>\n<p><strong>Vaikutus:<\/strong><\/p>\n<p>Se vaikuttaa immuunij\u00e4rjestelm\u00e4\u00e4n taajuudella, joka vastaa lymfaattisen j\u00e4rjestelm\u00e4n ja joidenkin autonomisen hermoston rakenteiden (perifeeriset, segmentaaliset ja suprasegmentaaliset ketjut) taajuutta.<\/p>\n<ul>\n<li>Parantaa imunestekiertoa,<\/li>\n<li>lymfosyyttien laatu,<\/li>\n<li>nopeuttaa myrkyllisten aineiden poistumista solujen v\u00e4lisest\u00e4 nesteest\u00e4,<\/li>\n<li>nopeuttaa haavan paranemista, solujen ja kudosten uusiutumista,<\/li>\n<li>auttaa puhdistamaan kehoa,<\/li>\n<li>on turvotusta est\u00e4v\u00e4 vaikutus,<\/li>\n<li>kipua lievitt\u00e4v\u00e4 vaikutus,<\/li>\n<li>immuunij\u00e4rjestelm\u00e4\u00e4 vahvistava vaikutus,<\/li>\n<li>anti-inflammatorinen vaikutus,<\/li>\n<li>poistaa arpia,<\/li>\n<li>aktivoi luuytimen toimintaa,<\/li>\n<li>lis\u00e4\u00e4 kehon vastustuskyky\u00e4,<\/li>\n<li>rakenteet vett\u00e4.<\/li>\n<\/ul>\n<div class=\"su-spoiler su-spoiler-style-defoult su-spoiler-icon-caret su-spoiler-closed\" data-scroll-offset=\"0\" data-anchor-in-url=\"no\"><div class=\"su-spoiler-title\" tabindex=\"0\" role=\"button\"><span class=\"su-spoiler-icon\"><\/span>Kaikki<\/div><div class=\"su-spoiler-content su-u-clearfix su-u-trim\">\n<p>Suositellut k\u00e4ytt\u00f6alueet: imusuonten pintavy\u00f6hykkeet, imusolmukkeiden ulokkeet, haavapinnat, biologisesti aktiiviset alueet (BAT).<\/p>\n<p>Sovelletaan:<\/p>\n<ul>\n<li>kehon puhdistaminen<\/li>\n<li>nopeuttaa regeneraatioprosessia leikkauksen tai murtumien j\u00e4lkeen.<\/li>\n<li>verenkuvan normalisoituminen kemoterapian ja s\u00e4dehoidon j\u00e4lkeen.<\/li>\n<li>vakavien sairauksien ja fyysisen rasituksen j\u00e4lkeisess\u00e4 kuntoutusvaiheessa.<\/li>\n<li>immuunij\u00e4rjestelm\u00e4n s\u00e4\u00e4tely akuuteissa ja kroonisissa sairauksissa<\/li>\n<li>eri syist\u00e4 johtuva imunestej\u00e4rjestelm\u00e4n hidastuminen (mukaan lukien turvotus), tulehdusprosessit.<\/li>\n<li>kosmetiikassa: ihon imunestej\u00e4rjestelm\u00e4n parantaminen.<\/li>\n<li>eri syist\u00e4 johtuvan myrkytyksen poistaminen (alkoholi, huumeet, ruoka, kemikaalit, vakava sairaus).<\/li>\n<li>allergisissa reaktioissa.<\/li>\n<\/ul>\n<\/div><\/div>","protected":false},"excerpt":{"rendered":"<p>Gyullad\u00e1scs\u00f6kkent\u0151 sug\u00e1rz\u00f3, 26. sz. M\u0171k\u00f6d\u00e9s\u00e9nek ideje: 13 perc Hat\u00e1sa: Hat az immunrendszerre, rezg\u00e9se megegyezik a nyirokrendszer frekvenci\u00e1j\u00e1val, valamint a vegetat\u00edv idegrendszer n\u00e9h\u00e1ny strukt\u00far\u00e1j\u00e1val (perif\u00e9ri\u00e1s, szegment\u00e1lis, szegmens feletti l\u00e1ncok). Jav\u00edtja a nyirokkering\u00e9st, a limfocit\u00e1k min\u0151s\u00e9g\u00e9t, gyors\u00edtja a toxikus anyagok ki\u00fcr\u00edt\u00e9s\u00e9t a sejtk\u00f6zti folyad\u00e9kb\u00f3l, gyors\u00edtja a sebek begy\u00f3gyul\u00e1s\u00e1t, a sejtek \u00e9s sz\u00f6vetek regener\u00e1l\u00f3d\u00e1s\u00e1t, el\u0151seg\u00edti a szervezet m\u00e9regtelen\u00edt\u00e9s\u00e9t, [&hellip;]<\/p>\n","protected":false},"featured_media":4723,"comment_status":"open","ping_status":"closed","template":"","meta":[],"product_brand":[],"product_cat":[35,32],"product_tag":[],"class_list":{"0":"post-4724","1":"product","2":"type-product","3":"status-publish","4":"has-post-thumbnail","6":"product_cat-csatlakoztathato-jeladok","7":"product_cat-triomed","9":"first","10":"instock","11":"taxable","12":"shipping-taxable","13":"purchasable","14":"product-type-simple"},"_links":{"self":[{"href":"https:\/\/vetomshop.hu\/fi\/wp-json\/wp\/v2\/product\/4724","targetHints":{"allow":["GET"]}}],"collection":[{"href":"https:\/\/vetomshop.hu\/fi\/wp-json\/wp\/v2\/product"}],"about":[{"href":"https:\/\/vetomshop.hu\/fi\/wp-json\/wp\/v2\/types\/product"}],"replies":[{"embeddable":true,"href":"https:\/\/vetomshop.hu\/fi\/wp-json\/wp\/v2\/comments?post=4724"}],"wp:featuredmedia":[{"embeddable":true,"href":"https:\/\/vetomshop.hu\/fi\/wp-json\/wp\/v2\/media\/4723"}],"wp:attachment":[{"href":"https:\/\/vetomshop.hu\/fi\/wp-json\/wp\/v2\/media?parent=4724"}],"wp:term":[{"taxonomy":"product_brand","embeddable":true,"href":"https:\/\/vetomshop.hu\/fi\/wp-json\/wp\/v2\/product_brand?post=4724"},{"taxonomy":"product_cat","embeddable":true,"href":"https:\/\/vetomshop.hu\/fi\/wp-json\/wp\/v2\/product_cat?post=4724"},{"taxonomy":"product_tag","embeddable":true,"href":"https:\/\/vetomshop.hu\/fi\/wp-json\/wp\/v2\/product_tag?post=4724"}],"curies":[{"name":"wp","href":"https:\/\/api.w.org\/{rel}","templated":true}]}}