{"id":4726,"date":"2023-11-11T14:33:58","date_gmt":"2023-11-11T13:33:58","guid":{"rendered":"https:\/\/vetomshop.hu\/termek\/infravoros-jelado\/"},"modified":"2023-11-11T14:33:58","modified_gmt":"2023-11-11T13:33:58","slug":"infravoros-jelado","status":"publish","type":"product","link":"https:\/\/vetomshop.hu\/fi\/tuote\/infravoros-jelado\/","title":{"rendered":"Infrapuna-majakka"},"content":{"rendered":"<h4>Infrapunas\u00e4teilij\u00e4 IV<\/h4>\n<p>Infrapunas\u00e4teily (IV-s\u00e4teily) - s\u00e4hk\u00f6magneettinen s\u00e4teily, osa auringon s\u00e4teily\u00e4. IV-s\u00e4teilyll\u00e4 on tulehdusta ehk\u00e4isevi\u00e4, kouristuksia lievitt\u00e4vi\u00e4, hajottavia (imeytymist\u00e4 edist\u00e4vi\u00e4) ja kipua lievitt\u00e4vi\u00e4 vaikutuksia.<\/p>\n<p><strong>Triomed Universal IV -patterin edut:<\/strong><\/p>\n<p>Uusien materiaalien ja tekniikoiden ansiosta olemme onnistuneet luomaan matalan intensiteetin pulssitetun, moduloidun IV-s\u00e4teilyl\u00e4hteen, joka toimii tietyss\u00e4 ohjelmassa ja jonka avulla voidaan vaikuttaa energiaa antavaan vaikutukseen ensisijaisesti solutasolla - ja solun ainesosien tasolla.<\/p>\n<p>Se antaa solulle energiaa resonanssin kautta, mik\u00e4 aktivoi aineenvaihduntaprosesseja ja lis\u00e4\u00e4 energiatasoja hapenpuutteen yhteydess\u00e4.<br \/>\nSen lis\u00e4ksi, ett\u00e4 n\u00e4m\u00e4 prosessit ovat itsess\u00e4\u00e4n my\u00f6nteisi\u00e4, ne auttavat kehoa millimetri - terapiaan ja monissa tapauksissa lis\u00e4\u00e4v\u00e4t sen tehokkuutta.<\/p>\n<p>Infuusios\u00e4dehoito on tarkoitettu seuraaviin: krooniset ja akuutin (esiakuutin) ei-kiroilevat tulehdukselliset sis\u00e4elinten sairaudet, huonosti paranevat haavat ja tromboosin aiheuttamat haavat, \u00e4\u00e4reishermoston kivuliaat sairaudet, palovammojen ja paleltumien leikkauksen j\u00e4lkeinen hoito, vegetatiivinen toimintah\u00e4iri\u00f6, sympathalgia.<\/p>\n<p>IV-s\u00e4dehoidon vasta-aiheet: hyv\u00e4n- tai pahanlaatuiset kasvaimet, tuberkuloosin aktiivinen vaihe, vaiheen III verenpainetauti, verenvuoto ja asteen IIIII verenkiertoh\u00e4iri\u00f6t.<\/p>\n<div class=\"su-spoiler su-spoiler-style-defoult su-spoiler-icon-caret su-spoiler-closed\" data-scroll-offset=\"0\" data-anchor-in-url=\"no\"><div class=\"su-spoiler-title\" tabindex=\"0\" role=\"button\"><span class=\"su-spoiler-icon\"><\/span>Kaikki<\/div><div class=\"su-spoiler-content su-u-clearfix su-u-trim\"><strong>Triomed Universal IV -s\u00e4teilyttimen t\u00e4rkeimm\u00e4t kliiniset vaikutukset:<\/strong><\/p>\n<ul>\n<li>parantaa verenkiertoa,<\/li>\n<li>normalisoi mikroverenkiertoa,<\/li>\n<li>optimoi hermoston, hormonitoiminnan ja immuunij\u00e4rjestelm\u00e4n toimintaa,<\/li>\n<li>auttaa solujen uudistumista.<\/li>\n<\/ul>\n<p><strong>Kuinka k\u00e4ytt\u00e4\u00e4:<\/strong><\/p>\n<ul>\n<li>Infrapunavalodiodia k\u00e4ytet\u00e4\u00e4n kohdentamaan pisteit\u00e4 ja alueita, jotka on valmisteltava tai \u201el\u00e4mmitett\u00e4v\u00e4\u201d ennen erityist\u00e4 millimetrihoitoa. Hoito kest\u00e4\u00e4 5 minuuttia aluetta kohti.<\/li>\n<li>Sit\u00e4 voidaan k\u00e4ytt\u00e4\u00e4 arpien imeytymisen edist\u00e4miseen 10 minuutin ajan p\u00e4iv\u00e4ss\u00e4 2 viikon ajan.<\/li>\n<li>Kroonisten, hitaasti etenevien tulehdussairauksien hoitoon (sairauden keskipisteess\u00e4). Hoito kest\u00e4\u00e4 10 minuuttia, levitettyn\u00e4 sairastuneeseen elimeen, 2 viikon ajan.<\/li>\n<li>Tyypin II diabeteksessa edist\u00e4\u00e4 insuliiniherkkyytt\u00e4 ja insuliinin tuotantoa. K\u00e4sittele haiman projektiota 5 minuuttia p\u00e4iv\u00e4ss\u00e4 2 viikon ajan.<\/li>\n<li>Erilaisten haavojen ja trofisten haavojen paranemisen edist\u00e4miseksi on suositeltavaa hoitaa silm\u00e4nymp\u00e4rysaluetta ja kasvainten painopistett\u00e4 5 minuutin ajan 2 viikon ajan ennen millimetrihoitoa.<\/li>\n<\/ul>\n<\/div><\/div>","protected":false},"excerpt":{"rendered":"<p>Infrav\u00f6r\u00f6s sug\u00e1rz\u00f3 IV Az infrav\u00f6r\u00f6s sug\u00e1rz\u00e1s (IV-sug\u00e1rz\u00e1s) \u2013 elektrom\u00e1gneses sug\u00e1rz\u00e1s, a Nap sugarainak r\u00e9sze. Az IV-sugarak gyullad\u00e1scs\u00f6kkent\u0151, g\u00f6rcsold\u00f3, sz\u00e9toszlat\u00f3 (felsz\u00edv\u00f3d\u00e1st el\u0151seg\u00edt\u0151), f\u00e1jdalomcsillap\u00edt\u00f3 hat\u00e1ssal rendelkeznek. A Triomed Universal k\u00e9sz\u00fcl\u00e9k IV-sug\u00e1rz\u00f3j\u00e1nak el\u0151nyei: Az \u00faj anyagoknak \u00e9s technol\u00f3gi\u00e1knak k\u00f6sz\u00f6nhet\u0151en siker\u00fclt l\u00e9trehozni olyan speci\u00e1lis programban m\u0171k\u00f6d\u0151 alacsony intenzit\u00e1s\u00fa pulz\u00e1l\u00f3, modul\u00e1lt hat\u00e1s\u00fa IV-sug\u00e1rz\u00f3t, mely seg\u00edts\u00e9g\u00e9vel els\u0151sorban energoinform\u00e1ci\u00f3s hat\u00e1st tudunk gyakorolni [&hellip;]<\/p>\n","protected":false},"featured_media":4725,"comment_status":"open","ping_status":"closed","template":"","meta":[],"product_brand":[],"product_cat":[35,32],"product_tag":[],"class_list":{"0":"post-4726","1":"product","2":"type-product","3":"status-publish","4":"has-post-thumbnail","6":"product_cat-csatlakoztathato-jeladok","7":"product_cat-triomed","9":"first","10":"instock","11":"taxable","12":"shipping-taxable","13":"purchasable","14":"product-type-simple"},"_links":{"self":[{"href":"https:\/\/vetomshop.hu\/fi\/wp-json\/wp\/v2\/product\/4726","targetHints":{"allow":["GET"]}}],"collection":[{"href":"https:\/\/vetomshop.hu\/fi\/wp-json\/wp\/v2\/product"}],"about":[{"href":"https:\/\/vetomshop.hu\/fi\/wp-json\/wp\/v2\/types\/product"}],"replies":[{"embeddable":true,"href":"https:\/\/vetomshop.hu\/fi\/wp-json\/wp\/v2\/comments?post=4726"}],"wp:featuredmedia":[{"embeddable":true,"href":"https:\/\/vetomshop.hu\/fi\/wp-json\/wp\/v2\/media\/4725"}],"wp:attachment":[{"href":"https:\/\/vetomshop.hu\/fi\/wp-json\/wp\/v2\/media?parent=4726"}],"wp:term":[{"taxonomy":"product_brand","embeddable":true,"href":"https:\/\/vetomshop.hu\/fi\/wp-json\/wp\/v2\/product_brand?post=4726"},{"taxonomy":"product_cat","embeddable":true,"href":"https:\/\/vetomshop.hu\/fi\/wp-json\/wp\/v2\/product_cat?post=4726"},{"taxonomy":"product_tag","embeddable":true,"href":"https:\/\/vetomshop.hu\/fi\/wp-json\/wp\/v2\/product_tag?post=4726"}],"curies":[{"name":"wp","href":"https:\/\/api.w.org\/{rel}","templated":true}]}}