{"id":4730,"date":"2023-11-11T14:33:58","date_gmt":"2023-11-11T13:33:58","guid":{"rendered":"https:\/\/vetomshop.hu\/termek\/oxigenizalo-jelado\/"},"modified":"2023-11-11T14:33:58","modified_gmt":"2023-11-11T13:33:58","slug":"oxigenizalo-jelado","status":"publish","type":"product","link":"https:\/\/vetomshop.hu\/fi\/tuote\/oxigenizalo-jelado\/","title":{"rendered":"Hapettava l\u00e4hetin"},"content":{"rendered":"<h4>Hapenl\u00e4hetin, nro 11.<\/h4>\n<p><strong>Toiminta-aika:<\/strong> 10 minuuttia.<\/p>\n<p>Aallonpituus vastaa hengitysketjun (veren hemoglobiini, mitokondriot, fermentit) taajuuksia, parantaa hapen kuljetusta ja k\u00e4ytt\u00f6\u00e4, lis\u00e4\u00e4 ATP-synteesi\u00e4, edist\u00e4\u00e4 soluhengityst\u00e4 kudoksissa. Matala taajuus vastaa immuunij\u00e4rjestelm\u00e4n taajuutta.<\/p>\n<ul>\n<li>Parantaa mikroverenkiertoa,<\/li>\n<li>Sill\u00e4 on immuniteettia s\u00e4\u00e4telev\u00e4 vaikutus,<\/li>\n<li>Se v\u00e4hent\u00e4\u00e4 kudosten hapenpuutetta, hapettaa kudoksia, vaikuttaa hajottavasti (est\u00e4\u00e4 erytrosyyttien ja muiden verisolujen aggregaatiota) ja v\u00e4hent\u00e4\u00e4 veren hyytymist\u00e4,<\/li>\n<li>Se edist\u00e4\u00e4 haavojen paranemista,<\/li>\n<li>Se auttaa poistamaan arpia,<\/li>\n<li>Sill\u00e4 on kipua lievitt\u00e4v\u00e4 vaikutus,<\/li>\n<li>Se auttaa puhdistamaan kehoa,<\/li>\n<li>Kouristuksia lievitt\u00e4v\u00e4 vaikutus,<\/li>\n<li>Edist\u00e4\u00e4 verenmuodostusta, normalisoi verenkuvaa,<\/li>\n<li>parantaa mikroverenkiertoa,<\/li>\n<li>Sill\u00e4 on immuniteettia s\u00e4\u00e4telev\u00e4 vaikutus,<\/li>\n<li>V\u00e4hent\u00e4\u00e4 kudosten hapenpuutetta, rikastuttaa kudoksia hapella,<\/li>\n<li>Sill\u00e4 on disaggregoiva vaikutus (est\u00e4\u00e4 erytrosyyttien ja muiden verisolujen aggregaatiota), v\u00e4hent\u00e4\u00e4 veren hyytymist\u00e4,<\/li>\n<li>Se edist\u00e4\u00e4 haavojen paranemista,<\/li>\n<li>Se auttaa poistamaan arpia,<\/li>\n<li>Sill\u00e4 on kipua lievitt\u00e4v\u00e4 vaikutus,<\/li>\n<li>Se auttaa puhdistamaan kehoa,<\/li>\n<li>Kouristuksia lievitt\u00e4v\u00e4 vaikutus,<\/li>\n<li>Edist\u00e4\u00e4 verenmuodostusta, normalisoi verenkuvaa,<\/li>\n<li>Sill\u00e4 on nuorentava vaikutus,<\/li>\n<li>Se j\u00e4sent\u00e4\u00e4 vett\u00e4.<\/li>\n<\/ul>\n<div class=\"su-spoiler su-spoiler-style-defoult su-spoiler-icon-caret su-spoiler-closed\" data-scroll-offset=\"0\" data-anchor-in-url=\"no\"><div class=\"su-spoiler-title\" tabindex=\"0\" role=\"button\"><span class=\"su-spoiler-icon\"><\/span>Kaikki<\/div><div class=\"su-spoiler-content su-u-clearfix su-u-trim\">\n<p>Suositeltu k\u00e4ytt\u00f6alue: suuret verisuonialueet - suonet, valtimot, biologisesti aktiiviset kohdat.<\/p>\n<p><strong>Sovelletaan:<\/strong><\/p>\n<ul>\n<li>normalisoida immuunij\u00e4rjestelm\u00e4\u00e4 akuuteissa ja kroonisissa sairauksissa,<\/li>\n<li>parantaa yleist\u00e4 hyvinvointia, kest\u00e4vyytt\u00e4 ja keskittymiskyky\u00e4 fyysisen ja henkisen stressin yhteydess\u00e4,<\/li>\n<li>syd\u00e4nkohtauksen ja aivohalvauksen ehk\u00e4isy,<\/li>\n<li>infarktin ja aivohalvauksen j\u00e4lkeinen hoito,<\/li>\n<li>nopeuttaa uudistumisprosesseja,<\/li>\n<li>haavojen ja leikkauksen j\u00e4lkeisten arpien hoito,<\/li>\n<li>murtuman hoito,<\/li>\n<li>verenkuvan normalisoituminen,<\/li>\n<li>s\u00e4dehoidon j\u00e4lkeen,<\/li>\n<li>kuntoutus vakavan sairauden ja raskaan fyysisen ty\u00f6n j\u00e4lkeen,<\/li>\n<li>aivoverenkierron stimulointi,2<\/li>\n<li>kosmetiikassa: auttaa ihoa imeytym\u00e4\u00e4n ravintoaineisiin,<\/li>\n<li>urheilijoille: lis\u00e4\u00e4 kest\u00e4vyytt\u00e4,<\/li>\n<li>auttaa koululaisia ja opiskelijoita oppimaan,<\/li>\n<li>tietokoneiden haitallisten vaikutusten torjumiseksi,<\/li>\n<li>stressin ja kroonisen v\u00e4symysoireyhtym\u00e4n hoidossa,<\/li>\n<li>kosmetiikan alalla ihon kunnon parantamiseksi,<\/li>\n<li>el\u00e4intautien hoito tai ehk\u00e4isy<\/li>\n<\/ul>\n<\/div><\/div>","protected":false},"excerpt":{"rendered":"<p>Oxig\u00e9n sug\u00e1rz\u00f3, 11. sz. M\u0171k\u00f6d\u00e9si ideje: 10 perc. A hull\u00e1mhossz megfelel a l\u00e9gz\u00e9si l\u00e1nc frekvenci\u00e1inak (a v\u00e9r hemoglobinja, mitokondriumok, fermentumok), javul az oxig\u00e9n sz\u00e1ll\u00edt\u00e1sa \u00e9s hasznos\u00edt\u00e1sa, n\u00f6vekszik ATP-szint\u00e9zis, el\u0151seg\u00edti a sz\u00f6vetben a sejtek l\u00e9gz\u00e9s\u00e9t. Az alacsony frekvencia megfelel az immunrendszer frekvenci\u00e1j\u00e1nak. Jav\u00edtja a mikrokering\u00e9st, Immun-modul\u00e1ci\u00f3s hat\u00e1sa van, Cs\u00f6kkenti az oxig\u00e9nhi\u00e1nyt a sz\u00f6vetekben, oxig\u00e9nnel d\u00fas\u00edtja a [&hellip;]<\/p>\n","protected":false},"featured_media":4729,"comment_status":"open","ping_status":"closed","template":"","meta":[],"product_brand":[],"product_cat":[35,32],"product_tag":[],"class_list":{"0":"post-4730","1":"product","2":"type-product","3":"status-publish","4":"has-post-thumbnail","6":"product_cat-csatlakoztathato-jeladok","7":"product_cat-triomed","9":"first","10":"instock","11":"taxable","12":"shipping-taxable","13":"purchasable","14":"product-type-simple"},"_links":{"self":[{"href":"https:\/\/vetomshop.hu\/fi\/wp-json\/wp\/v2\/product\/4730","targetHints":{"allow":["GET"]}}],"collection":[{"href":"https:\/\/vetomshop.hu\/fi\/wp-json\/wp\/v2\/product"}],"about":[{"href":"https:\/\/vetomshop.hu\/fi\/wp-json\/wp\/v2\/types\/product"}],"replies":[{"embeddable":true,"href":"https:\/\/vetomshop.hu\/fi\/wp-json\/wp\/v2\/comments?post=4730"}],"wp:featuredmedia":[{"embeddable":true,"href":"https:\/\/vetomshop.hu\/fi\/wp-json\/wp\/v2\/media\/4729"}],"wp:attachment":[{"href":"https:\/\/vetomshop.hu\/fi\/wp-json\/wp\/v2\/media?parent=4730"}],"wp:term":[{"taxonomy":"product_brand","embeddable":true,"href":"https:\/\/vetomshop.hu\/fi\/wp-json\/wp\/v2\/product_brand?post=4730"},{"taxonomy":"product_cat","embeddable":true,"href":"https:\/\/vetomshop.hu\/fi\/wp-json\/wp\/v2\/product_cat?post=4730"},{"taxonomy":"product_tag","embeddable":true,"href":"https:\/\/vetomshop.hu\/fi\/wp-json\/wp\/v2\/product_tag?post=4730"}],"curies":[{"name":"wp","href":"https:\/\/api.w.org\/{rel}","templated":true}]}}