{"id":4732,"date":"2023-11-11T14:33:59","date_gmt":"2023-11-11T13:33:59","guid":{"rendered":"https:\/\/vetomshop.hu\/termek\/specialis-111-es-jelado\/"},"modified":"2024-07-31T10:25:20","modified_gmt":"2024-07-31T08:25:20","slug":"specialis-111-es-jelado","status":"publish","type":"product","link":"https:\/\/vetomshop.hu\/fi\/tuote\/specialis-111-es-jelado\/","title":{"rendered":"Erityinen 111-majakka"},"content":{"rendered":"<h4>Erityinen 111 tietojen tallentava l\u00e4hetin<\/h4>\n<p><strong>L\u00e4hettimen toiminta-aika:<\/strong> 15 mp<\/p>\n<p>Sen tarkoituksena on \u201etallentaa\u201d informaatiota (tietyn alueen s\u00e4hk\u00f6magneettista aaltospektri\u00e4) ja \u201esiirt\u00e4\u00e4\u201d se valittuun informaatiokantajaan (esim. veteen) tai biologisesti aktiiviseen alueeseen, jotta voidaan optimoida toimintareservit ja lis\u00e4t\u00e4 elimist\u00f6n sopeutumiskyky\u00e4, joka on saattanut vahingoittua ymp\u00e4rist\u00f6vahinkojen, sairauksien tai muiden syiden vuoksi.<\/p>\n<p>Tietojen \u201etallentamiseksi\u201d kytke 111. l\u00e4hetin Triomediin, vie se l\u00e4helle kohdetta, jonka pinta on tasainen, ja paina \u201eStart\u201d-painiketta. L\u00e4ht\u00f6laskenta alkaa - 15 sekuntia. Poista emitteri kohteesta vasta, kun ohjelmoitu aika on kulunut. T\u00e4n\u00e4 aikana kohteen tiedot \u201etallentuvat\u201d emitteriin, joka pysyy muuttumattomana, kunnes emitteri kytket\u00e4\u00e4n virtal\u00e4hteeseen (kunnes laite k\u00e4ynnistet\u00e4\u00e4n).<\/p>\n<div class=\"su-spoiler su-spoiler-style-defoult su-spoiler-icon-caret su-spoiler-closed\" data-scroll-offset=\"0\" data-anchor-in-url=\"no\"><div class=\"su-spoiler-title\" tabindex=\"0\" role=\"button\"><span class=\"su-spoiler-icon\"><\/span>Kaikki<\/div><div class=\"su-spoiler-content su-u-clearfix su-u-trim\">\nJotta tieto \u201esiirtyisi\u201d veteen, vie s\u00e4teilij\u00e4 mahdollisimman l\u00e4helle vett\u00e4 (lasin paksuus saa olla enint\u00e4\u00e4n 2 mm) ja veden pinnan on oltava korkeammalla kuin s\u00e4teilij\u00e4n yl\u00e4reuna. Veden on oltava puhdasta, eik\u00e4 siin\u00e4 saa olla hiilihappoa tai muita lis\u00e4aineita. Juo muutama kulaus valmistettua \u201einformaatiovett\u00e4\u201d v\u00e4litt\u00f6m\u00e4sti - ennen kuin siirr\u00e4t sen toiseen astiaan tai s\u00e4ilyt\u00e4t sit\u00e4 pidemp\u00e4\u00e4n.<\/p>\n<p>Jos haluat s\u00e4ilytt\u00e4\u00e4 alkuper\u00e4isen signaalin pitk\u00e4\u00e4n est\u00e4m\u00e4\u00e4n vahingossa tapahtuvan yhteyden Triomediin, merkitse l\u00e4hetin erottuvalla merkill\u00e4.<br \/>\n<\/div><\/div>","protected":false},"excerpt":{"rendered":"<p>Speci\u00e1lis 111 sz. inform\u00e1ci\u00f3t r\u00f6gz\u00edt\u0151 sug\u00e1rz\u00f3 A sug\u00e1rz\u00f3 m\u0171k\u00f6d\u00e9si ideje: 15 mp Rendeltet\u00e9se: az inform\u00e1ci\u00f3 (az adott tartom\u00e1ny elektrom\u00e1gneses hull\u00e1mspektrum\u00e1nak) \u201er\u00f6gz\u00edt\u00e9se\u201d, valamint \u201e\u00e1tvitele\u201d a kiv\u00e1lasztott inform\u00e1ci\u00f3hordoz\u00f3ra (pl. v\u00edzre) vagy biol\u00f3giailag akt\u00edv z\u00f3n\u00e1ra a funkcion\u00e1lis tartal\u00e9kok optimaliz\u00e1ci\u00f3ja \u00e9s a szervezet adapt\u00e1ci\u00f3s lehet\u0151s\u00e9geinek n\u00f6vel\u00e9se c\u00e9lj\u00e1b\u00f3l, melyek a k\u00f6rnyezet k\u00e1ros hat\u00e1sai, betegs\u00e9g, vagy egy\u00e9b okok miatt s\u00e9r\u00fcltek. Az [&hellip;]<\/p>\n","protected":false},"featured_media":4731,"comment_status":"open","ping_status":"closed","template":"","meta":[],"product_brand":[],"product_cat":[35,32],"product_tag":[],"class_list":{"0":"post-4732","1":"product","2":"type-product","3":"status-publish","4":"has-post-thumbnail","6":"product_cat-csatlakoztathato-jeladok","7":"product_cat-triomed","9":"first","10":"instock","11":"taxable","12":"shipping-taxable","13":"purchasable","14":"product-type-simple"},"_links":{"self":[{"href":"https:\/\/vetomshop.hu\/fi\/wp-json\/wp\/v2\/product\/4732","targetHints":{"allow":["GET"]}}],"collection":[{"href":"https:\/\/vetomshop.hu\/fi\/wp-json\/wp\/v2\/product"}],"about":[{"href":"https:\/\/vetomshop.hu\/fi\/wp-json\/wp\/v2\/types\/product"}],"replies":[{"embeddable":true,"href":"https:\/\/vetomshop.hu\/fi\/wp-json\/wp\/v2\/comments?post=4732"}],"wp:featuredmedia":[{"embeddable":true,"href":"https:\/\/vetomshop.hu\/fi\/wp-json\/wp\/v2\/media\/4731"}],"wp:attachment":[{"href":"https:\/\/vetomshop.hu\/fi\/wp-json\/wp\/v2\/media?parent=4732"}],"wp:term":[{"taxonomy":"product_brand","embeddable":true,"href":"https:\/\/vetomshop.hu\/fi\/wp-json\/wp\/v2\/product_brand?post=4732"},{"taxonomy":"product_cat","embeddable":true,"href":"https:\/\/vetomshop.hu\/fi\/wp-json\/wp\/v2\/product_cat?post=4732"},{"taxonomy":"product_tag","embeddable":true,"href":"https:\/\/vetomshop.hu\/fi\/wp-json\/wp\/v2\/product_tag?post=4732"}],"curies":[{"name":"wp","href":"https:\/\/api.w.org\/{rel}","templated":true}]}}