{"id":4733,"date":"2023-11-11T14:33:59","date_gmt":"2023-11-11T13:33:59","guid":{"rendered":"https:\/\/vetomshop.hu\/termek\/szabad-legzes-jelado\/"},"modified":"2023-11-11T14:33:59","modified_gmt":"2023-11-11T13:33:59","slug":"szabad-legzes-jelado","status":"publish","type":"product","link":"https:\/\/vetomshop.hu\/fi\/tuote\/szabad-legzes-jelado\/","title":{"rendered":"Vapaasti hengitt\u00e4v\u00e4 l\u00e4hetin"},"content":{"rendered":"<h4>\u201eVapaasti hengitt\u00e4v\u00e4\u201d erikoisl\u00e4hetin nro 16<\/h4>\n<p>Triomed MMW:n osalta<\/p>\n<p>Erityisen s\u00e4teilyn k\u00e4yt\u00f6ll\u00e4 on kohdistettu vaikutus ihmiskehon elimiin ja kudoksiin, elinj\u00e4rjestelmiin ja toiminnallisiin j\u00e4rjestelmiin. BioTrEM\u00ae EMP perustuu EHF-generaattoriin (kansainv\u00e4linen patentti EE 05541).<\/p>\n<p>Monimutkaisissa hoito-ohjelmissa sit\u00e4 k\u00e4ytet\u00e4\u00e4n keuhko- ja keuhkosairauksien (keuhkokuume, keuhkoputkentulehdus, keuhkoputkien krooniset sairaudet, keuhkoastma jne.) ehk\u00e4isyyn, hoitoon ja kuntoutukseen.<\/p>\n<p><strong>Toiminta-aika<\/strong>: 12 minuuttia.<\/p>\n<div class=\"su-spoiler su-spoiler-style-defoult su-spoiler-icon-caret su-spoiler-closed\" data-scroll-offset=\"0\" data-anchor-in-url=\"no\"><div class=\"su-spoiler-title\" tabindex=\"0\" role=\"button\"><span class=\"su-spoiler-icon\"><\/span>Kaikki<\/div><div class=\"su-spoiler-content su-u-clearfix su-u-trim\">\n<strong>Erityisl\u00e4hettimen vaikutukset:<\/strong><\/p>\n<ul>\n<li>keuhko-keuhkoj\u00e4rjestelm\u00e4n solujen ja kudosten aineenvaihduntaprosessien parantaminen;<\/li>\n<li>aktivoi perustoiminnot;<\/li>\n<li>immuuniprosessien normalisointi: autoimmuuniaggression lievent\u00e4minen ja immunomodulatoriset vaikutukset;<\/li>\n<li>v\u00e4hent\u00e4\u00e4 bronkospasmia;<\/li>\n<li>sidekudoksen elastisuuden lis\u00e4\u00e4minen keuhkoissa, joilla on keuhkoveritulppa ja keuhkoveritulppa;<\/li>\n<li>liman ja ysk\u00f6ksen poistumisen normalisoituminen.<\/li>\n<\/ul>\n<\/div><\/div>","protected":false},"excerpt":{"rendered":"<p>\u201eSzabad l\u00e9gz\u00e9s\u201d 16. sz. speci\u00e1lis jelad\u00f3 Triomed MMW k\u00e9sz\u00fcl\u00e9khez A speci\u00e1lis sug\u00e1rz\u00f3k haszn\u00e1lata ir\u00e1ny\u00edtott hat\u00e1st gyakorol az emberi test szerveire \u00e9s sz\u00f6veteire, szervrendszereire \u00e9s funkcion\u00e1lis rendszereire. A BioTrEM \u00ae EMP EHF gener\u00e1tor alapj\u00e1n fejlesztett\u00e9k ki (EE 05541 nemzetk\u00f6zi szabadalom). A komplex kezel\u00e9si programokban a h\u00f6rg\u0151k \u00e9s a t\u00fcd\u0151 betegs\u00e9geinek (t\u00fcd\u0151gyullad\u00e1s, h\u00f6rghurut, a h\u00f6rg\u0151-t\u00fcd\u0151 rendszer kr\u00f3nikus [&hellip;]<\/p>\n","protected":false},"featured_media":4729,"comment_status":"open","ping_status":"closed","template":"","meta":[],"product_brand":[],"product_cat":[35,32],"product_tag":[],"class_list":{"0":"post-4733","1":"product","2":"type-product","3":"status-publish","4":"has-post-thumbnail","6":"product_cat-csatlakoztathato-jeladok","7":"product_cat-triomed","9":"first","10":"instock","11":"taxable","12":"shipping-taxable","13":"purchasable","14":"product-type-simple"},"_links":{"self":[{"href":"https:\/\/vetomshop.hu\/fi\/wp-json\/wp\/v2\/product\/4733","targetHints":{"allow":["GET"]}}],"collection":[{"href":"https:\/\/vetomshop.hu\/fi\/wp-json\/wp\/v2\/product"}],"about":[{"href":"https:\/\/vetomshop.hu\/fi\/wp-json\/wp\/v2\/types\/product"}],"replies":[{"embeddable":true,"href":"https:\/\/vetomshop.hu\/fi\/wp-json\/wp\/v2\/comments?post=4733"}],"wp:featuredmedia":[{"embeddable":true,"href":"https:\/\/vetomshop.hu\/fi\/wp-json\/wp\/v2\/media\/4729"}],"wp:attachment":[{"href":"https:\/\/vetomshop.hu\/fi\/wp-json\/wp\/v2\/media?parent=4733"}],"wp:term":[{"taxonomy":"product_brand","embeddable":true,"href":"https:\/\/vetomshop.hu\/fi\/wp-json\/wp\/v2\/product_brand?post=4733"},{"taxonomy":"product_cat","embeddable":true,"href":"https:\/\/vetomshop.hu\/fi\/wp-json\/wp\/v2\/product_cat?post=4733"},{"taxonomy":"product_tag","embeddable":true,"href":"https:\/\/vetomshop.hu\/fi\/wp-json\/wp\/v2\/product_tag?post=4733"}],"curies":[{"name":"wp","href":"https:\/\/api.w.org\/{rel}","templated":true}]}}