{"id":4737,"date":"2023-11-11T14:33:59","date_gmt":"2023-11-11T13:33:59","guid":{"rendered":"https:\/\/vetomshop.hu\/termek\/trio-men-jelado\/"},"modified":"2023-11-11T14:33:59","modified_gmt":"2023-11-11T13:33:59","slug":"trio-men-jelado","status":"publish","type":"product","link":"https:\/\/vetomshop.hu\/fi\/tuote\/trio-men-jelado\/","title":{"rendered":"Trio-miesten majakka"},"content":{"rendered":"<h4>Erityinen Trio-men-s\u00e4teilij\u00e4<\/h4>\n<p>Miesten osalta nro 23.<\/p>\n<p>Se on tarkoitettu seuraaviin tarkoituksiin: toimintakyvyn ja elimist\u00f6n kyvyn sopeutua negatiivisiin ymp\u00e4rist\u00f6vaikutuksiin, elintapoihin tai sairauksiin optimoiminen.<br \/>\nTy\u00f6ntekij\u00e4ryhm\u00e4: miehet.<\/p>\n<p><strong>Vaikutus:<\/strong> yleinen sukupuolisidonnainen vahvistava vaikutus (psykoemotionaalinen taso, neurohumoraalinen s\u00e4\u00e4tely).<\/p>\n<p><strong>Vaikutusmekanismi:<\/strong> Ohjelma (kantoaaltotaajuus, matalataajuusmodulaatio ja amplitudiparametrit) on suunniteltu erityisesti miehen elint\u00e4 varten, jotta sit\u00e4 voidaan k\u00e4ytt\u00e4\u00e4 j\u00e4rjestelm\u00e4ss\u00e4.<\/p>\n<p>K\u00e4ytt\u00e4m\u00e4ll\u00e4 Trio-men 23. s\u00e4teilykuuria voimme normalisoida kudosten ja solujen trofisia ja metabolisia prosesseja, uudistaa niiden rakennetta, parantaa kehon toimintaa sek\u00e4 systeemisesti ett\u00e4 kokonaisuutena, lis\u00e4t\u00e4 kehon erityiskest\u00e4vyytt\u00e4.<\/p>\n<p>Positiiviset tulokset johtuvat solujen, atomaarisen fysiologisen j\u00e4rjestelm\u00e4n ja neuro-humoraalisen s\u00e4\u00e4telyj\u00e4rjestelm\u00e4n bioresonanssipalautteesta sek\u00e4 sopeutumismekanismin aktivoitumisesta (yleinen sopeutumisoireyhtym\u00e4).<\/p>\n<div class=\"su-spoiler su-spoiler-style-defoult su-spoiler-icon-caret su-spoiler-closed\" data-scroll-offset=\"0\" data-anchor-in-url=\"no\"><div class=\"su-spoiler-title\" tabindex=\"0\" role=\"button\"><span class=\"su-spoiler-icon\"><\/span>Kaikki<\/div><div class=\"su-spoiler-content su-u-clearfix su-u-trim\">\n<strong>Suositellaan:<\/strong><\/p>\n<ol>\n<li>Kroonisen v\u00e4symyksen seurauksena heikentyneeseen ty\u00f6kykyyn ja mielialah\u00e4iri\u00f6ihin, psyko-emotionaaliseen ep\u00e4vakauteen, unettomuuteen.<\/li>\n<li>Eturauhasen sairaudet, miesten vaihdevuodet.<\/li>\n<li>Yleiset flunssat ja vilustuminen.<\/li>\n<li>immuunij\u00e4rjestelm\u00e4n yleinen heikkeneminen vakavan sairauden j\u00e4lkeen, kuntoutusta varten.<\/li>\n<\/ol>\n<\/div><\/div>","protected":false},"excerpt":{"rendered":"<p>Speci\u00e1lis Trio-men sug\u00e1rz\u00f3 F\u00e9rfiak sz\u00e1m\u00e1ra, 23. sz. Javallott: a funkcion\u00e1lis tartal\u00e9kok \u00e9s az emberi szervezet adapt\u00e1ci\u00f3s lehet\u0151s\u00e9geinek optimiz\u00e1l\u00e1s\u00e1hoz, melyek a negat\u00edv k\u00f6rnyezeti hat\u00e1sok, \u00e9letm\u00f3d vagy betegs\u00e9g k\u00f6vetkezt\u00e9ben l\u00e9ptek fel. Az alkalmaz\u00f3k kateg\u00f3ri\u00e1ja: f\u00e9rfiak. Hat\u00e1sa: a nemi hovatartoz\u00e1st figyelembe vev\u0151 \u00e1ltal\u00e1nos er\u0151s\u00edt\u0151 hat\u00e1s (pszichoemocion\u00e1lis szint, neurohumor\u00e1lis regul\u00e1ci\u00f3). Hat\u00e1smechanizmus: A program (hordoz\u00f3 frekvencia, alacsony frekvenci\u00e1j\u00fa modul\u00e1ci\u00f3 \u00e9s [&hellip;]<\/p>\n","protected":false},"featured_media":4736,"comment_status":"open","ping_status":"closed","template":"","meta":[],"product_brand":[],"product_cat":[35,32],"product_tag":[],"class_list":{"0":"post-4737","1":"product","2":"type-product","3":"status-publish","4":"has-post-thumbnail","6":"product_cat-csatlakoztathato-jeladok","7":"product_cat-triomed","9":"first","10":"instock","11":"taxable","12":"shipping-taxable","13":"purchasable","14":"product-type-simple"},"_links":{"self":[{"href":"https:\/\/vetomshop.hu\/fi\/wp-json\/wp\/v2\/product\/4737","targetHints":{"allow":["GET"]}}],"collection":[{"href":"https:\/\/vetomshop.hu\/fi\/wp-json\/wp\/v2\/product"}],"about":[{"href":"https:\/\/vetomshop.hu\/fi\/wp-json\/wp\/v2\/types\/product"}],"replies":[{"embeddable":true,"href":"https:\/\/vetomshop.hu\/fi\/wp-json\/wp\/v2\/comments?post=4737"}],"wp:featuredmedia":[{"embeddable":true,"href":"https:\/\/vetomshop.hu\/fi\/wp-json\/wp\/v2\/media\/4736"}],"wp:attachment":[{"href":"https:\/\/vetomshop.hu\/fi\/wp-json\/wp\/v2\/media?parent=4737"}],"wp:term":[{"taxonomy":"product_brand","embeddable":true,"href":"https:\/\/vetomshop.hu\/fi\/wp-json\/wp\/v2\/product_brand?post=4737"},{"taxonomy":"product_cat","embeddable":true,"href":"https:\/\/vetomshop.hu\/fi\/wp-json\/wp\/v2\/product_cat?post=4737"},{"taxonomy":"product_tag","embeddable":true,"href":"https:\/\/vetomshop.hu\/fi\/wp-json\/wp\/v2\/product_tag?post=4737"}],"curies":[{"name":"wp","href":"https:\/\/api.w.org\/{rel}","templated":true}]}}