{"id":4739,"date":"2023-11-11T14:34:00","date_gmt":"2023-11-11T13:34:00","guid":{"rendered":"https:\/\/vetomshop.hu\/termek\/trio-women-jelado\/"},"modified":"2023-11-11T14:34:00","modified_gmt":"2023-11-11T13:34:00","slug":"trio-women-jelado","status":"publish","type":"product","link":"https:\/\/vetomshop.hu\/fi\/tuote\/trio-women-jelado\/","title":{"rendered":"Kolmen naisen majakka"},"content":{"rendered":"<h4>Erikoiskolmikon naispatteri<\/h4>\n<p>Naisille, nro 8.<\/p>\n<p>Suositellaan: Ihmiskehon toiminnallisten reservien ja sopeutumiskyvyn optimoimiseksi negatiivisten ymp\u00e4rist\u00f6vaikutusten, el\u00e4m\u00e4ntavan tai sairauden seurauksena.<\/p>\n<p><strong>Suositellaan: <\/strong>tyt\u00f6ille, naisille.<\/p>\n<p><strong>Vaikutus:<\/strong> yleinen terveytt\u00e4 edist\u00e4v\u00e4 vaikutus ottaen huomioon naisen organismin ominaisuudet (psyko-emotionaalinen alue, neurohumoraalinen s\u00e4\u00e4tely).<\/p>\n<p><strong>Vaikutusmekanismi:<\/strong> Ohjelma (kantotaajuus, matalataajuusmodulaatio ja amplitudiparametrit) on suunniteltu erityisesti auttamaan naisvartaloa, kun sit\u00e4 k\u00e4ytet\u00e4\u00e4n j\u00e4rjestelm\u00e4ss\u00e4.<\/p>\n<p>S\u00e4dehoidon soveltaminen hoitojakson aikana normalisoi solujen ja kudosten trofisia ja metabolisia prosesseja, regeneroi niit\u00e4, vaikuttaa yleisesti elimiin, elinj\u00e4rjestelmiin ja koko kehoon ja lis\u00e4\u00e4 kehon ep\u00e4spesifist\u00e4 vastustuskyky\u00e4. Positiiviset tulokset johtuvat toisaalta solujen, atomifysiologisen j\u00e4rjestelm\u00e4n ja neurogumoraalisen s\u00e4\u00e4telyj\u00e4rjestelm\u00e4n bioresonanssipalautteesta ja toisaalta sopeutumismekanismin aktivoitumisesta (yleinen sopeutumissyndrooma).<\/p>\n<div class=\"su-spoiler su-spoiler-style-defoult su-spoiler-icon-caret su-spoiler-closed\" data-scroll-offset=\"0\" data-anchor-in-url=\"no\"><div class=\"su-spoiler-title\" tabindex=\"0\" role=\"button\"><span class=\"su-spoiler-icon\"><\/span>Kaikki<\/div><div class=\"su-spoiler-content su-u-clearfix su-u-trim\">\n<p><strong>Suositellaan:<\/strong><\/p>\n<ol>\n<li>Kroonisen v\u00e4symyksen seurauksena heikentyneeseen ty\u00f6kykyyn ja mielialah\u00e4iri\u00f6ihin, psyko-emotionaaliseen ep\u00e4vakauteen, unettomuuteen.<\/li>\n<li>Naisten sukupuolielinten h\u00e4iri\u00f6iden ja vaihdevuosiin liittyvien ep\u00e4miellytt\u00e4vien oireiden hoitoon ja ehk\u00e4isyyn sek\u00e4 hedelm\u00e4llisyyden ja seksuaaliterveyden vahvistamiseen.<\/li>\n<li>Yleinen vilustumisissa.<\/li>\n<li>Influenssan ja vilustumisen erityinen ehk\u00e4isy.<\/li>\n<li>immuunij\u00e4rjestelm\u00e4n heikentyminen sairauden j\u00e4lkeisen toipumisen tai kuntoutumisen aikana.<\/li>\n<\/ol>\n<\/div><\/div>","protected":false},"excerpt":{"rendered":"<p>Speci\u00e1lis Trio-Women sug\u00e1rz\u00f3 N\u0151k sz\u00e1m\u00e1ra, 8.sz. Javasolt: a funkcion\u00e1lis tartal\u00e9kok \u00e9s az emberi szervezet adapt\u00e1ci\u00f3s lehet\u0151s\u00e9geinek optimiz\u00e1l\u00e1s\u00e1hoz, melyek a negat\u00edv k\u00f6rnyezeti hat\u00e1sok, \u00e9letm\u00f3d vagy betegs\u00e9g k\u00f6vetkezt\u00e9ben l\u00e9ptek fel. Aj\u00e1nlott: l\u00e1nyok, n\u0151k sz\u00e1m\u00e1ra. Hat\u00e1sa: a n\u0151i szervezet jellemz\u0151it figyelembe vev\u0151 (pszicho-emocion\u00e1lis szf\u00e9ra, neurohumor\u00e1lis szab\u00e1lyoz\u00e1s) \u00e1ltal\u00e1nos eg\u00e9szs\u00e9gmeger\u0151s\u00edt\u0151 hat\u00e1s. Hat\u00e1smechanizmus: A program (hordoz\u00f3 frekvencia, alacsony frekvenci\u00e1j\u00fa modul\u00e1ci\u00f3 \u00e9s [&hellip;]<\/p>\n","protected":false},"featured_media":4738,"comment_status":"open","ping_status":"closed","template":"","meta":[],"product_brand":[],"product_cat":[35,32],"product_tag":[],"class_list":{"0":"post-4739","1":"product","2":"type-product","3":"status-publish","4":"has-post-thumbnail","6":"product_cat-csatlakoztathato-jeladok","7":"product_cat-triomed","9":"first","10":"instock","11":"taxable","12":"shipping-taxable","13":"purchasable","14":"product-type-simple"},"_links":{"self":[{"href":"https:\/\/vetomshop.hu\/fi\/wp-json\/wp\/v2\/product\/4739","targetHints":{"allow":["GET"]}}],"collection":[{"href":"https:\/\/vetomshop.hu\/fi\/wp-json\/wp\/v2\/product"}],"about":[{"href":"https:\/\/vetomshop.hu\/fi\/wp-json\/wp\/v2\/types\/product"}],"replies":[{"embeddable":true,"href":"https:\/\/vetomshop.hu\/fi\/wp-json\/wp\/v2\/comments?post=4739"}],"wp:featuredmedia":[{"embeddable":true,"href":"https:\/\/vetomshop.hu\/fi\/wp-json\/wp\/v2\/media\/4738"}],"wp:attachment":[{"href":"https:\/\/vetomshop.hu\/fi\/wp-json\/wp\/v2\/media?parent=4739"}],"wp:term":[{"taxonomy":"product_brand","embeddable":true,"href":"https:\/\/vetomshop.hu\/fi\/wp-json\/wp\/v2\/product_brand?post=4739"},{"taxonomy":"product_cat","embeddable":true,"href":"https:\/\/vetomshop.hu\/fi\/wp-json\/wp\/v2\/product_cat?post=4739"},{"taxonomy":"product_tag","embeddable":true,"href":"https:\/\/vetomshop.hu\/fi\/wp-json\/wp\/v2\/product_tag?post=4739"}],"curies":[{"name":"wp","href":"https:\/\/api.w.org\/{rel}","templated":true}]}}