{"id":4741,"date":"2023-11-11T14:34:00","date_gmt":"2023-11-11T13:34:00","guid":{"rendered":"https:\/\/vetomshop.hu\/termek\/sigma-medal\/"},"modified":"2023-11-11T14:34:00","modified_gmt":"2023-11-11T13:34:00","slug":"sigma-medal","status":"publish","type":"product","link":"https:\/\/vetomshop.hu\/fi\/tuote\/sigma-medal\/","title":{"rendered":"Sigma-mitali"},"content":{"rendered":"<p>A <strong>SIGMA Health -mitali<\/strong> on palauttaa hiusfollikkelien normaalit fysiologiset prosessit, lis\u00e4t\u00e4 niiden vastustuskyky\u00e4 ep\u00e4suotuisille ymp\u00e4rist\u00f6tekij\u00f6ille ja lis\u00e4\u00e4ntyneelle stressille, pident\u00e4\u00e4 hiusten kasvuvaihetta ja siten lis\u00e4t\u00e4 hiusten yleist\u00e4 tiheytt\u00e4.<\/p>\n<p><strong>Vaikutukset:<\/strong><\/p>\n<ul>\n<li>normalisoi verenkiertoa, immuunij\u00e4rjestelm\u00e4n tilaa ja aineenvaihduntaa karvatupissa, mik\u00e4 est\u00e4\u00e4 hiusten surkastumista;<\/li>\n<li>v\u00e4hent\u00e4\u00e4 tulehdusprosessien vakavuutta ihossa ja karvatupissa;<\/li>\n<li>auttaa normalisoimaan ihon ja koko kehon aineenvaihduntaprosesseja; ehk\u00e4isee alopecia areatan (hajanainen hiustenl\u00e4ht\u00f6) kehittymist\u00e4.<\/li>\n<\/ul>\n<p>SIGMA-terveysriipuksella on positiivinen vaikutus kehon toimintojen tilaan, sit\u00e4 voidaan k\u00e4ytt\u00e4\u00e4 optimoinnin ja korjauksen v\u00e4lineen\u00e4 yhdess\u00e4 muiden alopecia areata (hajanainen hiustenl\u00e4ht\u00f6) -hoitojen kanssa.<br \/>\nja muita ennaltaehk\u00e4isevi\u00e4 menetelmi\u00e4.<\/p>\n<div class=\"su-spoiler su-spoiler-style-defoult su-spoiler-icon-caret su-spoiler-closed\" data-scroll-offset=\"0\" data-anchor-in-url=\"no\"><div class=\"su-spoiler-title\" tabindex=\"0\" role=\"button\"><span class=\"su-spoiler-icon\"><\/span>Kaikki<\/div><div class=\"su-spoiler-content su-u-clearfix su-u-trim\">\n<p><strong>Tyypit hajanainen hiustenl\u00e4ht\u00f6:<\/strong><\/p>\n<p>Hiustenl\u00e4hd\u00f6n laajuuden perusteella hajanainen hiustenl\u00e4ht\u00f6 jaetaan seuraaviin tyyppeihin:<\/p>\n<ul>\n<li>Alopecia areata unilocularis: hiukset putoavat vain yhdest\u00e4 kohdasta.<\/li>\n<li>Alopecia areata multilocularis: useita arpimaisia laikkuja.<\/li>\n<li>Alopecia areata subtotalis: hiukset putoavat melkein koko p\u00e4\u00e4nahasta3.<\/li>\n<li>Alopecia areata totalis: kaikki hiukset putoavat p\u00e4\u00e4nahasta Alopecia areata universalis: hiustenl\u00e4ht\u00f6 vaikuttaa p\u00e4\u00e4nahkaan ja koko kehoon.<\/li>\n<li>Ophiasis-tyyppi: Alopecia areatan erityismuoto, jolle on ominaista hiusten putoaminen p\u00e4\u00e4asiassa p\u00e4\u00e4nahan uloimmilta alueilta, yleens\u00e4 takaraivosta, joskus my\u00f6s p\u00e4\u00e4nahasta.<br \/>\nohimoilta tai otsalta.<\/li>\n<\/ul>\n<p>Edell\u00e4 lueteltujen tyyppien lis\u00e4ksi SIGMA Medallionia voidaan k\u00e4ytt\u00e4\u00e4 kemoterapian, s\u00e4dehoidon tai hormonaalisen toimintah\u00e4iri\u00f6n aiheuttamaan hiustenl\u00e4ht\u00f6\u00f6n.<\/p>\n<\/div><\/div>","protected":false},"excerpt":{"rendered":"<p>A SIGMA Eg\u00e9szs\u00e9g Med\u00e1l feladata a sz\u0151rt\u00fcsz\u0151k norm\u00e1l fiziol\u00f3giai folyamatainak helyre\u00e1ll\u00edt\u00e1sa, a kedvez\u0151tlen k\u00f6rnyezeti t\u00e9nyez\u0151kkel \u00e9s a megn\u00f6vekedett stresszterhel\u00e9ssel szembeni ellen\u00e1ll\u00f3 k\u00e9pess\u00e9g\u00fck n\u00f6vel\u00e9se, a hajn\u00f6veked\u00e9s szakasz\u00e1nak meghosszabb\u00edt\u00e1sa, ez\u00e1ltal a teljes hajs\u0171r\u0171s\u00e9g n\u00f6vel\u00e9se. Hat\u00e1sok: normaliz\u00e1lja a v\u00e9rkering\u00e9st, az immun\u00e1llapotot \u00e9s az anyagcser\u00e9t a sz\u0151rt\u00fcsz\u0151kben, megel\u0151zve az atr\u00f3fia kialakul\u00e1s\u00e1t; cs\u00f6kkenti a b\u0151r \u00e9s a sz\u0151rt\u00fcsz\u0151k gyullad\u00e1sos folyamatainak [&hellip;]<\/p>\n","protected":false},"featured_media":4740,"comment_status":"open","ping_status":"closed","template":"","meta":[],"product_brand":[],"product_cat":[33,32],"product_tag":[],"class_list":{"0":"post-4741","1":"product","2":"type-product","3":"status-publish","4":"has-post-thumbnail","6":"product_cat-egeszseg-medalok","7":"product_cat-triomed","9":"first","10":"instock","11":"taxable","12":"shipping-taxable","13":"purchasable","14":"product-type-simple"},"_links":{"self":[{"href":"https:\/\/vetomshop.hu\/fi\/wp-json\/wp\/v2\/product\/4741","targetHints":{"allow":["GET"]}}],"collection":[{"href":"https:\/\/vetomshop.hu\/fi\/wp-json\/wp\/v2\/product"}],"about":[{"href":"https:\/\/vetomshop.hu\/fi\/wp-json\/wp\/v2\/types\/product"}],"replies":[{"embeddable":true,"href":"https:\/\/vetomshop.hu\/fi\/wp-json\/wp\/v2\/comments?post=4741"}],"wp:featuredmedia":[{"embeddable":true,"href":"https:\/\/vetomshop.hu\/fi\/wp-json\/wp\/v2\/media\/4740"}],"wp:attachment":[{"href":"https:\/\/vetomshop.hu\/fi\/wp-json\/wp\/v2\/media?parent=4741"}],"wp:term":[{"taxonomy":"product_brand","embeddable":true,"href":"https:\/\/vetomshop.hu\/fi\/wp-json\/wp\/v2\/product_brand?post=4741"},{"taxonomy":"product_cat","embeddable":true,"href":"https:\/\/vetomshop.hu\/fi\/wp-json\/wp\/v2\/product_cat?post=4741"},{"taxonomy":"product_tag","embeddable":true,"href":"https:\/\/vetomshop.hu\/fi\/wp-json\/wp\/v2\/product_tag?post=4741"}],"curies":[{"name":"wp","href":"https:\/\/api.w.org\/{rel}","templated":true}]}}