{"id":4743,"date":"2023-11-11T14:34:00","date_gmt":"2023-11-11T13:34:00","guid":{"rendered":"https:\/\/vetomshop.hu\/termek\/siker-medal\/"},"modified":"2023-11-11T14:34:00","modified_gmt":"2023-11-11T13:34:00","slug":"siker-medal","status":"publish","type":"product","link":"https:\/\/vetomshop.hu\/fi\/tuote\/siker-medal\/","title":{"rendered":"Menestysmitali"},"content":{"rendered":"<h4>Lasten menestysmitali<\/h4>\n<p><strong>Tarkoitus:<\/strong><\/p>\n<p>Kognitiiviset toiminnot (kognitiiviset prosessit) -<\/p>\n<ol>\n<li>huomio, havainnointi<\/li>\n<li>havaitseminen-havaitseminen<\/li>\n<li>muisti<\/li>\n<li>ajattelutoiminnot<\/li>\n<\/ol>\n<p>- t\u00e4ydent\u00e4v\u00e4n\u00e4 v\u00e4lineen\u00e4, joka auttaa aktivoimaan, torjumaan oppimisv\u00e4symyst\u00e4 ja parantamaan henkist\u00e4 hyvinvointia.<\/p>\n<p>Se tukee palautumista merkitt\u00e4v\u00e4st\u00e4 informaation ylikuormituksesta ja ehk\u00e4isee kroonista v\u00e4symyst\u00e4 ja uupumusoireyhtym\u00e4\u00e4.<\/p>\n<div class=\"su-spoiler su-spoiler-style-defoult su-spoiler-icon-caret su-spoiler-closed\" data-scroll-offset=\"0\" data-anchor-in-url=\"no\"><div class=\"su-spoiler-title\" tabindex=\"0\" role=\"button\"><span class=\"su-spoiler-icon\"><\/span>Kaikki<\/div><div class=\"su-spoiler-content su-u-clearfix su-u-trim\">\n<h4>Lyhyt kuvaus<\/h4>\n<p>S\u00e4hk\u00f6iseen tietov\u00e4lineeseen - SIKER Health Medal - tallennetut tiedot vastaavat keskushermoston solujen ja kudosten s\u00e4hk\u00f6magneettisten v\u00e4r\u00e4htelyjen spektri\u00e4 ja sellaisten antihomotoksisten aineiden v\u00e4r\u00e4htelyj\u00e4 (s\u00e4hk\u00f6magneettinen spektri), jotka lis\u00e4\u00e4v\u00e4t henkist\u00e4 ty\u00f6kyky\u00e4, opiskelijoiden ja henkisen ty\u00f6n tekij\u00f6iden stressinsietokyky\u00e4 ja yll\u00e4pit\u00e4v\u00e4t optimaalista psyko-emotionaalista taustaa. Opiskelijoiden toimintaan liittyy henkisten prosessien korkea intensiteetti aikapaineen ja suuren tietotiheyden olosuhteissa, joilla on stressin luonne. Ajatteluun kuuluvat kognition aktiiviset n\u00e4k\u00f6kohdat: huomio, havaitseminen, assosiaatioprosessit, k\u00e4sitteiden ja arvioiden muodostaminen, sosiaalisen henkil\u00f6n realistisen toiminnan osa.<\/p>\n<p>Ajattelu liittyy aivojen toimintaan, mutta kyky ajatella abstraktisti tulee k\u00e4yt\u00e4nn\u00f6n olemassaolon, kielis\u00e4\u00e4nt\u00f6jen, logiikan ja kulttuurin omaksumisesta. Ajattelu tapahtuu erilaisissa \u00e4lyllisen ja k\u00e4yt\u00e4nn\u00f6llisen toiminnan muodoissa, joiden aikana ihmisten kognitiiviset kokemukset yleistyv\u00e4t ja yhdistyv\u00e4t. Ajattelua pidet\u00e4\u00e4n todellisen inhimillisen olemassaolon l\u00e4hteen\u00e4 ja perustavanlaatuisena keinona.<\/p>\n<\/div><\/div>","protected":false},"excerpt":{"rendered":"<p>Siker Med\u00e1l gyerekeknek Rendeltet\u00e9se: A kognit\u00edv funkci\u00f3k (megismer\u0151 folyamatok) &#8211; figyelem, megfigyel\u0151k\u00e9pess\u00e9g \u00e9rz\u00e9kel\u00e9s-\u00e9szlel\u00e9s eml\u00e9kezet gondolkod\u00e1si funkci\u00f3k &#8211; aktiv\u00e1l\u00e1s\u00e1t seg\u00edt\u0151, a tanul\u00e1st k\u00eds\u00e9r\u0151 f\u00e1radts\u00e1g ellens\u00falyoz\u00e1s\u00e1t \u00e9s az emocion\u00e1lis k\u00f6z\u00e9rzet jav\u00edt\u00e1s\u00e1t szolg\u00e1l\u00f3 kieg\u00e9sz\u00edt\u0151 eszk\u00f6z. T\u00e1mogatja a jelent\u0151s inform\u00e1ci\u00f3s megterhel\u00e9s ut\u00e1ni helyre\u00e1ll\u00edt\u00e1st, a kr\u00f3nikus f\u00e1radts\u00e1g \u00e9s kimer\u00fclts\u00e9g szindr\u00f3ma megel\u0151z\u00e9s\u00e9t.<\/p>","protected":false},"featured_media":4742,"comment_status":"open","ping_status":"closed","template":"","meta":[],"product_brand":[],"product_cat":[33,32],"product_tag":[],"class_list":{"0":"post-4743","1":"product","2":"type-product","3":"status-publish","4":"has-post-thumbnail","6":"product_cat-egeszseg-medalok","7":"product_cat-triomed","9":"first","10":"instock","11":"taxable","12":"shipping-taxable","13":"purchasable","14":"product-type-simple"},"_links":{"self":[{"href":"https:\/\/vetomshop.hu\/fi\/wp-json\/wp\/v2\/product\/4743","targetHints":{"allow":["GET"]}}],"collection":[{"href":"https:\/\/vetomshop.hu\/fi\/wp-json\/wp\/v2\/product"}],"about":[{"href":"https:\/\/vetomshop.hu\/fi\/wp-json\/wp\/v2\/types\/product"}],"replies":[{"embeddable":true,"href":"https:\/\/vetomshop.hu\/fi\/wp-json\/wp\/v2\/comments?post=4743"}],"wp:featuredmedia":[{"embeddable":true,"href":"https:\/\/vetomshop.hu\/fi\/wp-json\/wp\/v2\/media\/4742"}],"wp:attachment":[{"href":"https:\/\/vetomshop.hu\/fi\/wp-json\/wp\/v2\/media?parent=4743"}],"wp:term":[{"taxonomy":"product_brand","embeddable":true,"href":"https:\/\/vetomshop.hu\/fi\/wp-json\/wp\/v2\/product_brand?post=4743"},{"taxonomy":"product_cat","embeddable":true,"href":"https:\/\/vetomshop.hu\/fi\/wp-json\/wp\/v2\/product_cat?post=4743"},{"taxonomy":"product_tag","embeddable":true,"href":"https:\/\/vetomshop.hu\/fi\/wp-json\/wp\/v2\/product_tag?post=4743"}],"curies":[{"name":"wp","href":"https:\/\/api.w.org\/{rel}","templated":true}]}}