{"id":4745,"date":"2023-11-11T14:34:01","date_gmt":"2023-11-11T13:34:01","guid":{"rendered":"https:\/\/vetomshop.hu\/termek\/solo-medal\/"},"modified":"2023-11-11T14:34:01","modified_gmt":"2023-11-11T13:34:01","slug":"solo-medal","status":"publish","type":"product","link":"https:\/\/vetomshop.hu\/fi\/tuote\/solo-medal\/","title":{"rendered":"Solo riipus"},"content":{"rendered":"<h4>SOLO-terveysmitali<\/h4>\n<p><strong>T\u00e4rkeimm\u00e4t toiminnot:<\/strong><\/p>\n<p>Solo Medal on t\u00e4ydent\u00e4v\u00e4 v\u00e4line kehon puolustusmekanismien tukemiseen ja immuunij\u00e4rjestelm\u00e4n aktivointiin.<\/p>\n<p>Siit\u00e4 on eniten apua virus- ja bakteeri-infektioissa.<\/p>\n<p><strong>Vaikutus:<\/strong><\/p>\n<ul>\n<li>tukemaan immuunij\u00e4rjestelm\u00e4n vahvistamista, jotta allergiareaktio v\u00e4henisi,<\/li>\n<li>virustautien toipumisen tukeminen,<\/li>\n<li>myrkyllisten aineiden poistamisen tukeminen,<\/li>\n<li>tukevat antibakteerista ja antiviraalista vaikutusta.<\/li>\n<\/ul>\n<p><strong>Milloin sit\u00e4 k\u00e4ytet\u00e4\u00e4n?<\/strong><\/p>\n<div class=\"su-spoiler su-spoiler-style-defoult su-spoiler-icon-caret su-spoiler-closed\" data-scroll-offset=\"0\" data-anchor-in-url=\"no\"><div class=\"su-spoiler-title\" tabindex=\"0\" role=\"button\"><span class=\"su-spoiler-icon\"><\/span>Kaikki<\/div><div class=\"su-spoiler-content su-u-clearfix su-u-trim\">\nSolo Pendant vaikuttaa my\u00f6nteisesti kehon toiminnalliseen toimintaan, ja sit\u00e4 voidaan k\u00e4ytt\u00e4\u00e4 korjaavana ja optimoivana lis\u00e4v\u00e4lineen\u00e4 seuraavien sairauksien ehk\u00e4isyss\u00e4 ja hoidossa:<\/p>\n<ul>\n<li>ylempien bakteerien ja virusten aiheuttamien hengitystiesairauksien hoitoon;<\/li>\n<li>tulehdussairauksissa, bakteeriallergisissa tapauksissa, nuhassa, nielutulehduksessa, kurkunp\u00e4\u00e4n tulehduksessa, keuhkoputkentulehduksessa;<\/li>\n<li>autoimmuunisairauksien alkuvaiheessa (keuhkoastma, astmaattinen keuhkoputkentulehdus, nivelreuma, pyelo- ja glumerulonefriitti - nefriitti, autoimmuuninen kilpirauhassairaus, reumasta johtuva syd\u00e4men l\u00e4pp\u00e4vika, endoteelin verisuonisairaus, streptokokki- ja stafylokokki-ihottuma).<\/li>\n<\/ul>\n<p>T\u00e4rke\u00e4 varoitus: jos saat ylempien ja alempien hengitysteiden sairauksien oireita, ota yhteys l\u00e4\u00e4k\u00e4riin. K\u00e4yt\u00e4 Solo Medalia l\u00e4\u00e4k\u00e4rin suosittelemien hoitomenetelmien t\u00e4ydent\u00e4j\u00e4n\u00e4 toipumisesi tukemiseksi.<\/p>\n<\/div><\/div>","protected":false},"excerpt":{"rendered":"<p>SOLO Eg\u00e9szs\u00e9g Med\u00e1l F\u0151 funkci\u00f3i: A Solo Med\u00e1l kieg\u00e9sz\u00edt\u0151 eszk\u00f6z, mely a szervezet v\u00e9dekez\u0151 mechanizmusait \u00e9s az immunrendszer aktiv\u00e1l\u00e1s\u00e1t t\u00e1mogatja. V\u00edrusos \u00e9s bakteri\u00e1lis fert\u0151z\u00e9sek eset\u00e9n ny\u00fajtja a legnagyobb seg\u00edts\u00e9get. Hat\u00e1sa: immunrendszer er\u0151s\u00edt\u00e9s\u00e9nek t\u00e1mogat\u00e1sa, az allerg\u00e9nekre val\u00f3 cs\u00f6kkent reakci\u00f3 el\u00e9r\u00e9s\u00e9nek t\u00e1mogat\u00e1sa, a v\u00edrusos megbeteged\u00e9sek gy\u00f3gyul\u00e1s\u00e1nak t\u00e1mogat\u00e1sa, a toxikus anyagok kivezet\u00e9s\u00e9nek t\u00e1mogat\u00e1sa, antibakteri\u00e1lis \u00e9s v\u00edrus\u00f6l\u0151 hat\u00e1s t\u00e1mogat\u00e1sa. [&hellip;]<\/p>\n","protected":false},"featured_media":4744,"comment_status":"open","ping_status":"closed","template":"","meta":[],"product_brand":[],"product_cat":[33,32],"product_tag":[],"class_list":{"0":"post-4745","1":"product","2":"type-product","3":"status-publish","4":"has-post-thumbnail","6":"product_cat-egeszseg-medalok","7":"product_cat-triomed","9":"first","10":"instock","11":"taxable","12":"shipping-taxable","13":"purchasable","14":"product-type-simple"},"_links":{"self":[{"href":"https:\/\/vetomshop.hu\/fi\/wp-json\/wp\/v2\/product\/4745","targetHints":{"allow":["GET"]}}],"collection":[{"href":"https:\/\/vetomshop.hu\/fi\/wp-json\/wp\/v2\/product"}],"about":[{"href":"https:\/\/vetomshop.hu\/fi\/wp-json\/wp\/v2\/types\/product"}],"replies":[{"embeddable":true,"href":"https:\/\/vetomshop.hu\/fi\/wp-json\/wp\/v2\/comments?post=4745"}],"wp:featuredmedia":[{"embeddable":true,"href":"https:\/\/vetomshop.hu\/fi\/wp-json\/wp\/v2\/media\/4744"}],"wp:attachment":[{"href":"https:\/\/vetomshop.hu\/fi\/wp-json\/wp\/v2\/media?parent=4745"}],"wp:term":[{"taxonomy":"product_brand","embeddable":true,"href":"https:\/\/vetomshop.hu\/fi\/wp-json\/wp\/v2\/product_brand?post=4745"},{"taxonomy":"product_cat","embeddable":true,"href":"https:\/\/vetomshop.hu\/fi\/wp-json\/wp\/v2\/product_cat?post=4745"},{"taxonomy":"product_tag","embeddable":true,"href":"https:\/\/vetomshop.hu\/fi\/wp-json\/wp\/v2\/product_tag?post=4745"}],"curies":[{"name":"wp","href":"https:\/\/api.w.org\/{rel}","templated":true}]}}