{"id":4751,"date":"2023-11-11T14:34:02","date_gmt":"2023-11-11T13:34:02","guid":{"rendered":"https:\/\/vetomshop.hu\/termek\/vita-medal\/"},"modified":"2023-11-11T14:34:02","modified_gmt":"2023-11-11T13:34:02","slug":"vita-medal","status":"publish","type":"product","link":"https:\/\/vetomshop.hu\/fi\/tuote\/vita-medal\/","title":{"rendered":"Keskustelumitali"},"content":{"rendered":"<h4>Keskustelumitali<\/h4>\n<p><strong>P\u00e4\u00e4toiminto:\u00a0<\/strong>Se on t\u00e4ydent\u00e4v\u00e4 v\u00e4line ruoansulatuskanavan sairauksien ennaltaehk\u00e4isyss\u00e4 ja t\u00e4ydent\u00e4v\u00e4ss\u00e4 hoidossa sek\u00e4 sairauksien j\u00e4lkeisten uudistumisprosessien aktivoinnissa.<\/p>\n<p><strong>Lyhyt kuvaus<\/strong><\/p>\n<p>Vita Health -medaljonkiin tallennettu spektrikuvio vastaa ruoansulatuskanavan elinten, kudosten ja elinten v\u00e4r\u00e4htely\u00e4. Se vastaa<br \/>\nantihomotoksisten l\u00e4\u00e4kkeiden v\u00e4r\u00e4htely, joilla on immunomoduloivia, anti-inflammatorisia, desensitisoivia (herkist\u00e4vi\u00e4) vaikutuksia.<\/p>\n<p>Ruoansulatusj\u00e4rjestelm\u00e4 on joukko fysikaalisia, kemiallisia ja fysiologisia prosesseja, joiden avulla nautittu ruoka muunnetaan yksinkertaisiksi kemiallisiksi sidoksiksi ja solut omaksuvat sen.<\/p>\n<div class=\"su-spoiler su-spoiler-style-defoult su-spoiler-icon-caret su-spoiler-closed\" data-scroll-offset=\"0\" data-anchor-in-url=\"no\"><div class=\"su-spoiler-title\" tabindex=\"0\" role=\"button\"><span class=\"su-spoiler-icon\"><\/span>Kaikki<\/div><div class=\"su-spoiler-content su-u-clearfix su-u-trim\">\nN\u00e4m\u00e4 prosessit tapahtuvat tietyss\u00e4 j\u00e4rjestyksess\u00e4 ruoansulatuskanavassa (suuontelossa, kurkussa, ruokatorvessa, mahassa, ohutsuolessa ja paksusuolessa, maksassa, sapessa ja haimassa). Prosessi tapahtuu eri tasojen s\u00e4\u00e4telymekanismien avulla. Ruoansulatuselimist\u00f6n toiminnan ydin on ruoansulatuselimist\u00f6n per\u00e4kk\u00e4inen eteneminen, jonka tuloksena ruoka hajoaa imeytyviksi monomeereiksi.<br \/>\n<\/div><\/div>","protected":false},"excerpt":{"rendered":"<p>Vita Med\u00e1l F\u0151 funkci\u00f3ja:\u00a0Kieg\u00e9sz\u00edt\u0151 eszk\u00f6z a az em\u00e9szt\u0151rendszeri betegs\u00e9gek megel\u0151z\u00e9s\u00e9re \u00e9s kieg\u00e9sz\u00edt\u0151 kezel\u00e9s\u00e9re, a betegs\u00e9gek ut\u00e1ni regener\u00e1ci\u00f3s folyamatok aktiv\u00e1l\u00e1s\u00e1ra. R\u00f6vid ismertet\u0151 A spektr\u00e1lis minta, mely a Vita Eg\u00e9szs\u00e9g Med\u00e1lon van r\u00f6gz\u00edtve, megfelel az em\u00e9szt\u0151rendszer szervei, sz\u00f6vetei \u00e9s szervei rezg\u00e9s\u00e9nek. Megfelel azoknak az antihomotoxikus k\u00e9sz\u00edtm\u00e9nyek rezg\u00e9s\u00e9nek, melyek immunmodul\u00e1l\u00f3, gyullad\u00e1scs\u00f6kkent\u0151, deszenzibiliz\u00e1l\u00f3 (\u00e9rz\u00e9kenys\u00e9get cs\u00f6kkent\u0151) hat\u00e1ssal b\u00edrnak. Az em\u00e9szt\u0151rendszer [&hellip;]<\/p>\n","protected":false},"featured_media":4750,"comment_status":"open","ping_status":"closed","template":"","meta":[],"product_brand":[],"product_cat":[33,32],"product_tag":[],"class_list":{"0":"post-4751","1":"product","2":"type-product","3":"status-publish","4":"has-post-thumbnail","6":"product_cat-egeszseg-medalok","7":"product_cat-triomed","9":"first","10":"instock","11":"taxable","12":"shipping-taxable","13":"purchasable","14":"product-type-simple"},"_links":{"self":[{"href":"https:\/\/vetomshop.hu\/fi\/wp-json\/wp\/v2\/product\/4751","targetHints":{"allow":["GET"]}}],"collection":[{"href":"https:\/\/vetomshop.hu\/fi\/wp-json\/wp\/v2\/product"}],"about":[{"href":"https:\/\/vetomshop.hu\/fi\/wp-json\/wp\/v2\/types\/product"}],"replies":[{"embeddable":true,"href":"https:\/\/vetomshop.hu\/fi\/wp-json\/wp\/v2\/comments?post=4751"}],"wp:featuredmedia":[{"embeddable":true,"href":"https:\/\/vetomshop.hu\/fi\/wp-json\/wp\/v2\/media\/4750"}],"wp:attachment":[{"href":"https:\/\/vetomshop.hu\/fi\/wp-json\/wp\/v2\/media?parent=4751"}],"wp:term":[{"taxonomy":"product_brand","embeddable":true,"href":"https:\/\/vetomshop.hu\/fi\/wp-json\/wp\/v2\/product_brand?post=4751"},{"taxonomy":"product_cat","embeddable":true,"href":"https:\/\/vetomshop.hu\/fi\/wp-json\/wp\/v2\/product_cat?post=4751"},{"taxonomy":"product_tag","embeddable":true,"href":"https:\/\/vetomshop.hu\/fi\/wp-json\/wp\/v2\/product_tag?post=4751"}],"curies":[{"name":"wp","href":"https:\/\/api.w.org\/{rel}","templated":true}]}}