{"id":4755,"date":"2023-11-11T14:34:03","date_gmt":"2023-11-11T13:34:03","guid":{"rendered":"https:\/\/vetomshop.hu\/termek\/menedzser-kartya\/"},"modified":"2023-11-11T14:34:03","modified_gmt":"2023-11-11T13:34:03","slug":"menedzser-kartya","status":"publish","type":"product","link":"https:\/\/vetomshop.hu\/fi\/tuote\/menedzser-kartya\/","title":{"rendered":"Manager-kortti"},"content":{"rendered":"<h4>Mihin MENEDZSER-KORTTI on tarkoitettu?<\/h4>\n<p><strong>JOHTAJAKORTTI<\/strong> - laite kroonisen v\u00e4symyksen ja ylikuormitusoireyhtym\u00e4n ennaltaehk\u00e4isyyn ja hoitoon, ty\u00f6kyvyn lis\u00e4\u00e4miseen, uudistumisprosessien aktivoimiseen stressaavan ty\u00f6m\u00e4\u00e4r\u00e4n j\u00e4lkeen ja immuniteetin lis\u00e4\u00e4miseen.<\/p>\n<p>MENEDZSER CARDin toiminta tukee kognitiivisia prosesseja. Sen tarkoituksena on aktivoida muistiprosesseja, mahdollistaa tarvittavien tietojen v\u00e4lit\u00f6n muistaminen, lis\u00e4t\u00e4 ajattelun nopeutta, palauttaa fysiologisten prosessien normaali kulku keskushermoston soluissa ja kudoksissa, lis\u00e4t\u00e4 niiden vakautta ulkomaailman haitallisia vaikutuksia vastaan.<\/p>\n<p><strong>Vaikutukset:<\/strong><\/p>\n<ul>\n<li>tukee verenkiertoa ja aineenvaihduntaprosesseja keskushermostossa ja auttaa palauttamaan keskushermoston toimintoja;<\/li>\n<li>auttaa parantamaan muistia, jolloin voit omaksua enemm\u00e4n tietoa;<\/li>\n<li>tukee keskittymist\u00e4,<\/li>\n<li>v\u00e4hent\u00e4\u00e4 v\u00e4symyst\u00e4 toiminnan aikana;<\/li>\n<li>v\u00e4hent\u00e4\u00e4 neuro-emotionaalista j\u00e4nnityst\u00e4 tietokoneen k\u00e4yt\u00f6n aikana;<\/li>\n<li>harmonisoi emotionaalis-psyykkisen asenteen;<\/li>\n<li>parantaa intuitiota,<\/li>\n<li>auttaa ehk\u00e4isem\u00e4\u00e4n kroonisen stressin ja v\u00e4symyksen kehittymist\u00e4.<\/li>\n<\/ul>\n<div class=\"su-spoiler su-spoiler-style-defoult su-spoiler-icon-caret su-spoiler-closed\" data-scroll-offset=\"0\" data-anchor-in-url=\"no\"><div class=\"su-spoiler-title\" tabindex=\"0\" role=\"button\"><span class=\"su-spoiler-icon\"><\/span>Kaikki<\/div><div class=\"su-spoiler-content su-u-clearfix su-u-trim\">\n<strong>Avulla:<\/strong><\/p>\n<ul>\n<li>keskittyy t\u00e4rkeimpiin asioihin,<\/li>\n<li>edist\u00e4\u00e4 my\u00f6nteist\u00e4 el\u00e4m\u00e4nasennetta ja m\u00e4\u00e4r\u00e4tietoisuuden kehittymist\u00e4,<\/li>\n<li>auttaa sinua keskittym\u00e4\u00e4n menestykseen ja tarkoitukseen,<\/li>\n<li>tukee onnistumisen tunnetta, itseluottamusta ja uskoa tavoitteen onnistumiseen!<\/li>\n<\/ul>\n<\/div><\/div>","protected":false},"excerpt":{"rendered":"<p>Mire szolg\u00e1l a MENEDZSER K\u00c1RTYA? MENEDZSER K\u00c1RTYA \u2013 a kr\u00f3nikus f\u00e1rad\u00e9konys\u00e1g \u00e9s a t\u00falhajszolts\u00e1g szindr\u00f3m\u00e1ja megel\u0151z\u00e9s\u00e9re \u00e9s kezel\u00e9s\u00e9re, a munkab\u00edr\u00e1s n\u00f6vel\u00e9s\u00e9re, az \u00e1tv\u00e9szelt stressz-megterhel\u00e9seket k\u00f6vet\u0151 regener\u00e1ci\u00f3s folyamatok aktiviz\u00e1l\u00e1s\u00e1ra, az immunit\u00e1s n\u00f6vel\u00e9s\u00e9re szolg\u00e1l\u00f3 k\u00e9sz\u00fcl\u00e9k. A MENEDZSER K\u00c1RTYA m\u0171k\u00f6d\u00e9se a kognit\u00edv folyamatok m\u0171k\u00f6d\u00e9s\u00e9t t\u00e1mogatja. Az eml\u00e9kez\u00e9s folyamatainak aktiviz\u00e1l\u00e1s\u00e1ra, a sz\u00fcks\u00e9ges inform\u00e1ci\u00f3 azonnali memoriz\u00e1l\u00e1s\u00e1nak lehet\u0151s\u00e9g\u00e9re, a gondolkod\u00e1s sebess\u00e9g\u00e9nek [&hellip;]<\/p>\n","protected":false},"featured_media":4754,"comment_status":"open","ping_status":"closed","template":"","meta":[],"product_brand":[],"product_cat":[33,32],"product_tag":[],"class_list":{"0":"post-4755","1":"product","2":"type-product","3":"status-publish","4":"has-post-thumbnail","6":"product_cat-egeszseg-medalok","7":"product_cat-triomed","9":"first","10":"instock","11":"taxable","12":"shipping-taxable","13":"purchasable","14":"product-type-simple"},"_links":{"self":[{"href":"https:\/\/vetomshop.hu\/fi\/wp-json\/wp\/v2\/product\/4755","targetHints":{"allow":["GET"]}}],"collection":[{"href":"https:\/\/vetomshop.hu\/fi\/wp-json\/wp\/v2\/product"}],"about":[{"href":"https:\/\/vetomshop.hu\/fi\/wp-json\/wp\/v2\/types\/product"}],"replies":[{"embeddable":true,"href":"https:\/\/vetomshop.hu\/fi\/wp-json\/wp\/v2\/comments?post=4755"}],"wp:featuredmedia":[{"embeddable":true,"href":"https:\/\/vetomshop.hu\/fi\/wp-json\/wp\/v2\/media\/4754"}],"wp:attachment":[{"href":"https:\/\/vetomshop.hu\/fi\/wp-json\/wp\/v2\/media?parent=4755"}],"wp:term":[{"taxonomy":"product_brand","embeddable":true,"href":"https:\/\/vetomshop.hu\/fi\/wp-json\/wp\/v2\/product_brand?post=4755"},{"taxonomy":"product_cat","embeddable":true,"href":"https:\/\/vetomshop.hu\/fi\/wp-json\/wp\/v2\/product_cat?post=4755"},{"taxonomy":"product_tag","embeddable":true,"href":"https:\/\/vetomshop.hu\/fi\/wp-json\/wp\/v2\/product_tag?post=4755"}],"curies":[{"name":"wp","href":"https:\/\/api.w.org\/{rel}","templated":true}]}}