{"id":5820,"date":"2024-06-01T18:26:31","date_gmt":"2024-06-01T16:26:31","guid":{"rendered":"https:\/\/vetomshop.hu\/?post_type=product&#038;p=5820"},"modified":"2026-04-12T08:27:56","modified_gmt":"2026-04-12T06:27:56","slug":"vetom-1-1-probiotikum-por-500-g-etrend-kiegeszito","status":"publish","type":"product","link":"https:\/\/vetomshop.hu\/fi\/tuote\/vetom-1-1-probiotikum-por-500-g-etrend-kiegeszito\/","title":{"rendered":"Vetom <span style=\"color:red\">1.1<\/span> probiootti <br>por <span style=\"color:red\">500 g<\/span> (ravintolis\u00e4)"},"content":{"rendered":"<p>Suotuisat vaikutukset <strong>Bacillus subtilis<\/strong> hy\u00f6dyllisi\u00e4 bakteereja, jotka lis\u00e4\u00e4ntyv\u00e4t p\u00e4\u00e4asiassa paksusuolessa ja tuottavat: proteolyyttisi\u00e4, amylolyyttisi\u00e4 ja sellulolyyttisi\u00e4 entsyymej\u00e4, ihmisen leukosyyttien a-2 interferonia, bakitrasiini mg:t\u00e4, joka est\u00e4\u00e4 patogeenisen ja mahdollisesti patogeenisen mikroflooran kasvua ja kehityst\u00e4, sek\u00e4 muita biologisesti aktiivisia aineita.<\/p>\n<p>T\u00e4m\u00e4n seurauksena suolen sis\u00e4ll\u00f6n bakteerikoostumus muuttuu oikeaan kehitysnormiin, suolen sein\u00e4m\u00e4t puhdistetaan sulamattomista j\u00e4\u00e4mist\u00e4, mik\u00e4 edist\u00e4\u00e4 toksiinien aktiivista poistamista elimist\u00f6st\u00e4 ja biologisesti aktiivisten ravintoaineiden esteet\u00f6nt\u00e4 kuljetusta.<\/p>\n<p>Vetom 1.1:n vaikutuksesta biologisesti aktiivisten ravintokomponenttien aineenvaihdunta, ruoansulatus ja imeytyminen ruoansulatuskanavassa normalisoituvat.<\/p>\n<p>Lapsiyst\u00e4v\u00e4llinen tuote, joka on herkullisen makea ja jota voi sy\u00f6d\u00e4 jopa suun kautta sellaisenaan.<\/p>\n<p>Vetom 1.1 lis\u00e4\u00e4 l\u00e4\u00e4kkeiden tehokkuutta ja v\u00e4hent\u00e4\u00e4 niiden kielteisi\u00e4 sivuvaikutuksia ihmiskehossa.<\/p>\n<p>Se ei ole l\u00e4\u00e4ke.<\/p>\n<p><strong>Farmakologiset vaikutukset<\/strong>: immunomoduloiva, antiviraalinen, antiproliferatiivinen, bakterisidinen, fungisidinen, klamydiallista tautia ehk\u00e4isev\u00e4.<\/p>\n<h5>Ominaisuudet:<\/h5>\n<ul>\n<li>Sill\u00e4 on korkea antagonistinen aktiivisuus patogeenisi\u00e4 ja ehdollisesti patogeenisi\u00e4 sieni\u00e4 ja bakteereja vastaan, antiviraalisia, proteolyyttisi\u00e4, amy lytisi\u00e4 ja sellulolyyttisi\u00e4 ominaisuuksia.<\/li>\n<li>stimuloi solu- ja humoraalisia immuniteettitekij\u00f6it\u00e4.<\/li>\n<li>lis\u00e4\u00e4 kehon ep\u00e4spesifist\u00e4 vastustuskyky\u00e4<\/li>\n<li>vakauttaa allergiaresistenssi\u00e4<\/li>\n<li>normalisoi aineenvaihduntaa<\/li>\n<\/ul>\n<p>- EI SIVUVAIKUTUKSIA<br \/>\n- EI IK\u00c4RAJOITUSTA<br \/>\n- EI YLIANNOSTUSTA<br \/>\n- EI AIHEUTA RIIPPUVUUTTA<\/p>\n<h5>K\u00e4ytt\u00f6alue<\/h5>\n<p>Probioottisten mikro-organismien k\u00e4ytt\u00f6\u00e4 biologisesti aktiivisena elintarvikelis\u00e4aineena suositellaan ruoansulatuskanavan korjaamiseen ja suoliston mikroflooran palauttamiseen.<\/p>\n<p><em><strong>Annostus:<\/strong><\/em> suositellaan 10 p\u00e4iv\u00e4n ajan, 3-5 teelusikallista jauhetta p\u00e4ivitt\u00e4in ennen ateriaa, aterian aikana tai aterian j\u00e4lkeen, yksin\u00e4\u00e4n (voidaan juoda my\u00f6s veden tai mehun kanssa). .<\/p>\n<p>Vetom 1.1 ei aiheuta riippuvuutta.<\/p>\n<p>Kuurit on suositeltavaa toistaa 1-2 viikon tauon j\u00e4lkeen, ja on suositeltavaa vaihtaa Vetom-tuotetta eri numeroilla tietyin v\u00e4liajoin.<\/p>\n<h5>Vasta-aiheet<\/h5>\n<p>Yliherkkyys tuotteen tietyille ainesosille.<\/p>\n<p>\u00c4l\u00e4 ota Vetom 1.1 -valmistetta samanaikaisesti antibioottien ja muiden probioottien kanssa.<\/p>\n<h5>Erityisohjeet<\/h5>\n<p>K\u00e4yt\u00e4 raskauden ja imetyksen aikana vain l\u00e4\u00e4k\u00e4rin konsultaation j\u00e4lkeen.<\/p>\n<p>Valmiste ei vaikuta ajokykyyn tai kykyyn k\u00e4ytt\u00e4\u00e4 mahdollisesti vaarallisia mekanismeja.<\/p>\n<h5>Annostelu<\/h5>\n<p><strong>Jauheena, polymeeripurkkeihin pakattuna.<\/strong><\/p>\n<h5><strong>Ainesosat:<\/strong><\/h5>\n<p>Vetom 1.1. on biologisesti aktiivinen lis\u00e4aine, jota k\u00e4ytet\u00e4\u00e4n probioottisten mikro-organismien lis\u00e4l\u00e4hteen\u00e4.1 annos ravintolis\u00e4\u00e4 - 5 g, joka ,<\/p>\n<p>sis\u00e4lt\u00e4\u00e4: maissiuutetta - 2000 mg; perunat\u00e4rkkelyst\u00e4 - 1500 mg; tomusokeria - 1000 mg; probioottisten mikro-organismien kuivaviljelm\u00e4\u00e4 Bacillus subtilis B-10641 (DSM 24613) kanta 1\u00d7108 CFU\/g - 500 mg. Vetom 1.1 annetaan suun kautta.<\/p>\n<p>Sis\u00e4lt\u00f6 100 g tuotetta kohti (keskiarvot): rasva - enint\u00e4\u00e4n 0,1 g, proteiinit - enint\u00e4\u00e4n 1,0 g, hiilihydraatit - v\u00e4hint\u00e4\u00e4n 98,9 g. Energiasis\u00e4lt\u00f6 - enint\u00e4\u00e4n 400 kcal.<\/p>\n<h5>Varastointiolosuhteet<\/h5>\n<p>Voidaan s\u00e4ilytt\u00e4\u00e4 75 %:n suhteellisessa kosteudessa alle 30 \u00b0C:ssa.<\/p>\n<h5>S\u00e4ilyvyys<\/h5>\n<p>2 vuotta valmistusp\u00e4iv\u00e4st\u00e4. \u00c4l\u00e4 k\u00e4yt\u00e4 viimeisen k\u00e4ytt\u00f6p\u00e4iv\u00e4m\u00e4\u00e4r\u00e4n j\u00e4lkeen.<\/p>\n<p>Nettopaino - 500 g<\/p>\n<p>Bruttopaino - 547 g<\/p>","protected":false},"excerpt":{"rendered":"<p>Suotuisat vaikutukset <strong>Bacillus subtilis<\/strong> hy\u00f6dyllisi\u00e4 bakteereja, jotka syntyv\u00e4t p\u00e4\u00e4asiassa lis\u00e4\u00e4ntym\u00e4ll\u00e4 paksusuolessa:<\/p>\n<ul class=\"vetom-list\">\n<li>proteolyyttiset, amylolyyttiset ja sellulosolyyttiset entsyymit;<\/li>\n<li>a-2 interferoni ihmisen leukosyyteiss\u00e4;<\/li>\n<li>batsitrasiini mg, joka est\u00e4\u00e4 patogeenisen ja mahdollisesti patogeenisen mikroflooran kasvua ja kehityst\u00e4;<\/li>\n<li>ja muita biologisesti aktiivisia aineita.<\/li>\n<\/ul>\n<p>T\u00e4m\u00e4n seurauksena suolen sis\u00e4ll\u00f6n bakteerikoostumus muuttuu oikeaan kehitysnormiin, suolen sein\u00e4m\u00e4t puhdistetaan sulamattomista j\u00e4\u00e4mist\u00e4, mik\u00e4 edist\u00e4\u00e4 toksiinien aktiivista poistamista elimist\u00f6st\u00e4 ja biologisesti aktiivisten ravintoaineiden esteet\u00f6nt\u00e4 kuljetusta.<\/p>\n<div class=\"plashka\">A <strong>Vetom <span style=\"color: red;\">1.1<\/span><\/strong> normalisoi biologisesti aktiivisten ravintokomponenttien aineenvaihduntaa, ruoansulatusta ja imeytymist\u00e4 ruoansulatuskanavassa.<\/div>\n<p>Lapsiyst\u00e4v\u00e4llinen tuote, joka on herkullisen makea ja jota voi sy\u00f6d\u00e4 suun kautta sellaisenaan.<\/p>\n<p>A <strong>Vetom <span style=\"color: red;\">1.1<\/span><\/strong> lis\u00e4\u00e4 l\u00e4\u00e4kkeiden tehokkuutta ja v\u00e4hent\u00e4\u00e4 niiden kielteisi\u00e4 sivuvaikutuksia ihmiskehossa.<\/p>\n<p>Se ei ole l\u00e4\u00e4ke.<\/p>\n<div class=\"plashka\"><strong>Farmakologiset vaikutukset<\/strong>: immunomoduloiva, antiviraalinen, antiproliferatiivinen, bakterisidinen, fungisidinen, klamydiallista tautia ehk\u00e4isev\u00e4.<\/div>\n<h5>Ominaisuudet:<\/h5>\n<ul class=\"vetom-list\">\n<li>Sill\u00e4 on korkea antagonistinen aktiivisuus patogeenisi\u00e4 ja ehdollisesti patogeenisi\u00e4 sieni\u00e4 ja bakteereja vastaan, antiviraalisia, proteolyyttisi\u00e4, amy lytisi\u00e4 ja sellulolyyttisi\u00e4 ominaisuuksia.<\/li>\n<li>stimuloi solu- ja humoraalisia immuniteettitekij\u00f6it\u00e4.<\/li>\n<li>lis\u00e4\u00e4 kehon ep\u00e4spesifist\u00e4 vastustuskyky\u00e4<\/li>\n<li>vakauttaa allergiaresistenssi\u00e4<\/li>\n<li>normalisoi aineenvaihduntaa<\/li>\n<\/ul>","protected":false},"featured_media":5821,"comment_status":"open","ping_status":"closed","template":"","meta":[],"product_brand":[],"product_cat":[22],"product_tag":[],"class_list":{"0":"post-5820","1":"product","2":"type-product","3":"status-publish","4":"has-post-thumbnail","6":"product_cat-vetom-probiotikumok","8":"first","9":"instock","10":"featured","11":"taxable","12":"shipping-taxable","13":"purchasable","14":"product-type-simple"},"_links":{"self":[{"href":"https:\/\/vetomshop.hu\/fi\/wp-json\/wp\/v2\/product\/5820","targetHints":{"allow":["GET"]}}],"collection":[{"href":"https:\/\/vetomshop.hu\/fi\/wp-json\/wp\/v2\/product"}],"about":[{"href":"https:\/\/vetomshop.hu\/fi\/wp-json\/wp\/v2\/types\/product"}],"replies":[{"embeddable":true,"href":"https:\/\/vetomshop.hu\/fi\/wp-json\/wp\/v2\/comments?post=5820"}],"wp:featuredmedia":[{"embeddable":true,"href":"https:\/\/vetomshop.hu\/fi\/wp-json\/wp\/v2\/media\/5821"}],"wp:attachment":[{"href":"https:\/\/vetomshop.hu\/fi\/wp-json\/wp\/v2\/media?parent=5820"}],"wp:term":[{"taxonomy":"product_brand","embeddable":true,"href":"https:\/\/vetomshop.hu\/fi\/wp-json\/wp\/v2\/product_brand?post=5820"},{"taxonomy":"product_cat","embeddable":true,"href":"https:\/\/vetomshop.hu\/fi\/wp-json\/wp\/v2\/product_cat?post=5820"},{"taxonomy":"product_tag","embeddable":true,"href":"https:\/\/vetomshop.hu\/fi\/wp-json\/wp\/v2\/product_tag?post=5820"}],"curies":[{"name":"wp","href":"https:\/\/api.w.org\/{rel}","templated":true}]}}