{"id":6957,"date":"2025-07-26T15:40:40","date_gmt":"2025-07-26T13:40:40","guid":{"rendered":"https:\/\/vetomshop.hu\/?post_type=product&#038;p=6957"},"modified":"2025-12-31T14:57:45","modified_gmt":"2025-12-31T13:57:45","slug":"bioseptin-probiotikus-kenocs-60-g","status":"publish","type":"product","link":"https:\/\/vetomshop.hu\/fi\/tuote\/bioseptin-probiotikus-kenocs-60-g\/","title":{"rendered":"Bioseptin probioottinen voide <span style=\"color:red\">60<\/span> g"},"content":{"rendered":"<p><span style=\"font-size: x-large;\"><b>Bioseptin probioottinen voide 60 g<\/b><\/span><\/p>\n<p><span style=\"font-size: x-large;\">Bioseptin-salvalla on antiseptisi\u00e4, tulehdusta ehk\u00e4isevi\u00e4 ja proteiineja rikkovia ominaisuuksia. Se sis\u00e4lt\u00e4\u00e4 Bacillus subtilis ja Bacillus licheniformis -bakteerien iti\u00f6it\u00e4, jotka ovat tehokkaita monenlaisia taudinaiheuttajia vastaan. Ne tuhoavat haavan pinnalla olevia patogeenisi\u00e4 bakteereja sek\u00e4 happea vaativassa ett\u00e4 hapettomassa ymp\u00e4rist\u00f6ss\u00e4, erityisesti grampositiivisia tyyppej\u00e4. Ne auttavat hajottamaan kuollutta kudosta ja haitallisia bakteereja, est\u00e4v\u00e4t uusintatartunnan ja nopeuttavat haavan paranemista. Voide ei aiheuta \u00e4rsytyst\u00e4 eik\u00e4 allergisia reaktioita esiinny.<\/span><\/p>\n<p><span style=\"font-size: x-large;\"><b>Kokoonpano ja esitystapa:<\/b><\/span><\/p>\n<p><span style=\"font-size: x-large;\">Voide sis\u00e4lt\u00e4\u00e4 kahden bakteerikannan iti\u00f6it\u00e4 agar-pohjassa (geelim\u00e4isess\u00e4) ja etyylialkoholissa. Se ei sis\u00e4ll\u00e4 muuntogeenisi\u00e4 ainesosia. Jokainen gramma voidetta sis\u00e4lt\u00e4\u00e4 v\u00e4hint\u00e4\u00e4n miljoona el\u00e4v\u00e4\u00e4 bakteerisolua.<\/span><\/p>\n<p>Useat kansainv\u00e4liseen j\u00e4rjest\u00f6\u00f6n kuuluvat maat ovat yhdess\u00e4 asettaneet kosmeettisia valmisteita koskevan kauppakiellon (embargo), joten Bioseptin-salva on rekister\u00f6ity el\u00e4inl\u00e4\u00e4kkeeksi Unkarissa. .<\/p>\n<p><span style=\"font-size: x-large;\"><b>Kuinka k\u00e4ytt\u00e4\u00e4:<\/b><\/span><\/p>\n<p><span style=\"font-size: x-large;\">Sit\u00e4 levitet\u00e4\u00e4n ulkoisesti ohuesti vaurioituneelle ihoalueelle 1-2 kertaa p\u00e4iv\u00e4ss\u00e4, kunnes se on parantunut. K\u00e4sitelty\u00e4 aluetta ei tarvitse sitoa.<\/span><\/p>\n<p><span style=\"font-size: x-large;\"><b>Milloin ei pid\u00e4 k\u00e4ytt\u00e4\u00e4:<\/b><\/span><\/p>\n<p><span style=\"font-size: x-large;\">\u00a0 \u00a0Jos olet herkk\u00e4 jollekin t\u00e4m\u00e4n tuotteen ainesosalle, sit\u00e4 ei suositella. Sit\u00e4 ei my\u00f6sk\u00e4\u00e4n tule k\u00e4ytt\u00e4\u00e4 yhdess\u00e4 antibioottien, sulfonamidien tai muiden bakteeripohjaisten valmisteiden kanssa.<\/span><\/p>\n<p><span style=\"font-size: x-large;\"><b>T\u00e4rke\u00e4\u00e4 tietoa:<\/b><\/span><\/p>\n<p><span style=\"font-size: x-large;\"><span style=\"color: #127622;\"><b>Ihmisill\u00e4 voiteen k\u00e4ytt\u00f6:<\/b><\/span><\/span><\/p>\n<p><span style=\"font-size: large;\">Levit\u00e4 ohut kerros 1-2 kertaa p\u00e4iv\u00e4ss\u00e4 haavaan, kunnes haava on parantunut.<\/span><\/p>\n<p><span style=\"font-size: large;\">Yliannostus ei ole mahdollista.<\/span><\/p>\n<p><span style=\"font-size: x-large;\"><span style=\"color: #127622;\"><b>El\u00e4imille voiteen k\u00e4ytt\u00f6:<\/b><\/span><\/span><\/p>\n<p><span style=\"font-size: x-large;\">Kun el\u00e4imet on k\u00e4sitelty, niiden lihaa tai muita tuotteita (esim. munia, maitoa) voidaan k\u00e4ytt\u00e4\u00e4 elintarvikkeena ilman odotusaikaa, eli ne voidaan sy\u00f6d\u00e4 v\u00e4litt\u00f6m\u00e4sti.<\/span><\/p>\n<p><span style=\"font-size: x-large;\"><b>K\u00e4ytt\u00f6alueet:<\/b><\/span><\/p>\n<p><span style=\"font-size: x-large;\">Sit\u00e4 voidaan k\u00e4ytt\u00e4\u00e4 haavojen, infektoituneen tai kuolleen kudoksen, palovammojen ja ihotulehduksen hoitoon eri el\u00e4inlajeilla - koti-, maatila-, luonnonvaraisten ja turkisel\u00e4inten sek\u00e4 siipikarjan.<\/span><\/p>\n<p><span style=\"font-size: x-large;\"><b>Sivuvaikutukset:<\/b><\/span><\/p>\n<p><span style=\"font-size: x-large;\">Asianmukaisessa k\u00e4yt\u00f6ss\u00e4 haittavaikutukset ovat harvinaisia tai niit\u00e4 ei ole lainkaan.<\/span><\/p>\n<p><span style=\"font-size: x-large;\"><b>Varastointi :<\/b><\/span><\/p>\n<p><span style=\"font-size: x-large;\">Voidetta tulee s\u00e4ilytt\u00e4\u00e4 viile\u00e4ss\u00e4 (0-10 \u00b0C), kuivassa ja pime\u00e4ss\u00e4 paikassa lasten ja el\u00e4inten ulottumattomissa. Kuljetuksen aikana sen tulisi s\u00e4ily\u00e4 20 \u00b0C:ssa enint\u00e4\u00e4n 2 viikkoa. Voidaan k\u00e4ytt\u00e4\u00e4 2 vuoden ajan valmistusp\u00e4iv\u00e4st\u00e4.<\/span><\/p>","protected":false},"excerpt":{"rendered":"<p>A <strong>Bioseptin voide<\/strong> antiseptisi\u00e4, tulehdusta ehk\u00e4isevi\u00e4 ja proteolyyttisi\u00e4 ominaisuuksia. Se sis\u00e4lt\u00e4\u00e4 <strong>Bacillus subtilis<\/strong> ja <strong>Bacillus licheniformis<\/strong> bakteerien iti\u00f6t ovat tehokkaita monenlaisia taudinaiheuttajia vastaan. Ne tappavat haavan pinnalla olevia patogeenisi\u00e4 bakteereja riippumatta siit\u00e4, el\u00e4v\u00e4tk\u00f6 ne happea vaativassa vai hapettomassa ymp\u00e4rist\u00f6ss\u00e4, erityisesti grampositiiviset bakteerit. Ne auttavat hajottamaan kuollutta kudosta ja haitallisia bakteereja, est\u00e4v\u00e4t uusintatartunnan ja nopeuttavat haavan paranemista. Voide ei aiheuta \u00e4rsytyst\u00e4 eik\u00e4 allergisia reaktioita esiinny.<\/p>\n<div class=\"plashka\">\n<h5>Ominaisuudet ja vaikutusmekanismi:<br \/>\nBioseptin - voide, jolla on ihonhoito-, antiseptisi\u00e4, tulehdusta ehk\u00e4isevi\u00e4 ja proteolyyttisi\u00e4 ominaisuuksia.<\/h5>\n<\/div>","protected":false},"featured_media":6958,"comment_status":"open","ping_status":"closed","template":"","meta":[],"product_brand":[],"product_cat":[22],"product_tag":[],"class_list":{"0":"post-6957","1":"product","2":"type-product","3":"status-publish","4":"has-post-thumbnail","6":"product_cat-vetom-probiotikumok","8":"first","9":"outofstock","10":"taxable","11":"shipping-taxable","12":"purchasable","13":"product-type-simple"},"_links":{"self":[{"href":"https:\/\/vetomshop.hu\/fi\/wp-json\/wp\/v2\/product\/6957","targetHints":{"allow":["GET"]}}],"collection":[{"href":"https:\/\/vetomshop.hu\/fi\/wp-json\/wp\/v2\/product"}],"about":[{"href":"https:\/\/vetomshop.hu\/fi\/wp-json\/wp\/v2\/types\/product"}],"replies":[{"embeddable":true,"href":"https:\/\/vetomshop.hu\/fi\/wp-json\/wp\/v2\/comments?post=6957"}],"wp:featuredmedia":[{"embeddable":true,"href":"https:\/\/vetomshop.hu\/fi\/wp-json\/wp\/v2\/media\/6958"}],"wp:attachment":[{"href":"https:\/\/vetomshop.hu\/fi\/wp-json\/wp\/v2\/media?parent=6957"}],"wp:term":[{"taxonomy":"product_brand","embeddable":true,"href":"https:\/\/vetomshop.hu\/fi\/wp-json\/wp\/v2\/product_brand?post=6957"},{"taxonomy":"product_cat","embeddable":true,"href":"https:\/\/vetomshop.hu\/fi\/wp-json\/wp\/v2\/product_cat?post=6957"},{"taxonomy":"product_tag","embeddable":true,"href":"https:\/\/vetomshop.hu\/fi\/wp-json\/wp\/v2\/product_tag?post=6957"}],"curies":[{"name":"wp","href":"https:\/\/api.w.org\/{rel}","templated":true}]}}