{"id":7033,"date":"2025-08-19T14:24:55","date_gmt":"2025-08-19T12:24:55","guid":{"rendered":"https:\/\/vetomshop.hu\/?post_type=product&#038;p=7033"},"modified":"2025-10-21T17:32:52","modified_gmt":"2025-10-21T15:32:52","slug":"honey-vetom-biologiailag-aktiv-etrend-kiegeszito-60-ml","status":"publish","type":"product","link":"https:\/\/vetomshop.hu\/fi\/tuote\/honey-vetom-biologiailag-aktiv-etrend-kiegeszito-60-ml\/","title":{"rendered":"Honey Vetom - Biologisesti aktiivinen ravintolis\u00e4 <span style=\"color:red\">60<\/span> ml"},"content":{"rendered":"<p><span style=\"font-size: x-large;\"><b>Honey Vetom - Biologisesti aktiivinen ravintolis\u00e4 60 g<\/b><\/span><\/p>\n<h5><strong>Koostumus (1 annos = 10 g):<\/strong><\/h5>\n<p>* Luonnonhunaja: 8 g<\/p>\n<p>* Fermentoitu maissiuute (Bacillus subtilis VKPM B-10641:n kanssa): 1 g (sis\u00e4lt\u00e4\u00e4 1\u00d710\u2076 CFU\/g bakteeria).<\/p>\n<h5><strong>Ravintoarvo 10 g:ssa:<\/strong><\/h5>\n<ul class=\"vetom-list\">\n<li>\u00a0 * Rasvaa: 0 g<\/li>\n<li>\u00a0 * Hiilihydraatti: 8 g<\/li>\n<li>\u00a0 * Proteiinia: 0,08 g<\/li>\n<li>\u00a0 * Energia: 31,4 kcal<\/li>\n<\/ul>\n<h5><strong>Kuvaus:<\/strong><\/h5>\n<ul class=\"vetom-list\">\n<li>Hunajapohjainen, tiivis, homogeeninen aine.<\/li>\n<li>V\u00e4ri: voi vaihdella valkoisesta tummanruskeaan<\/li>\n<li>Koostumus: osittain tai kokonaan kiteytynyt.<\/li>\n<li>Tuoksu: miellytt\u00e4v\u00e4 hunajan tuoksu<\/li>\n<li>Maku: makea, ilman vierasta makua<\/li>\n<\/ul>\n<h5><strong>Annostelu:<\/strong><\/h5>\n<ul class=\"vetom-list\">\n<li>60 ml putki<\/li>\n<li>Pahvilaatikossa, jossa on pakkausseloste.<\/li>\n<\/ul>\n<h5><strong>Miksi sit\u00e4 suositellaan?<\/strong><\/h5>\n<ul class=\"vetom-list\">\n<li>Rikastettu probioottisten mikro-organismien biologisesti aktiivisilla aineilla.<\/li>\n<li>Tukee suolistoflooraa ja immuunij\u00e4rjestelm\u00e4n toimintaa<\/li>\n<li>My\u00f6s fruktoosin l\u00e4hde<\/li>\n<\/ul>\n<h5><strong>K\u00e4ytt\u00f6 ja annostus:<\/strong><\/h5>\n<p>Ei l\u00e4\u00e4ke<\/p>\n<ul class=\"vetom-list\">\n<li>Aikuiset: 3 kertaa p\u00e4iv\u00e4ss\u00e4, tasaisin v\u00e4liajoin, 10 p\u00e4iv\u00e4n ajan.<\/li>\n<li>Yksi annos: 10 g (noin 1 teelusikallinen).<\/li>\n<li>Voidaan ottaa ruoan kanssa tai ilman (ennen, aikana tai j\u00e4lkeen).<\/li>\n<li>Suositellaan toistettavaksi 3 kuukauden v\u00e4lein<\/li>\n<\/ul>\n<h5><strong>Varastointi:<\/strong><\/h5>\n<div class=\"plashka\">\n<p>* Kuiva, viile\u00e4 paikka* Suojattu auringonvalolta<\/p>\n<p>* Max. +20 \u00b0C:ssa<\/p>\n<p>* Avaamisen j\u00e4lkeen: voidaan k\u00e4ytt\u00e4\u00e4 12 kuukauden ajan.<\/p>\n<p>* Viimeinen k\u00e4ytt\u00f6p\u00e4iv\u00e4: 2 vuotta tuotannosta<\/p>\n<\/div>\n<p><strong>Varoitukset:<\/strong><\/p>\n<p><strong>Ei suositella:<\/strong><\/p>\n<ul>\n<li>Jos kyseess\u00e4 on yksil\u00f6llinen herkkyys tai allergia<\/li>\n<li>Raskaana oleville naisille, imett\u00e4ville naisille ja alle 18-vuotiaille.<\/li>\n<li>Diabeetikoille<\/li>\n<li>Sy\u00f6p\u00e4tapauksissa<\/li>\n<li>\u00c4l\u00e4 ylit\u00e4 suositeltua p\u00e4iv\u00e4annosta!<\/li>\n<li>Ota yhteys l\u00e4\u00e4k\u00e4riin ennen k\u00e4ytt\u00f6\u00e4<\/li>\n<\/ul>\n<p>Fruktoosipitoisuus (30 g p\u00e4iv\u00e4ss\u00e4):<\/p>\n<p>12 g fruktoosia, mik\u00e4 on 68,6% suositellusta p\u00e4ivitt\u00e4isest\u00e4 saannista (asetettujen standardien mukaan).<\/p>\n<p><strong>Markkinointitiedot:<\/strong><\/p>\n<p><strong>Valmistaja:<\/strong> OOO NPF Issledovatelsky Tsentr, Novosibirsk, Ven\u00e4j\u00e4<\/p>\n<p><strong>Jakelija:<\/strong> Cemmedic Europe Ltd., Zichy\u00fajfalu, Unkari<\/p>\n<p>+36305573846, vetomshop.hu@gmail.com<\/p>","protected":false},"excerpt":{"rendered":"<div class=\"plashka\">\n<h5><strong>Koostumus (1 annos = 10 g):<\/strong><\/h5>\n<p>- Luonnonhunaja: 8 g<br \/>\n- Fermentoitu maissiuute (Bacillus subtilis VKPM B-10641): 1 g (sis\u00e4lt\u00e4\u00e4 1\u00d710\u2076 CFU\/g bakteereita).<\/p>\n<\/div>\n<h5><strong>Kuvaus:<\/strong><\/h5>\n<ul class=\"vetom-list\">\n<li>Hunajapohjainen, tiivis, homogeeninen aine.<\/li>\n<li>V\u00e4ri: voi vaihdella valkoisesta tummanruskeaan<\/li>\n<li>Koostumus: osittain tai kokonaan kiteytynyt.<\/li>\n<li>Tuoksu: miellytt\u00e4v\u00e4 hunajan tuoksu<\/li>\n<li>Maku: makea, ilman vierasta makua<\/li>\n<\/ul>\n<div class=\"plashka\">\n<h5><strong>Miksi sit\u00e4 suositellaan?<\/strong><\/h5>\n<ul class=\"vetom-list\">\n<li>Rikastettu probioottisten mikro-organismien biologisesti aktiivisilla aineilla.<\/li>\n<li>Tukee suolistoflooraa ja immuunij\u00e4rjestelm\u00e4n toimintaa<\/li>\n<li>My\u00f6s fruktoosin l\u00e4hde<\/li>\n<\/ul>\n<\/div>","protected":false},"featured_media":7034,"comment_status":"open","ping_status":"closed","template":"","meta":[],"product_brand":[],"product_cat":[37,22],"product_tag":[],"class_list":{"0":"post-7033","1":"product","2":"type-product","3":"status-publish","4":"has-post-thumbnail","6":"product_cat-mezpaszta","7":"product_cat-vetom-probiotikumok","9":"first","10":"outofstock","11":"taxable","12":"shipping-taxable","13":"purchasable","14":"product-type-simple"},"_links":{"self":[{"href":"https:\/\/vetomshop.hu\/fi\/wp-json\/wp\/v2\/product\/7033","targetHints":{"allow":["GET"]}}],"collection":[{"href":"https:\/\/vetomshop.hu\/fi\/wp-json\/wp\/v2\/product"}],"about":[{"href":"https:\/\/vetomshop.hu\/fi\/wp-json\/wp\/v2\/types\/product"}],"replies":[{"embeddable":true,"href":"https:\/\/vetomshop.hu\/fi\/wp-json\/wp\/v2\/comments?post=7033"}],"wp:featuredmedia":[{"embeddable":true,"href":"https:\/\/vetomshop.hu\/fi\/wp-json\/wp\/v2\/media\/7034"}],"wp:attachment":[{"href":"https:\/\/vetomshop.hu\/fi\/wp-json\/wp\/v2\/media?parent=7033"}],"wp:term":[{"taxonomy":"product_brand","embeddable":true,"href":"https:\/\/vetomshop.hu\/fi\/wp-json\/wp\/v2\/product_brand?post=7033"},{"taxonomy":"product_cat","embeddable":true,"href":"https:\/\/vetomshop.hu\/fi\/wp-json\/wp\/v2\/product_cat?post=7033"},{"taxonomy":"product_tag","embeddable":true,"href":"https:\/\/vetomshop.hu\/fi\/wp-json\/wp\/v2\/product_tag?post=7033"}],"curies":[{"name":"wp","href":"https:\/\/api.w.org\/{rel}","templated":true}]}}