{"id":7358,"date":"2026-01-20T16:45:04","date_gmt":"2026-01-20T15:45:04","guid":{"rendered":"https:\/\/vetomshop.hu\/?post_type=product&#038;p=7358"},"modified":"2026-03-03T07:55:22","modified_gmt":"2026-03-03T06:55:22","slug":"vektor-animals-3-vetom-3-probiotikum-por-allatoknak-bacillus-amyloliquefaciens-1x50-g","status":"publish","type":"product","link":"https:\/\/vetomshop.hu\/fi\/tuote\/vektor-animals-3-vetom-3-probiotikum-por-allatoknak-bacillus-amyloliquefaciens-1x50-g\/","title":{"rendered":"Vektor Animals 3 (Vetom 3) - Probioottijauhe el\u00e4imille (Bacillus amyloliquefaciens). <span style=\"color:red\">1\u00d750 g<\/span>"},"content":{"rendered":"<h3>Vektor Animals 3 (Vetom 3) - Probiootti, jossa on erityinen bakteerikanta.<\/h3>\n<div class=\"plashka\">\n<p>Vetom 3 on luonnollinen probiootti, joka perustuu Bacillus amyloliquefaciens -bakteerikannan hy\u00f6dyllisiin vaikutuksiin. T\u00e4m\u00e4 bakteeri toimii p\u00e4\u00e4asiassa paksusuolessa, jossa se tuottaa entsyymej\u00e4 ja vaikuttavia aineita. N\u00e4it\u00e4 ovat mm:<\/p>\n<p>* tukahduttaa haitalliset (patogeeniset ja ehdollisesti patogeeniset) bakteerit ja sienet,<br \/>\n* auttavat poistamaan sulamatonta ainesta suolistosta,<br \/>\n* tukevat ravintoaineiden helpompaa ja parempaa imeytymist\u00e4,<br \/>\n* auttaa puhdistamaan kehoa.<\/p>\n<p>Vetom 3 auttaa palauttamaan suolistoflooran luonnollisen tasapainon, parantaa ruoansulatusta ja aineenvaihduntaa sek\u00e4 edist\u00e4\u00e4 ravintoaineiden tehokkaampaa hy\u00f6dynt\u00e4mist\u00e4.<\/p>\n<h2>Edut:<\/h2>\n<p>* Anti-bakteeriset ja anti-sieni ominaisuudet<br \/>\n* Antiviraalinen, entsyymit tuottava, ruoansulatuskanavan tuki<br \/>\n* Vahvistaa solu- ja humoraalista immuunivastetta.<br \/>\n* Lis\u00e4\u00e4 kehon vastustuskyky\u00e4<br \/>\n* Auttaa v\u00e4hent\u00e4m\u00e4\u00e4n allergisia reaktioita<br \/>\n* Tukee solujen uusiutumista, voi est\u00e4\u00e4 kasvainsolujen muodostumista.<br \/>\n* Parantaa muiden l\u00e4\u00e4kkeiden vaikutusta ja v\u00e4hent\u00e4\u00e4 niiden sivuvaikutuksia.<br \/>\n* Suojaa elimist\u00f6\u00e4 solutasolla, auttaa ehk\u00e4isem\u00e4\u00e4n kasvainten kehittymist\u00e4.<\/p>\n<h2>K\u00e4ytt\u00f6ehdotus:<\/h2>\n<p><strong>Suositeltu annostus:<\/strong><br \/>\n* 1 kapseli 2-3 kertaa p\u00e4iv\u00e4ss\u00e4 suositellaan 10 p\u00e4iv\u00e4n ajan, ennen ateriaa, aterian aikana tai sen j\u00e4lkeen, pienen nestem\u00e4\u00e4r\u00e4n (vesi, tee tai mehu) kera. Seuraa elimist\u00f6n vastetta hoidon aikana ja lis\u00e4\u00e4 annosta tarvittaessa asteittain 5-10 kapseliin p\u00e4iv\u00e4ss\u00e4.<\/p>\n<p>*Hoito voidaan toistaa milloin tahansa 1-2 viikon tauon j\u00e4lkeen. On suositeltavaa vuorotella aika ajoin toisenlaisen Vetom-tuotteen kanssa, jotta elimist\u00f6n ja suoliston terveytt\u00e4 voidaan tukea t\u00e4ysin.<\/p>\n<h2>T\u00e4rkeimm\u00e4t ominaisuudet:<\/h2>\n<p>*Ei sivuvaikutuksia<br \/>\n*Ei ik\u00e4rajoituksia<br \/>\n*Ei yliannostusta<br \/>\n*Ei riippuvuutta<\/p>\n<h2>K\u00e4ytt\u00f6alue:<\/h2>\n<p>Sit\u00e4 suositellaan biologisesti aktiivisena ravintolis\u00e4n\u00e4 parantamaan ruoansulatuskanavan tilaa ja palauttamaan suolistoflooran tasapaino.<\/p>\n<h2>Vasta-aiheet:<\/h2>\n<p>Tuotetta ei suositella, jos olet allerginen tai yliherkk\u00e4 jollekin sen ainesosalle.<\/p>\n<h2>T\u00e4rke\u00e4\u00e4 tietoa:<\/h2>\n<p>* K\u00e4yt\u00e4 raskauden ja imetyksen aikana vain l\u00e4\u00e4k\u00e4rin ohjeiden mukaan.<br \/>\n* Ei vaikuta ajamiseen tai vaarallisten koneiden k\u00e4ytt\u00f6\u00f6n.<\/p>\n<h2>Annostus ja koostumus:<\/h2>\n<p>* 10 kapselia l\u00e4pipainopakkauksissa, 5 pakkausta kartongissa (yhteens\u00e4 50 kapselia).<br \/>\n* Nettopaino: 0,1 kg<br \/>\n* Koko: 4,5 \u00d7 6,5 \u00d7 8 cm.<\/p>\n<h2>Yhden kapselin sis\u00e4lt\u00f6:<\/h2>\n<p>* maissiuute: 133 mg<br \/>\n* Perunat\u00e4rkkelys: 100 mg<br \/>\n* sakkaroosi (tomusokeri): 67 mg<br \/>\n* Bacillus amyloliquefaciens* -bakteeriviljelm\u00e4 (DSM 24613) - 30 mg (1\u00d710\u2079 CFU\/g).<\/p>\n<p>Vaihtoehtoinen vastaava tippamuodossa: Vetom 3.22 (10 ml).<\/p>\n<p>Alkuper\u00e4maa: <strong>Ven\u00e4j\u00e4<\/strong><\/p>\n<\/div>","protected":false},"excerpt":{"rendered":"<div class=\"plashka\">A <strong>Vektori el\u00e4imet <span style=\"color: red;\">3<\/span><\/strong> (Vetom 3) <strong>Bacillus amyloliquefaciens<\/strong> probiootti, joka sis\u00e4lt\u00e4\u00e4 iti\u00f6it\u00e4, jotka auttavat yll\u00e4pit\u00e4m\u00e4\u00e4n tervett\u00e4 ruoansulatusj\u00e4rjestelm\u00e4\u00e4 ja vahvistavat immuunij\u00e4rjestelm\u00e4\u00e4.<\/div>\n<h5>T\u00e4rkeimm\u00e4t edut:<\/h5>\n<ul class=\"vetom-list\">\n<li><strong>Suolistoflooran suojelu:<\/strong> Erityisen tehokas antibioottikuurien j\u00e4lkeen.<\/li>\n<li><strong>Laaja kirjo:<\/strong> Sit\u00e4 voidaan antaa kaikille el\u00e4inlajeille kaloista hevosiin.<\/li>\n<li><strong>Taloudellinen:<\/strong> Se parantaa rehun hyv\u00e4ksik\u00e4ytt\u00f6\u00e4 ja v\u00e4hent\u00e4\u00e4 tautiriski\u00e4.<\/li>\n<li><strong>Se on turvallista:<\/strong> T\u00e4ysin luonnollinen, ilman sivuvaikutuksia.<\/li>\n<\/ul>","protected":false},"featured_media":7359,"comment_status":"open","ping_status":"closed","template":"","meta":[],"product_brand":[],"product_cat":[38,41],"product_tag":[],"class_list":{"0":"post-7358","1":"product","2":"type-product","3":"status-publish","4":"has-post-thumbnail","6":"product_cat-vektor-animals-vetom","7":"product_cat-vektor-animals-3","9":"first","10":"instock","11":"featured","12":"taxable","13":"shipping-taxable","14":"purchasable","15":"product-type-simple"},"_links":{"self":[{"href":"https:\/\/vetomshop.hu\/fi\/wp-json\/wp\/v2\/product\/7358","targetHints":{"allow":["GET"]}}],"collection":[{"href":"https:\/\/vetomshop.hu\/fi\/wp-json\/wp\/v2\/product"}],"about":[{"href":"https:\/\/vetomshop.hu\/fi\/wp-json\/wp\/v2\/types\/product"}],"replies":[{"embeddable":true,"href":"https:\/\/vetomshop.hu\/fi\/wp-json\/wp\/v2\/comments?post=7358"}],"wp:featuredmedia":[{"embeddable":true,"href":"https:\/\/vetomshop.hu\/fi\/wp-json\/wp\/v2\/media\/7359"}],"wp:attachment":[{"href":"https:\/\/vetomshop.hu\/fi\/wp-json\/wp\/v2\/media?parent=7358"}],"wp:term":[{"taxonomy":"product_brand","embeddable":true,"href":"https:\/\/vetomshop.hu\/fi\/wp-json\/wp\/v2\/product_brand?post=7358"},{"taxonomy":"product_cat","embeddable":true,"href":"https:\/\/vetomshop.hu\/fi\/wp-json\/wp\/v2\/product_cat?post=7358"},{"taxonomy":"product_tag","embeddable":true,"href":"https:\/\/vetomshop.hu\/fi\/wp-json\/wp\/v2\/product_tag?post=7358"}],"curies":[{"name":"wp","href":"https:\/\/api.w.org\/{rel}","templated":true}]}}