{"id":7360,"date":"2026-01-19T16:48:29","date_gmt":"2026-01-19T15:48:29","guid":{"rendered":"https:\/\/vetomshop.hu\/?post_type=product&#038;p=7360"},"modified":"2026-03-03T07:54:36","modified_gmt":"2026-03-03T06:54:36","slug":"vektor-animals-3-vetom-3-probiotikum-por-allatoknak-bacillus-amyloliquefaciens-1x5-g","status":"publish","type":"product","link":"https:\/\/vetomshop.hu\/fi\/tuote\/vektor-animals-3-vetom-3-probiotikum-por-allatoknak-bacillus-amyloliquefaciens-1x5-g\/","title":{"rendered":"Vektor Animals 3 (Vetom 3) - Probioottijauhe el\u00e4imille (Bacillus amyloliquefaciens). <span style=\"color:red\">1\u00d75 g<\/span>"},"content":{"rendered":"<h3>Vektor Animals 3 (Vetom 3) - Probiootti, jossa on erityinen bakteerikanta.<\/h3>\n<div class=\"plashka\">A <strong>Vektori el\u00e4imet <span style=\"color: red;\">3<\/span><\/strong> (Vetom 3) on probioottinen valmiste, joka <strong>Bacillus amyloliquefaciens<\/strong> (VKPM B-10642) palauttaa suolistoflooran tasapainon bakteerikannan voimalla. Yleisk\u00e4ytt\u00f6inen kaikille el\u00e4inlajeille, my\u00f6s mehil\u00e4isille ja akvaariokaloille.<\/div>\n<h5>Vaikuttava aine ja vaikutusmekanismi<\/h5>\n<p>Se perustuu erityiseen iti\u00f6it\u00e4 muodostavaan bakteeriin:<\/p>\n<ul class=\"vetom-list\">\n<li><strong>Bacillus amyloliquefaciens<\/strong> VKPM B-10642 (DSM 24614)<\/li>\n<\/ul>\n<p>T\u00e4m\u00e4 kanta on aktiivinen paksusuolessa tuottaen proteolyyttisi\u00e4, amylolyyttisi\u00e4 ja sellulolyyttisi\u00e4 entsyymej\u00e4, jotka auttavat hajottamaan ja absorboimaan ravintoaineita ja est\u00e4v\u00e4t patogeenien lis\u00e4\u00e4ntymist\u00e4.<\/p>\n<h5>Milloin sen k\u00e4ytt\u00f6\u00e4 suositellaan?<\/h5>\n<p>Tuote on erinomainen ennaltaehk\u00e4isev\u00e4 ja t\u00e4ydent\u00e4v\u00e4 hoito:<\/p>\n<ul class=\"vetom-list\">\n<li><strong>Antibioottikuurin j\u00e4lkeen:<\/strong> L\u00e4\u00e4kkeiden vaurioittaman suolistoflooran elvytt\u00e4minen.<\/li>\n<li><strong>Ruoansulatush\u00e4iri\u00f6ihin:<\/strong> Ripulin, dysbioosin tai rehunvaihdon aiheuttaman stressin yhteydess\u00e4.<\/li>\n<li><strong>Immuunij\u00e4rjestelm\u00e4n vahvistaminen:<\/strong> Rokotusten ja l\u00e4\u00e4kehoitojen tehokkuuden lis\u00e4\u00e4minen.<\/li>\n<li><strong>Tuotannon maksimointi:<\/strong> Parantaa painonnousua ja rehun muuntokyky\u00e4 kotiel\u00e4imiss\u00e4.<\/li>\n<li><strong>Mehil\u00e4isiss\u00e4:<\/strong> Lis\u00e4t\u00e4 pes\u00e4kkeiden vastustuskyky\u00e4 ja v\u00e4hent\u00e4\u00e4 infektioiden aiheuttamaa kuolleisuutta.<\/li>\n<\/ul>\n<h5>Kohde-el\u00e4imet<\/h5>\n<p>Laajasti sovellettavissa:<\/p>\n<ul class=\"vetom-list\">\n<li><strong>Lemmikit:<\/strong> Koirat, kissat, jyrsij\u00e4t.<\/li>\n<li><strong>Hy\u00f6dyllisi\u00e4 el\u00e4imi\u00e4:<\/strong> Nautakarja, siat, lampaat, vuohet, hevoset, siipikarja.<\/li>\n<li><strong>Eksoottiset el\u00e4imet:<\/strong> Matelijat, sammakkoel\u00e4imet, koristekalat (veteen liuotettuna).<\/li>\n<\/ul>\n<h5>Annostussuositus<\/h5>\n<p>Jauhe on sekoitettava veteen, rehuun tai esiseokseen. <strong>Perusannos: 50 mg\/kg elopainoa.<\/strong><\/p>\n<ul class=\"vetom-list\">\n<li><strong>Ennaltaehk\u00e4isy (parannuskeino):<\/strong> 1 kerran p\u00e4iv\u00e4ss\u00e4 15-20 p\u00e4iv\u00e4n ajan. Toista 3-4 kertaa vuodessa.<\/li>\n<li><strong>Terapia:<\/strong> 2 kertaa p\u00e4iv\u00e4ss\u00e4 (8-10 tunnin v\u00e4lein), kunnes oireet h\u00e4vi\u00e4v\u00e4t. Vaikeissa tapauksissa tiheytt\u00e4 voidaan lis\u00e4t\u00e4 4 kertaa p\u00e4iv\u00e4ss\u00e4 (6 tunnin v\u00e4lein).<\/li>\n<li><strong>Immuunipuutoksen korjaaminen:<\/strong> 1-2 kertaa p\u00e4iv\u00e4ss\u00e4 5-10 p\u00e4iv\u00e4n ajan.<\/li>\n<li><strong>Ryhm\u00e4annostelu:<\/strong> 15 000 annosta rehutonnia kohti.<\/li>\n<\/ul>\n<h5>T\u00e4rke\u00e4\u00e4 tietoa<\/h5>\n<ul class=\"vetom-list\">\n<li>Ei aiheuta vastustuskyky\u00e4 tai tottumista.<\/li>\n<li>Yliannostuksen oireita ei tunneta.<\/li>\n<li>Ruokaa ei tarvitse odottaa.<\/li>\n<\/ul>","protected":false},"excerpt":{"rendered":"<div class=\"plashka\">A <strong>Vektori el\u00e4imet <span style=\"color: red;\">3<\/span><\/strong> (Vetom 3) <strong>Bacillus amyloliquefaciens<\/strong> probiootti, joka sis\u00e4lt\u00e4\u00e4 iti\u00f6it\u00e4, jotka auttavat yll\u00e4pit\u00e4m\u00e4\u00e4n tervett\u00e4 ruoansulatusj\u00e4rjestelm\u00e4\u00e4 ja vahvistavat immuunij\u00e4rjestelm\u00e4\u00e4.<\/div>\n<h5>T\u00e4rkeimm\u00e4t edut:<\/h5>\n<ul class=\"vetom-list\">\n<li><strong>Suolistoflooran suojelu:<\/strong> Erityisen tehokas antibioottikuurien j\u00e4lkeen.<\/li>\n<li><strong>Laaja kirjo:<\/strong> Sit\u00e4 voidaan antaa kaikille el\u00e4inlajeille kaloista hevosiin.<\/li>\n<li><strong>Taloudellinen:<\/strong> Se parantaa rehun hyv\u00e4ksik\u00e4ytt\u00f6\u00e4 ja v\u00e4hent\u00e4\u00e4 tautiriski\u00e4.<\/li>\n<li><strong>Se on turvallista:<\/strong> T\u00e4ysin luonnollinen, ilman sivuvaikutuksia.<\/li>\n<\/ul>","protected":false},"featured_media":7359,"comment_status":"open","ping_status":"closed","template":"","meta":[],"product_brand":[],"product_cat":[38,41],"product_tag":[],"class_list":{"0":"post-7360","1":"product","2":"type-product","3":"status-publish","4":"has-post-thumbnail","6":"product_cat-vektor-animals-vetom","7":"product_cat-vektor-animals-3","9":"first","10":"instock","11":"featured","12":"taxable","13":"shipping-taxable","14":"purchasable","15":"product-type-simple"},"_links":{"self":[{"href":"https:\/\/vetomshop.hu\/fi\/wp-json\/wp\/v2\/product\/7360","targetHints":{"allow":["GET"]}}],"collection":[{"href":"https:\/\/vetomshop.hu\/fi\/wp-json\/wp\/v2\/product"}],"about":[{"href":"https:\/\/vetomshop.hu\/fi\/wp-json\/wp\/v2\/types\/product"}],"replies":[{"embeddable":true,"href":"https:\/\/vetomshop.hu\/fi\/wp-json\/wp\/v2\/comments?post=7360"}],"wp:featuredmedia":[{"embeddable":true,"href":"https:\/\/vetomshop.hu\/fi\/wp-json\/wp\/v2\/media\/7359"}],"wp:attachment":[{"href":"https:\/\/vetomshop.hu\/fi\/wp-json\/wp\/v2\/media?parent=7360"}],"wp:term":[{"taxonomy":"product_brand","embeddable":true,"href":"https:\/\/vetomshop.hu\/fi\/wp-json\/wp\/v2\/product_brand?post=7360"},{"taxonomy":"product_cat","embeddable":true,"href":"https:\/\/vetomshop.hu\/fi\/wp-json\/wp\/v2\/product_cat?post=7360"},{"taxonomy":"product_tag","embeddable":true,"href":"https:\/\/vetomshop.hu\/fi\/wp-json\/wp\/v2\/product_tag?post=7360"}],"curies":[{"name":"wp","href":"https:\/\/api.w.org\/{rel}","templated":true}]}}