{"id":389,"date":"2019-11-07T12:36:23","date_gmt":"2019-11-07T12:36:23","guid":{"rendered":"https:\/\/vetomshop.hu\/my-account\/"},"modified":"2024-03-06T15:55:51","modified_gmt":"2024-03-06T14:55:51","slug":"sajat-fiok","status":"publish","type":"page","link":"https:\/\/vetomshop.hu\/fr\/sajat-fiok\/","title":{"rendered":"Mon compte"},"content":{"rendered":"<div class=\"su-spoiler su-spoiler-style-fancy su-spoiler-icon-chevron su-spoiler-closed\" data-scroll-offset=\"0\" data-anchor-in-url=\"no\"><div class=\"su-spoiler-title\" tabindex=\"0\" role=\"button\"><span class=\"su-spoiler-icon\"><\/span> Livraison et paiement<\/div><div class=\"su-spoiler-content su-u-clearfix su-u-trim\">\n<h2>Re\u00e7u personnel<\/h2>\n<p style=\"padding-left: 40px;\">8112, Zichy\u00fajfalu, Kast\u00e9lykert 1<\/p>\n<p style=\"padding-left: 40px;\">P\u00e9riode de collecte personnelle : sur rendez-vous uniquement aux coordonn\u00e9es suivantes<\/p>\n<ul>\n<li style=\"list-style-type: none;\">\n<ul>\n<li><strong>T\u00e9l\u00e9phone<\/strong>:\u00a0<a href=\"http:\/\/Tel:+36305573846\" target=\"_blank\" rel=\"noopener noreferrer nofollow\">+36305573846<\/a> Tam\u00e1s Pap<\/li>\n<li><strong>Courriel-1<\/strong>: i<a href=\"mailto:infoshop.vetom.magyarorszag@gmail.com\" target=\"_blank\" rel=\"noopener\">nfoshop.vetom.magyarorszag@<wbr \/>gmail.com<\/a><\/li>\n<li><strong>Courriel 2<\/strong>:\u00a0 <a href=\"mailto:vetomshop.hu@gmail.com\" target=\"_blank\" rel=\"noopener\">vetomshop.hu@gmail.com<\/a><\/li>\n<li>ou aupr\u00e8s de nos partenaires nationaux, dont les coordonn\u00e9es figurent sur notre site Internet<\/li>\n<\/ul>\n<\/li>\n<\/ul>\n<h2><span style=\"color: #ff0000;\">Livraison :<\/span><\/h2>\n<p>Dans notre boutique, vous pouvez choisir parmi les options de livraison et de paiement suivantes :<\/p>\n<p style=\"padding-left: 40px;\"><span style=\"color: #339966;\"><strong>Service de messagerie GLS<\/strong><\/span> et <span style=\"color: #339966;\"><strong>Machine \u00e0 colis Foxpost<\/strong><\/span><\/p>\n<p style=\"padding-left: 40px;\"><em><strong>30.000<\/strong> Livraison gratuite \u00e0 partir d'un montant de commande de HUF !<\/em><\/p>\n<h2><span style=\"color: #008000;\">Service de messagerie GLS :<\/span><\/h2>\n<p>Pour les commandes pass\u00e9es aupr\u00e8s de GLS ParcelPoint, vous pouvez payer en esp\u00e8ces ou par carte de cr\u00e9dit dans certains points de vente (v\u00e9rifiez \u00e0 l'avance aupr\u00e8s du ParcelPoint). <b>Si vous demandez une livraison \u00e0 un GLS ParcelService ou GLS ParcelPoint, vous devez entrer l'adresse de la machine \u00e0 colis dans le champ de l'adresse de livraison.<\/b><\/p>\n<ul>\n<li>Lorsque le colis est exp\u00e9di\u00e9, le syst\u00e8me de GLS Courier informe le destinataire par e-mail que le colis sera livr\u00e9 le jour ouvrable suivant. L'e-mail contiendra le num\u00e9ro du colis et le montant de l'\u00e9ventuel contre-remboursement. Le matin du jour de la livraison, le destinataire recevra une notification contenant le num\u00e9ro de t\u00e9l\u00e9phone du coursier, le num\u00e9ro de t\u00e9l\u00e9phone du Service Client de GLS et un cr\u00e9neau horaire de 3 heures pour la livraison attendue. En cas d'\u00e9chec de la livraison, une notification par courrier \u00e9lectronique sera envoy\u00e9e au destinataire.<\/li>\n<li><b>Recherche GLS ParcelSpot :<\/b> <a href=\"https:\/\/gls-group.com\/HU\/hu\/depo-csomagpont-kereses\" target=\"_blank\" rel=\"noopener noreferrer nofollow\">https:\/\/gls-group.com\/HU\/hu\/depo-csomagpont-kereses<\/a><br \/>\n<b>D\u00e9lai de livraison :<\/b> 1-3 jours ouvrables<br \/>\n<b>Frais de livraison :<\/b> 1590, - Ft,<br \/>\n<strong>Paiement :<\/strong> Pr\u00e9paiement (0,- Ft) ou Postpaiement, qui co\u00fbte + 400, - Ft<\/li>\n<\/ul>\n<p>Ces prix ne s'appliquent qu'aux livraisons en Hongrie. Si vous souhaitez envoyer votre colis \u00e0 l'\u00e9tranger, veuillez nous contacter directement par courrier \u00e9lectronique avant ou apr\u00e8s avoir pass\u00e9 votre commande pour conna\u00eetre les frais d'exp\u00e9dition.<\/p>\n<h2><span style=\"color: #008000;\">Service de messagerie FOXPOST :<\/span><\/h2>\n<p>Vous pouvez \u00e9galement demander une livraison \u00e0 un distributeur de colis Foxpost dans notre magasin.<\/p>\n<p style=\"padding-left: 40px;\"><a href=\"https:\/\/foxpost.hu\/csomagautomatak\" target=\"_blank\" rel=\"noopener noreferrer nofollow\" data-saferedirecturl=\"https:\/\/www.google.com\/url?q=https:\/\/foxpost.hu\/csomagautomatak&amp;source=gmail&amp;ust=1709714712502000&amp;usg=AOvVaw1Y_RPFbUPlHU38HiM-T9Re\">https:\/\/foxpost.hu\/<wbr \/>coffre de voiture<\/a><\/p>\n<p><strong>Si vous demandez une livraison \u00e0 un distributeur de colis Foxpost, vous devez indiquer l'adresse du distributeur de colis dans le champ adresse de livraison.<\/strong><\/p>\n<h3>Modes de paiement :<\/h3>\n<p><strong>D\u00e9lai de livraison :<\/strong> 1-3 jours ouvrables<br \/>\n<strong>Frais de livraison :<\/strong> 1390, - Ft,<br \/>\n<strong>Paiement :<\/strong> Pr\u00e9paiement (0, - Ft) ou Postpaiement, qui co\u00fbte +350, - Ft<\/p>\n<h3>Modes de paiement :<\/h3>\n<h4 style=\"padding-left: 40px;\">Suivi<\/h4>\n<p>Si vous choisissez le mode de paiement contre remboursement, le paiement est effectu\u00e9 au point de r\u00e9ception (coursier ou point postal\/point d'emballage). Ce mode de paiement comporte des frais de traitement, nous facturons donc un suppl\u00e9ment de 350 ou 400 HUF par colis en plus des frais de livraison de base. En cas de paiement en esp\u00e8ces, veuillez vous munir du montant exact, car le coursier n'a pas toujours la monnaie n\u00e9cessaire.<\/p>\n<h4 style=\"padding-left: 40px;\">Virement bancaire \u00e0 l'avance<\/h4>\n<p>Si vous choisissez de payer par virement bancaire \u00e0 l'avance, nous vous enverrons une facture par courrier \u00e9lectronique apr\u00e8s v\u00e9rification des stocks, qui contiendra les d\u00e9tails requis pour le virement et le montant exact final. Nous vous prions de bien vouloir virer le prix d'achat sur notre compte bancaire dans les 72 heures suivant l'envoi de la facture, faute de quoi votre commande sera consid\u00e9r\u00e9e comme nulle. Nous vous rappelons de ne pas initier le virement bancaire avant que la facture ne soit arriv\u00e9e dans votre bo\u00eete aux lettres ! Les d\u00e9tails n\u00e9cessaires au virement sont inclus dans la facture \u00e9mise.<\/p>\n<h4 style=\"padding-left: 40px;\">Veuillez \u00e9galement noter ce qui suit :<\/h4>\n<p>Vous serez inform\u00e9 par courrier \u00e9lectronique de l'exp\u00e9dition et de l'arriv\u00e9e pr\u00e9vue de votre colis. Veuillez donc consulter r\u00e9guli\u00e8rement votre bo\u00eete de r\u00e9ception apr\u00e8s avoir pass\u00e9 votre commande afin d'\u00e9viter tout malentendu ou d\u00e9sagr\u00e9ment. Si vous constatez des irr\u00e9gularit\u00e9s dans votre commande, veuillez nous contacter \u00e0 l'adresse suivante <a href=\"mailto:vetomshop.hu@gmail.com\" target=\"_blank\" rel=\"noopener\">vetomshop.hu@gmail.com<\/a> \u00e0. Lorsque vous passez votre commande, veillez \u00e0 indiquer correctement votre nom, votre adresse, votre adresse \u00e9lectronique et votre num\u00e9ro de t\u00e9l\u00e9phone. Le livreur de colis peut ne pas \u00eatre familiaris\u00e9 avec les sp\u00e9cificit\u00e9s locales, veuillez donc fournir des informations suppl\u00e9mentaires pour faciliter la livraison si n\u00e9cessaire. Si la livraison \u00e9choue par votre faute, nous ne pourrons remettre le colis au transporteur qu'apr\u00e8s avoir pay\u00e9 \u00e0 nouveau les frais de livraison. Il est important que si le colis est visiblement endommag\u00e9 ou ouvert, vous ne preniez pas la livraison et que vous nous en informiez d\u00e8s que possible.<\/p>\n<\/div><\/div>\n<div class=\"woocommerce\"><\/div>","protected":false},"excerpt":{"rendered":"Sz\u00e1ll\u00edt\u00e1s \u00e9s fizet\u00e9s Szem\u00e9lyes \u00e1tv\u00e9tel 8112, Zichy\u00fajfalu, Kast\u00e9lykert 1 A szem\u00e9lyes \u00e1tv\u00e9tel ideje: kiz\u00e1r\u00f3lag el\u0151zetes egyeztet\u00e9ssel a k\u00f6vetkez\u0151 el\u00e9rhet\u0151s\u00e9geken Telefon:\u00a0+36305573846 Pap Tam\u00e1s Email-1: infoshop.vetom.magyarorszag@gmail.com Email-2:\u00a0 vetomshop.hu@gmail.com vagy orsz\u00e1gszerte a partnereinkt\u0151l, melyeknek el\u00e9rhet\u0151s\u00e9g\u00fck a weboldalunkon is megtal\u00e1lhat\u00f3 Kisz\u00e1ll\u00edt\u00e1s: \u00c1ruh\u00e1zunkban az al\u00e1bbi kisz\u00e1ll\u00edt\u00e1si \u00e9s fizet\u00e9si lehet\u0151s\u00e9gek k\u00f6z\u00fcl v\u00e1laszthat: GLS fut\u00e1rszolg\u00e1lat \u00e9s Foxpost csomagautomata 30.000 Forint rendel\u00e9si \u00e9rt\u00e9k [...]","protected":false},"author":1,"featured_media":0,"parent":0,"menu_order":0,"comment_status":"closed","ping_status":"closed","template":"","meta":{"footnotes":""},"class_list":["post-389","page","type-page","status-publish","hentry"],"_links":{"self":[{"href":"https:\/\/vetomshop.hu\/fr\/wp-json\/wp\/v2\/pages\/389","targetHints":{"allow":["GET"]}}],"collection":[{"href":"https:\/\/vetomshop.hu\/fr\/wp-json\/wp\/v2\/pages"}],"about":[{"href":"https:\/\/vetomshop.hu\/fr\/wp-json\/wp\/v2\/types\/page"}],"author":[{"embeddable":true,"href":"https:\/\/vetomshop.hu\/fr\/wp-json\/wp\/v2\/users\/1"}],"replies":[{"embeddable":true,"href":"https:\/\/vetomshop.hu\/fr\/wp-json\/wp\/v2\/comments?post=389"}],"version-history":[{"count":0,"href":"https:\/\/vetomshop.hu\/fr\/wp-json\/wp\/v2\/pages\/389\/revisions"}],"wp:attachment":[{"href":"https:\/\/vetomshop.hu\/fr\/wp-json\/wp\/v2\/media?parent=389"}],"curies":[{"name":"wp","href":"https:\/\/api.w.org\/{rel}","templated":true}]}}