{"id":5809,"date":"2024-06-16T14:36:41","date_gmt":"2024-06-16T12:36:41","guid":{"rendered":"https:\/\/vetomshop.hu\/?page_id=5809"},"modified":"2025-02-17T22:00:25","modified_gmt":"2025-02-17T21:00:25","slug":"kulfoldi-csomagszallitas","status":"publish","type":"page","link":"https:\/\/vetomshop.hu\/fr\/kulfoldi-csomagszallitas\/","title":{"rendered":"Livraison de colis internationaux"},"content":{"rendered":"<h3 style=\"text-align: center;\"><span style=\"color: #bf1919; font-size: 27px;\">Notre soci\u00e9t\u00e9 s'occupe de la vente en gros et au d\u00e9tail, tant au niveau national qu'international !<\/span><\/h3>\n<div class=\"wp-image-5837\" style=\"float: right; margin-left: 0px; margin-bottom: 1em; margin-top: 15px; padding: 0;\">\n<p><img loading=\"lazy\" decoding=\"async\" src=\"https:\/\/vetomshop.hu\/wp-content\/uploads\/2024\/06\/szalitasa.png\" alt=\"K\u00fclf\u00f6ldi csomagsz\u00e1ll\u00edt\u00e1s. A Vetom probioticum nemzetk\u00f6zi sz\u00e1ll\u00edt\u00e1sa\" width=\"788\" height=\"444\" \/><\/p>\n<div style=\"text-align: center; font-size: 18px; line-height: 1.1em; margin-top: -15px; padding-top: 0;\"><b>Livraison internationale du probiotique Vetom<\/b><\/div>\n<\/div>\n<h3>Transport international :<\/h3>\n<ul class=\"country-list\">\n<li>Autriche<\/li>\n<li>Belgique<\/li>\n<li>Pays-Bas<\/li>\n<li>Croatie<\/li>\n<li>France<\/li>\n<li>Allemagne<\/li>\n<li>Italie<\/li>\n<li>Roumanie<\/li>\n<li>Espagne<\/li>\n<li>Suisse<\/li>\n<li>Ukraine<\/li>\n<li>Vers les autres pays<\/li>\n<\/ul>\n<div style=\"clear: both;\"><\/div>\n<ul style=\"list-style: none;\">\n<li>\u00e0 une adresse \u00e0 l'\u00e9tranger sur la base d'un tarif de livraison individuel et <span style=\"color: #bf0404;\">Nous ne livrons qu'apr\u00e8s avoir re\u00e7u un virement bancaire \u00e0 l'avance.<\/span>.<\/li>\n<li>Si le produit que vous avez command\u00e9 n'arrive pas \u00e0 la date pr\u00e9vue, veuillez contacter notre service client\u00e8le afin que nous puissions r\u00e9gler le probl\u00e8me imm\u00e9diatement.<\/li>\n<li>Nous sommes \u00e9galement heureux de vous aider pour les livraisons dans d'autres pays, veuillez nous contacter. Vos demandes de renseignements sont les bienvenues.<\/li>\n<\/ul>\n<h3 style=\"text-align: center; color: #bf1919; font-size: 28px;\">Je vends des probiotiques Vetom avec une livraison internationale !<\/h3>\n<p style=\"text-align: justify; font-size: 25px;\">Notre soci\u00e9t\u00e9 est engag\u00e9e dans le commerce de gros et de d\u00e9tail sur les march\u00e9s nationaux et internationaux ! Nous livrons \u00e0 des adresses \u00e0 l'\u00e9tranger sur la base des frais d'exp\u00e9dition individuels et uniquement apr\u00e8s un virement bancaire pr\u00e9alable. Si l'article command\u00e9 n'arrive pas dans les d\u00e9lais pr\u00e9vus, veuillez contacter notre \u00e9quipe d'assistance afin que nous puissions r\u00e9soudre le probl\u00e8me imm\u00e9diatement.<br \/>\nNous sommes \u00e9galement heureux de vous aider \u00e0 exp\u00e9dier vos produits vers d'autres pays. Dans ce cas, veuillez nous contacter : <strong>vetomshop.hu@gmail.com<\/strong>.<\/p>\n<p style=\"text-align: center; font-size: 27px; color: #bf1919;\"><strong>Nous attendons vos commandes avec impatience !<\/strong><\/p>\n<div class=\"logo-posta\"><img decoding=\"async\" class=\"alignnone size-full wp-image-5757\" src=\"https:\/\/vetomshop.hu\/wp-content\/uploads\/2024\/06\/gls_logo.jpg\" alt=\"\" width=\"250\" \/><br \/>\n<img decoding=\"async\" class=\"alignnone size-full wp-image-5758\" src=\"https:\/\/vetomshop.hu\/wp-content\/uploads\/2024\/08\/tnt_logo.jpg\" alt=\"\" width=\"250\" \/><br \/>\n<img decoding=\"async\" class=\"alignnone size-full wp-image-5760\" src=\"https:\/\/vetomshop.hu\/wp-content\/uploads\/2024\/08\/dpd_logo.jpg\" alt=\"\" width=\"250\" \/><br \/>\n<img decoding=\"async\" class=\"alignnone size-full wp-image-5759\" src=\"https:\/\/vetomshop.hu\/wp-content\/uploads\/2024\/06\/packeta_logo.jpg\" alt=\"\" width=\"250\" \/><\/div>","protected":false},"excerpt":{"rendered":"<p>C\u00e9g\u00fcnk Kis \u00e9s Nagykereskedelemmel foglalkozik Belf\u00f6ld\u00f6n \u00e9s K\u00fclf\u00f6ld\u00f6n egyar\u00e1nt! A Vetom probioticum nemzetk\u00f6zi sz\u00e1ll\u00edt\u00e1sa K\u00fclf\u00f6ldi sz\u00e1ll\u00edt\u00e1s: Ausztria Belgium Hollandia Horv\u00e1torsz\u00e1g Franciaorsz\u00e1g N\u00e9metorsz\u00e1g Olaszorsz\u00e1g Rom\u00e1nia Spanyolorsz\u00e1g Sv\u00e1jc Ukrajna Egy\u00e9b orszagokba K\u00fclf\u00f6ldi c\u00edmre egyedi sz\u00e1ll\u00edt\u00e1si d\u00edj meg\u00e1llap\u00edt\u00e1sa alapj\u00e1n \u00e9s kiz\u00e1r\u00f3lag Banki el\u0151re utal\u00e1st k\u00f6vet\u0151en sz\u00e1ll\u00edtjuk ki. Amennyiben a megrendelt Term\u00e9k nem \u00e9rkezik meg \u00d6nh\u00f6z a v\u00e1rt id\u0151pontig, [&hellip;]<\/p>\n","protected":false},"author":104,"featured_media":0,"parent":0,"menu_order":0,"comment_status":"closed","ping_status":"closed","template":"","meta":{"footnotes":""},"class_list":["post-5809","page","type-page","status-publish","hentry"],"_links":{"self":[{"href":"https:\/\/vetomshop.hu\/fr\/wp-json\/wp\/v2\/pages\/5809","targetHints":{"allow":["GET"]}}],"collection":[{"href":"https:\/\/vetomshop.hu\/fr\/wp-json\/wp\/v2\/pages"}],"about":[{"href":"https:\/\/vetomshop.hu\/fr\/wp-json\/wp\/v2\/types\/page"}],"author":[{"embeddable":true,"href":"https:\/\/vetomshop.hu\/fr\/wp-json\/wp\/v2\/users\/104"}],"replies":[{"embeddable":true,"href":"https:\/\/vetomshop.hu\/fr\/wp-json\/wp\/v2\/comments?post=5809"}],"version-history":[{"count":1,"href":"https:\/\/vetomshop.hu\/fr\/wp-json\/wp\/v2\/pages\/5809\/revisions"}],"predecessor-version":[{"id":6443,"href":"https:\/\/vetomshop.hu\/fr\/wp-json\/wp\/v2\/pages\/5809\/revisions\/6443"}],"wp:attachment":[{"href":"https:\/\/vetomshop.hu\/fr\/wp-json\/wp\/v2\/media?parent=5809"}],"curies":[{"name":"wp","href":"https:\/\/api.w.org\/{rel}","templated":true}]}}