{"id":225,"date":"2016-09-02T11:41:41","date_gmt":"2016-09-02T09:41:41","guid":{"rendered":"https:\/\/demos.artbees.net\/jupiter\/herse\/?post_type=product&#038;p=225"},"modified":"2026-04-12T08:29:44","modified_gmt":"2026-04-12T06:29:44","slug":"vetom1-1-etrend-kiegeszito","status":"publish","type":"product","link":"https:\/\/vetomshop.hu\/fr\/produit\/vetom1-1-etrend-kiegeszito\/","title":{"rendered":"Probiotique Vetom <span style=\"color:red\">1.1<\/span><br> capsule <span style=\"color:red\">50 grains<\/span> (compl\u00e9ment alimentaire)"},"content":{"rendered":"<h2>Vetom 1.1 capsules probiotiques 50 grains (compl\u00e9ment alimentaire)<\/h2>\n<p>Par essence, les probiotiques VETOM peuvent \u00eatre utilis\u00e9s pour tout type de maladie, car ils sont capables de r\u00e9soudre des probl\u00e8mes graves - en restaurant la microflore et en optimisant l'activit\u00e9 du syst\u00e8me immunitaire.<\/p>\n<p>Les effets b\u00e9n\u00e9fiques de Vetom 1.1 sont dus aux bact\u00e9ries *Bacillus subtilis* qu'il contient. Ces bact\u00e9ries b\u00e9n\u00e9fiques se multiplient dans le gros intestin et produisent diverses enzymes et substances biologiquement actives qui :<\/p>\n<p>* inhibent la croissance des bact\u00e9ries et des champignons nocifs,<br \/>\n* aident \u00e0 d\u00e9composer les prot\u00e9ines, l'amidon et les fibres v\u00e9g\u00e9tales,<br \/>\n* soutenir le syst\u00e8me immunitaire,<br \/>\n* aident \u00e0 d\u00e9sintoxiquer l'organisme,<br \/>\n* Favorisent une meilleure absorption des nutriments.<\/p>\n<h2>Utilisation r\u00e9guli\u00e8re du produit :<\/h2>\n<p>* r\u00e9tablit l'\u00e9quilibre de la flore intestinale,<br \/>\n* Am\u00e9liore la digestion,<br \/>\n* soulage les sympt\u00f4mes de l'allergie,<br \/>\n* favorise la r\u00e9g\u00e9n\u00e9ration de l'organisme et l'\u00e9limination des cellules malades,<br \/>\n* renforce les effets d'autres m\u00e9dicaments tout en r\u00e9duisant leurs effets secondaires.<br \/>\n* Prot\u00e8ge l'organisme au niveau cellulaire, aide \u00e0 pr\u00e9venir le d\u00e9veloppement de tumeurs<\/p>\n<h2>Caract\u00e9ristiques :<\/h2>\n<p>* Anti-bact\u00e9rien et antifongique<br \/>\n* Antivirale, stimulante pour le syst\u00e8me immunitaire, antitumorale<br \/>\n* Pas d'effets secondaires<br \/>\n* Pas de d\u00e9pendance<br \/>\n* Ne pas surdoser<\/p>\n<h2>Application :<\/h2>\n<p>Vetom 1.1 est recommand\u00e9 pour am\u00e9liorer l'\u00e9tat du tractus gastro-intestinal et r\u00e9tablir l'\u00e9quilibre de la flore intestinale.<\/p>\n<h2>Dosage :<\/h2>\n<p>* 1 g\u00e9lule 2 \u00e0 3 fois par jour est recommand\u00e9e pendant 10 jours, avant, pendant ou apr\u00e8s les repas, avec une petite quantit\u00e9 de liquide (eau, th\u00e9 ou jus). Surveiller la r\u00e9ponse de l'organisme au cours du traitement et augmenter la dose progressivement si n\u00e9cessaire, jusqu'\u00e0 5 \u00e0 10 g\u00e9lules par jour.<\/p>\n<p>* Le traitement peut \u00eatre r\u00e9p\u00e9t\u00e9 \u00e0 tout moment apr\u00e8s une pause de 1 \u00e0 2 semaines. Il est parfois recommand\u00e9 d'alterner l'utilisation avec d'autres types de produits Vetom pour soutenir l'ensemble du corps.<\/p>\n<h2>Contre-indications :<\/h2>\n<p>* Hypersensibilit\u00e9 \u00e0 l'un des ingr\u00e9dients<br \/>\n* Ne pas utiliser avec des antibiotiques ou d'autres probiotiques.<br \/>\n* Pendant la grossesse et l'allaitement, uniquement avec l'accord d'un m\u00e9decin.<\/p>\n<h2>Autres informations :<\/h2>\n<p>* N'affecte pas la conduite ou l'utilisation de machines dangereuses<br \/>\n* Stockage : dans un endroit sec et frais (max. 30 \u00b0C), hors de port\u00e9e des enfants.<br \/>\n* Garantie : 2 ans \u00e0 partir de la date de fabrication<br \/>\n* Emballage : 10 g\u00e9lules sous blister, 5 paquets dans une bo\u00eete (50 g\u00e9lules au total).<\/p>\n<h2>Composition par g\u00e9lule :<\/h2>\n<p>* extrait de ma\u00efs : 133 mg<br \/>\n* F\u00e9cule de pomme de terre : 100 mg<br \/>\n* Sucre en poudre : 67 mg<br \/>\n* souche Bacillus subtilis : 0,03 mg<\/p>\n<p>\u00c9quivalent alternatif sous forme de gouttes : Vetom 1.23 (10 ml)<\/p>\n<p>Lieu d'origine : <strong>Russie<\/strong><\/p>","protected":false},"excerpt":{"rendered":"<h5>Vetom <span style=\"color: red;\">1.1<\/span> g\u00e9lules probiotiques 50 grains (compl\u00e9ment alimentaire)<\/h5>\n<p>Ses effets b\u00e9n\u00e9fiques sont dus \u00e0 l'action des bact\u00e9ries b\u00e9n\u00e9fiques Bacillus subtilis, qui sont produites principalement en se multipliant dans le gros intestin :<\/p>\n<ul class=\"vetom-list\">\n<li>enzymes prot\u00e9olytiques, amylolytiques et cellulosolytiques ;<\/li>\n<li>interf\u00e9ron a-2 dans les leucocytes humains ;<\/li>\n<li>bacitracine mg, qui inhibent la croissance et le d\u00e9veloppement de la microflore pathog\u00e8ne et potentiellement pathog\u00e8ne ;<\/li>\n<li>et d'autres substances biologiquement actives.<\/li>\n<\/ul>\n<div class=\"plashka\">En cons\u00e9quence, la composition bact\u00e9rienne du contenu intestinal est transform\u00e9e en une norme de d\u00e9veloppement appropri\u00e9e, les parois intestinales sont nettoy\u00e9es des r\u00e9sidus non dig\u00e9r\u00e9s, ce qui contribue \u00e0 l'\u00e9limination active des toxines du corps, au transport sans entrave des nutriments biologiquement actifs.<\/div>\n<p>A <strong>Vetom <span style=\"color: red;\">1.1<\/span><\/strong> normalise le m\u00e9tabolisme, la digestion et l'absorption des composants alimentaires biologiquement actifs dans le tractus gastro-intestinal.<\/p>\n<p>A <strong>Vetom <span style=\"color: red;\">1.1<\/span><\/strong> augmente l'efficacit\u00e9 des m\u00e9dicaments et r\u00e9duit leurs effets secondaires n\u00e9gatifs sur le corps humain.<\/p>\n<div class=\"plashka\"><strong>Effets pharmacologiques :<\/strong> immunomodulateurs, antitumoraux, antiviraux, antiprolif\u00e9ratifs, bact\u00e9ricides, fongicides, antichlamydiques.<\/div>\n<h5>Caract\u00e9ristiques :<\/h5>\n<ul class=\"vetom-list\">\n<li>Il poss\u00e8de une forte activit\u00e9 antagoniste contre les champignons et les bact\u00e9ries pathog\u00e8nes et conditionnellement pathog\u00e8nes, des propri\u00e9t\u00e9s antivirales, prot\u00e9olytiques, amy lytiques et cellulolytiques.<\/li>\n<li>stimule les facteurs cellulaires et humoraux de l'immunit\u00e9<\/li>\n<li>augmente la r\u00e9sistance non sp\u00e9cifique du corps<\/li>\n<li>stabilise la r\u00e9sistance aux allergies<\/li>\n<li>normalise le m\u00e9tabolisme<\/li>\n<li>stimule les processus de r\u00e9g\u00e9n\u00e9ration, en attaquant et en d\u00e9truisant les cellules canc\u00e9reuses et malades<\/li>\n<\/ul>","protected":false},"featured_media":6597,"comment_status":"open","ping_status":"closed","template":"","meta":[],"product_brand":[],"product_cat":[22],"product_tag":[],"class_list":{"0":"post-225","1":"product","2":"type-product","3":"status-publish","4":"has-post-thumbnail","6":"product_cat-vetom-probiotikumok","8":"first","9":"instock","10":"featured","11":"taxable","12":"shipping-taxable","13":"purchasable","14":"product-type-simple"},"_links":{"self":[{"href":"https:\/\/vetomshop.hu\/fr\/wp-json\/wp\/v2\/product\/225","targetHints":{"allow":["GET"]}}],"collection":[{"href":"https:\/\/vetomshop.hu\/fr\/wp-json\/wp\/v2\/product"}],"about":[{"href":"https:\/\/vetomshop.hu\/fr\/wp-json\/wp\/v2\/types\/product"}],"replies":[{"embeddable":true,"href":"https:\/\/vetomshop.hu\/fr\/wp-json\/wp\/v2\/comments?post=225"}],"wp:featuredmedia":[{"embeddable":true,"href":"https:\/\/vetomshop.hu\/fr\/wp-json\/wp\/v2\/media\/6597"}],"wp:attachment":[{"href":"https:\/\/vetomshop.hu\/fr\/wp-json\/wp\/v2\/media?parent=225"}],"wp:term":[{"taxonomy":"product_brand","embeddable":true,"href":"https:\/\/vetomshop.hu\/fr\/wp-json\/wp\/v2\/product_brand?post=225"},{"taxonomy":"product_cat","embeddable":true,"href":"https:\/\/vetomshop.hu\/fr\/wp-json\/wp\/v2\/product_cat?post=225"},{"taxonomy":"product_tag","embeddable":true,"href":"https:\/\/vetomshop.hu\/fr\/wp-json\/wp\/v2\/product_tag?post=225"}],"curies":[{"name":"wp","href":"https:\/\/api.w.org\/{rel}","templated":true}]}}