{"id":2478,"date":"2020-10-20T18:54:23","date_gmt":"2020-10-20T16:54:23","guid":{"rendered":"https:\/\/vetomshop.hu\/?post_type=product&#038;p=2478"},"modified":"2026-04-12T08:28:28","modified_gmt":"2026-04-12T06:28:28","slug":"vetom-2-25-probiotikum-10-ml-csepp","status":"publish","type":"product","link":"https:\/\/vetomshop.hu\/fr\/produit\/vetom-2-25-probiotikum-10-ml-csepp\/","title":{"rendered":"Probiotique Vetom <span style=\"color: red\">2.25<\/span><br>chute <span style=\"color: red\">10 ml<\/span> (compl\u00e9ment alimentaire)"},"content":{"rendered":"<h3>Vetom 2.25 gouttes probiotiques 10 ml (compl\u00e9ment alimentaire)<\/h3>\n<p>Deux souches de Bacillus amyloliquefaciens (VKPM B-10642 et B-10643)<\/p>\n<p>Vetom 2.25 est un probiotique liquide d'origine naturelle con\u00e7u pour restaurer la flore intestinale, soutenir la sant\u00e9 digestive et renforcer les d\u00e9fenses g\u00e9n\u00e9rales de l'organisme. Son efficacit\u00e9 exceptionnelle est due aux deux souches de bact\u00e9ries *Bacillus amyloliquefaciens* qu'il contient.<\/p>\n<h2>Principaux effets et avantages :<\/h2>\n<p>*Effets antibact\u00e9riens, antiviraux, antifongiques et antichlamydiens<br \/>\n*Aide au fonctionnement du gros intestin et de l'intestin gr\u00eale, r\u00e9tablit une flore intestinale normale.<br \/>\n*Soutient le syst\u00e8me immunitaire, tant au niveau cellulaire qu'au niveau de la d\u00e9fense g\u00e9n\u00e9rale.<br \/>\n* Normalise le m\u00e9tabolisme, en particulier l'\u00e9quilibre eau-sel.<br \/>\n*Effet d\u00e9sintoxiquant, aide \u00e0 \u00e9liminer les processus de d\u00e9composition dans l'intestin<br \/>\n* R\u00e9duit la mauvaise haleine et les sympt\u00f4mes de transpiration<br \/>\n*Utiliser comme suppl\u00e9ment pour une vari\u00e9t\u00e9 de conditions telles que les maladies du foie, l'inflammation de l'intestin, les ulc\u00e8res d'estomac, l'h\u00e9patite chronique.<br \/>\n*Les leucocytes humains produisent de l'interf\u00e9ron, qui prot\u00e8ge l'organisme des infections virales.<br \/>\n*Pas d'accoutumance, de surdosage ou d'effets secondaires<br \/>\n*Pour les enfants et les adultes<\/p>\n<h2>Quand son utilisation est-elle recommand\u00e9e ?<\/h2>\n<p>* apr\u00e8s un traitement antibiotique, pour r\u00e9g\u00e9n\u00e9rer la flore intestinale<br \/>\n*En compl\u00e9ment de la th\u00e9rapie en cas de cancer<br \/>\n*troubles digestifs, diarrh\u00e9e, constipation, maux d'estomac<br \/>\n*Dans les \u00e9tats d'immunod\u00e9ficience<br \/>\n*En cas d'odeur corporelle ou d'haleine d\u00e9sagr\u00e9able<br \/>\n*Traitement compl\u00e9mentaire pour les calculs r\u00e9naux, les maladies du foie et les probl\u00e8mes gastro-intestinaux.<\/p>\n<h2>\nRecommandation de dosage :<\/h2>\n<p>*Suppl\u00e9mentaire pour adultes et enfants : 2 gouttes sont recommand\u00e9es les premiers jours, puis la dose peut \u00eatre augment\u00e9e progressivement jusqu'\u00e0 4-6 gouttes. Observer les r\u00e9actions de l'organisme lors de la prise.<br \/>\n*Pour les maladies courantes : 10 gouttes par jour pendant 10 jours<br \/>\n* Le traitement peut \u00eatre r\u00e9p\u00e9t\u00e9 apr\u00e8s 1-2 semaines<br \/>\n* Il est recommand\u00e9 de l'utiliser en alternance avec d'autres produits Vetom (par exemple Vetom 1, 3, 4, etc.).<\/p>\n<p>Important :<br \/>\nIl ne doit pas \u00eatre pris avec d'autres probiotiques oraux ou antibiotiques, en particulier le sulfanilamide, les agents anticanc\u00e9reux.<\/p>\n<h2>Ingr\u00e9dients :<\/h2>\n<p>* Extrait de ma\u00efs ferment\u00e9 avec les souches bact\u00e9riennes suivantes :<br \/>\n*Bacillus amyloliquefaciens* VKPM B-10642 (DSM 24614)<br \/>\n*Bacillus amyloliquefaciens* VKPM B-10643 (DSM 24615)<br \/>\n* Viveware<\/p>\n<h2>Emballage et apparence :<\/h2>\n<p>* 10 ml de liquide dans un flacon en verre ou en plastique, emball\u00e9 dans une bo\u00eete en carton<br \/>\n* Couleur : jaune clair \u00e0 brun fonc\u00e9<br \/>\n* Odeur typique, parfois de l\u00e9gers s\u00e9diments peuvent appara\u00eetre (ce n'est pas un d\u00e9faut de qualit\u00e9).<\/p>\n<p>*Poids : 0,02 kg<br \/>\n*Dimensions : 3 \u00d7 3 \u00d7 7 cm<br \/>\n*Lieu d'emploi : <strong>Russie<\/strong><\/p>\n<h2>Conditions de stockage et de transport :<\/h2>\n<p>*Stockage : 0-10 \u00b0C, humidit\u00e9 max. 75%<br \/>\n*Peut \u00eatre stock\u00e9 \u00e0 10-30 \u00b0C jusqu'\u00e0 18 jours<br \/>\n*Apr\u00e8s d\u00e9montage : conserver au r\u00e9frig\u00e9rateur (0-10 \u00b0C)<\/p>","protected":false},"excerpt":{"rendered":"<h5>Composition :<\/h5>\n<p>Bacillus amyloliquefaciens, VKPM B- 10642 <strong>(DSM 24614)<\/strong> et VKPM B- 10643 <strong>(DSM 24615)<\/strong> extrait de ma\u00efs ferment\u00e9 bact\u00e9rien de souches de bacilles, support.<br \/>\n<strong>A quoi ressemble le produit : <\/strong>A <strong>Vetom<\/strong> <span style=\"color: red; font-weight: 800;\">2.25<\/span> <strong>Gouttes de probiotiques<\/strong> un liquide \u00e0 l'odeur sp\u00e9cifique, d'une couleur allant du jaune clair au brun fonc\u00e9.<\/p>\n<p><strong>D\u00e9ballage :<\/strong>\u00a0 bouteille en verre ou en plastique dans un carton.<\/p>\n<div class=\"plashka\">A <strong>Vetom<\/strong> <span style=\"color: red; font-weight: 800;\">2.25<\/span> augmente l'efficacit\u00e9 des m\u00e9dicaments et r\u00e9duit leurs effets secondaires n\u00e9gatifs sur le corps humain.<\/div>\n<h6>Caract\u00e9ristiques :<\/h6>\n<ul class=\"vetom-list\">\n<li>stimule les facteurs cellulaires et humoraux de l'immunit\u00e9<\/li>\n<li>augmente la r\u00e9sistance non sp\u00e9cifique du corps<\/li>\n<li>stabilise la r\u00e9sistance aux allergies<\/li>\n<li>normalise le m\u00e9tabolisme<\/li>\n<li>stimule les processus de r\u00e9g\u00e9n\u00e9ration, attaque et d\u00e9truit les cellules canc\u00e9reuses et malades<\/li>\n<\/ul>\n<div class=\"plashka\">Il modifie la membrane et le m\u00e9tabolisme du squelette cellulaire, emp\u00eachant ainsi le d\u00e9veloppement de cellules canc\u00e9reuses.<\/div>","protected":false},"featured_media":6611,"comment_status":"open","ping_status":"closed","template":"","meta":[],"product_brand":[],"product_cat":[22],"product_tag":[],"class_list":{"0":"post-2478","1":"product","2":"type-product","3":"status-publish","4":"has-post-thumbnail","6":"product_cat-vetom-probiotikumok","8":"first","9":"instock","10":"featured","11":"taxable","12":"shipping-taxable","13":"purchasable","14":"product-type-simple"},"_links":{"self":[{"href":"https:\/\/vetomshop.hu\/fr\/wp-json\/wp\/v2\/product\/2478","targetHints":{"allow":["GET"]}}],"collection":[{"href":"https:\/\/vetomshop.hu\/fr\/wp-json\/wp\/v2\/product"}],"about":[{"href":"https:\/\/vetomshop.hu\/fr\/wp-json\/wp\/v2\/types\/product"}],"replies":[{"embeddable":true,"href":"https:\/\/vetomshop.hu\/fr\/wp-json\/wp\/v2\/comments?post=2478"}],"wp:featuredmedia":[{"embeddable":true,"href":"https:\/\/vetomshop.hu\/fr\/wp-json\/wp\/v2\/media\/6611"}],"wp:attachment":[{"href":"https:\/\/vetomshop.hu\/fr\/wp-json\/wp\/v2\/media?parent=2478"}],"wp:term":[{"taxonomy":"product_brand","embeddable":true,"href":"https:\/\/vetomshop.hu\/fr\/wp-json\/wp\/v2\/product_brand?post=2478"},{"taxonomy":"product_cat","embeddable":true,"href":"https:\/\/vetomshop.hu\/fr\/wp-json\/wp\/v2\/product_cat?post=2478"},{"taxonomy":"product_tag","embeddable":true,"href":"https:\/\/vetomshop.hu\/fr\/wp-json\/wp\/v2\/product_tag?post=2478"}],"curies":[{"name":"wp","href":"https:\/\/api.w.org\/{rel}","templated":true}]}}