{"id":2483,"date":"2020-10-20T19:35:14","date_gmt":"2020-10-20T17:35:14","guid":{"rendered":"https:\/\/vetomshop.hu\/?post_type=product&#038;p=2483"},"modified":"2026-04-12T08:28:16","modified_gmt":"2026-04-12T06:28:16","slug":"vetomgin-8-21","status":"publish","type":"product","link":"https:\/\/vetomshop.hu\/fr\/produit\/vetomgin-8-21\/","title":{"rendered":"Probiotique Vetomgin <span style=\"color:red\">8.21<\/span> tablette de champagne <span style=\"color:red\">15 pi\u00e8ces<\/span> (compl\u00e9ment alimentaire)"},"content":{"rendered":"<h2><strong>Vetomgin 8.21 comprim\u00e9s effervescents probiotiques 15 (compl\u00e9ment alimentaire)<\/strong><\/h2>\n<p><span style=\"color: #ff0000;\">Composition<\/span><\/p>\n<p>1 portion (1 comprim\u00e9 effervescent) contient : additif : \u0415500 (carbonate de sodium) - 1200 \u00b5g \u0415330 (barre de citron) - 750 \u00b5g ; cultures probiotiques s\u00e9ch\u00e9es de Bacillus subtilis, VKPM B - 10641(DSM 24613),Bacillus amyloliquefaciens, VKPM B - 10642(DSM 24614) , Bacillus amyloliquefaciens, VKPM B - 10643 (DSM 24615) 1\u0445106 KTJ\/g - 50 mg.<\/p>\n<p>Ses effets b\u00e9n\u00e9fiques sont dus aux propri\u00e9t\u00e9s des constituants de Vetomgin 8.21. Sous leur action, une composition microbienne sp\u00e9cifique se forme dans l'intestin de chaque personne et le cycle de Krebs est activ\u00e9. Ce processus entra\u00eene l'optimisation du fonctionnement des syst\u00e8mes de protection de l'organisme contre les envahisseurs \u00e9trangers, y compris les micro-organismes infectieux, et optimise le syst\u00e8me de r\u00e9gulation de l'organisme, qui assure un apport actif d'oxyg\u00e8ne aux cellules ; la formation de r\u00e9serves \u00e9nerg\u00e9tiques ; l'activation de la synth\u00e8se de mol\u00e9cules indispensables \u00e0 l'organisme : acides amin\u00e9s, hydrates de carbone, acides gras, etc.<\/p>\n<p>Vetomgin 8.21 augmente l'efficacit\u00e9 des m\u00e9dicaments et r\u00e9duit leurs effets secondaires n\u00e9gatifs sur le corps humain.<\/p>\n<h5>Caract\u00e9ristiques :<\/h5>\n<ul>\n<li>\u00a0PAS D'EFFETS SECONDAIRES<\/li>\n<li>\u00a0AUCUNE RESTRICTION D'\u00c2GE<\/li>\n<li>PAS DE SURDOSAGE<\/li>\n<li>NON ADDICTIF<\/li>\n<\/ul>\n<ul class=\"vetom-list\">\n<li>Il poss\u00e8de une forte activit\u00e9 antagoniste contre les champignons et les bact\u00e9ries pathog\u00e8nes et conditionnellement pathog\u00e8nes, des propri\u00e9t\u00e9s antivirales, prot\u00e9olytiques, amy lytiques et cellulolytiques.<\/li>\n<li>stimule les facteurs cellulaires et humoraux de l'immunit\u00e9<\/li>\n<li>augmente la r\u00e9sistance non sp\u00e9cifique du corps<\/li>\n<li>stabilise la r\u00e9sistance aux allergies<\/li>\n<li>normalise le m\u00e9tabolisme<\/li>\n<li>stimule les processus de r\u00e9g\u00e9n\u00e9ration, attaque et d\u00e9truit les cellules canc\u00e9reuses et malades<\/li>\n<\/ul>\n<p><span style=\"color: #ff0000;\">Domaine d'utilisation<\/span><br \/>\nLes micro-organismes probiotiques sont une source compl\u00e9mentaire pour am\u00e9liorer la qualit\u00e9 de vie.<br \/>\n<span style=\"color: #ff0000;\">Postuler \u00e0<\/span><br \/>\nRecommand\u00e9 3 comprim\u00e9s effervescents par jour pendant 10 jours \u00e0 intervalles r\u00e9guliers.<br \/>\n1 comprim\u00e9 \u00e0 dissoudre dans un verre d'eau. .<br \/>\nLe comprim\u00e9 ne doit pas \u00eatre aval\u00e9, m\u00e2ch\u00e9 ou suc\u00e9.<br \/>\n<span style=\"color: #ff0000;\">Contre-indications<\/span><br \/>\nHypersensibilit\u00e9 \u00e0 certains ingr\u00e9dients du m\u00e9dicament.<br \/>\nInstructions sp\u00e9ciales<br \/>\nL'utilisation pendant la grossesse et l'allaitement ne doit se faire qu'apr\u00e8s consultation m\u00e9dicale. La pr\u00e9paration n'affecte pas l'aptitude \u00e0 conduire ou \u00e0 utiliser des m\u00e9canismes potentiellement dangereux.<br \/>\n<span style=\"color: #ff0000;\">Distribution<\/span><br \/>\n15 comprim\u00e9s de champagne de 2 grammes, 3 par comprim\u00e9, emball\u00e9s dans une bo\u00eete en carton recouverte de papier sulfuris\u00e9. Mode d'emploi joint.<br \/>\n<span style=\"color: #ff0000;\">Conditions de stockage<\/span><br \/>\nPeut \u00eatre stock\u00e9 \u00e0 75 % d'humidit\u00e9 relative en dessous de 30\u00b0C. Tenir hors de port\u00e9e des enfants.<br \/>\n<span style=\"color: #ff0000;\">Dur\u00e9e de conservation<\/span><br \/>\n4 ans \u00e0 partir de la date de fabrication. Ne pas consommer apr\u00e8s la date de p\u00e9remption.<br \/>\nVetomgin 8.21 n'est pas un m\u00e9dicament.<\/p>\n<p><span style=\"color: #0000ff;\">J'ach\u00e8te des probiotiques directement de l'usine au meilleur prix, de qualit\u00e9 sup\u00e9rieure.<\/span><\/p>\n<h3><strong><span style=\"color: #ff0000;\">Cemmedic Europe Kft \u201eDistributeur officiel de la Hongrie\u201d !<\/span><\/strong><\/h3>","protected":false},"excerpt":{"rendered":"<h5>Composition<\/h5>\n<p>1 portion (<strong>1 comprim\u00e9 effervescent<\/strong>) contient un additif :<\/p>\n<ul>\n<li><strong>\u0415500<\/strong> (carbonate de sodium) - 1200 mg<\/li>\n<li><strong>\u0415330<\/strong> (barre de citron) - 750 mg ;<\/li>\n<li>cultures probiotiques s\u00e9ch\u00e9es <strong>Bacillus subtilis<\/strong>, VKPM B - 10641(DSM 24613),<\/li>\n<li><strong>Bacillus amyloliquefaciens<\/strong>, VKPM B - 10642 (DSM 24614),<\/li>\n<li><strong>Bacillus amyloliquefaciens<\/strong>, VKPM B - 10643 (DSM 24615) 1X106 KTJ\/g - 50 mg.<\/li>\n<\/ul>\n<p>Les effets b\u00e9n\u00e9fiques de la <strong>Vetomgin <span style=\"color:red\">8.21<\/span><\/strong> les propri\u00e9t\u00e9s des \u00e9l\u00e9ments constitutifs. Sous leur influence, la composition microbienne sp\u00e9cifique de chaque personne se forme dans l'intestin et le cycle de Krebs est activ\u00e9. Ce processus aboutit \u00e0 l'optimisation des syst\u00e8mes de protection de l'organisme contre les envahisseurs \u00e9trangers, y compris les micro-organismes infectieux, et \u00e0 l'optimisation du syst\u00e8me de r\u00e9gulation de l'organisme qui assure un apport actif d'oxyg\u00e8ne aux cellules, la formation de r\u00e9serves \u00e9nerg\u00e9tiques, l'activation de la synth\u00e8se des mol\u00e9cules indispensables \u00e0 l'organisme : acides amin\u00e9s, glucides, acides gras, etc.<\/p>\n<div class=\"plashka\">A <strong>Vetomgin <span style=\"color:red\">8.21<\/span><\/strong> augmente l'efficacit\u00e9 des m\u00e9dicaments et r\u00e9duit leurs effets secondaires n\u00e9gatifs sur le corps humain.<\/div>\n<h6>Caract\u00e9ristiques :<\/h6>\n<ul class=\"vetom-list\">\n<li>Il poss\u00e8de une forte activit\u00e9 antagoniste contre les champignons et les bact\u00e9ries pathog\u00e8nes et conditionnellement pathog\u00e8nes, des propri\u00e9t\u00e9s antivirales, prot\u00e9olytiques, amy lytiques et cellulolytiques.<\/li>\n<li>stimule les facteurs cellulaires et humoraux de l'immunit\u00e9<\/li>\n<li>augmente la r\u00e9sistance non sp\u00e9cifique du corps<\/li>\n<li>stabilise la r\u00e9sistance aux allergies<\/li>\n<li>normalise le m\u00e9tabolisme<\/li>\n<li>stimule les processus de r\u00e9g\u00e9n\u00e9ration, en attaquant et en d\u00e9truisant les cellules canc\u00e9reuses et malades<\/li>\n<\/ul>\n<div class=\"plashka\"><strong>Domaine d'utilisation<\/strong><br \/>\nLes micro-organismes probiotiques sont une source compl\u00e9mentaire pour am\u00e9liorer la qualit\u00e9 de vie.<\/div>","protected":false},"featured_media":5558,"comment_status":"open","ping_status":"closed","template":"","meta":[],"product_brand":[],"product_cat":[22],"product_tag":[],"class_list":{"0":"post-2483","1":"product","2":"type-product","3":"status-publish","4":"has-post-thumbnail","6":"product_cat-vetom-probiotikumok","8":"first","9":"instock","10":"featured","11":"taxable","12":"shipping-taxable","13":"purchasable","14":"product-type-simple"},"_links":{"self":[{"href":"https:\/\/vetomshop.hu\/fr\/wp-json\/wp\/v2\/product\/2483","targetHints":{"allow":["GET"]}}],"collection":[{"href":"https:\/\/vetomshop.hu\/fr\/wp-json\/wp\/v2\/product"}],"about":[{"href":"https:\/\/vetomshop.hu\/fr\/wp-json\/wp\/v2\/types\/product"}],"replies":[{"embeddable":true,"href":"https:\/\/vetomshop.hu\/fr\/wp-json\/wp\/v2\/comments?post=2483"}],"wp:featuredmedia":[{"embeddable":true,"href":"https:\/\/vetomshop.hu\/fr\/wp-json\/wp\/v2\/media\/5558"}],"wp:attachment":[{"href":"https:\/\/vetomshop.hu\/fr\/wp-json\/wp\/v2\/media?parent=2483"}],"wp:term":[{"taxonomy":"product_brand","embeddable":true,"href":"https:\/\/vetomshop.hu\/fr\/wp-json\/wp\/v2\/product_brand?post=2483"},{"taxonomy":"product_cat","embeddable":true,"href":"https:\/\/vetomshop.hu\/fr\/wp-json\/wp\/v2\/product_cat?post=2483"},{"taxonomy":"product_tag","embeddable":true,"href":"https:\/\/vetomshop.hu\/fr\/wp-json\/wp\/v2\/product_tag?post=2483"}],"curies":[{"name":"wp","href":"https:\/\/api.w.org\/{rel}","templated":true}]}}