{"id":2687,"date":"2021-05-05T20:33:49","date_gmt":"2021-05-05T18:33:49","guid":{"rendered":"https:\/\/vetomshop.hu\/?post_type=product&#038;p=2687"},"modified":"2023-02-13T18:43:24","modified_gmt":"2023-02-13T17:43:24","slug":"enterosgel-1-db","status":"publish","type":"product","link":"https:\/\/vetomshop.hu\/fr\/produit\/enterosgel-1-db\/","title":{"rendered":"Gel Enteros (1 pi\u00e8ce)"},"content":{"rendered":"<p>De <strong>Enterosgel<\/strong> (1 pi\u00e8ce) \u00e9limine les substances nocives pour l'organisme, mais n'absorbe pas les ingr\u00e9dients b\u00e9n\u00e9fiques pour l'organisme. Produit d\u00e9sinfectant, protecteur, d\u00e9toxifiant. Il s'agit d'une substance organique dont les propri\u00e9t\u00e9s physiques et chimiques sont similaires \u00e0 celles du charbon, et qui est donc respectueuse de l'organisme.<\/p>\n<p>Il contribue \u00e0 la d\u00e9sintoxication et m\u00eame \u00e0 l'\u00e9limination des virus, bact\u00e9ries, champignons et parasites dont les r\u00e9sidus se cachent et provoquent des sympt\u00f4mes qui peuvent \u00eatre tr\u00e8s difficiles \u00e0 trouver.<\/p>\n<p>Facile \u00e0 utiliser, peut \u00eatre m\u00e9lang\u00e9 avec de l'eau ou d'autres liquides \/ 1-2 dl\/<br \/>\nPour les adultes, une cuill\u00e8re \u00e0 soupe \/15 gr\/ 3 fois par jour, une heure et demie \u00e0 deux heures avant ou apr\u00e8s un repas.<br \/>\nPour les enfants, une cuill\u00e8re \u00e0 caf\u00e9 \/5-10 gr\/ 1-3 fois par jour.<br \/>\nUtilisation recommand\u00e9e : 7-14 jours.<\/p>","protected":false},"excerpt":{"rendered":"<p>L'ent\u00e9rosquelette (1 pi\u00e8ce) \u00e9limine les substances nocives pour l'organisme, mais n'absorbe pas les ingr\u00e9dients utiles \u00e0 l'organisme. Produit d\u00e9sinfectant, protecteur, d\u00e9toxifiant. Il s'agit d'une substance organique dont les propri\u00e9t\u00e9s physiques et chimiques sont proches de celles du charbon, et qui est donc respectueuse de l'organisme.<\/p>\n<p>Il contribue \u00e0 la d\u00e9sintoxication et m\u00eame \u00e0 l'\u00e9limination des virus, bact\u00e9ries, champignons et parasites dont les r\u00e9sidus se cachent et provoquent des sympt\u00f4mes qui peuvent \u00eatre tr\u00e8s difficiles \u00e0 trouver.<\/p>","protected":false},"featured_media":2688,"comment_status":"open","ping_status":"closed","template":"","meta":[],"product_brand":[],"product_cat":[28],"product_tag":[],"class_list":{"0":"post-2687","1":"product","2":"type-product","3":"status-publish","4":"has-post-thumbnail","6":"product_cat-enterosgel","8":"first","9":"instock","10":"sale","11":"taxable","12":"shipping-taxable","13":"purchasable","14":"product-type-simple"},"_links":{"self":[{"href":"https:\/\/vetomshop.hu\/fr\/wp-json\/wp\/v2\/product\/2687","targetHints":{"allow":["GET"]}}],"collection":[{"href":"https:\/\/vetomshop.hu\/fr\/wp-json\/wp\/v2\/product"}],"about":[{"href":"https:\/\/vetomshop.hu\/fr\/wp-json\/wp\/v2\/types\/product"}],"replies":[{"embeddable":true,"href":"https:\/\/vetomshop.hu\/fr\/wp-json\/wp\/v2\/comments?post=2687"}],"wp:featuredmedia":[{"embeddable":true,"href":"https:\/\/vetomshop.hu\/fr\/wp-json\/wp\/v2\/media\/2688"}],"wp:attachment":[{"href":"https:\/\/vetomshop.hu\/fr\/wp-json\/wp\/v2\/media?parent=2687"}],"wp:term":[{"taxonomy":"product_brand","embeddable":true,"href":"https:\/\/vetomshop.hu\/fr\/wp-json\/wp\/v2\/product_brand?post=2687"},{"taxonomy":"product_cat","embeddable":true,"href":"https:\/\/vetomshop.hu\/fr\/wp-json\/wp\/v2\/product_cat?post=2687"},{"taxonomy":"product_tag","embeddable":true,"href":"https:\/\/vetomshop.hu\/fr\/wp-json\/wp\/v2\/product_tag?post=2687"}],"curies":[{"name":"wp","href":"https:\/\/api.w.org\/{rel}","templated":true}]}}