{"id":4392,"date":"2023-08-06T13:27:56","date_gmt":"2023-08-06T11:27:56","guid":{"rendered":"https:\/\/vetomshop.hu\/?post_type=product&#038;p=4392"},"modified":"2026-04-12T08:28:06","modified_gmt":"2026-04-12T06:28:06","slug":"komarov-por-etrend-kiegeszito-40-tasak","status":"publish","type":"product","link":"https:\/\/vetomshop.hu\/fr\/produit\/komarov-por-etrend-kiegeszito-40-tasak\/","title":{"rendered":"Probiotique Komarov en poudre <span style=\"color: red\">40 tassaq<\/span> (compl\u00e9ment alimentaire)"},"content":{"rendered":"<h2><strong>Komarov poudre - 40 sachets (Compl\u00e9ment alimentaire)<\/strong><\/h2>\n<p>Probiotique naturel avec vitamines et spiruline - pour soutenir le syst\u00e8me digestif et immunitaire<\/p>\n<p>La poudre Komarov est un compl\u00e9ment alimentaire complexe contenant des probiotiques, des fibres alimentaires, des vitamines, des min\u00e9raux et de la spiruline. Ses principes actifs favorisent l'\u00e9quilibre de la flore intestinale, la d\u00e9sintoxication, le m\u00e9tabolisme et renforcent les d\u00e9fenses de l'organisme.<\/p>\n<p>&nbsp;<\/p>\n<h2><strong>Ingr\u00e9dients principaux :<\/strong><\/h2>\n<p>*Bacillus subtilis VKPM V-10641 (DSM 24613) - bact\u00e9ries intestinales b\u00e9n\u00e9fiques<\/p>\n<p>*Spiruline (algues bleues) - une source naturelle de vitamines et de prot\u00e9ines<\/p>\n<p>*Son de bl\u00e9 - source de fibres alimentaires<\/p>\n<p>*Acide citrique, chlorure de sodium - supports naturels<\/p>\n<p>&nbsp;<\/p>\n<h2><strong>\u00c9galement inclus dans le produit :<\/strong><\/h2>\n<p>*Vitamines : A, B1, B2, B6, B12, B5, B9, biotine<\/p>\n<p>*Min\u00e9raux : calcium, potassium, magn\u00e9sium, phosphore, fer, zinc, cuivre, mangan\u00e8se, s\u00e9l\u00e9nium, molybd\u00e8ne.<\/p>\n<p>*acides gras insatur\u00e9s : acide linol\u00e9ique, acide linol\u00e9nique, acide arachidonique<\/p>\n<p>&nbsp;<\/p>\n<h2><strong>Effets b\u00e9n\u00e9fiques :<\/strong><\/h2>\n<p>\u2705 Favorise la digestion et une meilleure absorption des nutriments<\/p>\n<p>\u2705 Favorise l'\u00e9quilibre de la flore intestinale, a un effet d\u00e9toxifiant.<\/p>\n<p>Renforce le syst\u00e8me immunitaire, augmente la r\u00e9sistance de l'organisme<\/p>\n<p>\u2705 Normalise le m\u00e9tabolisme<\/p>\n<p>\u2705 Favorise les processus de r\u00e9g\u00e9n\u00e9ration et peut contribuer \u00e0 la lutte contre les cellules nocives<\/p>\n<p>\u2705 Activation du cycle de Krebs (production d'\u00e9nergie cellulaire)<\/p>\n<p>\u2705 Propri\u00e9t\u00e9s antibact\u00e9riennes, antivirales et antifongiques<\/p>\n<p>&nbsp;<\/p>\n<h2><strong>Recommandation de dosage :<\/strong><\/h2>\n<p>*Pour un organisme sain : min. 2-3 sachets par jour pendant 10-14 jours Surveiller les r\u00e9actions de l'organisme pendant la prise et augmenter progressivement la dose si n\u00e9cessaire.<\/p>\n<p>* Pour certaines maladies : 7-10 sachets par jour pendant 10 jours<\/p>\n<p>* 1 portion = 1 sachet<\/p>\n<p>* La poudre est \u00e0 prendre par voie orale, de pr\u00e9f\u00e9rence pendant ou apr\u00e8s les repas. Il est plus pratique de la prendre \u00e0 la cuill\u00e8re m\u00e9lang\u00e9e \u00e0 du yaourt, de la cr\u00e8me fra\u00eeche ou du k\u00e9fir.<\/p>\n<p>&nbsp;<\/p>\n<h2><strong>Informations importantes :<\/strong><\/h2>\n<p>*Pas d'effets secondaires, pas de surdosage, pas d'accoutumance<\/p>\n<p>*Aucune restriction d'\u00e2ge<\/p>\n<p>*Ne pas prendre en m\u00eame temps que des antibiotiques ou d'autres probiotiques.<\/p>\n<p>*D\u00e9conseill\u00e9 en cas d'hypersensibilit\u00e9 \u00e0 l'un des ingr\u00e9dients.<\/p>\n<p>&nbsp;<\/p>\n<h2><strong>Distribution :<\/strong><\/h2>\n<p>40 sachets de 2,5 g de poudre, en emballage lamin\u00e9<\/p>\n<p>Poids : 0,17 kg<\/p>\n<p>Taille : 18 \u00d7 7 \u00d7 7 cm<\/p>\n<p>Lieu d'origine : Russie<\/p>\n<p>&nbsp;<\/p>\n<h2><strong>Stockage :<\/strong><\/h2>\n<p>Conserver dans un endroit sec et frais, entre 0 et 30 \u00b0C, avec une humidit\u00e9 maximale de 75%.<\/p>\n<p>Garantie : 4<strong> ans \u00e0 compter de la date de fabrication<\/strong>.<\/p>\n<p>Lieu d'origine : <strong>Russie<\/strong><\/p>","protected":false},"excerpt":{"rendered":"<h5>Bacilus subtilis souche VKPM V 10 641 (DSM 24613)<\/h5>\n<div class=\"plashka\"><strong>Mat\u00e9riau vivant :<\/strong> son de bl\u00e9, chlorure de sodium, algue bleue spiruline, acide citrique.<br \/>\nPoudre conditionn\u00e9e dans un sachet en papier lamin\u00e9 de 2,5 g.<\/div>\n<h5>Application :<\/h5>\n<p>La poudre Komarov est une substance biologiquement active contenant des micro-organismes probiotiques, des fibres alimentaires, des vitamines (<strong>A, B1, B2, B6, B12, B5, B9, biotine<\/strong>), macro- (calcium, magn\u00e9sium, phosphore, potassium) et micro-nutriments (fer, mangan\u00e8se, cuivre, zinc, molybd\u00e8ne, s\u00e9l\u00e9nium), acides gras insatur\u00e9s (acide linol\u00e9ique, acide linol\u00e9nique, acide arachidonique).<\/p>\n<h6>Caract\u00e9ristiques :<\/h6>\n<ul class=\"vetom-list\">\n<li>Il poss\u00e8de une forte activit\u00e9 antagoniste contre les champignons et les bact\u00e9ries pathog\u00e8nes et conditionnellement pathog\u00e8nes, des propri\u00e9t\u00e9s antivirales, prot\u00e9olytiques, amy lytiques et cellulolytiques.<\/li>\n<li>stimule les facteurs cellulaires et humoraux de l'immunit\u00e9<\/li>\n<li>augmente la r\u00e9sistance non sp\u00e9cifique du corps<\/li>\n<li>stabilise la r\u00e9sistance aux allergies<\/li>\n<li>normalise le m\u00e9tabolisme<\/li>\n<li>stimule les processus de r\u00e9g\u00e9n\u00e9ration, attaque et d\u00e9truit les cellules canc\u00e9reuses et malades<\/li>\n<\/ul>","protected":false},"featured_media":5557,"comment_status":"open","ping_status":"closed","template":"","meta":[],"product_brand":[],"product_cat":[22],"product_tag":[],"class_list":{"0":"post-4392","1":"product","2":"type-product","3":"status-publish","4":"has-post-thumbnail","6":"product_cat-vetom-probiotikumok","8":"first","9":"instock","10":"featured","11":"taxable","12":"shipping-taxable","13":"purchasable","14":"product-type-simple"},"_links":{"self":[{"href":"https:\/\/vetomshop.hu\/fr\/wp-json\/wp\/v2\/product\/4392","targetHints":{"allow":["GET"]}}],"collection":[{"href":"https:\/\/vetomshop.hu\/fr\/wp-json\/wp\/v2\/product"}],"about":[{"href":"https:\/\/vetomshop.hu\/fr\/wp-json\/wp\/v2\/types\/product"}],"replies":[{"embeddable":true,"href":"https:\/\/vetomshop.hu\/fr\/wp-json\/wp\/v2\/comments?post=4392"}],"wp:featuredmedia":[{"embeddable":true,"href":"https:\/\/vetomshop.hu\/fr\/wp-json\/wp\/v2\/media\/5557"}],"wp:attachment":[{"href":"https:\/\/vetomshop.hu\/fr\/wp-json\/wp\/v2\/media?parent=4392"}],"wp:term":[{"taxonomy":"product_brand","embeddable":true,"href":"https:\/\/vetomshop.hu\/fr\/wp-json\/wp\/v2\/product_brand?post=4392"},{"taxonomy":"product_cat","embeddable":true,"href":"https:\/\/vetomshop.hu\/fr\/wp-json\/wp\/v2\/product_cat?post=4392"},{"taxonomy":"product_tag","embeddable":true,"href":"https:\/\/vetomshop.hu\/fr\/wp-json\/wp\/v2\/product_tag?post=4392"}],"curies":[{"name":"wp","href":"https:\/\/api.w.org\/{rel}","templated":true}]}}