{"id":443,"date":"2019-11-12T14:57:08","date_gmt":"2019-11-12T13:57:08","guid":{"rendered":"https:\/\/vetomshop.hu\/?post_type=product&#038;p=443"},"modified":"2026-04-12T08:29:34","modified_gmt":"2026-04-12T06:29:34","slug":"vetom-2-etrend-kiegeszito","status":"publish","type":"product","link":"https:\/\/vetomshop.hu\/fr\/produit\/vetom-2-etrend-kiegeszito\/","title":{"rendered":"Probiotique Vetom <span style=\"color:red\">2<\/span><br> capsule <span style=\"color:red\">50 grains<\/span> (compl\u00e9ment alimentaire)"},"content":{"rendered":"<h2>Vetom 2 g\u00e9lules probiotiques 50 grains (compl\u00e9ment alimentaire)<\/h2>\n<p>Les 2 principaux ingr\u00e9dients actifs de Vetom sont les souches bact\u00e9riennes b\u00e9n\u00e9fiques de *Bacillus amyloliquefaciens*, qui agissent principalement dans le gros intestin, o\u00f9 elles se multiplient pour produire diverses enzymes (enzymes d\u00e9gradant les prot\u00e9ines, l'amidon et les fibres) et des compos\u00e9s actifs qui.. :<\/p>\n<p>* supprimer les bact\u00e9ries et les champignons nuisibles,<br \/>\n* nettoyer la paroi intestinale des r\u00e9sidus non dig\u00e9r\u00e9s,<br \/>\n* Favorise une meilleure absorption des nutriments,<br \/>\n* aident \u00e0 d\u00e9sintoxiquer l'organisme.<\/p>\n<p>L'utilisation r\u00e9guli\u00e8re de Vetom 2 aide \u00e0 r\u00e9tablir un \u00e9quilibre sain de la flore intestinale, stimule la digestion et am\u00e9liore la fonction immunitaire. Le probiotique soutient les processus de r\u00e9g\u00e9n\u00e9ration, aide au renouvellement des cellules et peut m\u00eame pr\u00e9venir le d\u00e9veloppement de cellules canc\u00e9reuses.<\/p>\n<p>Il renforce \u00e9galement les effets des m\u00e9dicaments tout en r\u00e9duisant leurs effets secondaires.<\/p>\n<h2>Caract\u00e9ristiques avantageuses :<\/h2>\n<p>* Forte action antibact\u00e9rienne et antifongique<br \/>\n* Antiviral, digestif, stimulant immunitaire<br \/>\n* Protection des cellules et pr\u00e9vention des tumeurs<br \/>\n* Normalise le m\u00e9tabolisme<br \/>\n* Renforce la r\u00e9sistance aux allergies<br \/>\n* R\u00e9g\u00e9n\u00e8re le corps au niveau cellulaire<br \/>\n* Ne provoque pas d'effets secondaires, de surdosage ou d'accoutumance<br \/>\n* Prot\u00e8ge l'organisme au niveau cellulaire, aide \u00e0 pr\u00e9venir le d\u00e9veloppement de tumeurs<\/p>\n<h2>Utilisation sugg\u00e9r\u00e9e :<\/h2>\n<p>Vetom 2 est recommand\u00e9 pour r\u00e9tablir l'\u00e9quilibre de la flore intestinale, soutenir la sant\u00e9 intestinale et renforcer l'immunit\u00e9.<\/p>\n<h2>Dosage :<\/h2>\n<p>* 1 g\u00e9lule 2 \u00e0 3 fois par jour est recommand\u00e9e pendant 10 jours, avant, pendant ou apr\u00e8s les repas, avec une petite quantit\u00e9 de liquide (eau, th\u00e9 ou jus). Surveiller la r\u00e9ponse de l'organisme au cours du traitement et augmenter la dose progressivement si n\u00e9cessaire, jusqu'\u00e0 5 \u00e0 10 g\u00e9lules par jour.<\/p>\n<p>* Le traitement peut \u00eatre r\u00e9p\u00e9t\u00e9 apr\u00e8s une pause de 1 \u00e0 2 semaines. Il est parfois recommand\u00e9 de passer \u00e0 un autre produit Vetom num\u00e9rot\u00e9 pour un soutien global de l'organisme.<\/p>\n<h2>Contre-indications :<\/h2>\n<p>* D\u00e9conseill\u00e9 en cas de sensibilit\u00e9 \u00e0 l'un des ingr\u00e9dients.<br \/>\n* Utiliser pendant la grossesse et l'allaitement uniquement apr\u00e8s avis m\u00e9dical.<br \/>\n* Ne concerne pas la conduite ou l'utilisation de machines dangereuses.<\/p>\n<h2>Dosage et ingr\u00e9dients :<\/h2>\n<p>* 10 g\u00e9lules sous blister, 5 paquets en carton (50 g\u00e9lules au total)<br \/>\n* Contenu de 1 g\u00e9lule :<\/p>\n<p>* Extrait de ma\u00efs - 133 mg<br \/>\n* F\u00e9cule de pomme de terre - 100 mg<br \/>\n* saccharose (sucre en poudre) - 67 mg<br \/>\n* Culture bact\u00e9rienne de Bacillus amyloliquefaciens (DSM 24614) et souches DSM 24615 - 30 mg (1\u00d710\u2079 CFU\/g)<\/p>\n<h2>Plus d'informations :<\/h2>\n<p>* Poids net : 0,1 kg<br \/>\n* Taille : 4,5 \u00d7 6,5 \u00d7 8 cm<br \/>\n* Pays d'origine : Russie<br \/>\n* Stockage : dans un endroit frais et sec (max. 30 \u00b0C), hors de port\u00e9e des enfants.<br \/>\n* Dur\u00e9e de conservation : 2 ans \u00e0 partir de la date de fabrication<\/p>\n<p>\u00c9quivalent alternatif sous forme de gouttes : Vetom 2.25 (10 ml)<\/p>\n<p>Lieu d'origine : <strong>Russie<\/strong><\/p>","protected":false},"excerpt":{"rendered":"<h5><strong>Vetom <span style=\"color: red;\">2<\/span><\/strong> g\u00e9lules probiotiques 50 grains (compl\u00e9ment alimentaire)<\/h5>\n<div class=\"plashka\">\n<p>A <strong>Vetom <span style=\"color: red;\">2<\/span><\/strong> normalise le m\u00e9tabolisme, la digestion et l'absorption des composants alimentaires biologiquement actifs dans le tractus gastro-intestinal.<\/p>\n<p>A <strong>Vetom <span style=\"color: red;\">2<\/span><\/strong> Les probiotiques augmentent l'efficacit\u00e9 des m\u00e9dicaments et r\u00e9duisent leurs effets secondaires n\u00e9gatifs sur le corps humain.<\/p>\n<\/div>\n<p>Effet b\u00e9n\u00e9fique sur la <strong>Bacillus amyloliquefaciens<\/strong> qui sont principalement produites en se multipliant dans le gros intestin :<\/p>\n<ul class=\"vetom-list\">\n<li>enzymes prot\u00e9olytiques, amylolytiques et cellulosolytiques,<\/li>\n<li>une substance biologiquement active qui inhibe la croissance et le d\u00e9veloppement de la microflore pathog\u00e8ne et potentiellement pathog\u00e8ne.<\/li>\n<\/ul>\n<p>En cons\u00e9quence, la composition bact\u00e9rienne du contenu intestinal est transform\u00e9e en une norme de d\u00e9veloppement appropri\u00e9e, les parois intestinales sont nettoy\u00e9es des r\u00e9sidus non dig\u00e9r\u00e9s, ce qui contribue \u00e0 l'\u00e9limination active des toxines du corps, au transport sans entrave des nutriments biologiquement actifs.<\/p>","protected":false},"featured_media":6598,"comment_status":"open","ping_status":"closed","template":"","meta":[],"product_brand":[],"product_cat":[22],"product_tag":[],"class_list":{"0":"post-443","1":"product","2":"type-product","3":"status-publish","4":"has-post-thumbnail","6":"product_cat-vetom-probiotikumok","8":"first","9":"instock","10":"featured","11":"taxable","12":"shipping-taxable","13":"purchasable","14":"product-type-simple"},"_links":{"self":[{"href":"https:\/\/vetomshop.hu\/fr\/wp-json\/wp\/v2\/product\/443","targetHints":{"allow":["GET"]}}],"collection":[{"href":"https:\/\/vetomshop.hu\/fr\/wp-json\/wp\/v2\/product"}],"about":[{"href":"https:\/\/vetomshop.hu\/fr\/wp-json\/wp\/v2\/types\/product"}],"replies":[{"embeddable":true,"href":"https:\/\/vetomshop.hu\/fr\/wp-json\/wp\/v2\/comments?post=443"}],"wp:featuredmedia":[{"embeddable":true,"href":"https:\/\/vetomshop.hu\/fr\/wp-json\/wp\/v2\/media\/6598"}],"wp:attachment":[{"href":"https:\/\/vetomshop.hu\/fr\/wp-json\/wp\/v2\/media?parent=443"}],"wp:term":[{"taxonomy":"product_brand","embeddable":true,"href":"https:\/\/vetomshop.hu\/fr\/wp-json\/wp\/v2\/product_brand?post=443"},{"taxonomy":"product_cat","embeddable":true,"href":"https:\/\/vetomshop.hu\/fr\/wp-json\/wp\/v2\/product_cat?post=443"},{"taxonomy":"product_tag","embeddable":true,"href":"https:\/\/vetomshop.hu\/fr\/wp-json\/wp\/v2\/product_tag?post=443"}],"curies":[{"name":"wp","href":"https:\/\/api.w.org\/{rel}","templated":true}]}}