{"id":445,"date":"2019-11-12T15:06:44","date_gmt":"2019-11-12T14:06:44","guid":{"rendered":"https:\/\/vetomshop.hu\/?post_type=product&#038;p=445"},"modified":"2026-04-12T08:29:25","modified_gmt":"2026-04-12T06:29:25","slug":"vetom-3-etrend-kiegeszito","status":"publish","type":"product","link":"https:\/\/vetomshop.hu\/fr\/produit\/vetom-3-etrend-kiegeszito\/","title":{"rendered":"Probiotique Vetom <span style=\"color:red\">3<\/span><br> capsule <span style=\"color:red\">50 grains<\/span> (compl\u00e9ment alimentaire)"},"content":{"rendered":"<p>Vetom 3 g\u00e9lules probiotiques 50 grains (compl\u00e9ment alimentaire)<\/p>\n<p>Ses effets b\u00e9n\u00e9fiques sont dus \u00e0 l'action des Bacillus amyloliquefaciens qui, en se multipliant principalement dans le c\u00f4lon, produisent des enzymes prot\u00e9olytiques, amylolytiques et cellulolytiques, des substances biologiquement actives qui inhibent la croissance et le d\u00e9veloppement de la microflore pathog\u00e8ne et potentiellement pathog\u00e8ne. En cons\u00e9quence, la composition bact\u00e9rienne du contenu intestinal est transform\u00e9e en une norme de d\u00e9veloppement appropri\u00e9e, les parois intestinales sont nettoy\u00e9es des r\u00e9sidus non dig\u00e9r\u00e9s, ce qui contribue \u00e0 l'\u00e9limination active des toxines de l'organisme, au transport sans entrave des nutriments biologiquement actifs.<br \/>\nSous l'action de Vetom 3, le m\u00e9tabolisme, la digestion et l'absorption des composants alimentaires biologiquement actifs dans le tractus gastro-intestinal sont normalis\u00e9s.<br \/>\nVetom 3 augmente l'efficacit\u00e9 des m\u00e9dicaments et r\u00e9duit leurs effets secondaires n\u00e9gatifs sur le corps humain.<br \/>\nPosologie recommand\u00e9e : 1 g\u00e9lule (2*3) par jour pendant 10 jours, \u00e0 prendre pendant ou apr\u00e8s les repas, avec un peu d'eau, de jus ou de th\u00e9.<br \/>\nVetom 3 ne cr\u00e9e pas de d\u00e9pendance.<br \/>\nIl est recommand\u00e9 de r\u00e9p\u00e9ter les cures apr\u00e8s une pause de 1 \u00e0 2 semaines et de changer de produit Vetom \u00e0 intervalles r\u00e9guliers. .<br \/>\nDe cette mani\u00e8re, nous pouvons soutenir l'ensemble de notre corps, y compris notre tractus intestinal. .<br \/>\nCaract\u00e9ristiques :<br \/>\n- Il poss\u00e8de une forte activit\u00e9 antagoniste contre les champignons et les bact\u00e9ries pathog\u00e8nes et conditionnellement pathog\u00e8nes, des propri\u00e9t\u00e9s antivirales, prot\u00e9olytiques, amy lytiques et cellulolytiques.<br \/>\n- stimule les facteurs cellulaires et humoraux de l'immunit\u00e9<br \/>\n- augmente la r\u00e9sistance non sp\u00e9cifique du corps<br \/>\n- stabilise la r\u00e9sistance aux allergies<br \/>\n- normalise le m\u00e9tabolisme<br \/>\n- stimule les processus de r\u00e9g\u00e9n\u00e9ration, attaque et d\u00e9truit les cellules canc\u00e9reuses et malades<br \/>\nIl modifie la membrane et le m\u00e9tabolisme du squelette cellulaire, emp\u00eachant ainsi le d\u00e9veloppement de cellules canc\u00e9reuses.<\/p>\n<ul>\n<li>PAS D'EFFETS SECONDAIRES<\/li>\n<li>AUCUNE RESTRICTION D'\u00c2GE<\/li>\n<li>PAS DE SURDOSAGE<\/li>\n<li>NON ADDICTIF<\/li>\n<\/ul>\n<p>Domaine d'utilisation<br \/>\nL'utilisation de micro-organismes probiotiques en tant qu'additifs alimentaires biologiquement actifs est recommand\u00e9e pour la r\u00e9paration du tractus gastro-intestinal et la restauration de la microflore intestinale.<br \/>\nContre-indications<br \/>\nHypersensibilit\u00e9 \u00e0 certains ingr\u00e9dients du produit.<br \/>\nInstructions sp\u00e9ciales<br \/>\nL'utilisation pendant la grossesse et l'allaitement ne doit se faire qu'apr\u00e8s avis m\u00e9dical. La pr\u00e9paration n'affecte pas l'aptitude \u00e0 conduire ou \u00e0 utiliser des m\u00e9canismes potentiellement dangereux.<br \/>\nDistribution<br \/>\n10 g\u00e9lules de 0,33 g en plaquettes thermoform\u00e9es individuelles, 5 plaquettes thermoform\u00e9es dans un carton. Emball\u00e9 dans du papier ondul\u00e9, poids net : 5 gr, 50 g\u00e9lules dans une bo\u00eete en carton.<br \/>\nComposition<br \/>\n1 g\u00e9lule contient : extrait de ma\u00efs - 133 mg ; amidon de pomme de terre - 100 mg ; saccharose (sucre en poudre) - 67 mg, probiotique s\u00e9ch\u00e9 Bacillus amyloliquefaciens VKPM B - 10641 culture de souche bact\u00e9rienne (DSM 24613), 1\u00d7109 KTJ\/g - 30 mg d'unit\u00e9 de formation de colonies.<\/p>\n<p>Poids :0,1 kg<br \/>\nDimensions : 4,5 x 6,5 x 8 cm<br \/>\nLieu d'origine : Russie<\/p>\n<p>J'ach\u00e8te des probiotiques directement de l'usine au meilleur prix, de qualit\u00e9 sup\u00e9rieure.<br \/>\n\u201eCemmedic Europe Kft\u201d Distributeur officiel des probiotiques Vetom en Hongrie !<\/p>","protected":false},"excerpt":{"rendered":"<h5><strong>Vetom <span style=\"color: red;\">3<\/span><\/strong> g\u00e9lules probiotiques 50 grains (compl\u00e9ment alimentaire)<\/h5>\n<div class=\"plashka\">\n<p>A <strong>Vetom <span style=\"color: red;\">3<\/span><\/strong> normalise le m\u00e9tabolisme, la digestion et l'absorption des composants alimentaires biologiquement actifs dans le tractus gastro-intestinal.<\/p>\n<p>A <strong>Vetom <span style=\"color: red;\">3<\/span><\/strong> augmente l'efficacit\u00e9 des m\u00e9dicaments et r\u00e9duit leurs effets secondaires n\u00e9gatifs sur le corps humain.<\/p>\n<\/div>\n<p>Effet b\u00e9n\u00e9fique sur la <strong>Bacillus amyloliquefaciens<\/strong> qui sont principalement produites en se multipliant dans le gros intestin :<\/p>\n<ul class=\"vetom-list\">\n<li>enzymes prot\u00e9olytiques, amylolytiques et cellulosolytiques,<\/li>\n<li>des substances biologiquement actives qui inhibent la croissance et le d\u00e9veloppement de la microflore pathog\u00e8ne et potentiellement pathog\u00e8ne.<\/li>\n<\/ul>\n<p>En cons\u00e9quence, la composition bact\u00e9rienne du contenu intestinal est transform\u00e9e en une norme de d\u00e9veloppement appropri\u00e9e, les parois intestinales sont nettoy\u00e9es des r\u00e9sidus non dig\u00e9r\u00e9s, ce qui contribue \u00e0 l'\u00e9limination active des toxines du corps, au transport sans entrave des nutriments biologiquement actifs.<\/p>\n<p><strong>Dosage<\/strong>Le traitement : il est recommand\u00e9 de prendre 1 g\u00e9lule (2*3) par jour pendant 10 jours pendant ou apr\u00e8s les repas, avec un peu d'eau, de jus de fruit ou de th\u00e9.<\/p>\n<p>Il est recommand\u00e9 de r\u00e9p\u00e9ter les cures apr\u00e8s une pause de 1 \u00e0 2 semaines et de changer de produit Vetom \u00e0 intervalles r\u00e9guliers.<br \/>\nNous pouvons ainsi soutenir l'ensemble de notre corps et notre syst\u00e8me intestinal.<\/p>\n<p>A <strong>Vetom <span style=\"color: red;\">3<\/span><\/strong> ne cr\u00e9e pas de d\u00e9pendance.<\/p>\n<h5>Caract\u00e9ristiques :<\/h5>\n<ul class=\"vetom-list\">\n<li>Il poss\u00e8de une forte activit\u00e9 antagoniste contre les champignons et les bact\u00e9ries pathog\u00e8nes et conditionnellement pathog\u00e8nes, des propri\u00e9t\u00e9s antivirales, prot\u00e9olytiques, amy lytiques et cellulolytiques.<\/li>\n<li>stimule les facteurs cellulaires et humoraux de l'immunit\u00e9<\/li>\n<li>augmente la r\u00e9sistance non sp\u00e9cifique du corps<\/li>\n<li>stabilise la r\u00e9sistance aux allergies<\/li>\n<li>normalise le m\u00e9tabolisme<\/li>\n<li>stimule les processus de r\u00e9g\u00e9n\u00e9ration, attaque et d\u00e9truit les cellules canc\u00e9reuses et malades<\/li>\n<\/ul>\n<div class=\"plashka\">Il modifie la membrane et le m\u00e9tabolisme du squelette cellulaire, emp\u00eachant ainsi le d\u00e9veloppement de cellules canc\u00e9reuses.<\/div>","protected":false},"featured_media":6599,"comment_status":"open","ping_status":"closed","template":"","meta":[],"product_brand":[],"product_cat":[22],"product_tag":[],"class_list":{"0":"post-445","1":"product","2":"type-product","3":"status-publish","4":"has-post-thumbnail","6":"product_cat-vetom-probiotikumok","8":"first","9":"instock","10":"featured","11":"taxable","12":"shipping-taxable","13":"purchasable","14":"product-type-simple"},"_links":{"self":[{"href":"https:\/\/vetomshop.hu\/fr\/wp-json\/wp\/v2\/product\/445","targetHints":{"allow":["GET"]}}],"collection":[{"href":"https:\/\/vetomshop.hu\/fr\/wp-json\/wp\/v2\/product"}],"about":[{"href":"https:\/\/vetomshop.hu\/fr\/wp-json\/wp\/v2\/types\/product"}],"replies":[{"embeddable":true,"href":"https:\/\/vetomshop.hu\/fr\/wp-json\/wp\/v2\/comments?post=445"}],"wp:featuredmedia":[{"embeddable":true,"href":"https:\/\/vetomshop.hu\/fr\/wp-json\/wp\/v2\/media\/6599"}],"wp:attachment":[{"href":"https:\/\/vetomshop.hu\/fr\/wp-json\/wp\/v2\/media?parent=445"}],"wp:term":[{"taxonomy":"product_brand","embeddable":true,"href":"https:\/\/vetomshop.hu\/fr\/wp-json\/wp\/v2\/product_brand?post=445"},{"taxonomy":"product_cat","embeddable":true,"href":"https:\/\/vetomshop.hu\/fr\/wp-json\/wp\/v2\/product_cat?post=445"},{"taxonomy":"product_tag","embeddable":true,"href":"https:\/\/vetomshop.hu\/fr\/wp-json\/wp\/v2\/product_tag?post=445"}],"curies":[{"name":"wp","href":"https:\/\/api.w.org\/{rel}","templated":true}]}}