{"id":447,"date":"2019-11-12T15:10:57","date_gmt":"2019-11-12T14:10:57","guid":{"rendered":"https:\/\/vetomshop.hu\/?post_type=product&#038;p=447"},"modified":"2026-04-12T08:29:15","modified_gmt":"2026-04-12T06:29:15","slug":"vetom-4-etrend-kiegeszito","status":"publish","type":"product","link":"https:\/\/vetomshop.hu\/fr\/produit\/vetom-4-etrend-kiegeszito\/","title":{"rendered":"Probiotique Vetom <span style=\"color:red\">4<\/span><br> capsule <span style=\"color:red\">50 grains<\/span> (compl\u00e9ment alimentaire)"},"content":{"rendered":"<p>Vetom 4 g\u00e9lules probiotiques 50 grains (compl\u00e9ment alimentaire \u00e0 base de Bacillus amyloliquefaciens)<\/p>\n<p>Ses effets b\u00e9n\u00e9fiques sont dus \u00e0 l'action des Bacillus amyloliquefaciens qui, en se multipliant principalement dans l'intestin gr\u00eale, produisent des enzymes prot\u00e9olytiques, amylolytiques et cellulolytiques, des substances biologiquement actives qui inhibent la croissance et le d\u00e9veloppement de la microflore pathog\u00e8ne et potentiellement pathog\u00e8ne. En cons\u00e9quence, la composition bact\u00e9rienne du contenu intestinal est transform\u00e9e en une norme de d\u00e9veloppement appropri\u00e9e, les parois intestinales sont nettoy\u00e9es des r\u00e9sidus non dig\u00e9r\u00e9s, ce qui contribue \u00e0 l'\u00e9limination active des toxines de l'organisme et au transport sans entrave des nutriments biologiquement actifs.<br \/>\nSous l'influence de Vetom 4, le m\u00e9tabolisme, la digestion et l'absorption des composants alimentaires biologiquement actifs dans le tractus gastro-intestinal sont normalis\u00e9s.<br \/>\nVetom 1.1 augmente l'efficacit\u00e9 des m\u00e9dicaments et r\u00e9duit leurs effets secondaires n\u00e9gatifs sur le corps humain.<br \/>\nPosologie recommand\u00e9e : 1 g\u00e9lule (2*3) par jour pendant 10 jours, \u00e0 prendre pendant ou apr\u00e8s les repas, avec un peu d'eau, de jus ou de th\u00e9.<br \/>\nVetom 4 ne cr\u00e9e pas de d\u00e9pendance.<br \/>\nIl est recommand\u00e9 de r\u00e9p\u00e9ter les cures apr\u00e8s une pause de 1 \u00e0 2 semaines et de changer de produit Vetom \u00e0 intervalles r\u00e9guliers. .<br \/>\nDe cette mani\u00e8re, nous pouvons soutenir l'ensemble de notre corps, y compris notre tractus intestinal. .<br \/>\nCaract\u00e9ristiques :<br \/>\n- Il poss\u00e8de une forte activit\u00e9 antagoniste contre les champignons et les bact\u00e9ries pathog\u00e8nes et conditionnellement pathog\u00e8nes, des propri\u00e9t\u00e9s antivirales, prot\u00e9olytiques, amy lytiques et cellulolytiques.<br \/>\n- stimule les facteurs cellulaires et humoraux de l'immunit\u00e9<br \/>\n- augmente la r\u00e9sistance non sp\u00e9cifique du corps<br \/>\n- stabilise la r\u00e9sistance aux allergies<br \/>\n- normalise le m\u00e9tabolisme<br \/>\n- stimule les processus de r\u00e9g\u00e9n\u00e9ration, attaque et d\u00e9truit les cellules canc\u00e9reuses et malades<br \/>\nIl modifie la membrane et le m\u00e9tabolisme du squelette cellulaire, emp\u00eachant ainsi le d\u00e9veloppement de cellules canc\u00e9reuses.<\/p>\n<p>- PAS D'EFFETS SECONDAIRES<br \/>\n- AUCUNE RESTRICTION D'\u00c2GE<br \/>\n- PAS DE SURDOSAGE<br \/>\n- NE CR\u00c9E PAS DE D\u00c9PENDANCE<\/p>\n<p>Domaine d'utilisation<br \/>\nL'utilisation de micro-organismes probiotiques en tant qu'additifs alimentaires biologiquement actifs est recommand\u00e9e pour la r\u00e9paration du tractus gastro-intestinal et la restauration de la microflore intestinale.<\/p>\n<p>Contre-indications<br \/>\nHypersensibilit\u00e9 \u00e0 certains ingr\u00e9dients du produit.<\/p>\n<p>Instructions sp\u00e9ciales<br \/>\nL'utilisation pendant la grossesse et l'allaitement ne doit se faire qu'apr\u00e8s avis m\u00e9dical. La pr\u00e9paration n'affecte pas l'aptitude \u00e0 conduire ou \u00e0 utiliser des m\u00e9canismes potentiellement dangereux.<br \/>\nDistribution<br \/>\n10 g\u00e9lules de 0,33 g en plaquettes thermoform\u00e9es individuelles, 5 plaquettes thermoform\u00e9es dans un carton. Bo\u00eete en plastique, poids net : 500 g. Emball\u00e9 dans du carton ondul\u00e9, poids net : 5 gr, 50 g\u00e9lules dans une bo\u00eete en carton.<br \/>\nConditions de stockage<br \/>\nPeut \u00eatre stock\u00e9 \u00e0 75 % d'humidit\u00e9 relative en dessous de 30\u00b0C. Tenir hors de port\u00e9e des enfants.<br \/>\nDur\u00e9e de conservation<br \/>\n2 ans \u00e0 partir de la date de fabrication. Ne pas consommer apr\u00e8s la date de p\u00e9remption.<br \/>\nComposition<br \/>\n1 g\u00e9lule contient : extrait de ma\u00efs - 133 mg ; amidon de pomme de terre - 100 mg ; saccharose (sucre en poudre) - 67 mg : probiotique s\u00e9ch\u00e9 Bacillus amyloliquefaciens VKPM B - 10643 culture de souche bact\u00e9rienne (DSM 24615), 1\u00d7109 KTJ\/g - 30 mg d'unit\u00e9 de formation de colonies.<br \/>\nJ'ach\u00e8te des probiotiques directement de l'usine au meilleur prix, de qualit\u00e9 sup\u00e9rieure.<br \/>\n\u201eCemmedic Europe Kft\u201d Distributeur officiel des probiotiques Vetom en Hongrie !<\/p>","protected":false},"excerpt":{"rendered":"<h5><strong>Vetom <span style=\"color:red\">4<\/span><\/strong> g\u00e9lules probiotiques 50 grains (compl\u00e9ment alimentaire <strong>Bacillus amyloliquefaciens<\/strong> bact\u00e9ries)<\/h5>\n<div class=\"plashka\">\n<p>A <strong>Vetom <span style=\"color:red\">4<\/span><\/strong> normalise le m\u00e9tabolisme, la digestion et l'absorption des composants alimentaires biologiquement actifs dans le tractus gastro-intestinal.<\/p>\n<p>A <strong>Vetom <span style=\"color:red\">4<\/span><\/strong> augmente l'efficacit\u00e9 des m\u00e9dicaments et r\u00e9duit leurs effets secondaires n\u00e9gatifs sur le corps humain.<\/p>\n<\/div>\n<p>Les effets b\u00e9n\u00e9fiques de la <strong>Bacillus amyloliquefaciens<\/strong> qui sont principalement produites en se multipliant dans l'intestin gr\u00eale :<\/p>\n<ul class=\"vetom-list\">\n<li>enzymes prot\u00e9olytiques, amylolytiques et cellulosolytiques,<\/li>\n<li>des substances biologiquement actives qui inhibent la croissance et le d\u00e9veloppement de la microflore pathog\u00e8ne et potentiellement pathog\u00e8ne.<\/li>\n<\/ul>\n<p>En cons\u00e9quence, la composition bact\u00e9rienne du contenu intestinal est transform\u00e9e en une norme de d\u00e9veloppement appropri\u00e9e, les parois intestinales sont nettoy\u00e9es des r\u00e9sidus non dig\u00e9r\u00e9s, ce qui contribue \u00e0 l'\u00e9limination active des toxines du corps, au transport sans entrave des nutriments biologiquement actifs.<\/p>\n<p><strong>Dosage :<\/strong> il est recommand\u00e9 de prendre 1 g\u00e9lule (2*3) par jour pendant 10 jours pendant ou apr\u00e8s les repas, avec un peu d'eau, de jus ou de th\u00e9.<\/p>\n<div class=\"plashka\">Il est recommand\u00e9 de r\u00e9p\u00e9ter les cures apr\u00e8s une pause de 1 \u00e0 2 semaines et de passer \u00e0 un autre produit Vetom num\u00e9rot\u00e9 \u00e0 intervalles r\u00e9guliers. De cette mani\u00e8re, nous pouvons soutenir l'ensemble de notre corps et de notre syst\u00e8me intestinal de mani\u00e8re \u00e9gale.<\/div>\n<p>A <strong>Vetom <span style=\"color:red\">4<\/span><\/strong> ne cr\u00e9e pas de d\u00e9pendance.<\/p>","protected":false},"featured_media":6596,"comment_status":"open","ping_status":"closed","template":"","meta":[],"product_brand":[],"product_cat":[22],"product_tag":[],"class_list":{"0":"post-447","1":"product","2":"type-product","3":"status-publish","4":"has-post-thumbnail","6":"product_cat-vetom-probiotikumok","8":"first","9":"instock","10":"featured","11":"taxable","12":"shipping-taxable","13":"purchasable","14":"product-type-simple"},"_links":{"self":[{"href":"https:\/\/vetomshop.hu\/fr\/wp-json\/wp\/v2\/product\/447","targetHints":{"allow":["GET"]}}],"collection":[{"href":"https:\/\/vetomshop.hu\/fr\/wp-json\/wp\/v2\/product"}],"about":[{"href":"https:\/\/vetomshop.hu\/fr\/wp-json\/wp\/v2\/types\/product"}],"replies":[{"embeddable":true,"href":"https:\/\/vetomshop.hu\/fr\/wp-json\/wp\/v2\/comments?post=447"}],"wp:featuredmedia":[{"embeddable":true,"href":"https:\/\/vetomshop.hu\/fr\/wp-json\/wp\/v2\/media\/6596"}],"wp:attachment":[{"href":"https:\/\/vetomshop.hu\/fr\/wp-json\/wp\/v2\/media?parent=447"}],"wp:term":[{"taxonomy":"product_brand","embeddable":true,"href":"https:\/\/vetomshop.hu\/fr\/wp-json\/wp\/v2\/product_brand?post=447"},{"taxonomy":"product_cat","embeddable":true,"href":"https:\/\/vetomshop.hu\/fr\/wp-json\/wp\/v2\/product_cat?post=447"},{"taxonomy":"product_tag","embeddable":true,"href":"https:\/\/vetomshop.hu\/fr\/wp-json\/wp\/v2\/product_tag?post=447"}],"curies":[{"name":"wp","href":"https:\/\/api.w.org\/{rel}","templated":true}]}}