{"id":449,"date":"2019-11-12T15:17:02","date_gmt":"2019-11-12T14:17:02","guid":{"rendered":"https:\/\/vetomshop.hu\/?post_type=product&#038;p=449"},"modified":"2026-04-12T08:29:02","modified_gmt":"2026-04-12T06:29:02","slug":"vetom-1-23-probiotikum-csepp","status":"publish","type":"product","link":"https:\/\/vetomshop.hu\/fr\/produit\/vetom-1-23-probiotikum-csepp\/","title":{"rendered":"Probiotique Vetom <span style=\"color: red\">1.23<\/span><br>chute <span style=\"color: red\">10 ml<\/span> (compl\u00e9ment alimentaire)"},"content":{"rendered":"<h3>Vetom Probiotic 1.23 gouttes 10 ml (compl\u00e9ment alimentaire)<\/h3>\n<p><strong>Bacillus subtilis avec des souches bact\u00e9riennes b\u00e9n\u00e9fiques<\/strong><\/p>\n<p>Vetom 1.23 est un probiotique liquide bas\u00e9 sur les effets b\u00e9n\u00e9fiques de Bacillus subtilis VKPM V 10641, une souche bact\u00e9rienne qui agit principalement dans le gros intestin, o\u00f9 elle se multiplie activement et produit un certain nombre d'enzymes digestives et de substances biologiquement actives.<\/p>\n<p>&nbsp;<\/p>\n<h2><strong>Voici les mat\u00e9riaux :<\/strong><\/h2>\n<p>* supprimer la croissance des bact\u00e9ries et des champignons nocifs,<\/p>\n<p>* aident \u00e0 nettoyer les parois intestinales des r\u00e9sidus non dig\u00e9r\u00e9s,<\/p>\n<p>* favoriser l'\u00e9limination des toxines,<\/p>\n<p>* favorisent l'absorption efficace des nutriments, des vitamines et des min\u00e9raux.<\/p>\n<p>&nbsp;<\/p>\n<p>Vetom 1.23 am\u00e9liore l'\u00e9quilibre acido-basique du syst\u00e8me digestif et optimise le m\u00e9tabolisme du fer, du calcium, des prot\u00e9ines, des graisses, des hydrates de carbone et d'autres nutriments. L'organisme peut ainsi se renforcer et se r\u00e9g\u00e9n\u00e9rer naturellement.<\/p>\n<p>&nbsp;<\/p>\n<h2><strong>Principaux avantages :<\/strong><\/h2>\n<p>* Action antibact\u00e9rienne et antifongique<\/p>\n<p>* Propri\u00e9t\u00e9 antivirale<\/p>\n<p>* Renforcement du syst\u00e8me immunitaire, protection cellulaire<\/p>\n<p>* Favorise la r\u00e9g\u00e9n\u00e9ration cellulaire<\/p>\n<p>* Inhibe la formation de cellules anormales, y compris les cellules tumorales.<\/p>\n<p>* Ne provoque pas d'effets secondaires, d'accoutumance ou de surdosage.<\/p>\n<p>* Utilisation sans danger \u00e0 tout \u00e2ge<\/p>\n<p>&nbsp;<\/p>\n<p>&nbsp;<\/p>\n<h2><strong>Dosage et mode d'administration :<\/strong><\/h2>\n<p>*Pour usage oral<\/p>\n<p>*Suppl\u00e9mentaire pour adultes et enfants : 2 gouttes sont recommand\u00e9es les premiers jours, puis la dose peut \u00eatre augment\u00e9e progressivement jusqu'\u00e0 4-6 gouttes. Observer les r\u00e9actions de l'organisme lors de la prise.<\/p>\n<p>*Pour les maladies courantes : 10 gouttes par jour pendant 10 jours<\/p>\n<p>*R\u00e9p\u00e9tition du traitement : recommand\u00e9e apr\u00e8s une pause de 1 \u00e0 2 semaines.<\/p>\n<p>*Il est sugg\u00e9r\u00e9 d'alterner avec d'autres produits Vetom de temps \u00e0 autre afin d'obtenir un soutien plus large de l'organisation.<\/p>\n<p>&nbsp;<\/p>\n<h2><strong>Quand son utilisation est-elle recommand\u00e9e ?<\/strong><\/h2>\n<p>* apr\u00e8s un traitement antibiotique, pour r\u00e9g\u00e9n\u00e9rer la flore intestinale<\/p>\n<p>*En compl\u00e9ment de la th\u00e9rapie en cas de cancer<\/p>\n<p>*troubles digestifs, diarrh\u00e9e, constipation, maux d'estomac<\/p>\n<p>*Dans les \u00e9tats d'immunod\u00e9ficience<\/p>\n<p>*En cas d'odeur corporelle ou d'haleine d\u00e9sagr\u00e9able<\/p>\n<p>*Traitement compl\u00e9mentaire pour les calculs r\u00e9naux, les maladies du foie et les probl\u00e8mes gastro-intestinaux.<\/p>\n<p>Attention :<\/p>\n<p>Ne pas utiliser avec des antibiotiques oraux ou d'autres probiotiques. Il peut \u00eatre associ\u00e9 \u00e0 des antibiotiques topiques.<\/p>\n<p>&nbsp;<\/p>\n<h2><strong>Important :<\/strong><\/h2>\n<p>Il ne doit pas \u00eatre pris avec d'autres probiotiques oraux ou antibiotiques, en particulier le sulfanilamide, les agents anticanc\u00e9reux.<\/p>\n<p>&nbsp;<\/p>\n<h2><strong>Ingr\u00e9dients :<\/strong><\/h2>\n<p>* Extrait de ma\u00efs ferment\u00e9 avec la souche *Bacillus subtilis* (VKPM V 10641 \/ DSM 24613)<\/p>\n<p>* Chlorure de sodium<\/p>\n<p>* Viveware<\/p>\n<p><strong>\u00a0<\/strong><\/p>\n<h2><strong>Distribution :<\/strong><\/h2>\n<p>* flacon compte-gouttes de 10 ml en verre ou en plastique<\/p>\n<p>* Peut contenir des s\u00e9diments naturels, ce qui ne constitue pas un d\u00e9faut de qualit\u00e9.<\/p>\n<p>&nbsp;<\/p>\n<h2><strong>K\u00fcllem :<\/strong><\/h2>\n<p>Liquide brun jaun\u00e2tre clair \u00e0 l'odeur caract\u00e9ristique<\/p>\n<p>*Poids : 0,02 kg<\/p>\n<p>*Dimensions : 3 \u00d7 3 \u00d7 7 cm<\/p>\n<p>*Fourniture : Russie<\/p>\n<p>&nbsp;<\/p>\n<h2>Informations sur le stockage :<\/h2>\n<p>*Stockage : 0-10 \u00b0C \u00e0 une humidit\u00e9 relative allant jusqu'\u00e0 75%<\/p>\n<p>*Transport et stockage temporaire : 10-30 \u00b0C pendant max. 18 jours<\/p>\n<p>*Apr\u00e8s d\u00e9montage : conserver au r\u00e9frig\u00e9rateur (0-10 \u00b0C)<\/p>","protected":false},"excerpt":{"rendered":"<h5>Postuler \u00e0<\/h5>\n<p>A <strong>Vetom 1.23<\/strong> utilis\u00e9 comme source suppl\u00e9mentaire de micro-organismes probiotiques pour am\u00e9liorer la sant\u00e9 du corps humain. L'effet robuste de la <strong>Bacillus subtilis<\/strong> qui est principalement produite par le gros intestin :<\/p>\n<ul class=\"vetom-list\">\n<li>enzymes prot\u00e9olytiques, amylolytiques et cellulolytiques ;<\/li>\n<li>interf\u00e9ron a-2 des globules blancs humains ;<\/li>\n<li>la bacitracine et d'autres substances biologiquement actives pour emp\u00eacher une croissance significative de la microflore pathog\u00e8ne ou relativement pathog\u00e8ne.<\/li>\n<\/ul>\n<p>En cons\u00e9quence de ce processus, la population bact\u00e9rienne du tractus intestinal est transform\u00e9e jusqu'\u00e0 devenir identique \u00e0 la norme \u00e9volutive, les parois intestinales sont d\u00e9barrass\u00e9es des r\u00e9sidus alimentaires indigestes, ce qui facilite l'\u00e9limination active des substances toxiques de l'organisme et le transport sans entrave des substances biologiquement actives et des nutriments.<\/p>\n<div class=\"plashka\">A <strong>Vetom 1.23<\/strong> normalise la digestion, l'absorption et le m\u00e9tabolisme du fer, du calcium, des graisses, des prot\u00e9ines, des hydrates de carbone, des triglyc\u00e9rides, des acides amin\u00e9s, des dipeptides, des sels biliaires, normalise le milieu acide du tube digestif. L'utilisation de Vetom 1.23 aide l'organisme \u00e0 se maintenir en bonne sant\u00e9.<\/div>\n<p>A <strong>Vetom 1.23<\/strong> augmente l'efficacit\u00e9 des m\u00e9dicaments et r\u00e9duit leurs effets secondaires n\u00e9gatifs sur le corps humain.<\/p>\n<h6>Caract\u00e9ristiques :<\/h6>\n<ul class=\"vetom-list\">\n<li>Il poss\u00e8de une forte activit\u00e9 antagoniste contre les champignons et les bact\u00e9ries pathog\u00e8nes et conditionnellement pathog\u00e8nes, des propri\u00e9t\u00e9s antivirales, prot\u00e9olytiques, amy lytiques et cellulolytiques.<\/li>\n<li>stimule les facteurs cellulaires et humoraux de l'immunit\u00e9<\/li>\n<li>augmente la r\u00e9sistance non sp\u00e9cifique du corps<\/li>\n<li>stabilise la r\u00e9sistance aux allergies<\/li>\n<li>normalise le m\u00e9tabolisme<\/li>\n<li>stimule les processus de r\u00e9g\u00e9n\u00e9ration, attaque et d\u00e9truit les cellules canc\u00e9reuses et malades<\/li>\n<\/ul>\n<div class=\"plashka\">Il modifie la membrane et le m\u00e9tabolisme du squelette cellulaire, emp\u00eachant ainsi le d\u00e9veloppement de cellules canc\u00e9reuses.<\/div>","protected":false},"featured_media":6615,"comment_status":"open","ping_status":"closed","template":"","meta":[],"product_brand":[],"product_cat":[22],"product_tag":[],"class_list":{"0":"post-449","1":"product","2":"type-product","3":"status-publish","4":"has-post-thumbnail","6":"product_cat-vetom-probiotikumok","8":"first","9":"instock","10":"featured","11":"taxable","12":"shipping-taxable","13":"purchasable","14":"product-type-simple"},"_links":{"self":[{"href":"https:\/\/vetomshop.hu\/fr\/wp-json\/wp\/v2\/product\/449","targetHints":{"allow":["GET"]}}],"collection":[{"href":"https:\/\/vetomshop.hu\/fr\/wp-json\/wp\/v2\/product"}],"about":[{"href":"https:\/\/vetomshop.hu\/fr\/wp-json\/wp\/v2\/types\/product"}],"replies":[{"embeddable":true,"href":"https:\/\/vetomshop.hu\/fr\/wp-json\/wp\/v2\/comments?post=449"}],"wp:featuredmedia":[{"embeddable":true,"href":"https:\/\/vetomshop.hu\/fr\/wp-json\/wp\/v2\/media\/6615"}],"wp:attachment":[{"href":"https:\/\/vetomshop.hu\/fr\/wp-json\/wp\/v2\/media?parent=449"}],"wp:term":[{"taxonomy":"product_brand","embeddable":true,"href":"https:\/\/vetomshop.hu\/fr\/wp-json\/wp\/v2\/product_brand?post=449"},{"taxonomy":"product_cat","embeddable":true,"href":"https:\/\/vetomshop.hu\/fr\/wp-json\/wp\/v2\/product_cat?post=449"},{"taxonomy":"product_tag","embeddable":true,"href":"https:\/\/vetomshop.hu\/fr\/wp-json\/wp\/v2\/product_tag?post=449"}],"curies":[{"name":"wp","href":"https:\/\/api.w.org\/{rel}","templated":true}]}}