{"id":453,"date":"2019-11-12T15:33:21","date_gmt":"2019-11-12T14:33:21","guid":{"rendered":"https:\/\/vetomshop.hu\/?post_type=product&#038;p=453"},"modified":"2026-04-12T08:28:47","modified_gmt":"2026-04-12T06:28:47","slug":"vetom-3-22-probiotikum-csepp","status":"publish","type":"product","link":"https:\/\/vetomshop.hu\/fr\/produit\/vetom-3-22-probiotikum-csepp\/","title":{"rendered":"Probiotique Vetom <span style=\"color: red\">3.22<\/span><br>chute <span style=\"color: red\">10 ml<\/span> (compl\u00e9ment alimentaire)"},"content":{"rendered":"<h3>Vetom 3.22 gouttes probiotiques (compl\u00e9ment alimentaire)<\/h3>\n<p>Vetom 4 est un probiotique naturel bas\u00e9 sur les effets b\u00e9n\u00e9fiques de *Bacillus amyloliquefaciens*, une bact\u00e9rie qui prolif\u00e8re principalement dans l'*intestin gr\u00eale et l'intestin gr\u00eale*, o\u00f9 elle produit diverses enzymes (briseuses de prot\u00e9ines, d'amidon et de fibres) et des substances biologiquement actives.<\/p>\n<h2>Il s'agit de<\/h2>\n<p>* inhibent la croissance des bact\u00e9ries et des champignons nocifs,<br \/>\n* aident \u00e0 nettoyer la paroi intestinale des mati\u00e8res non dig\u00e9r\u00e9es,<br \/>\n* favorisent l'absorption des nutriments,<br \/>\n* aident \u00e0 d\u00e9sintoxiquer l'organisme.<\/p>\n<p>L'utilisation r\u00e9guli\u00e8re de Vetom 4 contribue \u00e0 une flore intestinale saine, am\u00e9liore la digestion et aide l'organisme \u00e0 utiliser les nutriments et l'\u00e9nergie.<\/p>\n<h2>Le Vetom 4<\/h2>\n<p>* Favorise l'\u00e9quilibre naturel du tractus intestinal<br \/>\n* Normalise la digestion et le m\u00e9tabolisme<br \/>\n* Am\u00e9liore le fonctionnement du syst\u00e8me immunitaire<br \/>\n* R\u00e9duit les effets secondaires des m\u00e9dicaments<br \/>\n* Prot\u00e8ge l'organisme au niveau cellulaire, aide \u00e0 pr\u00e9venir le d\u00e9veloppement de tumeurs<\/p>\n<h2>Caract\u00e9ristiques avantageuses :<\/h2>\n<p>* Action antibact\u00e9rienne et antifongique<br \/>\n* Antivirale et stimulante pour le syst\u00e8me immunitaire<br \/>\n* Favorise la digestion gr\u00e2ce \u00e0 ses propri\u00e9t\u00e9s enzymatiques.<br \/>\n* Aide \u00e0 la r\u00e9g\u00e9n\u00e9ration cellulaire<br \/>\n* Inhibe la formation et la prolif\u00e9ration des cellules malades et canc\u00e9reuses<br \/>\n*Pas d'accoutumance, de surdosage ou d'effets secondaires<br \/>\n*Applicable \u00e0 tous les adultes (plus de 14 ans)<\/p>\n<h2>Domaine d'application :<\/h2>\n<p>Il est recommand\u00e9 comme compl\u00e9ment alimentaire biologiquement actif pour soutenir le fonctionnement du tractus gastro-intestinal et restaurer la flore intestinale.<\/p>\n<h2>Dosage :<\/h2>\n<p>* 1 g\u00e9lule 2 \u00e0 3 fois par jour est recommand\u00e9e pendant 10 jours, avant, pendant ou apr\u00e8s les repas, avec une petite quantit\u00e9 de liquide (eau, th\u00e9 ou jus). Surveiller la r\u00e9ponse de l'organisme au cours du traitement et augmenter la dose progressivement si n\u00e9cessaire, jusqu'\u00e0 5 \u00e0 10 g\u00e9lules par jour.<\/p>\n<p>* Le traitement peut \u00eatre r\u00e9p\u00e9t\u00e9 \u00e0 tout moment apr\u00e8s une pause de 1 \u00e0 2 semaines. Il est parfois recommand\u00e9 d'alterner l'utilisation avec d'autres types de produits Vetom pour soutenir l'ensemble du corps.<\/p>\n<h2>Proposition :<\/h2>\n<p>Le traitement doit \u00eatre r\u00e9p\u00e9t\u00e9 apr\u00e8s une pause d'une \u00e0 deux semaines. Il est parfois conseill\u00e9 de passer \u00e0 un autre type de produit Vetom afin d'apporter un soutien g\u00e9n\u00e9ral \u00e0 l'organisme.<\/p>\n<h2>Informations importantes :<\/h2>\n<p>*Contre-indication : hypersensibilit\u00e9 \u00e0 certains ingr\u00e9dients.<br \/>\n*Grossesse\/allaitement : uniquement apr\u00e8s consultation m\u00e9dicale.<br \/>\n*N'affecte pas la conduite ou l'utilisation de machines dangereuses<\/p>\n<h2>Autres informations :<\/h2>\n<p>* N'affecte pas la conduite ou l'utilisation de machines dangereuses<br \/>\n* Stockage : dans un endroit sec et frais (max. 30 \u00b0C), hors de port\u00e9e des enfants.<br \/>\n* Garantie : 2 ans \u00e0 partir de la date de fabrication<br \/>\n* Emballage : 10 g\u00e9lules sous blister, 5 paquets dans une bo\u00eete (50 g\u00e9lules au total).<\/p>\n<h2>Conditions de stockage :<\/h2>\n<p>* Endroit frais et sec (max. 30 \u00b0C, max. 75% humidit\u00e9)<br \/>\n* Conserver hors de port\u00e9e des enfants<br \/>\n*P\u00e9riode de garantie:** 2 ans \u00e0 partir de la date de fabrication<br \/>\nPays d'origine : Russie<\/p>\n<h2>Contenu d'une capsule :<\/h2>\n<p>* Extrait de ma\u00efs - 133 mg<br \/>\n* F\u00e9cule de pomme de terre - 100 mg<br \/>\n* saccharose (sucre en poudre) - 67 mg<br \/>\n**Bacillus amyloliquefaciens VKPM B-10643** souche bact\u00e9rienne probiotique (DSM 24615) - 30 mg (1\u00d710\u2079 CFU\/g)<\/p>\n<p>\u00c9quivalent alternatif sous forme de gouttes : Vetom 4.24 (10 ml)<\/p>\n<p>Lieu d'origine : <strong>Russie<\/strong><\/p>","protected":false},"excerpt":{"rendered":"<h5>Postuler \u00e0<\/h5>\n<p>De <strong>Vetom<\/strong> <span style=\"color: red; font-weight: 800;\">3.22<\/span> utilis\u00e9 comme source suppl\u00e9mentaire de micro-organismes probiotiques pour am\u00e9liorer la sant\u00e9 du corps humain. L'effet robuste de la <strong>Bacillus myloliquefaciens<\/strong>, qui se reproduit principalement dans le c\u00f4lon et produit des enzymes prot\u00e9olytiques, amylolytiques, cellulolytiques et d'autres substances biologiquement actives.<\/p>\n<div class=\"plashka\">En cons\u00e9quence de ce processus, la population bact\u00e9rienne du tractus intestinal est transform\u00e9e jusqu'\u00e0 devenir identique \u00e0 la norme \u00e9volutive, les parois intestinales sont d\u00e9barrass\u00e9es des r\u00e9sidus alimentaires indigestes, ce qui facilite l'\u00e9limination active des substances toxiques de l'organisme et le transport sans entrave des substances biologiquement actives et des nutriments.<\/div>\n<p>A <strong>Vetom<\/strong> <span style=\"color: red; font-weight: 800;\">3.22<\/span> augmente l'efficacit\u00e9 des m\u00e9dicaments et r\u00e9duit leurs effets secondaires n\u00e9gatifs sur le corps humain.<\/p>\n<h6>Caract\u00e9ristiques :<\/h6>\n<ul class=\"vetom-list\">\n<li>Il poss\u00e8de une forte activit\u00e9 antagoniste contre les champignons et les bact\u00e9ries pathog\u00e8nes et conditionnellement pathog\u00e8nes, des propri\u00e9t\u00e9s antivirales, prot\u00e9olytiques, amy lytiques et cellulolytiques.<\/li>\n<li>stimule les facteurs cellulaires et humoraux de l'immunit\u00e9<\/li>\n<li>augmente la r\u00e9sistance non sp\u00e9cifique du corps<\/li>\n<li>stabilise la r\u00e9sistance aux allergies<\/li>\n<li>normalise le m\u00e9tabolisme<\/li>\n<li>stimule les processus de r\u00e9g\u00e9n\u00e9ration, en attaquant et en d\u00e9truisant les cellules canc\u00e9reuses et malades<\/li>\n<\/ul>\n<div class=\"plashka\">A <strong>Vetom<\/strong> <span style=\"color: red; font-weight: 800;\">3.22<\/span> normalise la digestion, l'absorption et le m\u00e9tabolisme du fer, du calcium, des graisses, des prot\u00e9ines, des hydrates de carbone, des triglyc\u00e9rides, des acides amin\u00e9s, des dipeptides, des sels biliaires, et normalise le milieu acide du tube digestif.<\/div>","protected":false},"featured_media":6613,"comment_status":"open","ping_status":"closed","template":"","meta":[],"product_brand":[],"product_cat":[22],"product_tag":[],"class_list":{"0":"post-453","1":"product","2":"type-product","3":"status-publish","4":"has-post-thumbnail","6":"product_cat-vetom-probiotikumok","8":"first","9":"instock","10":"featured","11":"taxable","12":"shipping-taxable","13":"purchasable","14":"product-type-simple"},"_links":{"self":[{"href":"https:\/\/vetomshop.hu\/fr\/wp-json\/wp\/v2\/product\/453","targetHints":{"allow":["GET"]}}],"collection":[{"href":"https:\/\/vetomshop.hu\/fr\/wp-json\/wp\/v2\/product"}],"about":[{"href":"https:\/\/vetomshop.hu\/fr\/wp-json\/wp\/v2\/types\/product"}],"replies":[{"embeddable":true,"href":"https:\/\/vetomshop.hu\/fr\/wp-json\/wp\/v2\/comments?post=453"}],"wp:featuredmedia":[{"embeddable":true,"href":"https:\/\/vetomshop.hu\/fr\/wp-json\/wp\/v2\/media\/6613"}],"wp:attachment":[{"href":"https:\/\/vetomshop.hu\/fr\/wp-json\/wp\/v2\/media?parent=453"}],"wp:term":[{"taxonomy":"product_brand","embeddable":true,"href":"https:\/\/vetomshop.hu\/fr\/wp-json\/wp\/v2\/product_brand?post=453"},{"taxonomy":"product_cat","embeddable":true,"href":"https:\/\/vetomshop.hu\/fr\/wp-json\/wp\/v2\/product_cat?post=453"},{"taxonomy":"product_tag","embeddable":true,"href":"https:\/\/vetomshop.hu\/fr\/wp-json\/wp\/v2\/product_tag?post=453"}],"curies":[{"name":"wp","href":"https:\/\/api.w.org\/{rel}","templated":true}]}}